{"id":13343,"date":"2019-05-31T21:32:45","date_gmt":"2019-05-31T21:32:45","guid":{"rendered":"http:\/\/www2.tecdmx.org.mx\/?page_id=13343"},"modified":"2025-01-24T12:20:12","modified_gmt":"2025-01-24T18:20:12","slug":"secretaria-administrativa","status":"publish","type":"page","link":"https:\/\/www.tecdmx.org.mx\/index.php\/secretaria-administrativa\/","title":{"rendered":"Secretar\u00eda Administrativa"},"content":{"rendered":"\n<h1 class=\"wp-block-heading has-text-align-center\">Secretar\u00eda Administrativa<\/h1>\n\n\n\n<div class=\"wp-block-media-text alignwide is-stacked-on-mobile\" style=\"grid-template-columns:20% auto\"><figure class=\"wp-block-media-text__media\"><img loading=\"lazy\" decoding=\"async\" width=\"352\" height=\"350\" src=\"https:\/\/www.tecdmx.org.mx\/wp-content\/uploads\/2023\/09\/1480.jpg\" alt=\"\" class=\"wp-image-44833 size-full\" srcset=\"https:\/\/www.tecdmx.org.mx\/wp-content\/uploads\/2023\/09\/1480-251x250.jpg 251w, https:\/\/www.tecdmx.org.mx\/wp-content\/uploads\/2023\/09\/1480.jpg 352w, https:\/\/www.tecdmx.org.mx\/wp-content\/uploads\/2023\/09\/1480.jpg 364w\" sizes=\"(max-width: 352px) 100vw, 352px\" \/><\/figure><div class=\"wp-block-media-text__content\">\n<p class=\"has-medium-font-size\"><strong>Luis Mart\u00edn Flores Mej\u00eda<\/strong><\/p>\n\n\n\n<p class=\"has-medium-font-size\"><strong>Secretario Administrativo<\/strong><\/p>\n\n\n\n<p class=\"has-normal-font-size\"> luis.flores@tecdmx.org.mx<\/p>\n\n\n\n<p class=\"has-normal-font-size\">(55) 5340 4600  Ext. 1313 <\/p>\n<\/div><\/div>\n\n\n\n<hr class=\"wp-block-separator has-css-opacity is-style-wide\"\/>\n\n\n\n<h1 class=\"wp-block-heading\"><strong>Atribuciones:<\/strong><\/h1>\n\n\n\n<p>I. Ejercer las partidas presupuestales aprobadas, aplicando las pol\u00edticas, normas y procedimientos para la administraci\u00f3n de los recursos humanos, financieros y materiales, as\u00ed como para la prestaci\u00f3n de los servicios generales en el Tribunal Electoral; <\/p>\n\n\n\n<p>II. Integrar el proyecto del Programa Operativo Anual y con base en \u00e9l formular el Anteproyecto de Presupuesto de Egresos del Tribunal Electoral conforme a la normatividad aplicable y presentarlo al Magistrado Presidente; <\/p>\n\n\n\n<p>III. Proponer al Pleno, por conducto del Magistrado Presidente: b) Modificaciones a la estructura org\u00e1nica del Tribunal Electoral; c) Los proyectos de procedimientos administrativos para el buen funcionamiento del Tribunal Electoral; d) Los proyectos de tabuladores y las remuneraciones aplicables al personal del Tribunal Electoral; y e) El proyecto de manual de organizaci\u00f3n y funcionamiento, as\u00ed como el cat\u00e1logo de cargos y puestos del Tribunal Electoral.  <\/p>\n\n\n\n<p>IV. Establecer y operar los sistemas administrativos y contables para el ejercicio y control presupuestales; <\/p>\n\n\n\n<p>V. Presentar trimestralmente al Pleno, por conducto del Magistrado Presidente, un informe sobre el avance program\u00e1tico presupuestal y del ejercicio del gasto del Tribunal Electoral; <\/p>\n\n\n\n<p>VI. Verificar que las normas, lineamientos y procedimientos administrativos del Tribunal Electoral se ajusten a los principios y conceptos que forman parte del esquema de armonizaci\u00f3n contable en el de la Ciudad de M\u00e9xico; <\/p>\n\n\n\n<p>VII. Expedir los nombramientos del personal del Tribunal Electoral, de conformidad con las disposiciones aplicables; <\/p>\n\n\n\n<p>VIII. Proveer lo necesario para que se publiquen los acuerdos y resoluciones del Pleno del Tribunal; y <\/p>\n\n\n\n<p>IX. Las dem\u00e1s previstas en este C\u00f3digo, el Reglamento Interior del Tribunal o las que le encomiende el Pleno o el Magistrado Presidente, o la Magistrada o el Magistrado Presidente. <\/p>\n\n\n\n<p>\u2013 \u2013 \u2013 \u2013 \u2013 \u2013 \u2013 \u2013 \u2013 \u2013 \u2013&nbsp;<\/p>\n\n\n\n<p><strong><em>Art\u00edculo 207 del C\u00f3digo de Instituciones y Procedimientos Electorales de la Ciudad de M\u00e9xico<\/em><\/strong><\/p>\n\n\n\n<hr class=\"wp-block-separator has-css-opacity\"\/>\n","protected":false},"excerpt":{"rendered":"<p>Secretar\u00eda Administrativa Luis Mart\u00edn Flores Mej\u00eda Secretario Administrativo luis.flores@tecdmx.org.mx (55) 5340 4600 Ext. 1313 Atribuciones: I. Ejercer las partidas presupuestales aprobadas, aplicando las pol\u00edticas, normas y procedimientos para la administraci\u00f3n [&hellip;]<\/p>\n","protected":false},"author":13,"featured_media":0,"parent":0,"menu_order":0,"comment_status":"closed","ping_status":"closed","template":"","meta":{"_acf_changed":false,"_exactmetrics_skip_tracking":false,"_exactmetrics_sitenote_active":false,"_exactmetrics_sitenote_note":"","_exactmetrics_sitenote_category":0,"footnotes":""},"acf":[],"yoast_head":"<!-- This site is optimized with the Yoast SEO plugin v22.3 - https:\/\/yoast.com\/wordpress\/plugins\/seo\/ -->\n<title>Secretar\u00eda Administrativa - Tribunal Electoral de la Ciudad de M\u00e9xico<\/title>\n<meta name=\"robots\" content=\"index, follow, max-snippet:-1, max-image-preview:large, max-video-preview:-1\" \/>\n<link rel=\"canonical\" href=\"https:\/\/www.tecdmx.org.mx\/index.php\/secretaria-administrativa\/\" \/>\n<meta property=\"og:locale\" content=\"es_ES\" \/>\n<meta property=\"og:type\" content=\"article\" \/>\n<meta property=\"og:title\" content=\"Secretar\u00eda Administrativa - Tribunal Electoral de la Ciudad de M\u00e9xico\" \/>\n<meta property=\"og:description\" content=\"Secretar\u00eda Administrativa Luis Mart\u00edn Flores Mej\u00eda Secretario Administrativo luis.flores@tecdmx.org.mx (55) 5340 4600 Ext. 1313 Atribuciones: I. Ejercer las partidas presupuestales aprobadas, aplicando las pol\u00edticas, normas y procedimientos para la administraci\u00f3n [&hellip;]\" \/>\n<meta property=\"og:url\" content=\"https:\/\/www.tecdmx.org.mx\/index.php\/secretaria-administrativa\/\" \/>\n<meta property=\"og:site_name\" content=\"Tribunal Electoral de la Ciudad de M\u00e9xico\" \/>\n<meta property=\"article:publisher\" content=\"https:\/\/www.facebook.com\/TECDMX\/\" \/>\n<meta property=\"article:modified_time\" content=\"2025-01-24T18:20:12+00:00\" \/>\n<meta property=\"og:image\" content=\"https:\/\/www.tecdmx.org.mx\/wp-content\/uploads\/2023\/09\/1480-352x350.jpg\" \/>\n<meta name=\"twitter:card\" content=\"summary_large_image\" \/>\n<meta name=\"twitter:site\" content=\"@tecdmx\" \/>\n<meta name=\"twitter:label1\" content=\"Tiempo de lectura\" \/>\n\t<meta name=\"twitter:data1\" content=\"2 minutos\" \/>\n<script type=\"application\/ld+json\" class=\"yoast-schema-graph\">{\"@context\":\"https:\/\/schema.org\",\"@graph\":[{\"@type\":\"WebPage\",\"@id\":\"https:\/\/www.tecdmx.org.mx\/index.php\/secretaria-administrativa\/\",\"url\":\"https:\/\/www.tecdmx.org.mx\/index.php\/secretaria-administrativa\/\",\"name\":\"Secretar\u00eda Administrativa - Tribunal Electoral de la Ciudad de M\u00e9xico\",\"isPartOf\":{\"@id\":\"https:\/\/www.tecdmx.org.mx\/#website\"},\"primaryImageOfPage\":{\"@id\":\"https:\/\/www.tecdmx.org.mx\/index.php\/secretaria-administrativa\/#primaryimage\"},\"image\":{\"@id\":\"https:\/\/www.tecdmx.org.mx\/index.php\/secretaria-administrativa\/#primaryimage\"},\"thumbnailUrl\":\"https:\/\/www.tecdmx.org.mx\/wp-content\/uploads\/2023\/09\/1480-352x350.jpg\",\"datePublished\":\"2019-05-31T21:32:45+00:00\",\"dateModified\":\"2025-01-24T18:20:12+00:00\",\"breadcrumb\":{\"@id\":\"https:\/\/www.tecdmx.org.mx\/index.php\/secretaria-administrativa\/#breadcrumb\"},\"inLanguage\":\"es\",\"potentialAction\":[{\"@type\":\"ReadAction\",\"target\":[\"https:\/\/www.tecdmx.org.mx\/index.php\/secretaria-administrativa\/\"]}]},{\"@type\":\"ImageObject\",\"inLanguage\":\"es\",\"@id\":\"https:\/\/www.tecdmx.org.mx\/index.php\/secretaria-administrativa\/#primaryimage\",\"url\":\"https:\/\/www.tecdmx.org.mx\/wp-content\/uploads\/2023\/09\/1480.jpg\",\"contentUrl\":\"https:\/\/www.tecdmx.org.mx\/wp-content\/uploads\/2023\/09\/1480.jpg\",\"width\":364,\"height\":362},{\"@type\":\"BreadcrumbList\",\"@id\":\"https:\/\/www.tecdmx.org.mx\/index.php\/secretaria-administrativa\/#breadcrumb\",\"itemListElement\":[{\"@type\":\"ListItem\",\"position\":1,\"name\":\"Portada\",\"item\":\"https:\/\/www.tecdmx.org.mx\/\"},{\"@type\":\"ListItem\",\"position\":2,\"name\":\"Secretar\u00eda Administrativa\"}]},{\"@type\":\"WebSite\",\"@id\":\"https:\/\/www.tecdmx.org.mx\/#website\",\"url\":\"https:\/\/www.tecdmx.org.mx\/\",\"name\":\"Tribunal Electoral de la Ciudad de M\u00e9xico\",\"description\":\"25 a\u00f1os garantizando justicia en tu elecci\u00f3n\",\"potentialAction\":[{\"@type\":\"SearchAction\",\"target\":{\"@type\":\"EntryPoint\",\"urlTemplate\":\"https:\/\/www.tecdmx.org.mx\/?s={search_term_string}\"},\"query-input\":\"required name=search_term_string\"}],\"inLanguage\":\"es\"}]}<\/script>\n<!-- \/ Yoast SEO plugin. -->","yoast_head_json":{"title":"Secretar\u00eda Administrativa - Tribunal Electoral de la Ciudad de M\u00e9xico","robots":{"index":"index","follow":"follow","max-snippet":"max-snippet:-1","max-image-preview":"max-image-preview:large","max-video-preview":"max-video-preview:-1"},"canonical":"https:\/\/www.tecdmx.org.mx\/index.php\/secretaria-administrativa\/","og_locale":"es_ES","og_type":"article","og_title":"Secretar\u00eda Administrativa - Tribunal Electoral de la Ciudad de M\u00e9xico","og_description":"Secretar\u00eda Administrativa Luis Mart\u00edn Flores Mej\u00eda Secretario Administrativo luis.flores@tecdmx.org.mx (55) 5340 4600 Ext. 1313 Atribuciones: I. Ejercer las partidas presupuestales aprobadas, aplicando las pol\u00edticas, normas y procedimientos para la administraci\u00f3n [&hellip;]","og_url":"https:\/\/www.tecdmx.org.mx\/index.php\/secretaria-administrativa\/","og_site_name":"Tribunal Electoral de la Ciudad de M\u00e9xico","article_publisher":"https:\/\/www.facebook.com\/TECDMX\/","article_modified_time":"2025-01-24T18:20:12+00:00","og_image":[{"url":"https:\/\/www.tecdmx.org.mx\/wp-content\/uploads\/2023\/09\/1480-352x350.jpg"}],"twitter_card":"summary_large_image","twitter_site":"@tecdmx","twitter_misc":{"Tiempo de lectura":"2 minutos"},"schema":{"@context":"https:\/\/schema.org","@graph":[{"@type":"WebPage","@id":"https:\/\/www.tecdmx.org.mx\/index.php\/secretaria-administrativa\/","url":"https:\/\/www.tecdmx.org.mx\/index.php\/secretaria-administrativa\/","name":"Secretar\u00eda Administrativa - Tribunal Electoral de la Ciudad de M\u00e9xico","isPartOf":{"@id":"https:\/\/www.tecdmx.org.mx\/#website"},"primaryImageOfPage":{"@id":"https:\/\/www.tecdmx.org.mx\/index.php\/secretaria-administrativa\/#primaryimage"},"image":{"@id":"https:\/\/www.tecdmx.org.mx\/index.php\/secretaria-administrativa\/#primaryimage"},"thumbnailUrl":"https:\/\/www.tecdmx.org.mx\/wp-content\/uploads\/2023\/09\/1480-352x350.jpg","datePublished":"2019-05-31T21:32:45+00:00","dateModified":"2025-01-24T18:20:12+00:00","breadcrumb":{"@id":"https:\/\/www.tecdmx.org.mx\/index.php\/secretaria-administrativa\/#breadcrumb"},"inLanguage":"es","potentialAction":[{"@type":"ReadAction","target":["https:\/\/www.tecdmx.org.mx\/index.php\/secretaria-administrativa\/"]}]},{"@type":"ImageObject","inLanguage":"es","@id":"https:\/\/www.tecdmx.org.mx\/index.php\/secretaria-administrativa\/#primaryimage","url":"https:\/\/www.tecdmx.org.mx\/wp-content\/uploads\/2023\/09\/1480.jpg","contentUrl":"https:\/\/www.tecdmx.org.mx\/wp-content\/uploads\/2023\/09\/1480.jpg","width":364,"height":362},{"@type":"BreadcrumbList","@id":"https:\/\/www.tecdmx.org.mx\/index.php\/secretaria-administrativa\/#breadcrumb","itemListElement":[{"@type":"ListItem","position":1,"name":"Portada","item":"https:\/\/www.tecdmx.org.mx\/"},{"@type":"ListItem","position":2,"name":"Secretar\u00eda Administrativa"}]},{"@type":"WebSite","@id":"https:\/\/www.tecdmx.org.mx\/#website","url":"https:\/\/www.tecdmx.org.mx\/","name":"Tribunal Electoral de la Ciudad de M\u00e9xico","description":"25 a\u00f1os garantizando justicia en tu elecci\u00f3n","potentialAction":[{"@type":"SearchAction","target":{"@type":"EntryPoint","urlTemplate":"https:\/\/www.tecdmx.org.mx\/?s={search_term_string}"},"query-input":"required name=search_term_string"}],"inLanguage":"es"}]}},"_links":{"self":[{"href":"https:\/\/www.tecdmx.org.mx\/index.php\/wp-json\/wp\/v2\/pages\/13343"}],"collection":[{"href":"https:\/\/www.tecdmx.org.mx\/index.php\/wp-json\/wp\/v2\/pages"}],"about":[{"href":"https:\/\/www.tecdmx.org.mx\/index.php\/wp-json\/wp\/v2\/types\/page"}],"author":[{"embeddable":true,"href":"https:\/\/www.tecdmx.org.mx\/index.php\/wp-json\/wp\/v2\/users\/13"}],"replies":[{"embeddable":true,"href":"https:\/\/www.tecdmx.org.mx\/index.php\/wp-json\/wp\/v2\/comments?post=13343"}],"version-history":[{"count":8,"href":"https:\/\/www.tecdmx.org.mx\/index.php\/wp-json\/wp\/v2\/pages\/13343\/revisions"}],"predecessor-version":[{"id":54923,"href":"https:\/\/www.tecdmx.org.mx\/index.php\/wp-json\/wp\/v2\/pages\/13343\/revisions\/54923"}],"wp:attachment":[{"href":"https:\/\/www.tecdmx.org.mx\/index.php\/wp-json\/wp\/v2\/media?parent=13343"}],"curies":[{"name":"wp","href":"https:\/\/api.w.org\/{rel}","templated":true}]}}