{"id":13353,"date":"2019-05-31T21:53:46","date_gmt":"2019-05-31T21:53:46","guid":{"rendered":"http:\/\/www2.tecdmx.org.mx\/?page_id=13353"},"modified":"2025-09-09T13:22:11","modified_gmt":"2025-09-09T19:22:11","slug":"coordinacion-de-difusion-y-publicacion","status":"publish","type":"page","link":"https:\/\/www.tecdmx.org.mx\/index.php\/coordinacion-de-difusion-y-publicacion\/","title":{"rendered":"Coordinaci\u00f3n de Difusi\u00f3n y Publicaci\u00f3n"},"content":{"rendered":"\n<h1 class=\"wp-block-heading has-text-align-center\">Coordinaci\u00f3n de Difusi\u00f3n y Publicaci\u00f3n<\/h1>\n\n\n\n<div class=\"wp-block-media-text alignwide is-stacked-on-mobile\" style=\"grid-template-columns:20% auto\"><figure class=\"wp-block-media-text__media\"><img loading=\"lazy\" decoding=\"async\" width=\"350\" height=\"350\" src=\"https:\/\/www.tecdmx.org.mx\/wp-content\/uploads\/2025\/09\/cdyp-2025.jpg\" alt=\"\" class=\"wp-image-59148 size-full\" srcset=\"https:\/\/www.tecdmx.org.mx\/wp-content\/uploads\/2025\/09\/cdyp-2025-250x250.jpg 250w, https:\/\/www.tecdmx.org.mx\/wp-content\/uploads\/2025\/09\/cdyp-2025.jpg 350w, https:\/\/www.tecdmx.org.mx\/wp-content\/uploads\/2025\/09\/cdyp-2025-110x110.jpg 110w, https:\/\/www.tecdmx.org.mx\/wp-content\/uploads\/2025\/09\/cdyp-2025.jpg 400w\" sizes=\"(max-width: 350px) 100vw, 350px\" \/><\/figure><div class=\"wp-block-media-text__content\">\n<p class=\"has-medium-font-size\"><strong>David Enrique Vega Rivas<\/strong>   <\/p>\n\n\n\n<p class=\"has-medium-font-size\"><strong>Coordinador de Difusi\u00f3n y Publicaci\u00f3n<\/strong> <\/p>\n\n\n\n<p class=\"has-normal-font-size\"><a href=\"mailto:david.vega@tecdmx.org.mx\">david.vega@tecdmx.org.mx<\/a><\/p>\n\n\n\n<p class=\"has-normal-font-size\">(55) 5340 4600  Ext. 1423<\/p>\n<\/div><\/div>\n\n\n\n<hr class=\"wp-block-separator has-css-opacity is-style-wide\"\/>\n\n\n\n<h1 class=\"wp-block-heading\"><strong>Atribuciones:<\/strong><\/h1>\n\n\n\n<p>I. Proponer al Pleno, por conducto de la o el Presidente, las publicaciones que estime convenientes para la mejor divulgaci\u00f3n de las materias jur\u00eddica y pol\u00edtico-electoral. <\/p>\n\n\n\n<p>II. Programar y coordinar la edici\u00f3n de las publicaciones que realice el Tribunal. <\/p>\n\n\n\n<p>III. Coordinar y dirigir las actividades de la Biblioteca del Tribunal. <\/p>\n\n\n\n<p>IV. Organizar y supervisar la publicaci\u00f3n de la revista Electio. <\/p>\n\n\n\n<p>V. Fomentar el intercambio interbibliotecario con otras instituciones. <\/p>\n\n\n\n<p>VI. Supervisar la selecci\u00f3n y la clasificaci\u00f3n de la informaci\u00f3n para realizar la s\u00edntesis informativa. <\/p>\n\n\n\n<p>VII. Generar contenidos y realizar el env\u00edo de materiales de difusi\u00f3n al interior del Tribunal. <\/p>\n\n\n\n<p>VIII. Elaborar, generar y distribuir las s\u00edntesis informativas. <\/p>\n\n\n\n<p>IX. Organizar y mantener actualizado el banco de informaci\u00f3n y el archivo documental y fotogr\u00e1fico relacionado con el quehacer institucional. <\/p>\n\n\n\n<p>X. Proponer y desarrollar campa\u00f1as integrales para dar a conocer, promover y fortalecer los objetivos, funciones y responsabilidades del TEDF, as\u00ed como llevar a cabo todos los tr\u00e1mites ante el Instituto Nacional Electoral relacionados con los aspectos t\u00e9cnicos y administrativos de las solicitudes de asignaci\u00f3n de tiempos en radio y televisi\u00f3n, y con la entrega de los materiales de audio y video para su respectiva transmisi\u00f3n. <\/p>\n\n\n\n<p>XI. Valorar los contenidos a difundir en t\u00e9rminos de objetividad, equidad y proporcionalidad de la informaci\u00f3n. <\/p>\n\n\n\n<p>XII. Coordinar los contenidos del sitio web del Tribunal, con el respaldo t\u00e9cnico de la Unidad de Tecnolog\u00edas de la Informaci\u00f3n. <\/p>\n\n\n\n<p>XIII. Fortalecer la imagen institucional, a trav\u00e9s de la difusi\u00f3n intra e interinstitucional y en los diferentes sectores de la sociedad. <\/p>\n\n\n\n<p>XIV. Aquellas que se determinen en la normatividad interna aplicable; as\u00ed como las que su superior jer\u00e1rquico le encomiende en relaci\u00f3n con su puesto. <\/p>\n\n\n\n<p>\u2013 \u2013 \u2013 \u2013 \u2013 \u2013 \u2013 \u2013 \u2013 \u2013 \u2013&nbsp;<\/p>\n\n\n\n<p><strong><em>Art\u00edculo 214 del C\u00f3digo de Instituciones y Procedimientos Electorales de la Ciudad de M\u00e9xico<\/em><\/strong><\/p>\n\n\n\n<hr class=\"wp-block-separator has-css-opacity\"\/>\n","protected":false},"excerpt":{"rendered":"<p>Coordinaci\u00f3n de Difusi\u00f3n y Publicaci\u00f3n David Enrique Vega Rivas Coordinador de Difusi\u00f3n y Publicaci\u00f3n david.vega@tecdmx.org.mx (55) 5340 4600 Ext. 1423 Atribuciones: I. Proponer al Pleno, por conducto de la o [&hellip;]<\/p>\n","protected":false},"author":13,"featured_media":0,"parent":0,"menu_order":0,"comment_status":"closed","ping_status":"closed","template":"","meta":{"_acf_changed":false,"_exactmetrics_skip_tracking":false,"_exactmetrics_sitenote_active":false,"_exactmetrics_sitenote_note":"","_exactmetrics_sitenote_category":0,"footnotes":""},"acf":[],"yoast_head":"<!-- This site is optimized with the Yoast SEO plugin v22.3 - https:\/\/yoast.com\/wordpress\/plugins\/seo\/ -->\n<title>Coordinaci\u00f3n de Difusi\u00f3n y Publicaci\u00f3n - Tribunal Electoral de la Ciudad de M\u00e9xico<\/title>\n<meta name=\"robots\" content=\"index, follow, max-snippet:-1, max-image-preview:large, max-video-preview:-1\" \/>\n<link rel=\"canonical\" href=\"https:\/\/www.tecdmx.org.mx\/index.php\/coordinacion-de-difusion-y-publicacion\/\" \/>\n<meta property=\"og:locale\" content=\"es_ES\" \/>\n<meta property=\"og:type\" content=\"article\" \/>\n<meta property=\"og:title\" content=\"Coordinaci\u00f3n de Difusi\u00f3n y Publicaci\u00f3n - Tribunal Electoral de la Ciudad de M\u00e9xico\" \/>\n<meta property=\"og:description\" content=\"Coordinaci\u00f3n de Difusi\u00f3n y Publicaci\u00f3n David Enrique Vega Rivas Coordinador de Difusi\u00f3n y Publicaci\u00f3n david.vega@tecdmx.org.mx (55) 5340 4600 Ext. 1423 Atribuciones: I. Proponer al Pleno, por conducto de la o [&hellip;]\" \/>\n<meta property=\"og:url\" content=\"https:\/\/www.tecdmx.org.mx\/index.php\/coordinacion-de-difusion-y-publicacion\/\" \/>\n<meta property=\"og:site_name\" content=\"Tribunal Electoral de la Ciudad de M\u00e9xico\" \/>\n<meta property=\"article:publisher\" content=\"https:\/\/www.facebook.com\/TECDMX\/\" \/>\n<meta property=\"article:modified_time\" content=\"2025-09-09T19:22:11+00:00\" \/>\n<meta property=\"og:image\" content=\"https:\/\/www.tecdmx.org.mx\/wp-content\/uploads\/2025\/09\/cdyp-2025-350x350.jpg\" \/>\n<meta name=\"twitter:card\" content=\"summary_large_image\" \/>\n<meta name=\"twitter:site\" content=\"@tecdmx\" \/>\n<meta name=\"twitter:label1\" content=\"Tiempo de lectura\" \/>\n\t<meta name=\"twitter:data1\" content=\"2 minutos\" \/>\n<script type=\"application\/ld+json\" class=\"yoast-schema-graph\">{\"@context\":\"https:\/\/schema.org\",\"@graph\":[{\"@type\":\"WebPage\",\"@id\":\"https:\/\/www.tecdmx.org.mx\/index.php\/coordinacion-de-difusion-y-publicacion\/\",\"url\":\"https:\/\/www.tecdmx.org.mx\/index.php\/coordinacion-de-difusion-y-publicacion\/\",\"name\":\"Coordinaci\u00f3n de Difusi\u00f3n y Publicaci\u00f3n - Tribunal Electoral de la Ciudad de M\u00e9xico\",\"isPartOf\":{\"@id\":\"https:\/\/www.tecdmx.org.mx\/#website\"},\"primaryImageOfPage\":{\"@id\":\"https:\/\/www.tecdmx.org.mx\/index.php\/coordinacion-de-difusion-y-publicacion\/#primaryimage\"},\"image\":{\"@id\":\"https:\/\/www.tecdmx.org.mx\/index.php\/coordinacion-de-difusion-y-publicacion\/#primaryimage\"},\"thumbnailUrl\":\"https:\/\/www.tecdmx.org.mx\/wp-content\/uploads\/2025\/09\/cdyp-2025-350x350.jpg\",\"datePublished\":\"2019-05-31T21:53:46+00:00\",\"dateModified\":\"2025-09-09T19:22:11+00:00\",\"breadcrumb\":{\"@id\":\"https:\/\/www.tecdmx.org.mx\/index.php\/coordinacion-de-difusion-y-publicacion\/#breadcrumb\"},\"inLanguage\":\"es\",\"potentialAction\":[{\"@type\":\"ReadAction\",\"target\":[\"https:\/\/www.tecdmx.org.mx\/index.php\/coordinacion-de-difusion-y-publicacion\/\"]}]},{\"@type\":\"ImageObject\",\"inLanguage\":\"es\",\"@id\":\"https:\/\/www.tecdmx.org.mx\/index.php\/coordinacion-de-difusion-y-publicacion\/#primaryimage\",\"url\":\"https:\/\/www.tecdmx.org.mx\/wp-content\/uploads\/2025\/09\/cdyp-2025.jpg\",\"contentUrl\":\"https:\/\/www.tecdmx.org.mx\/wp-content\/uploads\/2025\/09\/cdyp-2025.jpg\",\"width\":400,\"height\":400},{\"@type\":\"BreadcrumbList\",\"@id\":\"https:\/\/www.tecdmx.org.mx\/index.php\/coordinacion-de-difusion-y-publicacion\/#breadcrumb\",\"itemListElement\":[{\"@type\":\"ListItem\",\"position\":1,\"name\":\"Portada\",\"item\":\"https:\/\/www.tecdmx.org.mx\/\"},{\"@type\":\"ListItem\",\"position\":2,\"name\":\"Coordinaci\u00f3n de Difusi\u00f3n y Publicaci\u00f3n\"}]},{\"@type\":\"WebSite\",\"@id\":\"https:\/\/www.tecdmx.org.mx\/#website\",\"url\":\"https:\/\/www.tecdmx.org.mx\/\",\"name\":\"Tribunal Electoral de la Ciudad de M\u00e9xico\",\"description\":\"25 a\u00f1os garantizando justicia en tu elecci\u00f3n\",\"potentialAction\":[{\"@type\":\"SearchAction\",\"target\":{\"@type\":\"EntryPoint\",\"urlTemplate\":\"https:\/\/www.tecdmx.org.mx\/?s={search_term_string}\"},\"query-input\":\"required name=search_term_string\"}],\"inLanguage\":\"es\"}]}<\/script>\n<!-- \/ Yoast SEO plugin. -->","yoast_head_json":{"title":"Coordinaci\u00f3n de Difusi\u00f3n y Publicaci\u00f3n - Tribunal Electoral de la Ciudad de M\u00e9xico","robots":{"index":"index","follow":"follow","max-snippet":"max-snippet:-1","max-image-preview":"max-image-preview:large","max-video-preview":"max-video-preview:-1"},"canonical":"https:\/\/www.tecdmx.org.mx\/index.php\/coordinacion-de-difusion-y-publicacion\/","og_locale":"es_ES","og_type":"article","og_title":"Coordinaci\u00f3n de Difusi\u00f3n y Publicaci\u00f3n - Tribunal Electoral de la Ciudad de M\u00e9xico","og_description":"Coordinaci\u00f3n de Difusi\u00f3n y Publicaci\u00f3n David Enrique Vega Rivas Coordinador de Difusi\u00f3n y Publicaci\u00f3n david.vega@tecdmx.org.mx (55) 5340 4600 Ext. 1423 Atribuciones: I. Proponer al Pleno, por conducto de la o [&hellip;]","og_url":"https:\/\/www.tecdmx.org.mx\/index.php\/coordinacion-de-difusion-y-publicacion\/","og_site_name":"Tribunal Electoral de la Ciudad de M\u00e9xico","article_publisher":"https:\/\/www.facebook.com\/TECDMX\/","article_modified_time":"2025-09-09T19:22:11+00:00","og_image":[{"url":"https:\/\/www.tecdmx.org.mx\/wp-content\/uploads\/2025\/09\/cdyp-2025-350x350.jpg"}],"twitter_card":"summary_large_image","twitter_site":"@tecdmx","twitter_misc":{"Tiempo de lectura":"2 minutos"},"schema":{"@context":"https:\/\/schema.org","@graph":[{"@type":"WebPage","@id":"https:\/\/www.tecdmx.org.mx\/index.php\/coordinacion-de-difusion-y-publicacion\/","url":"https:\/\/www.tecdmx.org.mx\/index.php\/coordinacion-de-difusion-y-publicacion\/","name":"Coordinaci\u00f3n de Difusi\u00f3n y Publicaci\u00f3n - Tribunal Electoral de la Ciudad de M\u00e9xico","isPartOf":{"@id":"https:\/\/www.tecdmx.org.mx\/#website"},"primaryImageOfPage":{"@id":"https:\/\/www.tecdmx.org.mx\/index.php\/coordinacion-de-difusion-y-publicacion\/#primaryimage"},"image":{"@id":"https:\/\/www.tecdmx.org.mx\/index.php\/coordinacion-de-difusion-y-publicacion\/#primaryimage"},"thumbnailUrl":"https:\/\/www.tecdmx.org.mx\/wp-content\/uploads\/2025\/09\/cdyp-2025-350x350.jpg","datePublished":"2019-05-31T21:53:46+00:00","dateModified":"2025-09-09T19:22:11+00:00","breadcrumb":{"@id":"https:\/\/www.tecdmx.org.mx\/index.php\/coordinacion-de-difusion-y-publicacion\/#breadcrumb"},"inLanguage":"es","potentialAction":[{"@type":"ReadAction","target":["https:\/\/www.tecdmx.org.mx\/index.php\/coordinacion-de-difusion-y-publicacion\/"]}]},{"@type":"ImageObject","inLanguage":"es","@id":"https:\/\/www.tecdmx.org.mx\/index.php\/coordinacion-de-difusion-y-publicacion\/#primaryimage","url":"https:\/\/www.tecdmx.org.mx\/wp-content\/uploads\/2025\/09\/cdyp-2025.jpg","contentUrl":"https:\/\/www.tecdmx.org.mx\/wp-content\/uploads\/2025\/09\/cdyp-2025.jpg","width":400,"height":400},{"@type":"BreadcrumbList","@id":"https:\/\/www.tecdmx.org.mx\/index.php\/coordinacion-de-difusion-y-publicacion\/#breadcrumb","itemListElement":[{"@type":"ListItem","position":1,"name":"Portada","item":"https:\/\/www.tecdmx.org.mx\/"},{"@type":"ListItem","position":2,"name":"Coordinaci\u00f3n de Difusi\u00f3n y Publicaci\u00f3n"}]},{"@type":"WebSite","@id":"https:\/\/www.tecdmx.org.mx\/#website","url":"https:\/\/www.tecdmx.org.mx\/","name":"Tribunal Electoral de la Ciudad de M\u00e9xico","description":"25 a\u00f1os garantizando justicia en tu elecci\u00f3n","potentialAction":[{"@type":"SearchAction","target":{"@type":"EntryPoint","urlTemplate":"https:\/\/www.tecdmx.org.mx\/?s={search_term_string}"},"query-input":"required name=search_term_string"}],"inLanguage":"es"}]}},"_links":{"self":[{"href":"https:\/\/www.tecdmx.org.mx\/index.php\/wp-json\/wp\/v2\/pages\/13353"}],"collection":[{"href":"https:\/\/www.tecdmx.org.mx\/index.php\/wp-json\/wp\/v2\/pages"}],"about":[{"href":"https:\/\/www.tecdmx.org.mx\/index.php\/wp-json\/wp\/v2\/types\/page"}],"author":[{"embeddable":true,"href":"https:\/\/www.tecdmx.org.mx\/index.php\/wp-json\/wp\/v2\/users\/13"}],"replies":[{"embeddable":true,"href":"https:\/\/www.tecdmx.org.mx\/index.php\/wp-json\/wp\/v2\/comments?post=13353"}],"version-history":[{"count":9,"href":"https:\/\/www.tecdmx.org.mx\/index.php\/wp-json\/wp\/v2\/pages\/13353\/revisions"}],"predecessor-version":[{"id":59150,"href":"https:\/\/www.tecdmx.org.mx\/index.php\/wp-json\/wp\/v2\/pages\/13353\/revisions\/59150"}],"wp:attachment":[{"href":"https:\/\/www.tecdmx.org.mx\/index.php\/wp-json\/wp\/v2\/media?parent=13353"}],"curies":[{"name":"wp","href":"https:\/\/api.w.org\/{rel}","templated":true}]}}