{"id":13365,"date":"2019-05-31T14:49:08","date_gmt":"2019-05-31T14:49:08","guid":{"rendered":"http:\/\/www2.tecdmx.org.mx\/?page_id=13365"},"modified":"2025-03-19T09:47:49","modified_gmt":"2025-03-19T15:47:49","slug":"coordinacion-de-comunicacion-social-y-relaciones-publicas","status":"publish","type":"page","link":"https:\/\/www.tecdmx.org.mx\/index.php\/coordinacion-de-comunicacion-social-y-relaciones-publicas\/","title":{"rendered":"Coordinaci\u00f3n de Comunicaci\u00f3n Social y Relaciones P\u00fablicas"},"content":{"rendered":"\n<h1 class=\"wp-block-heading has-text-align-center\">Coordinaci\u00f3n de Comunicaci\u00f3n Social y Relaciones P\u00fablicas<\/h1>\n\n\n\n<div class=\"wp-block-group alignwide is-layout-constrained wp-block-group-is-layout-constrained\"><div class=\"wp-block-group__inner-container\">\n<div class=\"wp-block-columns alignwide is-layout-flex wp-container-core-columns-layout-1 wp-block-columns-is-layout-flex\">\n<div class=\"wp-block-column is-layout-flow wp-block-column-is-layout-flow\" style=\"flex-basis:20%\">\n<figure class=\"wp-block-image size-full\"><img loading=\"lazy\" decoding=\"async\" width=\"364\" height=\"362\" src=\"https:\/\/www.tecdmx.org.mx\/wp-content\/uploads\/2023\/09\/1380.jpg\" alt=\"\" class=\"wp-image-44844\" srcset=\"https:\/\/www.tecdmx.org.mx\/wp-content\/uploads\/2023\/09\/1380-251x250.jpg 251w, https:\/\/www.tecdmx.org.mx\/wp-content\/uploads\/2023\/09\/1380-352x350.jpg 352w, https:\/\/www.tecdmx.org.mx\/wp-content\/uploads\/2023\/09\/1380.jpg 364w\" sizes=\"(max-width: 364px) 100vw, 364px\" \/><\/figure>\n<\/div>\n\n\n\n<div class=\"wp-block-column is-layout-flow wp-block-column-is-layout-flow\" style=\"flex-basis:80%\">\n<p class=\"has-medium-font-size\"><strong>Orlando Anaya Gonz\u00e1lez<\/strong>  <\/p>\n\n\n\n<p class=\"has-medium-font-size\"><strong>Coordinador<\/strong>&nbsp;<strong>de Comunicaci\u00f3n Social y Relaciones P\u00fablicas<\/strong> <\/p>\n\n\n\n<p class=\"has-normal-font-size\">      <a href=\"mailto:orlando.anaya@tecdmx.org.mx\">orlando.anaya@tecdmx.org.mx<\/a><\/p>\n\n\n\n<p class=\"has-normal-font-size\">      (55) 5340 4600  Ext. 1109 <\/p>\n<\/div>\n<\/div>\n<\/div><\/div>\n\n\n\n<hr class=\"wp-block-separator has-css-opacity is-style-wide\"\/>\n\n\n\n<h1 class=\"wp-block-heading\"><strong>Atribuciones:<\/strong><\/h1>\n\n\n\n<p>I. Proponer al Pleno las estrategias y acciones de comunicaci\u00f3n social, que fortalezcan la imagen institucional del Tribunal. <\/p>\n\n\n\n<p>II. Dirigir, supervisar y controlar las acciones de promoci\u00f3n de la imagen institucional y relaciones p\u00fablicas del Tribunal, con los diversos medios de comunicaci\u00f3n e instituciones p\u00fablicas. <\/p>\n\n\n\n<p>III. Establecer canales institucionales de comunicaci\u00f3n permanente con los diferentes medios de informaci\u00f3n, electr\u00f3nicos, escritos y formadores de opini\u00f3n p\u00fablica con el fin de fijar estrategias y diseminar las acciones y actividades de la Instituci\u00f3n. <\/p>\n\n\n\n<p>IV. Informar permanentemente a la o el Magistrado Presidente sobre el desarrollo de las actividades a cargo de la Coordinaci\u00f3n de Comunicaci\u00f3n Social. <\/p>\n\n\n\n<p>V. Establecer relaciones institucionales y profesionales con los directivos y representantes de los diversos medios de comunicaci\u00f3n, tanto electr\u00f3nicos e impresos. <\/p>\n\n\n\n<p>VI. Coordinar las campa\u00f1as en medios de comunicaci\u00f3n que determine el Pleno del Tribunal. <\/p>\n\n\n\n<p>VII. Establecer medidas de austeridad para la optimizaci\u00f3n de recursos a manera de coadyuvar con las pol\u00edticas de eficiencia y racionalidad determinadas por el Pleno del Tribunal. <\/p>\n\n\n\n<p>VIII. Realizar las actividades que se desprendan de las disposiciones aplicables, as\u00ed como las que le encomiende la o el Magistrado Presidente. <\/p>\n\n\n\n<p>IX. Administrar los recursos humanos, financieros y materiales asignados a la Coordinaci\u00f3n, sujetos a las pol\u00edticas y normatividad establecidas al respecto; as\u00ed como participar y colaborar con las \u00e1reas administrativas competentes en la supervisi\u00f3n y control del presupuesto asignado a la Coordinaci\u00f3n. <\/p>\n\n\n\n<p>X. Presentar peri\u00f3dicamente un informe de actividades, avances y resultados program\u00e1ticos y presupuestales correspondientes al \u00e1rea a su cargo, para su inclusi\u00f3n en el Programa Operativo Anual del Tribunal Electoral de la Ciudad de M\u00e9xico. <\/p>\n\n\n\n<p>XI. Coordinar los actos y eventos en los cuales las y los magistrados electorales y personas servidores p\u00fablicos del Tribunal presenten informaci\u00f3n o emitan declaraciones. <\/p>\n\n\n\n<p>XII. Coordinar la elaboraci\u00f3n del Programa Operativo Anual (POA) del \u00e1rea y la integraci\u00f3n de la informaci\u00f3n requerida. <\/p>\n\n\n\n<p>XIII. Coordinar la cabina de audio y video en Sal\u00f3n de Plenos para celebrar sesiones p\u00fablicas e internas. <\/p>\n\n\n\n<p>XIV. Coordinar con la Unidad de Tecnolog\u00edas de la Informaci\u00f3n la transmisi\u00f3n en vivo de las sesiones p\u00fablicas. <\/p>\n\n\n\n<p>XV. Aquellas que se determinen en la normatividad interna aplicable; as\u00ed como las que su superior jer\u00e1rquico le encomiende en relaci\u00f3n con su puesto. <\/p>\n\n\n\n<p>\u2013 \u2013 \u2013 \u2013 \u2013 \u2013 \u2013 \u2013 \u2013 \u2013 \u2013&nbsp;<\/p>\n\n\n\n<p><strong><em>Art\u00edculo 216 del C\u00f3digo de Instituciones y Procedimientos Electorales de la Ciudad de M\u00e9xico<\/em><\/strong><\/p>\n\n\n\n<hr class=\"wp-block-separator has-css-opacity\"\/>\n","protected":false},"excerpt":{"rendered":"<p>Coordinaci\u00f3n de Comunicaci\u00f3n Social y Relaciones P\u00fablicas Orlando Anaya Gonz\u00e1lez Coordinador&nbsp;de Comunicaci\u00f3n Social y Relaciones P\u00fablicas orlando.anaya@tecdmx.org.mx (55) 5340 4600 Ext. 1109 Atribuciones: I. Proponer al Pleno las estrategias y [&hellip;]<\/p>\n","protected":false},"author":13,"featured_media":0,"parent":0,"menu_order":0,"comment_status":"closed","ping_status":"closed","template":"","meta":{"_acf_changed":false,"_exactmetrics_skip_tracking":false,"_exactmetrics_sitenote_active":false,"_exactmetrics_sitenote_note":"","_exactmetrics_sitenote_category":0,"footnotes":""},"acf":[],"yoast_head":"<!-- This site is optimized with the Yoast SEO plugin v22.3 - https:\/\/yoast.com\/wordpress\/plugins\/seo\/ -->\n<title>Coordinaci\u00f3n de Comunicaci\u00f3n Social y Relaciones P\u00fablicas - Tribunal Electoral de la Ciudad de M\u00e9xico<\/title>\n<meta name=\"robots\" content=\"index, follow, max-snippet:-1, max-image-preview:large, max-video-preview:-1\" \/>\n<link rel=\"canonical\" href=\"https:\/\/www.tecdmx.org.mx\/index.php\/coordinacion-de-comunicacion-social-y-relaciones-publicas\/\" \/>\n<meta property=\"og:locale\" content=\"es_ES\" \/>\n<meta property=\"og:type\" content=\"article\" \/>\n<meta property=\"og:title\" content=\"Coordinaci\u00f3n de Comunicaci\u00f3n Social y Relaciones P\u00fablicas - Tribunal Electoral de la Ciudad de M\u00e9xico\" \/>\n<meta property=\"og:description\" content=\"Coordinaci\u00f3n de Comunicaci\u00f3n Social y Relaciones P\u00fablicas Orlando Anaya Gonz\u00e1lez Coordinador&nbsp;de Comunicaci\u00f3n Social y Relaciones P\u00fablicas orlando.anaya@tecdmx.org.mx (55) 5340 4600 Ext. 1109 Atribuciones: I. Proponer al Pleno las estrategias y [&hellip;]\" \/>\n<meta property=\"og:url\" content=\"https:\/\/www.tecdmx.org.mx\/index.php\/coordinacion-de-comunicacion-social-y-relaciones-publicas\/\" \/>\n<meta property=\"og:site_name\" content=\"Tribunal Electoral de la Ciudad de M\u00e9xico\" \/>\n<meta property=\"article:publisher\" content=\"https:\/\/www.facebook.com\/TECDMX\/\" \/>\n<meta property=\"article:modified_time\" content=\"2025-03-19T15:47:49+00:00\" \/>\n<meta property=\"og:image\" content=\"https:\/\/www.tecdmx.org.mx\/wp-content\/uploads\/2023\/09\/1380.jpg\" \/>\n<meta name=\"twitter:card\" content=\"summary_large_image\" \/>\n<meta name=\"twitter:site\" content=\"@tecdmx\" \/>\n<meta name=\"twitter:label1\" content=\"Tiempo de lectura\" \/>\n\t<meta name=\"twitter:data1\" content=\"3 minutos\" \/>\n<script type=\"application\/ld+json\" class=\"yoast-schema-graph\">{\"@context\":\"https:\/\/schema.org\",\"@graph\":[{\"@type\":\"WebPage\",\"@id\":\"https:\/\/www.tecdmx.org.mx\/index.php\/coordinacion-de-comunicacion-social-y-relaciones-publicas\/\",\"url\":\"https:\/\/www.tecdmx.org.mx\/index.php\/coordinacion-de-comunicacion-social-y-relaciones-publicas\/\",\"name\":\"Coordinaci\u00f3n de Comunicaci\u00f3n Social y Relaciones P\u00fablicas - Tribunal Electoral de la Ciudad de M\u00e9xico\",\"isPartOf\":{\"@id\":\"https:\/\/www.tecdmx.org.mx\/#website\"},\"primaryImageOfPage\":{\"@id\":\"https:\/\/www.tecdmx.org.mx\/index.php\/coordinacion-de-comunicacion-social-y-relaciones-publicas\/#primaryimage\"},\"image\":{\"@id\":\"https:\/\/www.tecdmx.org.mx\/index.php\/coordinacion-de-comunicacion-social-y-relaciones-publicas\/#primaryimage\"},\"thumbnailUrl\":\"https:\/\/www.tecdmx.org.mx\/wp-content\/uploads\/2023\/09\/1380.jpg\",\"datePublished\":\"2019-05-31T14:49:08+00:00\",\"dateModified\":\"2025-03-19T15:47:49+00:00\",\"breadcrumb\":{\"@id\":\"https:\/\/www.tecdmx.org.mx\/index.php\/coordinacion-de-comunicacion-social-y-relaciones-publicas\/#breadcrumb\"},\"inLanguage\":\"es\",\"potentialAction\":[{\"@type\":\"ReadAction\",\"target\":[\"https:\/\/www.tecdmx.org.mx\/index.php\/coordinacion-de-comunicacion-social-y-relaciones-publicas\/\"]}]},{\"@type\":\"ImageObject\",\"inLanguage\":\"es\",\"@id\":\"https:\/\/www.tecdmx.org.mx\/index.php\/coordinacion-de-comunicacion-social-y-relaciones-publicas\/#primaryimage\",\"url\":\"https:\/\/www.tecdmx.org.mx\/wp-content\/uploads\/2023\/09\/1380.jpg\",\"contentUrl\":\"https:\/\/www.tecdmx.org.mx\/wp-content\/uploads\/2023\/09\/1380.jpg\",\"width\":364,\"height\":362},{\"@type\":\"BreadcrumbList\",\"@id\":\"https:\/\/www.tecdmx.org.mx\/index.php\/coordinacion-de-comunicacion-social-y-relaciones-publicas\/#breadcrumb\",\"itemListElement\":[{\"@type\":\"ListItem\",\"position\":1,\"name\":\"Portada\",\"item\":\"https:\/\/www.tecdmx.org.mx\/\"},{\"@type\":\"ListItem\",\"position\":2,\"name\":\"Coordinaci\u00f3n de Comunicaci\u00f3n Social y Relaciones P\u00fablicas\"}]},{\"@type\":\"WebSite\",\"@id\":\"https:\/\/www.tecdmx.org.mx\/#website\",\"url\":\"https:\/\/www.tecdmx.org.mx\/\",\"name\":\"Tribunal Electoral de la Ciudad de M\u00e9xico\",\"description\":\"25 a\u00f1os garantizando justicia en tu elecci\u00f3n\",\"potentialAction\":[{\"@type\":\"SearchAction\",\"target\":{\"@type\":\"EntryPoint\",\"urlTemplate\":\"https:\/\/www.tecdmx.org.mx\/?s={search_term_string}\"},\"query-input\":\"required name=search_term_string\"}],\"inLanguage\":\"es\"}]}<\/script>\n<!-- \/ Yoast SEO plugin. -->","yoast_head_json":{"title":"Coordinaci\u00f3n de Comunicaci\u00f3n Social y Relaciones P\u00fablicas - Tribunal Electoral de la Ciudad de M\u00e9xico","robots":{"index":"index","follow":"follow","max-snippet":"max-snippet:-1","max-image-preview":"max-image-preview:large","max-video-preview":"max-video-preview:-1"},"canonical":"https:\/\/www.tecdmx.org.mx\/index.php\/coordinacion-de-comunicacion-social-y-relaciones-publicas\/","og_locale":"es_ES","og_type":"article","og_title":"Coordinaci\u00f3n de Comunicaci\u00f3n Social y Relaciones P\u00fablicas - Tribunal Electoral de la Ciudad de M\u00e9xico","og_description":"Coordinaci\u00f3n de Comunicaci\u00f3n Social y Relaciones P\u00fablicas Orlando Anaya Gonz\u00e1lez Coordinador&nbsp;de Comunicaci\u00f3n Social y Relaciones P\u00fablicas orlando.anaya@tecdmx.org.mx (55) 5340 4600 Ext. 1109 Atribuciones: I. Proponer al Pleno las estrategias y [&hellip;]","og_url":"https:\/\/www.tecdmx.org.mx\/index.php\/coordinacion-de-comunicacion-social-y-relaciones-publicas\/","og_site_name":"Tribunal Electoral de la Ciudad de M\u00e9xico","article_publisher":"https:\/\/www.facebook.com\/TECDMX\/","article_modified_time":"2025-03-19T15:47:49+00:00","og_image":[{"url":"https:\/\/www.tecdmx.org.mx\/wp-content\/uploads\/2023\/09\/1380.jpg"}],"twitter_card":"summary_large_image","twitter_site":"@tecdmx","twitter_misc":{"Tiempo de lectura":"3 minutos"},"schema":{"@context":"https:\/\/schema.org","@graph":[{"@type":"WebPage","@id":"https:\/\/www.tecdmx.org.mx\/index.php\/coordinacion-de-comunicacion-social-y-relaciones-publicas\/","url":"https:\/\/www.tecdmx.org.mx\/index.php\/coordinacion-de-comunicacion-social-y-relaciones-publicas\/","name":"Coordinaci\u00f3n de Comunicaci\u00f3n Social y Relaciones P\u00fablicas - Tribunal Electoral de la Ciudad de M\u00e9xico","isPartOf":{"@id":"https:\/\/www.tecdmx.org.mx\/#website"},"primaryImageOfPage":{"@id":"https:\/\/www.tecdmx.org.mx\/index.php\/coordinacion-de-comunicacion-social-y-relaciones-publicas\/#primaryimage"},"image":{"@id":"https:\/\/www.tecdmx.org.mx\/index.php\/coordinacion-de-comunicacion-social-y-relaciones-publicas\/#primaryimage"},"thumbnailUrl":"https:\/\/www.tecdmx.org.mx\/wp-content\/uploads\/2023\/09\/1380.jpg","datePublished":"2019-05-31T14:49:08+00:00","dateModified":"2025-03-19T15:47:49+00:00","breadcrumb":{"@id":"https:\/\/www.tecdmx.org.mx\/index.php\/coordinacion-de-comunicacion-social-y-relaciones-publicas\/#breadcrumb"},"inLanguage":"es","potentialAction":[{"@type":"ReadAction","target":["https:\/\/www.tecdmx.org.mx\/index.php\/coordinacion-de-comunicacion-social-y-relaciones-publicas\/"]}]},{"@type":"ImageObject","inLanguage":"es","@id":"https:\/\/www.tecdmx.org.mx\/index.php\/coordinacion-de-comunicacion-social-y-relaciones-publicas\/#primaryimage","url":"https:\/\/www.tecdmx.org.mx\/wp-content\/uploads\/2023\/09\/1380.jpg","contentUrl":"https:\/\/www.tecdmx.org.mx\/wp-content\/uploads\/2023\/09\/1380.jpg","width":364,"height":362},{"@type":"BreadcrumbList","@id":"https:\/\/www.tecdmx.org.mx\/index.php\/coordinacion-de-comunicacion-social-y-relaciones-publicas\/#breadcrumb","itemListElement":[{"@type":"ListItem","position":1,"name":"Portada","item":"https:\/\/www.tecdmx.org.mx\/"},{"@type":"ListItem","position":2,"name":"Coordinaci\u00f3n de Comunicaci\u00f3n Social y Relaciones P\u00fablicas"}]},{"@type":"WebSite","@id":"https:\/\/www.tecdmx.org.mx\/#website","url":"https:\/\/www.tecdmx.org.mx\/","name":"Tribunal Electoral de la Ciudad de M\u00e9xico","description":"25 a\u00f1os garantizando justicia en tu elecci\u00f3n","potentialAction":[{"@type":"SearchAction","target":{"@type":"EntryPoint","urlTemplate":"https:\/\/www.tecdmx.org.mx\/?s={search_term_string}"},"query-input":"required name=search_term_string"}],"inLanguage":"es"}]}},"_links":{"self":[{"href":"https:\/\/www.tecdmx.org.mx\/index.php\/wp-json\/wp\/v2\/pages\/13365"}],"collection":[{"href":"https:\/\/www.tecdmx.org.mx\/index.php\/wp-json\/wp\/v2\/pages"}],"about":[{"href":"https:\/\/www.tecdmx.org.mx\/index.php\/wp-json\/wp\/v2\/types\/page"}],"author":[{"embeddable":true,"href":"https:\/\/www.tecdmx.org.mx\/index.php\/wp-json\/wp\/v2\/users\/13"}],"replies":[{"embeddable":true,"href":"https:\/\/www.tecdmx.org.mx\/index.php\/wp-json\/wp\/v2\/comments?post=13365"}],"version-history":[{"count":9,"href":"https:\/\/www.tecdmx.org.mx\/index.php\/wp-json\/wp\/v2\/pages\/13365\/revisions"}],"predecessor-version":[{"id":55689,"href":"https:\/\/www.tecdmx.org.mx\/index.php\/wp-json\/wp\/v2\/pages\/13365\/revisions\/55689"}],"wp:attachment":[{"href":"https:\/\/www.tecdmx.org.mx\/index.php\/wp-json\/wp\/v2\/media?parent=13365"}],"curies":[{"name":"wp","href":"https:\/\/api.w.org\/{rel}","templated":true}]}}