{"id":13383,"date":"2019-05-31T15:23:26","date_gmt":"2019-05-31T15:23:26","guid":{"rendered":"http:\/\/www2.tecdmx.org.mx\/?page_id=13383"},"modified":"2026-01-23T11:27:41","modified_gmt":"2026-01-23T17:27:41","slug":"unidad-especializada-de-procedimientos-sancionadores","status":"publish","type":"page","link":"https:\/\/www.tecdmx.org.mx\/index.php\/unidad-especializada-de-procedimientos-sancionadores\/","title":{"rendered":"Unidad Especializada de Procedimientos Sancionadores"},"content":{"rendered":"\n<h1 class=\"wp-block-heading has-text-align-center\">Unidad Especializada de Procedimientos Sancionadores<\/h1>\n\n\n\n<div class=\"wp-block-columns alignwide is-layout-flex wp-container-core-columns-layout-1 wp-block-columns-is-layout-flex\">\n<div class=\"wp-block-column is-layout-flow wp-block-column-is-layout-flow\" style=\"flex-basis:20%\">\n<figure class=\"wp-block-image size-large\"><img loading=\"lazy\" decoding=\"async\" width=\"352\" height=\"350\" src=\"https:\/\/www.tecdmx.org.mx\/wp-content\/uploads\/2025\/10\/raymundo-aparicio-soto-352x350.jpg\" alt=\"\" class=\"wp-image-59738\" srcset=\"https:\/\/www.tecdmx.org.mx\/wp-content\/uploads\/2025\/10\/raymundo-aparicio-soto-251x250.jpg 251w, https:\/\/www.tecdmx.org.mx\/wp-content\/uploads\/2025\/10\/raymundo-aparicio-soto-352x350.jpg 352w, https:\/\/www.tecdmx.org.mx\/wp-content\/uploads\/2025\/10\/raymundo-aparicio-soto.jpg 364w\" sizes=\"(max-width: 352px) 100vw, 352px\" \/><\/figure>\n<\/div>\n\n\n\n<div class=\"wp-block-column is-layout-flow wp-block-column-is-layout-flow\" style=\"flex-basis:80%\">\n<p class=\"has-medium-font-size\"><strong><strong>Raymundo Aparicio Soto<\/strong><\/strong> <\/p>\n\n\n\n<p class=\"has-medium-font-size\"><strong>Director de la Unidad Especializada de Procedimientos Sancionadores<\/strong> <\/p>\n\n\n\n<p class=\"has-normal-font-size\"><a href=\"mailto:paulina.martinez@tecdmx.org.mx\"><a href=\"mailto:raymundo.aparicio@tecdmx.org.mx\">raymundo.aparicio@tecdmx.org.mx<\/a><\/a><\/p>\n\n\n\n<p class=\"has-normal-font-size\">(55) 5340 4600  Ext. 1015<\/p>\n<\/div>\n<\/div>\n\n\n\n<hr class=\"wp-block-separator has-css-opacity is-style-wide\"\/>\n\n\n\n<h1 class=\"wp-block-heading\"><strong>Atribuciones:<\/strong><\/h1>\n\n\n\n<p>I. Instruir y proponer al Pleno los proyectos de resoluci\u00f3n de los procedimientos especiales y ordinarios sancionadores que remita el Instituto, que deriven de quejas en las que se denuncien infracciones a la normatividad electoral; <\/p>\n\n\n\n<p>II. Emitir los Acuerdos y oficios necesarios para dar tr\u00e1mite a las diligencias relativas a los procedimientos sancionadores que establece la normativa electoral; <\/p>\n\n\n\n<p>III. Realizar las acciones necesarias a fin de hacer del conocimiento de las autoridades hacendarias a efecto de que se proceda al cobro de las multas impuestas en los procedimientos ordinarios y especiales sancionadores, en los t\u00e9rminos establecidos en la resoluci\u00f3n correspondiente.  <\/p>\n\n\n\n<p>IV. Practicar las diligencias necesarias para la instrucci\u00f3n y resoluci\u00f3n de los procedimientos, a fin de que ponga los autos en estado de resoluci\u00f3n y la o el Magistrado Presidente este en posibilidad de presentar al Pleno el proyecto de resoluci\u00f3n respectivo; y <\/p>\n\n\n\n<p>V. Las dem\u00e1s que le sean conferidas en el Reglamento Interior del Tribunal Electoral. <\/p>\n\n\n\n<p>\u2013 \u2013 \u2013 \u2013 \u2013 \u2013 \u2013 \u2013 \u2013 \u2013 \u2013&nbsp;<\/p>\n\n\n\n<p><strong><em>Art\u00edculo 224 del C\u00f3digo de Instituciones y Procedimientos Electorales de la Ciudad de M\u00e9xico<\/em><\/strong><\/p>\n\n\n\n<hr class=\"wp-block-separator has-css-opacity is-style-wide\"\/>\n\n\n\n<hr class=\"wp-block-separator has-css-opacity\"\/>\n","protected":false},"excerpt":{"rendered":"<p>Unidad Especializada de Procedimientos Sancionadores Raymundo Aparicio Soto Director de la Unidad Especializada de Procedimientos Sancionadores raymundo.aparicio@tecdmx.org.mx (55) 5340 4600 Ext. 1015 Atribuciones: I. Instruir y proponer al Pleno los [&hellip;]<\/p>\n","protected":false},"author":13,"featured_media":0,"parent":0,"menu_order":0,"comment_status":"closed","ping_status":"closed","template":"","meta":{"_acf_changed":false,"_exactmetrics_skip_tracking":false,"_exactmetrics_sitenote_active":false,"_exactmetrics_sitenote_note":"","_exactmetrics_sitenote_category":0,"footnotes":""},"acf":[],"yoast_head":"<!-- This site is optimized with the Yoast SEO plugin v22.3 - https:\/\/yoast.com\/wordpress\/plugins\/seo\/ -->\n<title>Unidad Especializada de Procedimientos Sancionadores - Tribunal Electoral de la Ciudad de M\u00e9xico<\/title>\n<meta name=\"robots\" content=\"index, follow, max-snippet:-1, max-image-preview:large, max-video-preview:-1\" \/>\n<link rel=\"canonical\" href=\"https:\/\/www.tecdmx.org.mx\/index.php\/unidad-especializada-de-procedimientos-sancionadores\/\" \/>\n<meta property=\"og:locale\" content=\"es_ES\" \/>\n<meta property=\"og:type\" content=\"article\" \/>\n<meta property=\"og:title\" content=\"Unidad Especializada de Procedimientos Sancionadores - Tribunal Electoral de la Ciudad de M\u00e9xico\" \/>\n<meta property=\"og:description\" content=\"Unidad Especializada de Procedimientos Sancionadores Raymundo Aparicio Soto Director de la Unidad Especializada de Procedimientos Sancionadores raymundo.aparicio@tecdmx.org.mx (55) 5340 4600 Ext. 1015 Atribuciones: I. Instruir y proponer al Pleno los [&hellip;]\" \/>\n<meta property=\"og:url\" content=\"https:\/\/www.tecdmx.org.mx\/index.php\/unidad-especializada-de-procedimientos-sancionadores\/\" \/>\n<meta property=\"og:site_name\" content=\"Tribunal Electoral de la Ciudad de M\u00e9xico\" \/>\n<meta property=\"article:publisher\" content=\"https:\/\/www.facebook.com\/TECDMX\/\" \/>\n<meta property=\"article:modified_time\" content=\"2026-01-23T17:27:41+00:00\" \/>\n<meta property=\"og:image\" content=\"https:\/\/www.tecdmx.org.mx\/wp-content\/uploads\/2025\/10\/raymundo-aparicio-soto-352x350.jpg\" \/>\n<meta name=\"twitter:card\" content=\"summary_large_image\" \/>\n<meta name=\"twitter:site\" content=\"@tecdmx\" \/>\n<meta name=\"twitter:label1\" content=\"Tiempo de lectura\" \/>\n\t<meta name=\"twitter:data1\" content=\"2 minutos\" \/>\n<script type=\"application\/ld+json\" class=\"yoast-schema-graph\">{\"@context\":\"https:\/\/schema.org\",\"@graph\":[{\"@type\":\"WebPage\",\"@id\":\"https:\/\/www.tecdmx.org.mx\/index.php\/unidad-especializada-de-procedimientos-sancionadores\/\",\"url\":\"https:\/\/www.tecdmx.org.mx\/index.php\/unidad-especializada-de-procedimientos-sancionadores\/\",\"name\":\"Unidad Especializada de Procedimientos Sancionadores - Tribunal Electoral de la Ciudad de M\u00e9xico\",\"isPartOf\":{\"@id\":\"https:\/\/www.tecdmx.org.mx\/#website\"},\"primaryImageOfPage\":{\"@id\":\"https:\/\/www.tecdmx.org.mx\/index.php\/unidad-especializada-de-procedimientos-sancionadores\/#primaryimage\"},\"image\":{\"@id\":\"https:\/\/www.tecdmx.org.mx\/index.php\/unidad-especializada-de-procedimientos-sancionadores\/#primaryimage\"},\"thumbnailUrl\":\"https:\/\/www.tecdmx.org.mx\/wp-content\/uploads\/2025\/10\/raymundo-aparicio-soto-352x350.jpg\",\"datePublished\":\"2019-05-31T15:23:26+00:00\",\"dateModified\":\"2026-01-23T17:27:41+00:00\",\"breadcrumb\":{\"@id\":\"https:\/\/www.tecdmx.org.mx\/index.php\/unidad-especializada-de-procedimientos-sancionadores\/#breadcrumb\"},\"inLanguage\":\"es\",\"potentialAction\":[{\"@type\":\"ReadAction\",\"target\":[\"https:\/\/www.tecdmx.org.mx\/index.php\/unidad-especializada-de-procedimientos-sancionadores\/\"]}]},{\"@type\":\"ImageObject\",\"inLanguage\":\"es\",\"@id\":\"https:\/\/www.tecdmx.org.mx\/index.php\/unidad-especializada-de-procedimientos-sancionadores\/#primaryimage\",\"url\":\"https:\/\/www.tecdmx.org.mx\/wp-content\/uploads\/2025\/10\/raymundo-aparicio-soto.jpg\",\"contentUrl\":\"https:\/\/www.tecdmx.org.mx\/wp-content\/uploads\/2025\/10\/raymundo-aparicio-soto.jpg\",\"width\":364,\"height\":362},{\"@type\":\"BreadcrumbList\",\"@id\":\"https:\/\/www.tecdmx.org.mx\/index.php\/unidad-especializada-de-procedimientos-sancionadores\/#breadcrumb\",\"itemListElement\":[{\"@type\":\"ListItem\",\"position\":1,\"name\":\"Portada\",\"item\":\"https:\/\/www.tecdmx.org.mx\/\"},{\"@type\":\"ListItem\",\"position\":2,\"name\":\"Unidad Especializada de Procedimientos Sancionadores\"}]},{\"@type\":\"WebSite\",\"@id\":\"https:\/\/www.tecdmx.org.mx\/#website\",\"url\":\"https:\/\/www.tecdmx.org.mx\/\",\"name\":\"Tribunal Electoral de la Ciudad de M\u00e9xico\",\"description\":\"25 a\u00f1os garantizando justicia en tu elecci\u00f3n\",\"potentialAction\":[{\"@type\":\"SearchAction\",\"target\":{\"@type\":\"EntryPoint\",\"urlTemplate\":\"https:\/\/www.tecdmx.org.mx\/?s={search_term_string}\"},\"query-input\":\"required name=search_term_string\"}],\"inLanguage\":\"es\"}]}<\/script>\n<!-- \/ Yoast SEO plugin. -->","yoast_head_json":{"title":"Unidad Especializada de Procedimientos Sancionadores - Tribunal Electoral de la Ciudad de M\u00e9xico","robots":{"index":"index","follow":"follow","max-snippet":"max-snippet:-1","max-image-preview":"max-image-preview:large","max-video-preview":"max-video-preview:-1"},"canonical":"https:\/\/www.tecdmx.org.mx\/index.php\/unidad-especializada-de-procedimientos-sancionadores\/","og_locale":"es_ES","og_type":"article","og_title":"Unidad Especializada de Procedimientos Sancionadores - Tribunal Electoral de la Ciudad de M\u00e9xico","og_description":"Unidad Especializada de Procedimientos Sancionadores Raymundo Aparicio Soto Director de la Unidad Especializada de Procedimientos Sancionadores raymundo.aparicio@tecdmx.org.mx (55) 5340 4600 Ext. 1015 Atribuciones: I. Instruir y proponer al Pleno los [&hellip;]","og_url":"https:\/\/www.tecdmx.org.mx\/index.php\/unidad-especializada-de-procedimientos-sancionadores\/","og_site_name":"Tribunal Electoral de la Ciudad de M\u00e9xico","article_publisher":"https:\/\/www.facebook.com\/TECDMX\/","article_modified_time":"2026-01-23T17:27:41+00:00","og_image":[{"url":"https:\/\/www.tecdmx.org.mx\/wp-content\/uploads\/2025\/10\/raymundo-aparicio-soto-352x350.jpg"}],"twitter_card":"summary_large_image","twitter_site":"@tecdmx","twitter_misc":{"Tiempo de lectura":"2 minutos"},"schema":{"@context":"https:\/\/schema.org","@graph":[{"@type":"WebPage","@id":"https:\/\/www.tecdmx.org.mx\/index.php\/unidad-especializada-de-procedimientos-sancionadores\/","url":"https:\/\/www.tecdmx.org.mx\/index.php\/unidad-especializada-de-procedimientos-sancionadores\/","name":"Unidad Especializada de Procedimientos Sancionadores - Tribunal Electoral de la Ciudad de M\u00e9xico","isPartOf":{"@id":"https:\/\/www.tecdmx.org.mx\/#website"},"primaryImageOfPage":{"@id":"https:\/\/www.tecdmx.org.mx\/index.php\/unidad-especializada-de-procedimientos-sancionadores\/#primaryimage"},"image":{"@id":"https:\/\/www.tecdmx.org.mx\/index.php\/unidad-especializada-de-procedimientos-sancionadores\/#primaryimage"},"thumbnailUrl":"https:\/\/www.tecdmx.org.mx\/wp-content\/uploads\/2025\/10\/raymundo-aparicio-soto-352x350.jpg","datePublished":"2019-05-31T15:23:26+00:00","dateModified":"2026-01-23T17:27:41+00:00","breadcrumb":{"@id":"https:\/\/www.tecdmx.org.mx\/index.php\/unidad-especializada-de-procedimientos-sancionadores\/#breadcrumb"},"inLanguage":"es","potentialAction":[{"@type":"ReadAction","target":["https:\/\/www.tecdmx.org.mx\/index.php\/unidad-especializada-de-procedimientos-sancionadores\/"]}]},{"@type":"ImageObject","inLanguage":"es","@id":"https:\/\/www.tecdmx.org.mx\/index.php\/unidad-especializada-de-procedimientos-sancionadores\/#primaryimage","url":"https:\/\/www.tecdmx.org.mx\/wp-content\/uploads\/2025\/10\/raymundo-aparicio-soto.jpg","contentUrl":"https:\/\/www.tecdmx.org.mx\/wp-content\/uploads\/2025\/10\/raymundo-aparicio-soto.jpg","width":364,"height":362},{"@type":"BreadcrumbList","@id":"https:\/\/www.tecdmx.org.mx\/index.php\/unidad-especializada-de-procedimientos-sancionadores\/#breadcrumb","itemListElement":[{"@type":"ListItem","position":1,"name":"Portada","item":"https:\/\/www.tecdmx.org.mx\/"},{"@type":"ListItem","position":2,"name":"Unidad Especializada de Procedimientos Sancionadores"}]},{"@type":"WebSite","@id":"https:\/\/www.tecdmx.org.mx\/#website","url":"https:\/\/www.tecdmx.org.mx\/","name":"Tribunal Electoral de la Ciudad de M\u00e9xico","description":"25 a\u00f1os garantizando justicia en tu elecci\u00f3n","potentialAction":[{"@type":"SearchAction","target":{"@type":"EntryPoint","urlTemplate":"https:\/\/www.tecdmx.org.mx\/?s={search_term_string}"},"query-input":"required name=search_term_string"}],"inLanguage":"es"}]}},"_links":{"self":[{"href":"https:\/\/www.tecdmx.org.mx\/index.php\/wp-json\/wp\/v2\/pages\/13383"}],"collection":[{"href":"https:\/\/www.tecdmx.org.mx\/index.php\/wp-json\/wp\/v2\/pages"}],"about":[{"href":"https:\/\/www.tecdmx.org.mx\/index.php\/wp-json\/wp\/v2\/types\/page"}],"author":[{"embeddable":true,"href":"https:\/\/www.tecdmx.org.mx\/index.php\/wp-json\/wp\/v2\/users\/13"}],"replies":[{"embeddable":true,"href":"https:\/\/www.tecdmx.org.mx\/index.php\/wp-json\/wp\/v2\/comments?post=13383"}],"version-history":[{"count":23,"href":"https:\/\/www.tecdmx.org.mx\/index.php\/wp-json\/wp\/v2\/pages\/13383\/revisions"}],"predecessor-version":[{"id":60545,"href":"https:\/\/www.tecdmx.org.mx\/index.php\/wp-json\/wp\/v2\/pages\/13383\/revisions\/60545"}],"wp:attachment":[{"href":"https:\/\/www.tecdmx.org.mx\/index.php\/wp-json\/wp\/v2\/media?parent=13383"}],"curies":[{"name":"wp","href":"https:\/\/api.w.org\/{rel}","templated":true}]}}