{"id":13389,"date":"2019-05-31T15:34:46","date_gmt":"2019-05-31T15:34:46","guid":{"rendered":"http:\/\/www2.tecdmx.org.mx\/?page_id=13389"},"modified":"2025-10-10T14:40:01","modified_gmt":"2025-10-10T20:40:01","slug":"unidad-de-estadistica-y-jurisprudencia","status":"publish","type":"page","link":"https:\/\/www.tecdmx.org.mx\/index.php\/unidad-de-estadistica-y-jurisprudencia\/","title":{"rendered":"Unidad de Estad\u00edstica y Jurisprudencia"},"content":{"rendered":"\n<h1 class=\"wp-block-heading has-text-align-center\">Unidad de Estad\u00edstica y Jurisprudencia<\/h1>\n\n\n\n<div class=\"wp-block-columns alignwide is-layout-flex wp-container-core-columns-layout-1 wp-block-columns-is-layout-flex\">\n<div class=\"wp-block-column is-layout-flow wp-block-column-is-layout-flow\" style=\"flex-basis:20%\">\n<figure class=\"wp-block-image size-large\"><img loading=\"lazy\" decoding=\"async\" width=\"352\" height=\"350\" src=\"https:\/\/www.tecdmx.org.mx\/wp-content\/uploads\/2025\/10\/paulina-lizbet-martinez-jaramillo-352x350.jpg\" alt=\"\" class=\"wp-image-59735\" srcset=\"https:\/\/www.tecdmx.org.mx\/wp-content\/uploads\/2025\/10\/paulina-lizbet-martinez-jaramillo-251x250.jpg 251w, https:\/\/www.tecdmx.org.mx\/wp-content\/uploads\/2025\/10\/paulina-lizbet-martinez-jaramillo-352x350.jpg 352w, https:\/\/www.tecdmx.org.mx\/wp-content\/uploads\/2025\/10\/paulina-lizbet-martinez-jaramillo.jpg 364w\" sizes=\"(max-width: 352px) 100vw, 352px\" \/><\/figure>\n<\/div>\n\n\n\n<div class=\"wp-block-column is-layout-flow wp-block-column-is-layout-flow\" style=\"flex-basis:80%\">\n<p class=\"has-medium-font-size\"><strong>Paulina Lizbet Mart\u00ednez Jaramillo<\/strong> <\/p>\n\n\n\n<p class=\"has-medium-font-size\"><strong>Directora de la Unidad de Estad\u00edstica y Jurisprudencia<\/strong> <\/p>\n\n\n\n<p class=\"has-normal-font-size\"><a href=\"mailto:paulina.martinez@tecdmx.org.mx\"> paulina.martinez@tecdmx.org.mx<\/a><\/p>\n\n\n\n<p class=\"has-normal-font-size\">(55) 5340 4600  Ext. 1117<\/p>\n<\/div>\n<\/div>\n\n\n\n<hr class=\"wp-block-separator has-css-opacity is-style-wide\"\/>\n\n\n\n<h1 class=\"wp-block-heading\"><strong>Atribuciones:<\/strong><\/h1>\n\n\n\n<p>I. Capturar los datos de los expedientes, desde su ingreso hasta el sentido de la resoluci\u00f3n del Pleno del Tribunal Electoral y, en su caso, la cadena impugnativa federal que tenga lugar; <\/p>\n\n\n\n<p>II. Registrar y clasificar las sentencias emitidas por el Tribunal, por tema y tipo de elecci\u00f3n; as\u00ed como el sentido de los votos particulares en sus distintas modalidades;<\/p>\n\n\n\n<p>III. Desahogar las consultas formuladas por el personal adscrito a las ponencias, respecto de los criterios jurisdiccionales en la materia, relacionados con alg\u00fan medio de impugnaci\u00f3n en instrucci\u00f3n; <\/p>\n\n\n\n<p>IV. Elaborar los reportes estad\u00edsticos de la actividad jurisdiccional del Tribunal que le sean requeridos; <\/p>\n\n\n\n<p>V. Detectar e informar al Pleno, por conducto del Magistrado Presidente, las contradicciones de criterios que surjan de las resoluciones del Tribunal; <\/p>\n\n\n\n<p>VI. Elaborar anteproyectos de tesis de jurisprudencia y relevantes, y remitirlos al Magistrado Presidente, para la consideraci\u00f3n de las y los Magistrados Electorales; <\/p>\n\n\n\n<p>VII. Elaborar el texto definitivo, registrar, clasificar y compilar las tesis de jurisprudencia y relevantes del Pleno, y <\/p>\n\n\n\n<p>VIII. Las dem\u00e1s previstas en la normativa aplicable. La informaci\u00f3n cuantitativa de la actividad jurisdiccional del Tribunal considerar\u00e1 los grupos de poblaci\u00f3n conforme al enfoque de derechos humanos y la perspectiva de g\u00e9nero. <\/p>\n\n\n\n<p>\u2013 \u2013 \u2013 \u2013 \u2013 \u2013 \u2013 \u2013 \u2013 \u2013 \u2013&nbsp;<\/p>\n\n\n\n<p><strong><em>Art\u00edculo 228 del C\u00f3digo de Instituciones y Procedimientos Electorales de la Ciudad de M\u00e9xico<\/em><\/strong><\/p>\n\n\n\n<hr class=\"wp-block-separator has-css-opacity\"\/>\n","protected":false},"excerpt":{"rendered":"<p>Unidad de Estad\u00edstica y Jurisprudencia Paulina Lizbet Mart\u00ednez Jaramillo Directora de la Unidad de Estad\u00edstica y Jurisprudencia paulina.martinez@tecdmx.org.mx (55) 5340 4600 Ext. 1117 Atribuciones: I. Capturar los datos de los [&hellip;]<\/p>\n","protected":false},"author":13,"featured_media":0,"parent":0,"menu_order":0,"comment_status":"closed","ping_status":"closed","template":"","meta":{"_acf_changed":false,"_exactmetrics_skip_tracking":false,"_exactmetrics_sitenote_active":false,"_exactmetrics_sitenote_note":"","_exactmetrics_sitenote_category":0,"footnotes":""},"acf":[],"yoast_head":"<!-- This site is optimized with the Yoast SEO plugin v22.3 - https:\/\/yoast.com\/wordpress\/plugins\/seo\/ -->\n<title>Unidad de Estad\u00edstica y Jurisprudencia - Tribunal Electoral de la Ciudad de M\u00e9xico<\/title>\n<meta name=\"robots\" content=\"index, follow, max-snippet:-1, max-image-preview:large, max-video-preview:-1\" \/>\n<link rel=\"canonical\" href=\"https:\/\/www.tecdmx.org.mx\/index.php\/unidad-de-estadistica-y-jurisprudencia\/\" \/>\n<meta property=\"og:locale\" content=\"es_ES\" \/>\n<meta property=\"og:type\" content=\"article\" \/>\n<meta property=\"og:title\" content=\"Unidad de Estad\u00edstica y Jurisprudencia - Tribunal Electoral de la Ciudad de M\u00e9xico\" \/>\n<meta property=\"og:description\" content=\"Unidad de Estad\u00edstica y Jurisprudencia Paulina Lizbet Mart\u00ednez Jaramillo Directora de la Unidad de Estad\u00edstica y Jurisprudencia paulina.martinez@tecdmx.org.mx (55) 5340 4600 Ext. 1117 Atribuciones: I. Capturar los datos de los [&hellip;]\" \/>\n<meta property=\"og:url\" content=\"https:\/\/www.tecdmx.org.mx\/index.php\/unidad-de-estadistica-y-jurisprudencia\/\" \/>\n<meta property=\"og:site_name\" content=\"Tribunal Electoral de la Ciudad de M\u00e9xico\" \/>\n<meta property=\"article:publisher\" content=\"https:\/\/www.facebook.com\/TECDMX\/\" \/>\n<meta property=\"article:modified_time\" content=\"2025-10-10T20:40:01+00:00\" \/>\n<meta property=\"og:image\" content=\"https:\/\/www.tecdmx.org.mx\/wp-content\/uploads\/2025\/10\/paulina-lizbet-martinez-jaramillo-352x350.jpg\" \/>\n<meta name=\"twitter:card\" content=\"summary_large_image\" \/>\n<meta name=\"twitter:site\" content=\"@tecdmx\" \/>\n<meta name=\"twitter:label1\" content=\"Tiempo de lectura\" \/>\n\t<meta name=\"twitter:data1\" content=\"2 minutos\" \/>\n<script type=\"application\/ld+json\" class=\"yoast-schema-graph\">{\"@context\":\"https:\/\/schema.org\",\"@graph\":[{\"@type\":\"WebPage\",\"@id\":\"https:\/\/www.tecdmx.org.mx\/index.php\/unidad-de-estadistica-y-jurisprudencia\/\",\"url\":\"https:\/\/www.tecdmx.org.mx\/index.php\/unidad-de-estadistica-y-jurisprudencia\/\",\"name\":\"Unidad de Estad\u00edstica y Jurisprudencia - Tribunal Electoral de la Ciudad de M\u00e9xico\",\"isPartOf\":{\"@id\":\"https:\/\/www.tecdmx.org.mx\/#website\"},\"primaryImageOfPage\":{\"@id\":\"https:\/\/www.tecdmx.org.mx\/index.php\/unidad-de-estadistica-y-jurisprudencia\/#primaryimage\"},\"image\":{\"@id\":\"https:\/\/www.tecdmx.org.mx\/index.php\/unidad-de-estadistica-y-jurisprudencia\/#primaryimage\"},\"thumbnailUrl\":\"https:\/\/www.tecdmx.org.mx\/wp-content\/uploads\/2025\/10\/paulina-lizbet-martinez-jaramillo-352x350.jpg\",\"datePublished\":\"2019-05-31T15:34:46+00:00\",\"dateModified\":\"2025-10-10T20:40:01+00:00\",\"breadcrumb\":{\"@id\":\"https:\/\/www.tecdmx.org.mx\/index.php\/unidad-de-estadistica-y-jurisprudencia\/#breadcrumb\"},\"inLanguage\":\"es\",\"potentialAction\":[{\"@type\":\"ReadAction\",\"target\":[\"https:\/\/www.tecdmx.org.mx\/index.php\/unidad-de-estadistica-y-jurisprudencia\/\"]}]},{\"@type\":\"ImageObject\",\"inLanguage\":\"es\",\"@id\":\"https:\/\/www.tecdmx.org.mx\/index.php\/unidad-de-estadistica-y-jurisprudencia\/#primaryimage\",\"url\":\"https:\/\/www.tecdmx.org.mx\/wp-content\/uploads\/2025\/10\/paulina-lizbet-martinez-jaramillo.jpg\",\"contentUrl\":\"https:\/\/www.tecdmx.org.mx\/wp-content\/uploads\/2025\/10\/paulina-lizbet-martinez-jaramillo.jpg\",\"width\":364,\"height\":362},{\"@type\":\"BreadcrumbList\",\"@id\":\"https:\/\/www.tecdmx.org.mx\/index.php\/unidad-de-estadistica-y-jurisprudencia\/#breadcrumb\",\"itemListElement\":[{\"@type\":\"ListItem\",\"position\":1,\"name\":\"Portada\",\"item\":\"https:\/\/www.tecdmx.org.mx\/\"},{\"@type\":\"ListItem\",\"position\":2,\"name\":\"Unidad de Estad\u00edstica y Jurisprudencia\"}]},{\"@type\":\"WebSite\",\"@id\":\"https:\/\/www.tecdmx.org.mx\/#website\",\"url\":\"https:\/\/www.tecdmx.org.mx\/\",\"name\":\"Tribunal Electoral de la Ciudad de M\u00e9xico\",\"description\":\"25 a\u00f1os garantizando justicia en tu elecci\u00f3n\",\"potentialAction\":[{\"@type\":\"SearchAction\",\"target\":{\"@type\":\"EntryPoint\",\"urlTemplate\":\"https:\/\/www.tecdmx.org.mx\/?s={search_term_string}\"},\"query-input\":\"required name=search_term_string\"}],\"inLanguage\":\"es\"}]}<\/script>\n<!-- \/ Yoast SEO plugin. -->","yoast_head_json":{"title":"Unidad de Estad\u00edstica y Jurisprudencia - Tribunal Electoral de la Ciudad de M\u00e9xico","robots":{"index":"index","follow":"follow","max-snippet":"max-snippet:-1","max-image-preview":"max-image-preview:large","max-video-preview":"max-video-preview:-1"},"canonical":"https:\/\/www.tecdmx.org.mx\/index.php\/unidad-de-estadistica-y-jurisprudencia\/","og_locale":"es_ES","og_type":"article","og_title":"Unidad de Estad\u00edstica y Jurisprudencia - Tribunal Electoral de la Ciudad de M\u00e9xico","og_description":"Unidad de Estad\u00edstica y Jurisprudencia Paulina Lizbet Mart\u00ednez Jaramillo Directora de la Unidad de Estad\u00edstica y Jurisprudencia paulina.martinez@tecdmx.org.mx (55) 5340 4600 Ext. 1117 Atribuciones: I. Capturar los datos de los [&hellip;]","og_url":"https:\/\/www.tecdmx.org.mx\/index.php\/unidad-de-estadistica-y-jurisprudencia\/","og_site_name":"Tribunal Electoral de la Ciudad de M\u00e9xico","article_publisher":"https:\/\/www.facebook.com\/TECDMX\/","article_modified_time":"2025-10-10T20:40:01+00:00","og_image":[{"url":"https:\/\/www.tecdmx.org.mx\/wp-content\/uploads\/2025\/10\/paulina-lizbet-martinez-jaramillo-352x350.jpg"}],"twitter_card":"summary_large_image","twitter_site":"@tecdmx","twitter_misc":{"Tiempo de lectura":"2 minutos"},"schema":{"@context":"https:\/\/schema.org","@graph":[{"@type":"WebPage","@id":"https:\/\/www.tecdmx.org.mx\/index.php\/unidad-de-estadistica-y-jurisprudencia\/","url":"https:\/\/www.tecdmx.org.mx\/index.php\/unidad-de-estadistica-y-jurisprudencia\/","name":"Unidad de Estad\u00edstica y Jurisprudencia - Tribunal Electoral de la Ciudad de M\u00e9xico","isPartOf":{"@id":"https:\/\/www.tecdmx.org.mx\/#website"},"primaryImageOfPage":{"@id":"https:\/\/www.tecdmx.org.mx\/index.php\/unidad-de-estadistica-y-jurisprudencia\/#primaryimage"},"image":{"@id":"https:\/\/www.tecdmx.org.mx\/index.php\/unidad-de-estadistica-y-jurisprudencia\/#primaryimage"},"thumbnailUrl":"https:\/\/www.tecdmx.org.mx\/wp-content\/uploads\/2025\/10\/paulina-lizbet-martinez-jaramillo-352x350.jpg","datePublished":"2019-05-31T15:34:46+00:00","dateModified":"2025-10-10T20:40:01+00:00","breadcrumb":{"@id":"https:\/\/www.tecdmx.org.mx\/index.php\/unidad-de-estadistica-y-jurisprudencia\/#breadcrumb"},"inLanguage":"es","potentialAction":[{"@type":"ReadAction","target":["https:\/\/www.tecdmx.org.mx\/index.php\/unidad-de-estadistica-y-jurisprudencia\/"]}]},{"@type":"ImageObject","inLanguage":"es","@id":"https:\/\/www.tecdmx.org.mx\/index.php\/unidad-de-estadistica-y-jurisprudencia\/#primaryimage","url":"https:\/\/www.tecdmx.org.mx\/wp-content\/uploads\/2025\/10\/paulina-lizbet-martinez-jaramillo.jpg","contentUrl":"https:\/\/www.tecdmx.org.mx\/wp-content\/uploads\/2025\/10\/paulina-lizbet-martinez-jaramillo.jpg","width":364,"height":362},{"@type":"BreadcrumbList","@id":"https:\/\/www.tecdmx.org.mx\/index.php\/unidad-de-estadistica-y-jurisprudencia\/#breadcrumb","itemListElement":[{"@type":"ListItem","position":1,"name":"Portada","item":"https:\/\/www.tecdmx.org.mx\/"},{"@type":"ListItem","position":2,"name":"Unidad de Estad\u00edstica y Jurisprudencia"}]},{"@type":"WebSite","@id":"https:\/\/www.tecdmx.org.mx\/#website","url":"https:\/\/www.tecdmx.org.mx\/","name":"Tribunal Electoral de la Ciudad de M\u00e9xico","description":"25 a\u00f1os garantizando justicia en tu elecci\u00f3n","potentialAction":[{"@type":"SearchAction","target":{"@type":"EntryPoint","urlTemplate":"https:\/\/www.tecdmx.org.mx\/?s={search_term_string}"},"query-input":"required name=search_term_string"}],"inLanguage":"es"}]}},"_links":{"self":[{"href":"https:\/\/www.tecdmx.org.mx\/index.php\/wp-json\/wp\/v2\/pages\/13389"}],"collection":[{"href":"https:\/\/www.tecdmx.org.mx\/index.php\/wp-json\/wp\/v2\/pages"}],"about":[{"href":"https:\/\/www.tecdmx.org.mx\/index.php\/wp-json\/wp\/v2\/types\/page"}],"author":[{"embeddable":true,"href":"https:\/\/www.tecdmx.org.mx\/index.php\/wp-json\/wp\/v2\/users\/13"}],"replies":[{"embeddable":true,"href":"https:\/\/www.tecdmx.org.mx\/index.php\/wp-json\/wp\/v2\/comments?post=13389"}],"version-history":[{"count":9,"href":"https:\/\/www.tecdmx.org.mx\/index.php\/wp-json\/wp\/v2\/pages\/13389\/revisions"}],"predecessor-version":[{"id":59736,"href":"https:\/\/www.tecdmx.org.mx\/index.php\/wp-json\/wp\/v2\/pages\/13389\/revisions\/59736"}],"wp:attachment":[{"href":"https:\/\/www.tecdmx.org.mx\/index.php\/wp-json\/wp\/v2\/media?parent=13389"}],"curies":[{"name":"wp","href":"https:\/\/api.w.org\/{rel}","templated":true}]}}