{"id":13396,"date":"2019-05-31T15:56:16","date_gmt":"2019-05-31T15:56:16","guid":{"rendered":"http:\/\/www2.tecdmx.org.mx\/?page_id=13396"},"modified":"2023-09-11T15:59:02","modified_gmt":"2023-09-11T21:59:02","slug":"comision-de-controversias-laborales-y-administrativas","status":"publish","type":"page","link":"https:\/\/www.tecdmx.org.mx\/index.php\/comision-de-controversias-laborales-y-administrativas\/","title":{"rendered":"Comisi\u00f3n de Controversias Laborales y Administrativas"},"content":{"rendered":"\n<h1 class=\"wp-block-heading has-text-align-center\">Comisi\u00f3n de Controversias Laborales y Administrativas <\/h1>\n\n\n\n<div class=\"wp-block-media-text alignwide is-stacked-on-mobile\" style=\"grid-template-columns:20% auto\"><figure class=\"wp-block-media-text__media\"><img loading=\"lazy\" decoding=\"async\" width=\"352\" height=\"350\" src=\"https:\/\/www.tecdmx.org.mx\/wp-content\/uploads\/2023\/09\/1111.jpg\" alt=\"\" class=\"wp-image-44884 size-full\" srcset=\"https:\/\/www.tecdmx.org.mx\/wp-content\/uploads\/2023\/09\/1111-251x250.jpg 251w, https:\/\/www.tecdmx.org.mx\/wp-content\/uploads\/2023\/09\/1111.jpg 352w, https:\/\/www.tecdmx.org.mx\/wp-content\/uploads\/2023\/09\/1111.jpg 364w\" sizes=\"(max-width: 352px) 100vw, 352px\" \/><\/figure><div class=\"wp-block-media-text__content\">\n<p class=\"has-medium-font-size\"><strong>Mar\u00eda Dolores Corona L\u00f3pez<\/strong> <\/p>\n\n\n\n<p class=\"has-medium-font-size\"><strong>Secretaria T\u00e9cnica de la Comisi\u00f3n de Controversias Laborales y Administrativas<\/strong> <\/p>\n\n\n\n<p class=\"has-normal-font-size\">      <a href=\"mailto:maria.corona@tecdmx.org.mx\">maria.corona@tecdmx.org.mx<\/a><\/p>\n\n\n\n<p class=\"has-normal-font-size\">      (55) 5340 4600  Ext. 1318 <\/p>\n<\/div><\/div>\n\n\n\n<hr class=\"wp-block-separator has-css-opacity is-style-wide\"\/>\n\n\n\n<h1 class=\"wp-block-heading\"><strong>Atribuciones:<\/strong><\/h1>\n\n\n\n<p>I. Procurar un arreglo conciliatorio en los juicios especiales laborales; <\/p>\n\n\n\n<p>II. Conocer y sustanciar los juicios a que se refiere al art\u00edculo 237, que se susciten entre el Tribunal Electoral y sus servidores; <\/p>\n\n\n\n<p>III. Recibir las pruebas que los trabajadores o el Tribunal Electoral, en su car\u00e1cter de demandado o autoridad responsable, juzguen convenientes rendir ante ella, con relaci\u00f3n a las acciones y excepciones que pretendan deducir ante la Comisi\u00f3n; <\/p>\n\n\n\n<p>IV. Practicar las diligencias necesarias con el apoyo que para el efecto de la sustanciaci\u00f3n de los procedimientos, le brinde la Secretar\u00eda General a fin de que ponga los autos en estado de resoluci\u00f3n y presente al Pleno el proyecto respectivo; <\/p>\n\n\n\n<p>V. Aprobar los convenios que les sean sometidos por las partes; y <\/p>\n\n\n\n<p>VI. Las dem\u00e1s que les confiera el Reglamento Interior del Tribunal Electoral. Las resoluciones que en materia laboral y de responsabilidad administrativa determine esta Comisi\u00f3n derivado de sus atribuciones, podr\u00e1n ser recurribles por el interesado ante las instancias competentes, en t\u00e9rminos de las leyes aplicables. <\/p>\n\n\n\n<p>\u2013 \u2013 \u2013 \u2013 \u2013 \u2013 \u2013 \u2013 \u2013 \u2013 \u2013&nbsp;<\/p>\n\n\n\n<p><strong><em>Art\u00edculo 238 del C\u00f3digo de Instituciones y Procedimientos Electorales de la Ciudad de M\u00e9xico<\/em><\/strong><\/p>\n\n\n\n<hr class=\"wp-block-separator has-css-opacity\"\/>\n","protected":false},"excerpt":{"rendered":"<p>Comisi\u00f3n de Controversias Laborales y Administrativas Mar\u00eda Dolores Corona L\u00f3pez Secretaria T\u00e9cnica de la Comisi\u00f3n de Controversias Laborales y Administrativas maria.corona@tecdmx.org.mx (55) 5340 4600 Ext. 1318 Atribuciones: I. Procurar un [&hellip;]<\/p>\n","protected":false},"author":13,"featured_media":0,"parent":0,"menu_order":0,"comment_status":"closed","ping_status":"closed","template":"","meta":{"_acf_changed":false,"_exactmetrics_skip_tracking":false,"_exactmetrics_sitenote_active":false,"_exactmetrics_sitenote_note":"","_exactmetrics_sitenote_category":0,"footnotes":""},"acf":[],"yoast_head":"<!-- This site is optimized with the Yoast SEO plugin v22.3 - https:\/\/yoast.com\/wordpress\/plugins\/seo\/ -->\n<title>Comisi\u00f3n de Controversias Laborales y Administrativas - Tribunal Electoral de la Ciudad de M\u00e9xico<\/title>\n<meta name=\"robots\" content=\"index, follow, max-snippet:-1, max-image-preview:large, max-video-preview:-1\" \/>\n<link rel=\"canonical\" href=\"https:\/\/www.tecdmx.org.mx\/index.php\/comision-de-controversias-laborales-y-administrativas\/\" \/>\n<meta property=\"og:locale\" content=\"es_ES\" \/>\n<meta property=\"og:type\" content=\"article\" \/>\n<meta property=\"og:title\" content=\"Comisi\u00f3n de Controversias Laborales y Administrativas - Tribunal Electoral de la Ciudad de M\u00e9xico\" \/>\n<meta property=\"og:description\" content=\"Comisi\u00f3n de Controversias Laborales y Administrativas Mar\u00eda Dolores Corona L\u00f3pez Secretaria T\u00e9cnica de la Comisi\u00f3n de Controversias Laborales y Administrativas maria.corona@tecdmx.org.mx (55) 5340 4600 Ext. 1318 Atribuciones: I. Procurar un [&hellip;]\" \/>\n<meta property=\"og:url\" content=\"https:\/\/www.tecdmx.org.mx\/index.php\/comision-de-controversias-laborales-y-administrativas\/\" \/>\n<meta property=\"og:site_name\" content=\"Tribunal Electoral de la Ciudad de M\u00e9xico\" \/>\n<meta property=\"article:publisher\" content=\"https:\/\/www.facebook.com\/TECDMX\/\" \/>\n<meta property=\"article:modified_time\" content=\"2023-09-11T21:59:02+00:00\" \/>\n<meta property=\"og:image\" content=\"https:\/\/www.tecdmx.org.mx\/wp-content\/uploads\/2023\/09\/1111-352x350.jpg\" \/>\n<meta name=\"twitter:card\" content=\"summary_large_image\" \/>\n<meta name=\"twitter:site\" content=\"@tecdmx\" \/>\n<meta name=\"twitter:label1\" content=\"Tiempo de lectura\" \/>\n\t<meta name=\"twitter:data1\" content=\"2 minutos\" \/>\n<script type=\"application\/ld+json\" class=\"yoast-schema-graph\">{\"@context\":\"https:\/\/schema.org\",\"@graph\":[{\"@type\":\"WebPage\",\"@id\":\"https:\/\/www.tecdmx.org.mx\/index.php\/comision-de-controversias-laborales-y-administrativas\/\",\"url\":\"https:\/\/www.tecdmx.org.mx\/index.php\/comision-de-controversias-laborales-y-administrativas\/\",\"name\":\"Comisi\u00f3n de Controversias Laborales y Administrativas - Tribunal Electoral de la Ciudad de M\u00e9xico\",\"isPartOf\":{\"@id\":\"https:\/\/www.tecdmx.org.mx\/#website\"},\"primaryImageOfPage\":{\"@id\":\"https:\/\/www.tecdmx.org.mx\/index.php\/comision-de-controversias-laborales-y-administrativas\/#primaryimage\"},\"image\":{\"@id\":\"https:\/\/www.tecdmx.org.mx\/index.php\/comision-de-controversias-laborales-y-administrativas\/#primaryimage\"},\"thumbnailUrl\":\"https:\/\/www.tecdmx.org.mx\/wp-content\/uploads\/2023\/09\/1111-352x350.jpg\",\"datePublished\":\"2019-05-31T15:56:16+00:00\",\"dateModified\":\"2023-09-11T21:59:02+00:00\",\"breadcrumb\":{\"@id\":\"https:\/\/www.tecdmx.org.mx\/index.php\/comision-de-controversias-laborales-y-administrativas\/#breadcrumb\"},\"inLanguage\":\"es\",\"potentialAction\":[{\"@type\":\"ReadAction\",\"target\":[\"https:\/\/www.tecdmx.org.mx\/index.php\/comision-de-controversias-laborales-y-administrativas\/\"]}]},{\"@type\":\"ImageObject\",\"inLanguage\":\"es\",\"@id\":\"https:\/\/www.tecdmx.org.mx\/index.php\/comision-de-controversias-laborales-y-administrativas\/#primaryimage\",\"url\":\"https:\/\/www.tecdmx.org.mx\/wp-content\/uploads\/2023\/09\/1111.jpg\",\"contentUrl\":\"https:\/\/www.tecdmx.org.mx\/wp-content\/uploads\/2023\/09\/1111.jpg\",\"width\":364,\"height\":362},{\"@type\":\"BreadcrumbList\",\"@id\":\"https:\/\/www.tecdmx.org.mx\/index.php\/comision-de-controversias-laborales-y-administrativas\/#breadcrumb\",\"itemListElement\":[{\"@type\":\"ListItem\",\"position\":1,\"name\":\"Portada\",\"item\":\"https:\/\/www.tecdmx.org.mx\/\"},{\"@type\":\"ListItem\",\"position\":2,\"name\":\"Comisi\u00f3n de Controversias Laborales y Administrativas\"}]},{\"@type\":\"WebSite\",\"@id\":\"https:\/\/www.tecdmx.org.mx\/#website\",\"url\":\"https:\/\/www.tecdmx.org.mx\/\",\"name\":\"Tribunal Electoral de la Ciudad de M\u00e9xico\",\"description\":\"25 a\u00f1os garantizando justicia en tu elecci\u00f3n\",\"potentialAction\":[{\"@type\":\"SearchAction\",\"target\":{\"@type\":\"EntryPoint\",\"urlTemplate\":\"https:\/\/www.tecdmx.org.mx\/?s={search_term_string}\"},\"query-input\":\"required name=search_term_string\"}],\"inLanguage\":\"es\"}]}<\/script>\n<!-- \/ Yoast SEO plugin. -->","yoast_head_json":{"title":"Comisi\u00f3n de Controversias Laborales y Administrativas - Tribunal Electoral de la Ciudad de M\u00e9xico","robots":{"index":"index","follow":"follow","max-snippet":"max-snippet:-1","max-image-preview":"max-image-preview:large","max-video-preview":"max-video-preview:-1"},"canonical":"https:\/\/www.tecdmx.org.mx\/index.php\/comision-de-controversias-laborales-y-administrativas\/","og_locale":"es_ES","og_type":"article","og_title":"Comisi\u00f3n de Controversias Laborales y Administrativas - Tribunal Electoral de la Ciudad de M\u00e9xico","og_description":"Comisi\u00f3n de Controversias Laborales y Administrativas Mar\u00eda Dolores Corona L\u00f3pez Secretaria T\u00e9cnica de la Comisi\u00f3n de Controversias Laborales y Administrativas maria.corona@tecdmx.org.mx (55) 5340 4600 Ext. 1318 Atribuciones: I. Procurar un [&hellip;]","og_url":"https:\/\/www.tecdmx.org.mx\/index.php\/comision-de-controversias-laborales-y-administrativas\/","og_site_name":"Tribunal Electoral de la Ciudad de M\u00e9xico","article_publisher":"https:\/\/www.facebook.com\/TECDMX\/","article_modified_time":"2023-09-11T21:59:02+00:00","og_image":[{"url":"https:\/\/www.tecdmx.org.mx\/wp-content\/uploads\/2023\/09\/1111-352x350.jpg"}],"twitter_card":"summary_large_image","twitter_site":"@tecdmx","twitter_misc":{"Tiempo de lectura":"2 minutos"},"schema":{"@context":"https:\/\/schema.org","@graph":[{"@type":"WebPage","@id":"https:\/\/www.tecdmx.org.mx\/index.php\/comision-de-controversias-laborales-y-administrativas\/","url":"https:\/\/www.tecdmx.org.mx\/index.php\/comision-de-controversias-laborales-y-administrativas\/","name":"Comisi\u00f3n de Controversias Laborales y Administrativas - Tribunal Electoral de la Ciudad de M\u00e9xico","isPartOf":{"@id":"https:\/\/www.tecdmx.org.mx\/#website"},"primaryImageOfPage":{"@id":"https:\/\/www.tecdmx.org.mx\/index.php\/comision-de-controversias-laborales-y-administrativas\/#primaryimage"},"image":{"@id":"https:\/\/www.tecdmx.org.mx\/index.php\/comision-de-controversias-laborales-y-administrativas\/#primaryimage"},"thumbnailUrl":"https:\/\/www.tecdmx.org.mx\/wp-content\/uploads\/2023\/09\/1111-352x350.jpg","datePublished":"2019-05-31T15:56:16+00:00","dateModified":"2023-09-11T21:59:02+00:00","breadcrumb":{"@id":"https:\/\/www.tecdmx.org.mx\/index.php\/comision-de-controversias-laborales-y-administrativas\/#breadcrumb"},"inLanguage":"es","potentialAction":[{"@type":"ReadAction","target":["https:\/\/www.tecdmx.org.mx\/index.php\/comision-de-controversias-laborales-y-administrativas\/"]}]},{"@type":"ImageObject","inLanguage":"es","@id":"https:\/\/www.tecdmx.org.mx\/index.php\/comision-de-controversias-laborales-y-administrativas\/#primaryimage","url":"https:\/\/www.tecdmx.org.mx\/wp-content\/uploads\/2023\/09\/1111.jpg","contentUrl":"https:\/\/www.tecdmx.org.mx\/wp-content\/uploads\/2023\/09\/1111.jpg","width":364,"height":362},{"@type":"BreadcrumbList","@id":"https:\/\/www.tecdmx.org.mx\/index.php\/comision-de-controversias-laborales-y-administrativas\/#breadcrumb","itemListElement":[{"@type":"ListItem","position":1,"name":"Portada","item":"https:\/\/www.tecdmx.org.mx\/"},{"@type":"ListItem","position":2,"name":"Comisi\u00f3n de Controversias Laborales y Administrativas"}]},{"@type":"WebSite","@id":"https:\/\/www.tecdmx.org.mx\/#website","url":"https:\/\/www.tecdmx.org.mx\/","name":"Tribunal Electoral de la Ciudad de M\u00e9xico","description":"25 a\u00f1os garantizando justicia en tu elecci\u00f3n","potentialAction":[{"@type":"SearchAction","target":{"@type":"EntryPoint","urlTemplate":"https:\/\/www.tecdmx.org.mx\/?s={search_term_string}"},"query-input":"required name=search_term_string"}],"inLanguage":"es"}]}},"_links":{"self":[{"href":"https:\/\/www.tecdmx.org.mx\/index.php\/wp-json\/wp\/v2\/pages\/13396"}],"collection":[{"href":"https:\/\/www.tecdmx.org.mx\/index.php\/wp-json\/wp\/v2\/pages"}],"about":[{"href":"https:\/\/www.tecdmx.org.mx\/index.php\/wp-json\/wp\/v2\/types\/page"}],"author":[{"embeddable":true,"href":"https:\/\/www.tecdmx.org.mx\/index.php\/wp-json\/wp\/v2\/users\/13"}],"replies":[{"embeddable":true,"href":"https:\/\/www.tecdmx.org.mx\/index.php\/wp-json\/wp\/v2\/comments?post=13396"}],"version-history":[{"count":3,"href":"https:\/\/www.tecdmx.org.mx\/index.php\/wp-json\/wp\/v2\/pages\/13396\/revisions"}],"predecessor-version":[{"id":44885,"href":"https:\/\/www.tecdmx.org.mx\/index.php\/wp-json\/wp\/v2\/pages\/13396\/revisions\/44885"}],"wp:attachment":[{"href":"https:\/\/www.tecdmx.org.mx\/index.php\/wp-json\/wp\/v2\/media?parent=13396"}],"curies":[{"name":"wp","href":"https:\/\/api.w.org\/{rel}","templated":true}]}}