{"id":14322,"date":"2019-08-09T15:37:36","date_gmt":"2019-08-09T15:37:36","guid":{"rendered":"http:\/\/www2.tecdmx.org.mx\/?page_id=14322"},"modified":"2024-04-03T16:43:09","modified_gmt":"2024-04-03T22:43:09","slug":"coordinacion-de-vinculacion-y-relaciones-internacionales","status":"publish","type":"page","link":"https:\/\/www.tecdmx.org.mx\/index.php\/coordinacion-de-vinculacion-y-relaciones-internacionales\/","title":{"rendered":"Coordinaci\u00f3n de Vinculaci\u00f3n y Relaciones Internacionales"},"content":{"rendered":"\n<h1 class=\"wp-block-heading has-text-align-center\">Coordinaci\u00f3n de Vinculaci\u00f3n y Relaciones Internacionales<\/h1>\n\n\n\n<div class=\"wp-block-media-text alignwide is-stacked-on-mobile\" style=\"grid-template-columns:20% auto\"><figure class=\"wp-block-media-text__media\"><img loading=\"lazy\" decoding=\"async\" width=\"364\" height=\"362\" src=\"https:\/\/www.tecdmx.org.mx\/wp-content\/uploads\/2023\/09\/1538.jpg\" alt=\"\" class=\"wp-image-44847 size-full\" srcset=\"https:\/\/www.tecdmx.org.mx\/wp-content\/uploads\/2023\/09\/1538-251x250.jpg 251w, https:\/\/www.tecdmx.org.mx\/wp-content\/uploads\/2023\/09\/1538-352x350.jpg 352w, https:\/\/www.tecdmx.org.mx\/wp-content\/uploads\/2023\/09\/1538.jpg 364w\" sizes=\"(max-width: 364px) 100vw, 364px\" \/><\/figure><div class=\"wp-block-media-text__content\">\n<p class=\"has-medium-font-size\"><strong>Christian Alberto Ruiz S\u00e1nchez<\/strong>  <\/p>\n\n\n\n<p class=\"has-medium-font-size\"><strong>Director de Vinculaci\u00f3n<\/strong><\/p>\n\n\n\n<p class=\"has-medium-font-size\"><a href=\"mailto:christian.ruiz@tecdmx.org.mx\">christian.ruiz@tecdmx.org.mx<\/a><\/p>\n\n\n\n<p class=\"has-normal-font-size\"> (55) 5340 4600  Ext. 1706  <\/p>\n<\/div><\/div>\n\n\n\n<p class=\"has-text-align-right\">.<\/p>\n\n\n\n<hr class=\"wp-block-separator has-css-opacity is-style-wide\"\/>\n\n\n\n<p class=\"has-text-align-right\">.<\/p>\n\n\n\n<h1 class=\"wp-block-heading\"><strong>Atribuciones:<\/strong><\/h1>\n\n\n\n<p>La Coordinaci\u00f3n de Vinculaci\u00f3n tendr\u00e1 las facultades que mediante acuerdo el Pleno determine.<\/p>\n\n\n\n<p>\u2013 \u2013 \u2013 \u2013 \u2013 \u2013 \u2013 \u2013 \u2013 \u2013 \u2013&nbsp;<\/p>\n\n\n\n<p><strong><em>Art\u00edculo 217 del C\u00f3digo de Instituciones y Procedimientos Electorales de la Ciudad de M\u00e9xico<\/em><\/strong><\/p>\n\n\n\n<hr class=\"wp-block-separator has-css-opacity\"\/>\n","protected":false},"excerpt":{"rendered":"<p>Coordinaci\u00f3n de Vinculaci\u00f3n y Relaciones Internacionales Christian Alberto Ruiz S\u00e1nchez Director de Vinculaci\u00f3n christian.ruiz@tecdmx.org.mx (55) 5340 4600 Ext. 1706 . . Atribuciones: La Coordinaci\u00f3n de Vinculaci\u00f3n tendr\u00e1 las facultades que [&hellip;]<\/p>\n","protected":false},"author":13,"featured_media":0,"parent":0,"menu_order":0,"comment_status":"closed","ping_status":"closed","template":"","meta":{"_acf_changed":false,"_exactmetrics_skip_tracking":false,"_exactmetrics_sitenote_active":false,"_exactmetrics_sitenote_note":"","_exactmetrics_sitenote_category":0,"footnotes":""},"acf":[],"yoast_head":"<!-- This site is optimized with the Yoast SEO plugin v22.3 - https:\/\/yoast.com\/wordpress\/plugins\/seo\/ -->\n<title>Coordinaci\u00f3n de Vinculaci\u00f3n y Relaciones Internacionales - Tribunal Electoral de la Ciudad de M\u00e9xico<\/title>\n<meta name=\"robots\" content=\"index, follow, max-snippet:-1, max-image-preview:large, max-video-preview:-1\" \/>\n<link rel=\"canonical\" href=\"https:\/\/www.tecdmx.org.mx\/index.php\/coordinacion-de-vinculacion-y-relaciones-internacionales\/\" \/>\n<meta property=\"og:locale\" content=\"es_ES\" \/>\n<meta property=\"og:type\" content=\"article\" \/>\n<meta property=\"og:title\" content=\"Coordinaci\u00f3n de Vinculaci\u00f3n y Relaciones Internacionales - Tribunal Electoral de la Ciudad de M\u00e9xico\" \/>\n<meta property=\"og:description\" content=\"Coordinaci\u00f3n de Vinculaci\u00f3n y Relaciones Internacionales Christian Alberto Ruiz S\u00e1nchez Director de Vinculaci\u00f3n christian.ruiz@tecdmx.org.mx (55) 5340 4600 Ext. 1706 . . Atribuciones: La Coordinaci\u00f3n de Vinculaci\u00f3n tendr\u00e1 las facultades que [&hellip;]\" \/>\n<meta property=\"og:url\" content=\"https:\/\/www.tecdmx.org.mx\/index.php\/coordinacion-de-vinculacion-y-relaciones-internacionales\/\" \/>\n<meta property=\"og:site_name\" content=\"Tribunal Electoral de la Ciudad de M\u00e9xico\" \/>\n<meta property=\"article:publisher\" content=\"https:\/\/www.facebook.com\/TECDMX\/\" \/>\n<meta property=\"article:modified_time\" content=\"2024-04-03T22:43:09+00:00\" \/>\n<meta property=\"og:image\" content=\"https:\/\/www.tecdmx.org.mx\/wp-content\/uploads\/2023\/09\/1538.jpg\" \/>\n<meta name=\"twitter:card\" content=\"summary_large_image\" \/>\n<meta name=\"twitter:site\" content=\"@tecdmx\" \/>\n<meta name=\"twitter:label1\" content=\"Tiempo de lectura\" \/>\n\t<meta name=\"twitter:data1\" content=\"1 minuto\" \/>\n<script type=\"application\/ld+json\" class=\"yoast-schema-graph\">{\"@context\":\"https:\/\/schema.org\",\"@graph\":[{\"@type\":\"WebPage\",\"@id\":\"https:\/\/www.tecdmx.org.mx\/index.php\/coordinacion-de-vinculacion-y-relaciones-internacionales\/\",\"url\":\"https:\/\/www.tecdmx.org.mx\/index.php\/coordinacion-de-vinculacion-y-relaciones-internacionales\/\",\"name\":\"Coordinaci\u00f3n de Vinculaci\u00f3n y Relaciones Internacionales - Tribunal Electoral de la Ciudad de M\u00e9xico\",\"isPartOf\":{\"@id\":\"https:\/\/www.tecdmx.org.mx\/#website\"},\"primaryImageOfPage\":{\"@id\":\"https:\/\/www.tecdmx.org.mx\/index.php\/coordinacion-de-vinculacion-y-relaciones-internacionales\/#primaryimage\"},\"image\":{\"@id\":\"https:\/\/www.tecdmx.org.mx\/index.php\/coordinacion-de-vinculacion-y-relaciones-internacionales\/#primaryimage\"},\"thumbnailUrl\":\"https:\/\/www.tecdmx.org.mx\/wp-content\/uploads\/2023\/09\/1538.jpg\",\"datePublished\":\"2019-08-09T15:37:36+00:00\",\"dateModified\":\"2024-04-03T22:43:09+00:00\",\"breadcrumb\":{\"@id\":\"https:\/\/www.tecdmx.org.mx\/index.php\/coordinacion-de-vinculacion-y-relaciones-internacionales\/#breadcrumb\"},\"inLanguage\":\"es\",\"potentialAction\":[{\"@type\":\"ReadAction\",\"target\":[\"https:\/\/www.tecdmx.org.mx\/index.php\/coordinacion-de-vinculacion-y-relaciones-internacionales\/\"]}]},{\"@type\":\"ImageObject\",\"inLanguage\":\"es\",\"@id\":\"https:\/\/www.tecdmx.org.mx\/index.php\/coordinacion-de-vinculacion-y-relaciones-internacionales\/#primaryimage\",\"url\":\"https:\/\/www.tecdmx.org.mx\/wp-content\/uploads\/2023\/09\/1538.jpg\",\"contentUrl\":\"https:\/\/www.tecdmx.org.mx\/wp-content\/uploads\/2023\/09\/1538.jpg\",\"width\":364,\"height\":362},{\"@type\":\"BreadcrumbList\",\"@id\":\"https:\/\/www.tecdmx.org.mx\/index.php\/coordinacion-de-vinculacion-y-relaciones-internacionales\/#breadcrumb\",\"itemListElement\":[{\"@type\":\"ListItem\",\"position\":1,\"name\":\"Portada\",\"item\":\"https:\/\/www.tecdmx.org.mx\/\"},{\"@type\":\"ListItem\",\"position\":2,\"name\":\"Coordinaci\u00f3n de Vinculaci\u00f3n y Relaciones Internacionales\"}]},{\"@type\":\"WebSite\",\"@id\":\"https:\/\/www.tecdmx.org.mx\/#website\",\"url\":\"https:\/\/www.tecdmx.org.mx\/\",\"name\":\"Tribunal Electoral de la Ciudad de M\u00e9xico\",\"description\":\"25 a\u00f1os garantizando justicia en tu elecci\u00f3n\",\"potentialAction\":[{\"@type\":\"SearchAction\",\"target\":{\"@type\":\"EntryPoint\",\"urlTemplate\":\"https:\/\/www.tecdmx.org.mx\/?s={search_term_string}\"},\"query-input\":\"required name=search_term_string\"}],\"inLanguage\":\"es\"}]}<\/script>\n<!-- \/ Yoast SEO plugin. -->","yoast_head_json":{"title":"Coordinaci\u00f3n de Vinculaci\u00f3n y Relaciones Internacionales - Tribunal Electoral de la Ciudad de M\u00e9xico","robots":{"index":"index","follow":"follow","max-snippet":"max-snippet:-1","max-image-preview":"max-image-preview:large","max-video-preview":"max-video-preview:-1"},"canonical":"https:\/\/www.tecdmx.org.mx\/index.php\/coordinacion-de-vinculacion-y-relaciones-internacionales\/","og_locale":"es_ES","og_type":"article","og_title":"Coordinaci\u00f3n de Vinculaci\u00f3n y Relaciones Internacionales - Tribunal Electoral de la Ciudad de M\u00e9xico","og_description":"Coordinaci\u00f3n de Vinculaci\u00f3n y Relaciones Internacionales Christian Alberto Ruiz S\u00e1nchez Director de Vinculaci\u00f3n christian.ruiz@tecdmx.org.mx (55) 5340 4600 Ext. 1706 . . Atribuciones: La Coordinaci\u00f3n de Vinculaci\u00f3n tendr\u00e1 las facultades que [&hellip;]","og_url":"https:\/\/www.tecdmx.org.mx\/index.php\/coordinacion-de-vinculacion-y-relaciones-internacionales\/","og_site_name":"Tribunal Electoral de la Ciudad de M\u00e9xico","article_publisher":"https:\/\/www.facebook.com\/TECDMX\/","article_modified_time":"2024-04-03T22:43:09+00:00","og_image":[{"url":"https:\/\/www.tecdmx.org.mx\/wp-content\/uploads\/2023\/09\/1538.jpg"}],"twitter_card":"summary_large_image","twitter_site":"@tecdmx","twitter_misc":{"Tiempo de lectura":"1 minuto"},"schema":{"@context":"https:\/\/schema.org","@graph":[{"@type":"WebPage","@id":"https:\/\/www.tecdmx.org.mx\/index.php\/coordinacion-de-vinculacion-y-relaciones-internacionales\/","url":"https:\/\/www.tecdmx.org.mx\/index.php\/coordinacion-de-vinculacion-y-relaciones-internacionales\/","name":"Coordinaci\u00f3n de Vinculaci\u00f3n y Relaciones Internacionales - Tribunal Electoral de la Ciudad de M\u00e9xico","isPartOf":{"@id":"https:\/\/www.tecdmx.org.mx\/#website"},"primaryImageOfPage":{"@id":"https:\/\/www.tecdmx.org.mx\/index.php\/coordinacion-de-vinculacion-y-relaciones-internacionales\/#primaryimage"},"image":{"@id":"https:\/\/www.tecdmx.org.mx\/index.php\/coordinacion-de-vinculacion-y-relaciones-internacionales\/#primaryimage"},"thumbnailUrl":"https:\/\/www.tecdmx.org.mx\/wp-content\/uploads\/2023\/09\/1538.jpg","datePublished":"2019-08-09T15:37:36+00:00","dateModified":"2024-04-03T22:43:09+00:00","breadcrumb":{"@id":"https:\/\/www.tecdmx.org.mx\/index.php\/coordinacion-de-vinculacion-y-relaciones-internacionales\/#breadcrumb"},"inLanguage":"es","potentialAction":[{"@type":"ReadAction","target":["https:\/\/www.tecdmx.org.mx\/index.php\/coordinacion-de-vinculacion-y-relaciones-internacionales\/"]}]},{"@type":"ImageObject","inLanguage":"es","@id":"https:\/\/www.tecdmx.org.mx\/index.php\/coordinacion-de-vinculacion-y-relaciones-internacionales\/#primaryimage","url":"https:\/\/www.tecdmx.org.mx\/wp-content\/uploads\/2023\/09\/1538.jpg","contentUrl":"https:\/\/www.tecdmx.org.mx\/wp-content\/uploads\/2023\/09\/1538.jpg","width":364,"height":362},{"@type":"BreadcrumbList","@id":"https:\/\/www.tecdmx.org.mx\/index.php\/coordinacion-de-vinculacion-y-relaciones-internacionales\/#breadcrumb","itemListElement":[{"@type":"ListItem","position":1,"name":"Portada","item":"https:\/\/www.tecdmx.org.mx\/"},{"@type":"ListItem","position":2,"name":"Coordinaci\u00f3n de Vinculaci\u00f3n y Relaciones Internacionales"}]},{"@type":"WebSite","@id":"https:\/\/www.tecdmx.org.mx\/#website","url":"https:\/\/www.tecdmx.org.mx\/","name":"Tribunal Electoral de la Ciudad de M\u00e9xico","description":"25 a\u00f1os garantizando justicia en tu elecci\u00f3n","potentialAction":[{"@type":"SearchAction","target":{"@type":"EntryPoint","urlTemplate":"https:\/\/www.tecdmx.org.mx\/?s={search_term_string}"},"query-input":"required name=search_term_string"}],"inLanguage":"es"}]}},"_links":{"self":[{"href":"https:\/\/www.tecdmx.org.mx\/index.php\/wp-json\/wp\/v2\/pages\/14322"}],"collection":[{"href":"https:\/\/www.tecdmx.org.mx\/index.php\/wp-json\/wp\/v2\/pages"}],"about":[{"href":"https:\/\/www.tecdmx.org.mx\/index.php\/wp-json\/wp\/v2\/types\/page"}],"author":[{"embeddable":true,"href":"https:\/\/www.tecdmx.org.mx\/index.php\/wp-json\/wp\/v2\/users\/13"}],"replies":[{"embeddable":true,"href":"https:\/\/www.tecdmx.org.mx\/index.php\/wp-json\/wp\/v2\/comments?post=14322"}],"version-history":[{"count":9,"href":"https:\/\/www.tecdmx.org.mx\/index.php\/wp-json\/wp\/v2\/pages\/14322\/revisions"}],"predecessor-version":[{"id":47369,"href":"https:\/\/www.tecdmx.org.mx\/index.php\/wp-json\/wp\/v2\/pages\/14322\/revisions\/47369"}],"wp:attachment":[{"href":"https:\/\/www.tecdmx.org.mx\/index.php\/wp-json\/wp\/v2\/media?parent=14322"}],"curies":[{"name":"wp","href":"https:\/\/api.w.org\/{rel}","templated":true}]}}