{"id":15322,"date":"2019-11-11T20:34:36","date_gmt":"2019-11-11T20:34:36","guid":{"rendered":"http:\/\/www2.tecdmx.org.mx\/?page_id=15322"},"modified":"2025-10-10T14:25:10","modified_gmt":"2025-10-10T20:25:10","slug":"contraloria-interna","status":"publish","type":"page","link":"https:\/\/www.tecdmx.org.mx\/index.php\/contraloria-interna\/","title":{"rendered":"Contralor\u00eda Interna"},"content":{"rendered":"\n<h1 class=\"wp-block-heading has-text-align-center\">Contralor\u00eda Interna<\/h1>\n\n\n\n<div class=\"wp-block-media-text alignwide is-stacked-on-mobile\" style=\"grid-template-columns:20% auto\"><figure class=\"wp-block-media-text__media\"><img loading=\"lazy\" decoding=\"async\" width=\"352\" height=\"350\" src=\"https:\/\/www.tecdmx.org.mx\/wp-content\/uploads\/2025\/10\/zuly-feria-valencia.jpg\" alt=\"\" class=\"wp-image-59731 size-full\" srcset=\"https:\/\/www.tecdmx.org.mx\/wp-content\/uploads\/2025\/10\/zuly-feria-valencia-251x250.jpg 251w, https:\/\/www.tecdmx.org.mx\/wp-content\/uploads\/2025\/10\/zuly-feria-valencia.jpg 352w, https:\/\/www.tecdmx.org.mx\/wp-content\/uploads\/2025\/10\/zuly-feria-valencia.jpg 364w\" sizes=\"(max-width: 352px) 100vw, 352px\" \/><\/figure><div class=\"wp-block-media-text__content\">\n<p class=\"has-medium-font-size\"><strong>Zuly Feria Valencia<\/strong>   <\/p>\n\n\n\n<p class=\"has-medium-font-size\"><strong>Contralora Interna<\/strong> <\/p>\n\n\n\n<p class=\"has-normal-font-size\">       <a href=\"mailto:zuly.feria@tecdmx.org.mx\">zuly.feria@tecdmx.org.mx<\/a><\/p>\n\n\n\n<p class=\"has-normal-font-size\">      (55) 5340 4600  Ext. 1283<\/p>\n<\/div><\/div>\n\n\n\n<hr class=\"wp-block-separator has-css-opacity is-style-wide\"\/>\n\n\n<h1>Atribuciones:<\/h1>\n<p>I. Elaborar y remitir al Pleno el Programa Interno de Auditor\u00eda, a m\u00e1s tardar para su conocimiento en la primera quincena de septiembre del a\u00f1o anterior al que se vaya a aplicar;<\/p>\n<p>II. Aplicar el Programa Interno de Auditor\u00eda, en los t\u00e9rminos aprobados por el Pleno;<\/p>\n<p>III. Formular observaciones y recomendaciones, de car\u00e1cter preventivo y<br \/>correctivo a los \u00f3rganos del Tribunal Electoral que sean auditadas. En su caso, iniciar los procedimientos de responsabilidad administrativa a que haya lugar;<\/p>\n<p>IV. Dar seguimiento a la atenci\u00f3n, tr\u00e1mite y solventaci\u00f3n de las observaciones, recomendaciones y dem\u00e1s promociones de acciones que deriven de las auditor\u00edas internas y de las que formule la Auditor\u00eda Superior de la Ciudad de M\u00e9xico;<\/p>\n<p>V. Proponer al Pleno, promueva ante las instancias competentes, las acciones administrativas y legales que deriven de las irregularidades detectadas en las auditorias;<\/p>\n<p>VI. Proponer al Pleno los anteproyectos de procedimientos, manuales e<br \/>instructivos que sean necesarios para el desempe\u00f1o de sus funciones, as\u00ed como la estructura administrativa de su \u00e1rea;<\/p>\n<p>VII. Informar de sus actividades institucionales al Pleno de manera trimestral y en el mes de diciembre, el resultado de las auditor\u00edas practicadas conforme al Programa Anual;<\/p>\n<p>VIII. Participar en los actos de entrega-recepci\u00f3n de los servidores p\u00fablicos del Tribunal Electoral, mandos medios, superiores y hom\u00f3logos, con motivo de su separaci\u00f3n del cargo, empleo o comisi\u00f3n y en aquellos derivados de las readscripciones, en t\u00e9rminos de la normatividad aplicable;<\/p>\n<p>IX. Instrumentar los procedimientos relacionados con las responsabilidades<br \/>administrativas en que incurran los servidores del Tribunal Electoral, con<br \/>excepci\u00f3n de los Magistrados Electorales que estar\u00e1n sujetos a lo dispuesto en el art\u00edculo 31 de este C\u00f3digo. La informaci\u00f3n relativa a las sanciones no se har\u00e1 p\u00fablica hasta en tanto no haya causado estado.<\/p>\n<p>X. Recibir, sustanciar y resolver los recursos de revocaci\u00f3n que presenten los servidores p\u00fablicos del Tribunal, en t\u00e9rminos de la Ley de&nbsp; Responsabilidad Administrativa de la Ciudad de M\u00e9xico;<\/p>\n<p>XI. Llevar el registro de los servidores p\u00fablicos que hayan sido sancionados<br \/>administrativamente, por resoluci\u00f3n ejecutoriada;<\/p>\n<p>XII. Elaborar el instructivo para el adecuado manejo de fondos revolventes;<\/p>\n<p>XIII. Recibir, llevar el registro y resguardar la declaraci\u00f3n patrimonial inicial, de modificaci\u00f3n o de conclusi\u00f3n de los servidores p\u00fablicos del Tribunal Electoral que est\u00e9n obligados a presentarla;<\/p>\n<p>XIV. Participar en las sesiones de los Comit\u00e9s y Subcomit\u00e9s de adquisiciones,<br \/>arrendamientos, prestaci\u00f3n de servicios y obra p\u00fablica del Tribunal Electoral y opinar respecto de los procedimientos;<\/p>\n<p>XV. Recibir, sustanciar y resolver las inconformidades que presenten los<br \/>proveedores respecto a actos o fallos en los procedimientos de adquisiciones y contrataci\u00f3n de arrendamientos, servicios y obra p\u00fablica;<\/p>\n<p>XVI. Analizar y evaluar los sistemas de procedimientos y control interno del<br \/>Tribunal Electoral;<\/p>\n<p>XVII. Vigilar el cumplimiento de las normas y procedimientos establecidos por el Pleno y proponer a \u00e9ste las medidas de prevenci\u00f3n que considere;<\/p>\n<p>XVIII. Revisar el cumplimiento de objetivos y metas fijados en los Programas Generales del Tribunal Electoral;<\/p>\n<p>XIX. Realizar auditor\u00edas contables y operacionales y de resultados del Tribunal Electoral;<\/p>\n<p>XX. Revisar que las operaciones, informes contables y estados financieros, est\u00e9n basados en los registros contables que lleve el \u00e1rea correspondiente;<\/p>\n<p>XXI. Examinar la asignaci\u00f3n y correcta utilizaci\u00f3n de los recursos financieros, humanos y materiales;<\/p>\n<p>XXII. Requerir fundada y motivadamente a los \u00f3rganos y servidores p\u00fablicos del Tribunal Electoral la informaci\u00f3n necesaria para el desempe\u00f1o de sus atribuciones; y<\/p>\n<p>XXIII. Las dem\u00e1s que le confiera este C\u00f3digo y la normatividad aplicable.<\/p>\n<p>\u2013 \u2013 \u2013 \u2013 \u2013 \u2013 \u2013 \u2013 \u2013 \u2013 \u2013&nbsp;<\/p>\n<p><strong><em>Art\u00edculo 202 del C\u00f3digo de Instituciones y Procedimientos Electorales de la Ciudad de M\u00e9xico<\/em><\/strong><\/p>\n\n\n<hr class=\"wp-block-separator has-css-opacity\"\/>\n","protected":false},"excerpt":{"rendered":"<p>Contralor\u00eda Interna Zuly Feria Valencia Contralora Interna zuly.feria@tecdmx.org.mx (55) 5340 4600 Ext. 1283 Atribuciones: I. Elaborar y remitir al Pleno el Programa Interno de Auditor\u00eda, a m\u00e1s tardar para su [&hellip;]<\/p>\n","protected":false},"author":13,"featured_media":0,"parent":0,"menu_order":0,"comment_status":"closed","ping_status":"closed","template":"","meta":{"_acf_changed":false,"_exactmetrics_skip_tracking":false,"_exactmetrics_sitenote_active":false,"_exactmetrics_sitenote_note":"","_exactmetrics_sitenote_category":0,"footnotes":""},"acf":[],"yoast_head":"<!-- This site is optimized with the Yoast SEO plugin v22.3 - https:\/\/yoast.com\/wordpress\/plugins\/seo\/ -->\n<title>Contralor\u00eda Interna - Tribunal Electoral de la Ciudad de M\u00e9xico<\/title>\n<meta name=\"robots\" content=\"index, follow, max-snippet:-1, max-image-preview:large, max-video-preview:-1\" \/>\n<link rel=\"canonical\" href=\"https:\/\/www.tecdmx.org.mx\/index.php\/contraloria-interna\/\" \/>\n<meta property=\"og:locale\" content=\"es_ES\" \/>\n<meta property=\"og:type\" content=\"article\" \/>\n<meta property=\"og:title\" content=\"Contralor\u00eda Interna - Tribunal Electoral de la Ciudad de M\u00e9xico\" \/>\n<meta property=\"og:description\" content=\"Contralor\u00eda Interna Zuly Feria Valencia Contralora Interna zuly.feria@tecdmx.org.mx (55) 5340 4600 Ext. 1283 Atribuciones: I. Elaborar y remitir al Pleno el Programa Interno de Auditor\u00eda, a m\u00e1s tardar para su [&hellip;]\" \/>\n<meta property=\"og:url\" content=\"https:\/\/www.tecdmx.org.mx\/index.php\/contraloria-interna\/\" \/>\n<meta property=\"og:site_name\" content=\"Tribunal Electoral de la Ciudad de M\u00e9xico\" \/>\n<meta property=\"article:publisher\" content=\"https:\/\/www.facebook.com\/TECDMX\/\" \/>\n<meta property=\"article:modified_time\" content=\"2025-10-10T20:25:10+00:00\" \/>\n<meta property=\"og:image\" content=\"https:\/\/www.tecdmx.org.mx\/wp-content\/uploads\/2025\/10\/zuly-feria-valencia-352x350.jpg\" \/>\n<meta name=\"twitter:card\" content=\"summary_large_image\" \/>\n<meta name=\"twitter:site\" content=\"@tecdmx\" \/>\n<meta name=\"twitter:label1\" content=\"Tiempo de lectura\" \/>\n\t<meta name=\"twitter:data1\" content=\"3 minutos\" \/>\n<script type=\"application\/ld+json\" class=\"yoast-schema-graph\">{\"@context\":\"https:\/\/schema.org\",\"@graph\":[{\"@type\":\"WebPage\",\"@id\":\"https:\/\/www.tecdmx.org.mx\/index.php\/contraloria-interna\/\",\"url\":\"https:\/\/www.tecdmx.org.mx\/index.php\/contraloria-interna\/\",\"name\":\"Contralor\u00eda Interna - Tribunal Electoral de la Ciudad de M\u00e9xico\",\"isPartOf\":{\"@id\":\"https:\/\/www.tecdmx.org.mx\/#website\"},\"primaryImageOfPage\":{\"@id\":\"https:\/\/www.tecdmx.org.mx\/index.php\/contraloria-interna\/#primaryimage\"},\"image\":{\"@id\":\"https:\/\/www.tecdmx.org.mx\/index.php\/contraloria-interna\/#primaryimage\"},\"thumbnailUrl\":\"https:\/\/www.tecdmx.org.mx\/wp-content\/uploads\/2025\/10\/zuly-feria-valencia-352x350.jpg\",\"datePublished\":\"2019-11-11T20:34:36+00:00\",\"dateModified\":\"2025-10-10T20:25:10+00:00\",\"breadcrumb\":{\"@id\":\"https:\/\/www.tecdmx.org.mx\/index.php\/contraloria-interna\/#breadcrumb\"},\"inLanguage\":\"es\",\"potentialAction\":[{\"@type\":\"ReadAction\",\"target\":[\"https:\/\/www.tecdmx.org.mx\/index.php\/contraloria-interna\/\"]}]},{\"@type\":\"ImageObject\",\"inLanguage\":\"es\",\"@id\":\"https:\/\/www.tecdmx.org.mx\/index.php\/contraloria-interna\/#primaryimage\",\"url\":\"https:\/\/www.tecdmx.org.mx\/wp-content\/uploads\/2025\/10\/zuly-feria-valencia.jpg\",\"contentUrl\":\"https:\/\/www.tecdmx.org.mx\/wp-content\/uploads\/2025\/10\/zuly-feria-valencia.jpg\",\"width\":364,\"height\":362},{\"@type\":\"BreadcrumbList\",\"@id\":\"https:\/\/www.tecdmx.org.mx\/index.php\/contraloria-interna\/#breadcrumb\",\"itemListElement\":[{\"@type\":\"ListItem\",\"position\":1,\"name\":\"Portada\",\"item\":\"https:\/\/www.tecdmx.org.mx\/\"},{\"@type\":\"ListItem\",\"position\":2,\"name\":\"Contralor\u00eda Interna\"}]},{\"@type\":\"WebSite\",\"@id\":\"https:\/\/www.tecdmx.org.mx\/#website\",\"url\":\"https:\/\/www.tecdmx.org.mx\/\",\"name\":\"Tribunal Electoral de la Ciudad de M\u00e9xico\",\"description\":\"25 a\u00f1os garantizando justicia en tu elecci\u00f3n\",\"potentialAction\":[{\"@type\":\"SearchAction\",\"target\":{\"@type\":\"EntryPoint\",\"urlTemplate\":\"https:\/\/www.tecdmx.org.mx\/?s={search_term_string}\"},\"query-input\":\"required name=search_term_string\"}],\"inLanguage\":\"es\"}]}<\/script>\n<!-- \/ Yoast SEO plugin. -->","yoast_head_json":{"title":"Contralor\u00eda Interna - Tribunal Electoral de la Ciudad de M\u00e9xico","robots":{"index":"index","follow":"follow","max-snippet":"max-snippet:-1","max-image-preview":"max-image-preview:large","max-video-preview":"max-video-preview:-1"},"canonical":"https:\/\/www.tecdmx.org.mx\/index.php\/contraloria-interna\/","og_locale":"es_ES","og_type":"article","og_title":"Contralor\u00eda Interna - Tribunal Electoral de la Ciudad de M\u00e9xico","og_description":"Contralor\u00eda Interna Zuly Feria Valencia Contralora Interna zuly.feria@tecdmx.org.mx (55) 5340 4600 Ext. 1283 Atribuciones: I. Elaborar y remitir al Pleno el Programa Interno de Auditor\u00eda, a m\u00e1s tardar para su [&hellip;]","og_url":"https:\/\/www.tecdmx.org.mx\/index.php\/contraloria-interna\/","og_site_name":"Tribunal Electoral de la Ciudad de M\u00e9xico","article_publisher":"https:\/\/www.facebook.com\/TECDMX\/","article_modified_time":"2025-10-10T20:25:10+00:00","og_image":[{"url":"https:\/\/www.tecdmx.org.mx\/wp-content\/uploads\/2025\/10\/zuly-feria-valencia-352x350.jpg"}],"twitter_card":"summary_large_image","twitter_site":"@tecdmx","twitter_misc":{"Tiempo de lectura":"3 minutos"},"schema":{"@context":"https:\/\/schema.org","@graph":[{"@type":"WebPage","@id":"https:\/\/www.tecdmx.org.mx\/index.php\/contraloria-interna\/","url":"https:\/\/www.tecdmx.org.mx\/index.php\/contraloria-interna\/","name":"Contralor\u00eda Interna - Tribunal Electoral de la Ciudad de M\u00e9xico","isPartOf":{"@id":"https:\/\/www.tecdmx.org.mx\/#website"},"primaryImageOfPage":{"@id":"https:\/\/www.tecdmx.org.mx\/index.php\/contraloria-interna\/#primaryimage"},"image":{"@id":"https:\/\/www.tecdmx.org.mx\/index.php\/contraloria-interna\/#primaryimage"},"thumbnailUrl":"https:\/\/www.tecdmx.org.mx\/wp-content\/uploads\/2025\/10\/zuly-feria-valencia-352x350.jpg","datePublished":"2019-11-11T20:34:36+00:00","dateModified":"2025-10-10T20:25:10+00:00","breadcrumb":{"@id":"https:\/\/www.tecdmx.org.mx\/index.php\/contraloria-interna\/#breadcrumb"},"inLanguage":"es","potentialAction":[{"@type":"ReadAction","target":["https:\/\/www.tecdmx.org.mx\/index.php\/contraloria-interna\/"]}]},{"@type":"ImageObject","inLanguage":"es","@id":"https:\/\/www.tecdmx.org.mx\/index.php\/contraloria-interna\/#primaryimage","url":"https:\/\/www.tecdmx.org.mx\/wp-content\/uploads\/2025\/10\/zuly-feria-valencia.jpg","contentUrl":"https:\/\/www.tecdmx.org.mx\/wp-content\/uploads\/2025\/10\/zuly-feria-valencia.jpg","width":364,"height":362},{"@type":"BreadcrumbList","@id":"https:\/\/www.tecdmx.org.mx\/index.php\/contraloria-interna\/#breadcrumb","itemListElement":[{"@type":"ListItem","position":1,"name":"Portada","item":"https:\/\/www.tecdmx.org.mx\/"},{"@type":"ListItem","position":2,"name":"Contralor\u00eda Interna"}]},{"@type":"WebSite","@id":"https:\/\/www.tecdmx.org.mx\/#website","url":"https:\/\/www.tecdmx.org.mx\/","name":"Tribunal Electoral de la Ciudad de M\u00e9xico","description":"25 a\u00f1os garantizando justicia en tu elecci\u00f3n","potentialAction":[{"@type":"SearchAction","target":{"@type":"EntryPoint","urlTemplate":"https:\/\/www.tecdmx.org.mx\/?s={search_term_string}"},"query-input":"required name=search_term_string"}],"inLanguage":"es"}]}},"_links":{"self":[{"href":"https:\/\/www.tecdmx.org.mx\/index.php\/wp-json\/wp\/v2\/pages\/15322"}],"collection":[{"href":"https:\/\/www.tecdmx.org.mx\/index.php\/wp-json\/wp\/v2\/pages"}],"about":[{"href":"https:\/\/www.tecdmx.org.mx\/index.php\/wp-json\/wp\/v2\/types\/page"}],"author":[{"embeddable":true,"href":"https:\/\/www.tecdmx.org.mx\/index.php\/wp-json\/wp\/v2\/users\/13"}],"replies":[{"embeddable":true,"href":"https:\/\/www.tecdmx.org.mx\/index.php\/wp-json\/wp\/v2\/comments?post=15322"}],"version-history":[{"count":6,"href":"https:\/\/www.tecdmx.org.mx\/index.php\/wp-json\/wp\/v2\/pages\/15322\/revisions"}],"predecessor-version":[{"id":59733,"href":"https:\/\/www.tecdmx.org.mx\/index.php\/wp-json\/wp\/v2\/pages\/15322\/revisions\/59733"}],"wp:attachment":[{"href":"https:\/\/www.tecdmx.org.mx\/index.php\/wp-json\/wp\/v2\/media?parent=15322"}],"curies":[{"name":"wp","href":"https:\/\/api.w.org\/{rel}","templated":true}]}}