{"id":15741,"date":"2019-11-14T15:39:48","date_gmt":"2019-11-14T15:39:48","guid":{"rendered":"http:\/\/www2.tecdmx.org.mx\/?page_id=15741"},"modified":"2019-11-14T16:03:46","modified_gmt":"2019-11-14T16:03:46","slug":"programas-tecdmx","status":"publish","type":"page","link":"https:\/\/www.tecdmx.org.mx\/index.php\/programas-tecdmx\/","title":{"rendered":"Programas TECDMX"},"content":{"rendered":"\n<div class=\"wp-block-image\"><figure class=\"aligncenter\"><img loading=\"lazy\" decoding=\"async\" width=\"600\" height=\"300\" src=\"https:\/\/www.tecdmx.org.mx\/wp-content\/uploads\/2019\/11\/Agitando_ideas.jpg\" alt=\"\" class=\"wp-image-15696\" srcset=\"https:\/\/www.tecdmx.org.mx\/wp-content\/uploads\/2019\/11\/Agitando_ideas-446x223.jpg 446w, https:\/\/www.tecdmx.org.mx\/wp-content\/uploads\/2019\/11\/Agitando_ideas.jpg 600w\" sizes=\"(max-width: 600px) 100vw, 600px\" \/><figcaption>El programa Agitando Ideas, j\u00f3venes formando ciudadan\u00eda capacita a personas j\u00f3venes sobre mecanismos de participaci\u00f3n ciudadana y medios de defensa que les permitan el pleno ejercicio de sus derechos pol\u00edtico-electorales. <\/figcaption><\/figure><\/div>\n\n\n\n<div class=\"wp-block-image\"><figure class=\"aligncenter\"><img loading=\"lazy\" decoding=\"async\" width=\"600\" height=\"300\" src=\"https:\/\/www.tecdmx.org.mx\/wp-content\/uploads\/2019\/11\/aprendete.jpg\" alt=\"\" class=\"wp-image-15697\" srcset=\"https:\/\/www.tecdmx.org.mx\/wp-content\/uploads\/2019\/11\/aprendete-446x223.jpg 446w, https:\/\/www.tecdmx.org.mx\/wp-content\/uploads\/2019\/11\/aprendete.jpg 600w\" sizes=\"(max-width: 600px) 100vw, 600px\" \/><figcaption>El programa AprendeTECDMX contribuye al desarrollo integral de ni\u00f1as y ni\u00f1os de 6 a 12 a\u00f1os de edad en la CDMX, mediante la impartici\u00f3n de sesiones para madres, padres y familiares con temas especializados de desarrollo, crianza, formaci\u00f3n y educaci\u00f3n. Y sesiones tem\u00e1ticas sobre perspectiva de g\u00e9nero, convivencia fundamentada en valores, identificaci\u00f3n, ejercicio y respeto a los derechos de la ni\u00f1ez. <\/figcaption><\/figure><\/div>\n\n\n\n<div class=\"wp-block-image\"><figure class=\"aligncenter\"><img loading=\"lazy\" decoding=\"async\" width=\"600\" height=\"300\" src=\"https:\/\/www.tecdmx.org.mx\/wp-content\/uploads\/2019\/11\/T-sustentable.jpg\" alt=\"\" class=\"wp-image-15698\" srcset=\"https:\/\/www.tecdmx.org.mx\/wp-content\/uploads\/2019\/11\/T-sustentable-446x223.jpg 446w, https:\/\/www.tecdmx.org.mx\/wp-content\/uploads\/2019\/11\/T-sustentable.jpg 600w\" sizes=\"(max-width: 600px) 100vw, 600px\" \/><figcaption>Tribunal Sustentable es un programa que, a trav\u00e9s de las diversas actividades cotidianas del Tribunal, fomenta el cuidado y uso racional de los recursos naturales. Se concientiza sobre la sustentabilidad ambiental, es decir, el compromiso por mejorar el bienestar sin comprometer la calidad de vida de las generaciones futuras. <\/figcaption><\/figure><\/div>\n","protected":false},"excerpt":{"rendered":"","protected":false},"author":13,"featured_media":0,"parent":0,"menu_order":0,"comment_status":"closed","ping_status":"closed","template":"","meta":{"_acf_changed":false,"_exactmetrics_skip_tracking":false,"_exactmetrics_sitenote_active":false,"_exactmetrics_sitenote_note":"","_exactmetrics_sitenote_category":0,"footnotes":""},"acf":[],"yoast_head":"<!-- This site is optimized with the Yoast SEO plugin v22.3 - https:\/\/yoast.com\/wordpress\/plugins\/seo\/ -->\n<title>Programas TECDMX - Tribunal Electoral de la Ciudad de M\u00e9xico<\/title>\n<meta name=\"robots\" content=\"index, follow, max-snippet:-1, max-image-preview:large, max-video-preview:-1\" \/>\n<link rel=\"canonical\" href=\"https:\/\/www.tecdmx.org.mx\/index.php\/programas-tecdmx\/\" \/>\n<meta property=\"og:locale\" content=\"es_ES\" \/>\n<meta property=\"og:type\" content=\"article\" \/>\n<meta property=\"og:title\" content=\"Programas TECDMX - Tribunal Electoral de la Ciudad de M\u00e9xico\" \/>\n<meta property=\"og:url\" content=\"https:\/\/www.tecdmx.org.mx\/index.php\/programas-tecdmx\/\" \/>\n<meta property=\"og:site_name\" content=\"Tribunal Electoral de la Ciudad de M\u00e9xico\" \/>\n<meta property=\"article:publisher\" content=\"https:\/\/www.facebook.com\/TECDMX\/\" \/>\n<meta property=\"article:modified_time\" content=\"2019-11-14T16:03:46+00:00\" \/>\n<meta property=\"og:image\" content=\"http:\/\/www2.tecdmx.org.mx\/wp-content\/uploads\/2019\/11\/Agitando_ideas.jpg\" \/>\n<meta name=\"twitter:card\" content=\"summary_large_image\" \/>\n<meta name=\"twitter:site\" content=\"@tecdmx\" \/>\n<meta name=\"twitter:label1\" content=\"Tiempo de lectura\" \/>\n\t<meta name=\"twitter:data1\" content=\"1 minuto\" \/>\n<script type=\"application\/ld+json\" class=\"yoast-schema-graph\">{\"@context\":\"https:\/\/schema.org\",\"@graph\":[{\"@type\":\"WebPage\",\"@id\":\"https:\/\/www.tecdmx.org.mx\/index.php\/programas-tecdmx\/\",\"url\":\"https:\/\/www.tecdmx.org.mx\/index.php\/programas-tecdmx\/\",\"name\":\"Programas TECDMX - Tribunal Electoral de la Ciudad de M\u00e9xico\",\"isPartOf\":{\"@id\":\"https:\/\/www.tecdmx.org.mx\/#website\"},\"primaryImageOfPage\":{\"@id\":\"https:\/\/www.tecdmx.org.mx\/index.php\/programas-tecdmx\/#primaryimage\"},\"image\":{\"@id\":\"https:\/\/www.tecdmx.org.mx\/index.php\/programas-tecdmx\/#primaryimage\"},\"thumbnailUrl\":\"http:\/\/www2.tecdmx.org.mx\/wp-content\/uploads\/2019\/11\/Agitando_ideas.jpg\",\"datePublished\":\"2019-11-14T15:39:48+00:00\",\"dateModified\":\"2019-11-14T16:03:46+00:00\",\"breadcrumb\":{\"@id\":\"https:\/\/www.tecdmx.org.mx\/index.php\/programas-tecdmx\/#breadcrumb\"},\"inLanguage\":\"es\",\"potentialAction\":[{\"@type\":\"ReadAction\",\"target\":[\"https:\/\/www.tecdmx.org.mx\/index.php\/programas-tecdmx\/\"]}]},{\"@type\":\"ImageObject\",\"inLanguage\":\"es\",\"@id\":\"https:\/\/www.tecdmx.org.mx\/index.php\/programas-tecdmx\/#primaryimage\",\"url\":\"http:\/\/www2.tecdmx.org.mx\/wp-content\/uploads\/2019\/11\/Agitando_ideas.jpg\",\"contentUrl\":\"http:\/\/www2.tecdmx.org.mx\/wp-content\/uploads\/2019\/11\/Agitando_ideas.jpg\"},{\"@type\":\"BreadcrumbList\",\"@id\":\"https:\/\/www.tecdmx.org.mx\/index.php\/programas-tecdmx\/#breadcrumb\",\"itemListElement\":[{\"@type\":\"ListItem\",\"position\":1,\"name\":\"Portada\",\"item\":\"https:\/\/www.tecdmx.org.mx\/\"},{\"@type\":\"ListItem\",\"position\":2,\"name\":\"Programas TECDMX\"}]},{\"@type\":\"WebSite\",\"@id\":\"https:\/\/www.tecdmx.org.mx\/#website\",\"url\":\"https:\/\/www.tecdmx.org.mx\/\",\"name\":\"Tribunal Electoral de la Ciudad de M\u00e9xico\",\"description\":\"25 a\u00f1os garantizando justicia en tu elecci\u00f3n\",\"potentialAction\":[{\"@type\":\"SearchAction\",\"target\":{\"@type\":\"EntryPoint\",\"urlTemplate\":\"https:\/\/www.tecdmx.org.mx\/?s={search_term_string}\"},\"query-input\":\"required name=search_term_string\"}],\"inLanguage\":\"es\"}]}<\/script>\n<!-- \/ Yoast SEO plugin. -->","yoast_head_json":{"title":"Programas TECDMX - Tribunal Electoral de la Ciudad de M\u00e9xico","robots":{"index":"index","follow":"follow","max-snippet":"max-snippet:-1","max-image-preview":"max-image-preview:large","max-video-preview":"max-video-preview:-1"},"canonical":"https:\/\/www.tecdmx.org.mx\/index.php\/programas-tecdmx\/","og_locale":"es_ES","og_type":"article","og_title":"Programas TECDMX - Tribunal Electoral de la Ciudad de M\u00e9xico","og_url":"https:\/\/www.tecdmx.org.mx\/index.php\/programas-tecdmx\/","og_site_name":"Tribunal Electoral de la Ciudad de M\u00e9xico","article_publisher":"https:\/\/www.facebook.com\/TECDMX\/","article_modified_time":"2019-11-14T16:03:46+00:00","og_image":[{"url":"http:\/\/www2.tecdmx.org.mx\/wp-content\/uploads\/2019\/11\/Agitando_ideas.jpg"}],"twitter_card":"summary_large_image","twitter_site":"@tecdmx","twitter_misc":{"Tiempo de lectura":"1 minuto"},"schema":{"@context":"https:\/\/schema.org","@graph":[{"@type":"WebPage","@id":"https:\/\/www.tecdmx.org.mx\/index.php\/programas-tecdmx\/","url":"https:\/\/www.tecdmx.org.mx\/index.php\/programas-tecdmx\/","name":"Programas TECDMX - Tribunal Electoral de la Ciudad de M\u00e9xico","isPartOf":{"@id":"https:\/\/www.tecdmx.org.mx\/#website"},"primaryImageOfPage":{"@id":"https:\/\/www.tecdmx.org.mx\/index.php\/programas-tecdmx\/#primaryimage"},"image":{"@id":"https:\/\/www.tecdmx.org.mx\/index.php\/programas-tecdmx\/#primaryimage"},"thumbnailUrl":"http:\/\/www2.tecdmx.org.mx\/wp-content\/uploads\/2019\/11\/Agitando_ideas.jpg","datePublished":"2019-11-14T15:39:48+00:00","dateModified":"2019-11-14T16:03:46+00:00","breadcrumb":{"@id":"https:\/\/www.tecdmx.org.mx\/index.php\/programas-tecdmx\/#breadcrumb"},"inLanguage":"es","potentialAction":[{"@type":"ReadAction","target":["https:\/\/www.tecdmx.org.mx\/index.php\/programas-tecdmx\/"]}]},{"@type":"ImageObject","inLanguage":"es","@id":"https:\/\/www.tecdmx.org.mx\/index.php\/programas-tecdmx\/#primaryimage","url":"http:\/\/www2.tecdmx.org.mx\/wp-content\/uploads\/2019\/11\/Agitando_ideas.jpg","contentUrl":"http:\/\/www2.tecdmx.org.mx\/wp-content\/uploads\/2019\/11\/Agitando_ideas.jpg"},{"@type":"BreadcrumbList","@id":"https:\/\/www.tecdmx.org.mx\/index.php\/programas-tecdmx\/#breadcrumb","itemListElement":[{"@type":"ListItem","position":1,"name":"Portada","item":"https:\/\/www.tecdmx.org.mx\/"},{"@type":"ListItem","position":2,"name":"Programas TECDMX"}]},{"@type":"WebSite","@id":"https:\/\/www.tecdmx.org.mx\/#website","url":"https:\/\/www.tecdmx.org.mx\/","name":"Tribunal Electoral de la Ciudad de M\u00e9xico","description":"25 a\u00f1os garantizando justicia en tu elecci\u00f3n","potentialAction":[{"@type":"SearchAction","target":{"@type":"EntryPoint","urlTemplate":"https:\/\/www.tecdmx.org.mx\/?s={search_term_string}"},"query-input":"required name=search_term_string"}],"inLanguage":"es"}]}},"_links":{"self":[{"href":"https:\/\/www.tecdmx.org.mx\/index.php\/wp-json\/wp\/v2\/pages\/15741"}],"collection":[{"href":"https:\/\/www.tecdmx.org.mx\/index.php\/wp-json\/wp\/v2\/pages"}],"about":[{"href":"https:\/\/www.tecdmx.org.mx\/index.php\/wp-json\/wp\/v2\/types\/page"}],"author":[{"embeddable":true,"href":"https:\/\/www.tecdmx.org.mx\/index.php\/wp-json\/wp\/v2\/users\/13"}],"replies":[{"embeddable":true,"href":"https:\/\/www.tecdmx.org.mx\/index.php\/wp-json\/wp\/v2\/comments?post=15741"}],"version-history":[{"count":3,"href":"https:\/\/www.tecdmx.org.mx\/index.php\/wp-json\/wp\/v2\/pages\/15741\/revisions"}],"predecessor-version":[{"id":15776,"href":"https:\/\/www.tecdmx.org.mx\/index.php\/wp-json\/wp\/v2\/pages\/15741\/revisions\/15776"}],"wp:attachment":[{"href":"https:\/\/www.tecdmx.org.mx\/index.php\/wp-json\/wp\/v2\/media?parent=15741"}],"curies":[{"name":"wp","href":"https:\/\/api.w.org\/{rel}","templated":true}]}}