{"id":15881,"date":"2019-11-21T01:34:44","date_gmt":"2019-11-21T01:34:44","guid":{"rendered":"http:\/\/www2.tecdmx.org.mx\/?page_id=15881"},"modified":"2021-06-07T14:20:45","modified_gmt":"2021-06-07T19:20:45","slug":"marco-normativo","status":"publish","type":"page","link":"https:\/\/www.tecdmx.org.mx\/index.php\/marco-normativo\/","title":{"rendered":"Marco Normativo"},"content":{"rendered":"\n<h1 class=\"has-text-align-center wp-block-heading\">Marco Normativo<\/h1>\n\n\n\n<p><\/p>\n\n\n\n<hr class=\"wp-block-separator\"\/>\n\n\n\n<div class=\"wp-block-image\"><figure class=\"aligncenter\"><a href=\"https:\/\/transparencia.tecdmx.org.mx\/sites\/default\/files\/archivos\/art121\/01\/tratados_internacionales\/tratados_internacionales.xlsx\"><img loading=\"lazy\" decoding=\"async\" width=\"686\" height=\"213\" src=\"https:\/\/www.tecdmx.org.mx\/wp-content\/uploads\/2019\/11\/bot\u00f3n-tratados-intl.jpg\" alt=\"\" class=\"wp-image-15894\" srcset=\"https:\/\/www.tecdmx.org.mx\/wp-content\/uploads\/2019\/11\/bot\u00f3n-tratados-intl-446x138.jpg 446w, https:\/\/www.tecdmx.org.mx\/wp-content\/uploads\/2019\/11\/bot\u00f3n-tratados-intl.jpg 686w\" sizes=\"(max-width: 686px) 100vw, 686px\" \/><\/a><\/figure><\/div>\n\n\n\n<hr class=\"wp-block-separator\"\/>\n\n\n\n<hr class=\"wp-block-separator\"\/>\n\n\n\n<div class=\"wp-block-image\"><figure class=\"aligncenter\"><a href=\"http:\/\/transparencia.tecdmx.org.mx\/sites\/default\/files\/archivos\/art121\/01\/2021\/leyes\/Leyes.xlsx\"><img loading=\"lazy\" decoding=\"async\" width=\"686\" height=\"213\" src=\"https:\/\/www.tecdmx.org.mx\/wp-content\/uploads\/2019\/11\/bot\u00f3n-cpcdmx.jpg\" alt=\"\" class=\"wp-image-15892\" srcset=\"https:\/\/www.tecdmx.org.mx\/wp-content\/uploads\/2019\/11\/bot\u00f3n-cpcdmx-446x138.jpg 446w, https:\/\/www.tecdmx.org.mx\/wp-content\/uploads\/2019\/11\/bot\u00f3n-cpcdmx.jpg 686w\" sizes=\"(max-width: 686px) 100vw, 686px\" \/><\/a><\/figure><\/div>\n\n\n\n<hr class=\"wp-block-separator\"\/>\n\n\n\n<div class=\"wp-block-image\"><figure class=\"aligncenter\"><a href=\"http:\/\/transparencia.tecdmx.org.mx\/sites\/default\/files\/archivos\/art121\/01\/2021\/leyes\/Leyes.xlsx\"><img loading=\"lazy\" decoding=\"async\" width=\"686\" height=\"214\" src=\"https:\/\/www.tecdmx.org.mx\/wp-content\/uploads\/2019\/11\/bot\u00f3n-leyes.jpg\" alt=\"\" class=\"wp-image-15891\" srcset=\"https:\/\/www.tecdmx.org.mx\/wp-content\/uploads\/2019\/11\/bot\u00f3n-leyes-446x139.jpg 446w, https:\/\/www.tecdmx.org.mx\/wp-content\/uploads\/2019\/11\/bot\u00f3n-leyes.jpg 686w\" sizes=\"(max-width: 686px) 100vw, 686px\" \/><\/a><\/figure><\/div>\n\n\n\n<hr class=\"wp-block-separator\"\/>\n\n\n\n<div class=\"wp-block-image\"><figure class=\"aligncenter\"><a href=\"http:\/\/transparencia.tecdmx.org.mx\/sites\/default\/files\/archivos\/art121\/01\/2021\/leyes\/Leyes.xlsx\"><img loading=\"lazy\" decoding=\"async\" width=\"686\" height=\"213\" src=\"https:\/\/www.tecdmx.org.mx\/wp-content\/uploads\/2019\/11\/bot\u00f3n-lineamientos.jpg\" alt=\"\" class=\"wp-image-15890\" srcset=\"https:\/\/www.tecdmx.org.mx\/wp-content\/uploads\/2019\/11\/bot\u00f3n-lineamientos-446x138.jpg 446w, https:\/\/www.tecdmx.org.mx\/wp-content\/uploads\/2019\/11\/bot\u00f3n-lineamientos.jpg 686w\" sizes=\"(max-width: 686px) 100vw, 686px\" \/><\/a><\/figure><\/div>\n\n\n\n<hr class=\"wp-block-separator\"\/>\n\n\n\n<div class=\"wp-block-image\"><figure class=\"aligncenter\"><a href=\"https:\/\/transparencia.tecdmx.org.mx\/sites\/default\/files\/archivos\/art121\/01\/2020\/codigos\/codigos.xlsx\"><img loading=\"lazy\" decoding=\"async\" width=\"686\" height=\"213\" src=\"https:\/\/www.tecdmx.org.mx\/wp-content\/uploads\/2019\/11\/bot\u00f3n-c\u00f3digod.jpg\" alt=\"\" class=\"wp-image-15889\" srcset=\"https:\/\/www.tecdmx.org.mx\/wp-content\/uploads\/2019\/11\/bot\u00f3n-c\u00f3digod-446x138.jpg 446w, https:\/\/www.tecdmx.org.mx\/wp-content\/uploads\/2019\/11\/bot\u00f3n-c\u00f3digod.jpg 686w\" sizes=\"(max-width: 686px) 100vw, 686px\" \/><\/a><\/figure><\/div>\n\n\n\n<hr class=\"wp-block-separator\"\/>\n\n\n\n<div class=\"wp-block-image\"><figure class=\"aligncenter\"><a href=\"http:\/\/transparencia.tecdmx.org.mx\/sites\/default\/files\/archivos\/art121\/01\/2021\/reglamentos\/reglamentos.xlsx\"><img loading=\"lazy\" decoding=\"async\" width=\"686\" height=\"213\" src=\"https:\/\/www.tecdmx.org.mx\/wp-content\/uploads\/2019\/11\/bot\u00f3n-reglamentos.jpg\" alt=\"\" class=\"wp-image-15888\" srcset=\"https:\/\/www.tecdmx.org.mx\/wp-content\/uploads\/2019\/11\/bot\u00f3n-reglamentos-446x138.jpg 446w, https:\/\/www.tecdmx.org.mx\/wp-content\/uploads\/2019\/11\/bot\u00f3n-reglamentos.jpg 686w\" sizes=\"(max-width: 686px) 100vw, 686px\" \/><\/a><\/figure><\/div>\n\n\n\n<hr class=\"wp-block-separator\"\/>\n\n\n\n<div class=\"wp-block-image\"><figure class=\"aligncenter\"><a href=\"https:\/\/transparencia.tecdmx.org.mx\/sites\/default\/files\/archivos\/art121\/01\/decretos\/decretos.xlsx\"><img loading=\"lazy\" decoding=\"async\" width=\"686\" height=\"213\" src=\"https:\/\/www.tecdmx.org.mx\/wp-content\/uploads\/2019\/11\/bot\u00f3n-decretos.jpg\" alt=\"\" class=\"wp-image-15887\" srcset=\"https:\/\/www.tecdmx.org.mx\/wp-content\/uploads\/2019\/11\/bot\u00f3n-decretos-446x138.jpg 446w, https:\/\/www.tecdmx.org.mx\/wp-content\/uploads\/2019\/11\/bot\u00f3n-decretos.jpg 686w\" sizes=\"(max-width: 686px) 100vw, 686px\" \/><\/a><\/figure><\/div>\n\n\n\n<hr class=\"wp-block-separator\"\/>\n\n\n\n<div class=\"wp-block-image\"><figure class=\"aligncenter\"><a href=\"https:\/\/transparencia.tecdmx.org.mx\/sites\/default\/files\/archivos\/art121\/01\/leyes\/estatuto_gdf.xlsx\"><img loading=\"lazy\" decoding=\"async\" width=\"685\" height=\"213\" src=\"https:\/\/www.tecdmx.org.mx\/wp-content\/uploads\/2019\/11\/bot\u00f3n-estatuto.jpg\" alt=\"\" class=\"wp-image-15895\" srcset=\"https:\/\/www.tecdmx.org.mx\/wp-content\/uploads\/2019\/11\/bot\u00f3n-estatuto-446x139.jpg 446w, https:\/\/www.tecdmx.org.mx\/wp-content\/uploads\/2019\/11\/bot\u00f3n-estatuto.jpg 685w\" sizes=\"(max-width: 685px) 100vw, 685px\" \/><\/a><\/figure><\/div>\n\n\n\n<hr class=\"wp-block-separator\"\/>\n\n\n\n<div class=\"wp-block-image\"><figure class=\"aligncenter\"><a href=\"http:\/\/transparencia.tecdmx.org.mx\/sites\/default\/files\/archivos\/art121\/01\/2021\/manuales\/manuales.xlsx\"><img loading=\"lazy\" decoding=\"async\" width=\"686\" height=\"213\" src=\"https:\/\/www.tecdmx.org.mx\/wp-content\/uploads\/2019\/11\/bot\u00f3n-manuales.png.jpg\" alt=\"\" class=\"wp-image-15886\" srcset=\"https:\/\/www.tecdmx.org.mx\/wp-content\/uploads\/2019\/11\/bot\u00f3n-manuales.png-446x138.jpg 446w, https:\/\/www.tecdmx.org.mx\/wp-content\/uploads\/2019\/11\/bot\u00f3n-manuales.png.jpg 686w\" sizes=\"(max-width: 686px) 100vw, 686px\" \/><\/a><\/figure><\/div>\n\n\n\n<hr class=\"wp-block-separator\"\/>\n\n\n\n<div class=\"wp-block-image\"><figure class=\"aligncenter\"><a href=\"https:\/\/transparencia.tecdmx.org.mx\/sites\/default\/files\/archivos\/art121\/01\/reglas\/reglas_proced.xlsx\"><img loading=\"lazy\" decoding=\"async\" width=\"686\" height=\"214\" src=\"https:\/\/www.tecdmx.org.mx\/wp-content\/uploads\/2019\/11\/bot\u00f3n-reglas.jpg\" alt=\"\" class=\"wp-image-15885\" srcset=\"https:\/\/www.tecdmx.org.mx\/wp-content\/uploads\/2019\/11\/bot\u00f3n-reglas-446x139.jpg 446w, https:\/\/www.tecdmx.org.mx\/wp-content\/uploads\/2019\/11\/bot\u00f3n-reglas.jpg 686w\" sizes=\"(max-width: 686px) 100vw, 686px\" \/><\/a><\/figure><\/div>\n\n\n\n<hr class=\"wp-block-separator\"\/>\n\n\n\n<div class=\"wp-block-image\"><figure class=\"aligncenter\"><a href=\"https:\/\/transparencia.tecdmx.org.mx\/sites\/default\/files\/archivos\/art121\/01\/criterios\/criterios.xlsx\"><img loading=\"lazy\" decoding=\"async\" width=\"685\" height=\"214\" src=\"https:\/\/www.tecdmx.org.mx\/wp-content\/uploads\/2019\/11\/bot\u00f3n-criterios.jpg\" alt=\"\" class=\"wp-image-15899\" srcset=\"https:\/\/www.tecdmx.org.mx\/wp-content\/uploads\/2019\/11\/bot\u00f3n-criterios-446x139.jpg 446w, https:\/\/www.tecdmx.org.mx\/wp-content\/uploads\/2019\/11\/bot\u00f3n-criterios.jpg 685w\" sizes=\"(max-width: 685px) 100vw, 685px\" \/><\/a><\/figure><\/div>\n\n\n\n<hr class=\"wp-block-separator\"\/>\n\n\n\n<div class=\"wp-block-image\"><figure class=\"aligncenter\"><a href=\"https:\/\/transparencia.tecdmx.org.mx\/sites\/default\/files\/archivos\/art121\/01\/politicas\/politicas.xlsx\"><img loading=\"lazy\" decoding=\"async\" width=\"686\" height=\"213\" src=\"https:\/\/www.tecdmx.org.mx\/wp-content\/uploads\/2019\/11\/bot\u00f3n-pol\u00edticas.jpg\" alt=\"\" class=\"wp-image-15884\" srcset=\"https:\/\/www.tecdmx.org.mx\/wp-content\/uploads\/2019\/11\/bot\u00f3n-pol\u00edticas-446x138.jpg 446w, https:\/\/www.tecdmx.org.mx\/wp-content\/uploads\/2019\/11\/bot\u00f3n-pol\u00edticas.jpg 686w\" sizes=\"(max-width: 686px) 100vw, 686px\" \/><\/a><\/figure><\/div>\n\n\n\n<hr class=\"wp-block-separator\"\/>\n\n\n\n<div class=\"wp-block-image\"><figure class=\"aligncenter\"><a href=\"http:\/\/transparencia.tecdmx.org.mx\/sites\/default\/files\/archivos\/art121\/01\/2021\/otros_docs\/otros_documentos.xlsx\"><img loading=\"lazy\" decoding=\"async\" width=\"686\" height=\"213\" src=\"https:\/\/www.tecdmx.org.mx\/wp-content\/uploads\/2019\/11\/bot\u00f3n-otros-documentos.jpg\" alt=\"\" class=\"wp-image-15883\" srcset=\"https:\/\/www.tecdmx.org.mx\/wp-content\/uploads\/2019\/11\/bot\u00f3n-otros-documentos-446x138.jpg 446w, https:\/\/www.tecdmx.org.mx\/wp-content\/uploads\/2019\/11\/bot\u00f3n-otros-documentos.jpg 686w\" sizes=\"(max-width: 686px) 100vw, 686px\" \/><\/a><\/figure><\/div>\n\n\n\n<hr class=\"wp-block-separator\"\/>\n\n\n\n<div class=\"wp-block-image\"><figure class=\"aligncenter\"><a href=\"https:\/\/data.consejeria.cdmx.gob.mx\/index.php\/gaceta\"><img loading=\"lazy\" decoding=\"async\" width=\"685\" height=\"213\" src=\"https:\/\/www.tecdmx.org.mx\/wp-content\/uploads\/2019\/11\/bot\u00f3n-gaceta.jpg\" alt=\"\" class=\"wp-image-15882\" srcset=\"https:\/\/www.tecdmx.org.mx\/wp-content\/uploads\/2019\/11\/bot\u00f3n-gaceta-446x139.jpg 446w, https:\/\/www.tecdmx.org.mx\/wp-content\/uploads\/2019\/11\/bot\u00f3n-gaceta.jpg 685w\" sizes=\"(max-width: 685px) 100vw, 685px\" \/><\/a><\/figure><\/div>\n\n\n\n<hr class=\"wp-block-separator\"\/>\n\n\n\n<div class=\"wp-block-image\"><figure class=\"aligncenter\"><a href=\"http:\/\/cgservicios.df.gob.mx\/prontuario\/mlocal.php\"><img loading=\"lazy\" decoding=\"async\" width=\"685\" height=\"213\" src=\"https:\/\/www.tecdmx.org.mx\/wp-content\/uploads\/2019\/11\/bot\u00f3n-prontuario.jpg\" alt=\"\" class=\"wp-image-15896\" srcset=\"https:\/\/www.tecdmx.org.mx\/wp-content\/uploads\/2019\/11\/bot\u00f3n-prontuario-446x139.jpg 446w, https:\/\/www.tecdmx.org.mx\/wp-content\/uploads\/2019\/11\/bot\u00f3n-prontuario.jpg 685w\" sizes=\"(max-width: 685px) 100vw, 685px\" \/><\/a><\/figure><\/div>\n\n\n\n<hr class=\"wp-block-separator\"\/>\n\n\n\n<p><\/p>\n","protected":false},"excerpt":{"rendered":"<p>Marco Normativo<\/p>\n","protected":false},"author":13,"featured_media":0,"parent":0,"menu_order":0,"comment_status":"closed","ping_status":"closed","template":"","meta":{"_acf_changed":false,"_exactmetrics_skip_tracking":false,"_exactmetrics_sitenote_active":false,"_exactmetrics_sitenote_note":"","_exactmetrics_sitenote_category":0,"footnotes":""},"acf":[],"yoast_head":"<!-- This site is optimized with the Yoast SEO plugin v22.3 - https:\/\/yoast.com\/wordpress\/plugins\/seo\/ -->\n<title>Marco Normativo - Tribunal Electoral de la Ciudad de M\u00e9xico<\/title>\n<meta name=\"robots\" content=\"index, follow, max-snippet:-1, max-image-preview:large, max-video-preview:-1\" \/>\n<link rel=\"canonical\" href=\"https:\/\/www.tecdmx.org.mx\/index.php\/marco-normativo\/\" \/>\n<meta property=\"og:locale\" content=\"es_ES\" \/>\n<meta property=\"og:type\" content=\"article\" \/>\n<meta property=\"og:title\" content=\"Marco Normativo - Tribunal Electoral de la Ciudad de M\u00e9xico\" \/>\n<meta property=\"og:description\" content=\"Marco Normativo\" \/>\n<meta property=\"og:url\" content=\"https:\/\/www.tecdmx.org.mx\/index.php\/marco-normativo\/\" \/>\n<meta property=\"og:site_name\" content=\"Tribunal Electoral de la Ciudad de M\u00e9xico\" \/>\n<meta property=\"article:publisher\" content=\"https:\/\/www.facebook.com\/TECDMX\/\" \/>\n<meta property=\"article:modified_time\" content=\"2021-06-07T19:20:45+00:00\" \/>\n<meta property=\"og:image\" content=\"http:\/\/www2.tecdmx.org.mx\/wp-content\/uploads\/2019\/11\/bot\u00f3n-tratados-intl.jpg\" \/>\n<meta name=\"twitter:card\" content=\"summary_large_image\" \/>\n<meta name=\"twitter:site\" content=\"@tecdmx\" \/>\n<script type=\"application\/ld+json\" class=\"yoast-schema-graph\">{\"@context\":\"https:\/\/schema.org\",\"@graph\":[{\"@type\":\"WebPage\",\"@id\":\"https:\/\/www.tecdmx.org.mx\/index.php\/marco-normativo\/\",\"url\":\"https:\/\/www.tecdmx.org.mx\/index.php\/marco-normativo\/\",\"name\":\"Marco Normativo - Tribunal Electoral de la Ciudad de M\u00e9xico\",\"isPartOf\":{\"@id\":\"https:\/\/www.tecdmx.org.mx\/#website\"},\"datePublished\":\"2019-11-21T01:34:44+00:00\",\"dateModified\":\"2021-06-07T19:20:45+00:00\",\"breadcrumb\":{\"@id\":\"https:\/\/www.tecdmx.org.mx\/index.php\/marco-normativo\/#breadcrumb\"},\"inLanguage\":\"es\",\"potentialAction\":[{\"@type\":\"ReadAction\",\"target\":[\"https:\/\/www.tecdmx.org.mx\/index.php\/marco-normativo\/\"]}]},{\"@type\":\"BreadcrumbList\",\"@id\":\"https:\/\/www.tecdmx.org.mx\/index.php\/marco-normativo\/#breadcrumb\",\"itemListElement\":[{\"@type\":\"ListItem\",\"position\":1,\"name\":\"Portada\",\"item\":\"https:\/\/www.tecdmx.org.mx\/\"},{\"@type\":\"ListItem\",\"position\":2,\"name\":\"Marco Normativo\"}]},{\"@type\":\"WebSite\",\"@id\":\"https:\/\/www.tecdmx.org.mx\/#website\",\"url\":\"https:\/\/www.tecdmx.org.mx\/\",\"name\":\"Tribunal Electoral de la Ciudad de M\u00e9xico\",\"description\":\"25 a\u00f1os garantizando justicia en tu elecci\u00f3n\",\"potentialAction\":[{\"@type\":\"SearchAction\",\"target\":{\"@type\":\"EntryPoint\",\"urlTemplate\":\"https:\/\/www.tecdmx.org.mx\/?s={search_term_string}\"},\"query-input\":\"required name=search_term_string\"}],\"inLanguage\":\"es\"}]}<\/script>\n<!-- \/ Yoast SEO plugin. -->","yoast_head_json":{"title":"Marco Normativo - Tribunal Electoral de la Ciudad de M\u00e9xico","robots":{"index":"index","follow":"follow","max-snippet":"max-snippet:-1","max-image-preview":"max-image-preview:large","max-video-preview":"max-video-preview:-1"},"canonical":"https:\/\/www.tecdmx.org.mx\/index.php\/marco-normativo\/","og_locale":"es_ES","og_type":"article","og_title":"Marco Normativo - Tribunal Electoral de la Ciudad de M\u00e9xico","og_description":"Marco Normativo","og_url":"https:\/\/www.tecdmx.org.mx\/index.php\/marco-normativo\/","og_site_name":"Tribunal Electoral de la Ciudad de M\u00e9xico","article_publisher":"https:\/\/www.facebook.com\/TECDMX\/","article_modified_time":"2021-06-07T19:20:45+00:00","og_image":[{"url":"http:\/\/www2.tecdmx.org.mx\/wp-content\/uploads\/2019\/11\/bot\u00f3n-tratados-intl.jpg"}],"twitter_card":"summary_large_image","twitter_site":"@tecdmx","schema":{"@context":"https:\/\/schema.org","@graph":[{"@type":"WebPage","@id":"https:\/\/www.tecdmx.org.mx\/index.php\/marco-normativo\/","url":"https:\/\/www.tecdmx.org.mx\/index.php\/marco-normativo\/","name":"Marco Normativo - Tribunal Electoral de la Ciudad de M\u00e9xico","isPartOf":{"@id":"https:\/\/www.tecdmx.org.mx\/#website"},"datePublished":"2019-11-21T01:34:44+00:00","dateModified":"2021-06-07T19:20:45+00:00","breadcrumb":{"@id":"https:\/\/www.tecdmx.org.mx\/index.php\/marco-normativo\/#breadcrumb"},"inLanguage":"es","potentialAction":[{"@type":"ReadAction","target":["https:\/\/www.tecdmx.org.mx\/index.php\/marco-normativo\/"]}]},{"@type":"BreadcrumbList","@id":"https:\/\/www.tecdmx.org.mx\/index.php\/marco-normativo\/#breadcrumb","itemListElement":[{"@type":"ListItem","position":1,"name":"Portada","item":"https:\/\/www.tecdmx.org.mx\/"},{"@type":"ListItem","position":2,"name":"Marco Normativo"}]},{"@type":"WebSite","@id":"https:\/\/www.tecdmx.org.mx\/#website","url":"https:\/\/www.tecdmx.org.mx\/","name":"Tribunal Electoral de la Ciudad de M\u00e9xico","description":"25 a\u00f1os garantizando justicia en tu elecci\u00f3n","potentialAction":[{"@type":"SearchAction","target":{"@type":"EntryPoint","urlTemplate":"https:\/\/www.tecdmx.org.mx\/?s={search_term_string}"},"query-input":"required name=search_term_string"}],"inLanguage":"es"}]}},"_links":{"self":[{"href":"https:\/\/www.tecdmx.org.mx\/index.php\/wp-json\/wp\/v2\/pages\/15881"}],"collection":[{"href":"https:\/\/www.tecdmx.org.mx\/index.php\/wp-json\/wp\/v2\/pages"}],"about":[{"href":"https:\/\/www.tecdmx.org.mx\/index.php\/wp-json\/wp\/v2\/types\/page"}],"author":[{"embeddable":true,"href":"https:\/\/www.tecdmx.org.mx\/index.php\/wp-json\/wp\/v2\/users\/13"}],"replies":[{"embeddable":true,"href":"https:\/\/www.tecdmx.org.mx\/index.php\/wp-json\/wp\/v2\/comments?post=15881"}],"version-history":[{"count":14,"href":"https:\/\/www.tecdmx.org.mx\/index.php\/wp-json\/wp\/v2\/pages\/15881\/revisions"}],"predecessor-version":[{"id":49406,"href":"https:\/\/www.tecdmx.org.mx\/index.php\/wp-json\/wp\/v2\/pages\/15881\/revisions\/49406"}],"wp:attachment":[{"href":"https:\/\/www.tecdmx.org.mx\/index.php\/wp-json\/wp\/v2\/media?parent=15881"}],"curies":[{"name":"wp","href":"https:\/\/api.w.org\/{rel}","templated":true}]}}