{"id":15972,"date":"2019-11-21T18:12:20","date_gmt":"2019-11-21T18:12:20","guid":{"rendered":"http:\/\/www2.tecdmx.org.mx\/?page_id=15972"},"modified":"2025-01-24T12:19:44","modified_gmt":"2025-01-24T18:19:44","slug":"defensoria-publica","status":"publish","type":"page","link":"https:\/\/www.tecdmx.org.mx\/index.php\/defensoria-publica\/","title":{"rendered":"Defensor\u00eda P\u00fablica"},"content":{"rendered":"\n<h1 class=\"wp-block-heading has-text-align-center\"><strong>Defensor\u00eda P\u00fablica de Participaci\u00f3n Ciudadana y de Procesos Democr\u00e1ticos<\/strong><\/h1>\n\n\n\n<div class=\"wp-block-media-text alignwide is-stacked-on-mobile\" style=\"grid-template-columns:20% auto\"><figure class=\"wp-block-media-text__media\"><img loading=\"lazy\" decoding=\"async\" width=\"352\" height=\"350\" src=\"https:\/\/www.tecdmx.org.mx\/wp-content\/uploads\/2025\/01\/Carmen-Luz-Fernandez-Dominguez.jpg\" alt=\"\" class=\"wp-image-54777 size-full\" srcset=\"https:\/\/www.tecdmx.org.mx\/wp-content\/uploads\/2025\/01\/Carmen-Luz-Fernandez-Dominguez-251x250.jpg 251w, https:\/\/www.tecdmx.org.mx\/wp-content\/uploads\/2025\/01\/Carmen-Luz-Fernandez-Dominguez.jpg 352w, https:\/\/www.tecdmx.org.mx\/wp-content\/uploads\/2025\/01\/Carmen-Luz-Fernandez-Dominguez.jpg 364w\" sizes=\"(max-width: 352px) 100vw, 352px\" \/><\/figure><div class=\"wp-block-media-text__content\">\n<p class=\"has-medium-font-size\"><strong>Carmen Luz Fern\u00e1ndez Dom\u00ednguez<\/strong>   <\/p>\n\n\n\n<p class=\"has-medium-font-size\"><strong>Coordinadora de Asesor\u00eda, Gesti\u00f3n y Seguimiento  <\/strong><\/p>\n\n\n\n<p class=\"has-normal-font-size\">      <a href=\"mailto:carmen.fernandez@tecdmx.org.mx\">carmen.fernandez@tecdmx.org.mx<\/a><\/p>\n\n\n\n<p class=\"has-normal-font-size\">      5340 4641<\/p>\n<\/div><\/div>\n\n\n\n<hr class=\"wp-block-separator has-css-opacity is-style-wide\"\/>\n\n\n<h1>Atribuciones:<\/h1>\n<p>I. Administrar, coordinar, vigilar y dar seguimiento a los asuntos y servicios de la Defensor\u00eda P\u00fablica de participaci\u00f3n Ciudadana y de Procesos Democr\u00e1ticos;<\/p>\n<p>II. Dise\u00f1ar e implementar, el programa anual de difusi\u00f3n de los servicios, apoy\u00e1ndose de las \u00e1reas respectivas del Tribunal Electoral para tal efecto;<\/p>\n<p>III. Elaborar y difundir, informaci\u00f3n sobre los derechos pol\u00edtico-electorales de las y los Ciudadanos de la Ciudad de M\u00e9xico apoy\u00e1ndose de las \u00e1reas respectivas del Tribunal Electoral;<\/p>\n<p>IV. Emitir dict\u00e1menes fundados y motivados en los que se justifique la prestaci\u00f3n o no de los servicios;<\/p>\n<p>V. Emitir opiniones sobre los temas que se le formulen en el \u00e1mbito de su competencia;<\/p>\n<p>VI. Implementar programas de formaci\u00f3n, capacitaci\u00f3n y sensibilizaci\u00f3n dirigidos al personal de la Defensor\u00eda P\u00fablica de Participaci\u00f3n Ciudadana y de Procesos Democr\u00e1ticos;<\/p>\n<p>VII. Organizar y participar en foros acad\u00e9micos, conferencias, seminarios y reuniones, con la finalidad de promover la difusi\u00f3n, el desarrollo y la defensa de los derechos pol\u00edtico-electorales de los ciudadanos y habitantes de la Ciudad de M\u00e9xico;<\/p>\n<p>VIII. Organizar, controlar y dirigir los servicios prestados en el \u00e1mbito de competencia;<\/p>\n<p>IX. Promover y gestionar la celebraci\u00f3n de convenios con instituciones p\u00fablicas, sociales y privadas, que puedan contribuir al correcto cumplimiento de las funciones de la Defensor\u00eda P\u00fablica de Participaci\u00f3n Ciudadana y de Procesos Democr\u00e1ticos;<\/p>\n<p>X. Proponer ante el Pleno del Tribunal Electoral la creaci\u00f3n o modificaci\u00f3n de estructura, acuerdos generales u otros instrumentos normativos relacionados con las atribuciones de la Defensor\u00eda P\u00fablica Electoral para el mejor desempe\u00f1o de las actividades de la Defensor\u00eda;<\/p>\n<p>XI. Proponer al Pleno del Tribunal Electoral las medidas que estime convenientes para lograr el cumplimiento y mejoramiento de las funciones de la Defensor\u00eda P\u00fablica de Participaci\u00f3n Ciudadana y de procesos Democr\u00e1ticos;<\/p>\n<p>XII. Realizar visitas peri\u00f3dicas a las demarcaciones territoriales, pueblos y comunidades de la Ciudad de M\u00e9xico, con el objeto de difundir la justicia abierta, los derechos pol\u00edticos electorales entre la ciudadan\u00eda.<\/p>\n<p>XIII. Rendir informes trimestrales ante el pleno del Tribunal Electoral sobre el funcionamiento, resultados y servicios que presta la Defensor\u00eda P\u00fablica de Participaci\u00f3n Ciudadana y de procesos Democr\u00e1ticos; y<\/p>\n<p>XIV. Las dem\u00e1s que establezca el Reglamento Interior del Tribunal Electoral. La representaci\u00f3n de la Defensor\u00eda P\u00fablica solo se har\u00e1 ante el Tribunal Electoral, mas no as\u00ed, ante salas regionales o Sala Superior del Tribunal Electoral del Poder Judicial de la Federaci\u00f3n.<\/p>\n<p><strong>Apartado A<\/strong>. Adem\u00e1s de las funciones anteriores tendr\u00e1 como prioritarias:<\/p>\n<p>a) Instrumentar cursos de capacitaci\u00f3n especializada, talleres, conferencias, campa\u00f1as informativas y formativas, a fin de que las personas tengan la oportunidad real de ejercer los derechos que establece este C\u00f3digo, sobre los siguientes temas: 1. Principios de la cultura de participaci\u00f3n ciudadana referidos en esta Ley. 2. Formaci\u00f3n c\u00edvica. 3. Mejoramiento de la calidad de vida. 4. Fomento a las organizaciones ciudadanas, mecanismos e instrumentos de participaci\u00f3n ciudadana y \u00f3rganos de representaci\u00f3n ciudadana establecidos en esta Ley y de participaci\u00f3n Ciudadana.<\/p>\n<p>b) La Jefatura de Gobierno y el Instituto Electoral se coordinar\u00e1n con la Defensor\u00eda, para el dise\u00f1o de materiales necesarios para la difusi\u00f3n de la cultura de participaci\u00f3n ciudadana, a fin de que a los ciudadanos, habitantes y vecinos se les facilite la informaci\u00f3n necesaria acerca del ejercicio de los mecanismos e instrumentos de participaci\u00f3n y organizaci\u00f3n ciudadana.<\/p>\n<p>c) Promover la participaci\u00f3n de las organizaciones o asociaciones que ofrezcan, en forma interdisciplinaria y profesional, cursos o talleres en materia de participaci\u00f3n ciudadana.<\/p>\n<p>d) La Jefatura de Gobierno en coordinaci\u00f3n con la Defensor\u00eda tendr\u00e1 la obligaci\u00f3n de prestar la asesor\u00eda, el apoyo o el auxilio necesario a las personas que pretendan ejercitar los mecanismos e instrumentos de participaci\u00f3n y organizaci\u00f3n ciudadana. Para tal efecto, dise\u00f1ar\u00e1 e instrumentar\u00e1 mecanismos que faciliten el ejercicio pleno de los derechos de los ciudadanos y habitantes.<\/p>\n<p>e) Se evaluar\u00e1 objetiva, sistem\u00e1tica y peri\u00f3dicamente, el avance del Programa y los resultados de su ejecuci\u00f3n, as\u00ed como su incidencia en la consecuci\u00f3n de los objetivos previstos en esta Ley y la Ley de Participaci\u00f3n Ciudadana.<\/p>\n<p>f) Con base en las evaluaciones, el Programa se modificar\u00e1 y\/o adicionar\u00e1 en la medida en que el Instituto Electoral lo estime necesario.<\/p>\n<p>g) Las dem\u00e1s que establece la presente Ley y la Ley de Participaci\u00f3n Ciudadana.<\/p>\n<p>\u2013 \u2013 \u2013 \u2013 \u2013 \u2013 \u2013 \u2013 \u2013 \u2013 \u2013\u00a0<\/p>\n<p><strong><em>Art\u00edculo 197 del C\u00f3digo de Instituciones y Procedimientos Electorales de la Ciudad de M\u00e9xico<\/em><\/strong><\/p>\n\n\n<hr class=\"wp-block-separator has-css-opacity\"\/>\n","protected":false},"excerpt":{"rendered":"<p>Defensor\u00eda P\u00fablica de Participaci\u00f3n Ciudadana y de Procesos Democr\u00e1ticos Carmen Luz Fern\u00e1ndez Dom\u00ednguez Coordinadora de Asesor\u00eda, Gesti\u00f3n y Seguimiento carmen.fernandez@tecdmx.org.mx 5340 4641 Atribuciones: I. Administrar, coordinar, vigilar y dar seguimiento [&hellip;]<\/p>\n","protected":false},"author":13,"featured_media":0,"parent":0,"menu_order":0,"comment_status":"closed","ping_status":"closed","template":"","meta":{"_acf_changed":false,"_exactmetrics_skip_tracking":false,"_exactmetrics_sitenote_active":false,"_exactmetrics_sitenote_note":"","_exactmetrics_sitenote_category":0,"footnotes":""},"acf":[],"yoast_head":"<!-- This site is optimized with the Yoast SEO plugin v22.3 - https:\/\/yoast.com\/wordpress\/plugins\/seo\/ -->\n<title>Defensor\u00eda P\u00fablica - Tribunal Electoral de la Ciudad de M\u00e9xico<\/title>\n<meta name=\"robots\" content=\"index, follow, max-snippet:-1, max-image-preview:large, max-video-preview:-1\" \/>\n<link rel=\"canonical\" href=\"https:\/\/www.tecdmx.org.mx\/index.php\/defensoria-publica\/\" \/>\n<meta property=\"og:locale\" content=\"es_ES\" \/>\n<meta property=\"og:type\" content=\"article\" \/>\n<meta property=\"og:title\" content=\"Defensor\u00eda P\u00fablica - Tribunal Electoral de la Ciudad de M\u00e9xico\" \/>\n<meta property=\"og:description\" content=\"Defensor\u00eda P\u00fablica de Participaci\u00f3n Ciudadana y de Procesos Democr\u00e1ticos Carmen Luz Fern\u00e1ndez Dom\u00ednguez Coordinadora de Asesor\u00eda, Gesti\u00f3n y Seguimiento carmen.fernandez@tecdmx.org.mx 5340 4641 Atribuciones: I. Administrar, coordinar, vigilar y dar seguimiento [&hellip;]\" \/>\n<meta property=\"og:url\" content=\"https:\/\/www.tecdmx.org.mx\/index.php\/defensoria-publica\/\" \/>\n<meta property=\"og:site_name\" content=\"Tribunal Electoral de la Ciudad de M\u00e9xico\" \/>\n<meta property=\"article:publisher\" content=\"https:\/\/www.facebook.com\/TECDMX\/\" \/>\n<meta property=\"article:modified_time\" content=\"2025-01-24T18:19:44+00:00\" \/>\n<meta property=\"og:image\" content=\"https:\/\/www.tecdmx.org.mx\/wp-content\/uploads\/2025\/01\/Carmen-Luz-Fernandez-Dominguez-352x350.jpg\" \/>\n<meta name=\"twitter:card\" content=\"summary_large_image\" \/>\n<meta name=\"twitter:site\" content=\"@tecdmx\" \/>\n<meta name=\"twitter:label1\" content=\"Tiempo de lectura\" \/>\n\t<meta name=\"twitter:data1\" content=\"4 minutos\" \/>\n<script type=\"application\/ld+json\" class=\"yoast-schema-graph\">{\"@context\":\"https:\/\/schema.org\",\"@graph\":[{\"@type\":\"WebPage\",\"@id\":\"https:\/\/www.tecdmx.org.mx\/index.php\/defensoria-publica\/\",\"url\":\"https:\/\/www.tecdmx.org.mx\/index.php\/defensoria-publica\/\",\"name\":\"Defensor\u00eda P\u00fablica - Tribunal Electoral de la Ciudad de M\u00e9xico\",\"isPartOf\":{\"@id\":\"https:\/\/www.tecdmx.org.mx\/#website\"},\"primaryImageOfPage\":{\"@id\":\"https:\/\/www.tecdmx.org.mx\/index.php\/defensoria-publica\/#primaryimage\"},\"image\":{\"@id\":\"https:\/\/www.tecdmx.org.mx\/index.php\/defensoria-publica\/#primaryimage\"},\"thumbnailUrl\":\"https:\/\/www.tecdmx.org.mx\/wp-content\/uploads\/2025\/01\/Carmen-Luz-Fernandez-Dominguez-352x350.jpg\",\"datePublished\":\"2019-11-21T18:12:20+00:00\",\"dateModified\":\"2025-01-24T18:19:44+00:00\",\"breadcrumb\":{\"@id\":\"https:\/\/www.tecdmx.org.mx\/index.php\/defensoria-publica\/#breadcrumb\"},\"inLanguage\":\"es\",\"potentialAction\":[{\"@type\":\"ReadAction\",\"target\":[\"https:\/\/www.tecdmx.org.mx\/index.php\/defensoria-publica\/\"]}]},{\"@type\":\"ImageObject\",\"inLanguage\":\"es\",\"@id\":\"https:\/\/www.tecdmx.org.mx\/index.php\/defensoria-publica\/#primaryimage\",\"url\":\"https:\/\/www.tecdmx.org.mx\/wp-content\/uploads\/2025\/01\/Carmen-Luz-Fernandez-Dominguez.jpg\",\"contentUrl\":\"https:\/\/www.tecdmx.org.mx\/wp-content\/uploads\/2025\/01\/Carmen-Luz-Fernandez-Dominguez.jpg\",\"width\":364,\"height\":362},{\"@type\":\"BreadcrumbList\",\"@id\":\"https:\/\/www.tecdmx.org.mx\/index.php\/defensoria-publica\/#breadcrumb\",\"itemListElement\":[{\"@type\":\"ListItem\",\"position\":1,\"name\":\"Portada\",\"item\":\"https:\/\/www.tecdmx.org.mx\/\"},{\"@type\":\"ListItem\",\"position\":2,\"name\":\"Defensor\u00eda P\u00fablica\"}]},{\"@type\":\"WebSite\",\"@id\":\"https:\/\/www.tecdmx.org.mx\/#website\",\"url\":\"https:\/\/www.tecdmx.org.mx\/\",\"name\":\"Tribunal Electoral de la Ciudad de M\u00e9xico\",\"description\":\"25 a\u00f1os garantizando justicia en tu elecci\u00f3n\",\"potentialAction\":[{\"@type\":\"SearchAction\",\"target\":{\"@type\":\"EntryPoint\",\"urlTemplate\":\"https:\/\/www.tecdmx.org.mx\/?s={search_term_string}\"},\"query-input\":\"required name=search_term_string\"}],\"inLanguage\":\"es\"}]}<\/script>\n<!-- \/ Yoast SEO plugin. -->","yoast_head_json":{"title":"Defensor\u00eda P\u00fablica - Tribunal Electoral de la Ciudad de M\u00e9xico","robots":{"index":"index","follow":"follow","max-snippet":"max-snippet:-1","max-image-preview":"max-image-preview:large","max-video-preview":"max-video-preview:-1"},"canonical":"https:\/\/www.tecdmx.org.mx\/index.php\/defensoria-publica\/","og_locale":"es_ES","og_type":"article","og_title":"Defensor\u00eda P\u00fablica - Tribunal Electoral de la Ciudad de M\u00e9xico","og_description":"Defensor\u00eda P\u00fablica de Participaci\u00f3n Ciudadana y de Procesos Democr\u00e1ticos Carmen Luz Fern\u00e1ndez Dom\u00ednguez Coordinadora de Asesor\u00eda, Gesti\u00f3n y Seguimiento carmen.fernandez@tecdmx.org.mx 5340 4641 Atribuciones: I. Administrar, coordinar, vigilar y dar seguimiento [&hellip;]","og_url":"https:\/\/www.tecdmx.org.mx\/index.php\/defensoria-publica\/","og_site_name":"Tribunal Electoral de la Ciudad de M\u00e9xico","article_publisher":"https:\/\/www.facebook.com\/TECDMX\/","article_modified_time":"2025-01-24T18:19:44+00:00","og_image":[{"url":"https:\/\/www.tecdmx.org.mx\/wp-content\/uploads\/2025\/01\/Carmen-Luz-Fernandez-Dominguez-352x350.jpg"}],"twitter_card":"summary_large_image","twitter_site":"@tecdmx","twitter_misc":{"Tiempo de lectura":"4 minutos"},"schema":{"@context":"https:\/\/schema.org","@graph":[{"@type":"WebPage","@id":"https:\/\/www.tecdmx.org.mx\/index.php\/defensoria-publica\/","url":"https:\/\/www.tecdmx.org.mx\/index.php\/defensoria-publica\/","name":"Defensor\u00eda P\u00fablica - Tribunal Electoral de la Ciudad de M\u00e9xico","isPartOf":{"@id":"https:\/\/www.tecdmx.org.mx\/#website"},"primaryImageOfPage":{"@id":"https:\/\/www.tecdmx.org.mx\/index.php\/defensoria-publica\/#primaryimage"},"image":{"@id":"https:\/\/www.tecdmx.org.mx\/index.php\/defensoria-publica\/#primaryimage"},"thumbnailUrl":"https:\/\/www.tecdmx.org.mx\/wp-content\/uploads\/2025\/01\/Carmen-Luz-Fernandez-Dominguez-352x350.jpg","datePublished":"2019-11-21T18:12:20+00:00","dateModified":"2025-01-24T18:19:44+00:00","breadcrumb":{"@id":"https:\/\/www.tecdmx.org.mx\/index.php\/defensoria-publica\/#breadcrumb"},"inLanguage":"es","potentialAction":[{"@type":"ReadAction","target":["https:\/\/www.tecdmx.org.mx\/index.php\/defensoria-publica\/"]}]},{"@type":"ImageObject","inLanguage":"es","@id":"https:\/\/www.tecdmx.org.mx\/index.php\/defensoria-publica\/#primaryimage","url":"https:\/\/www.tecdmx.org.mx\/wp-content\/uploads\/2025\/01\/Carmen-Luz-Fernandez-Dominguez.jpg","contentUrl":"https:\/\/www.tecdmx.org.mx\/wp-content\/uploads\/2025\/01\/Carmen-Luz-Fernandez-Dominguez.jpg","width":364,"height":362},{"@type":"BreadcrumbList","@id":"https:\/\/www.tecdmx.org.mx\/index.php\/defensoria-publica\/#breadcrumb","itemListElement":[{"@type":"ListItem","position":1,"name":"Portada","item":"https:\/\/www.tecdmx.org.mx\/"},{"@type":"ListItem","position":2,"name":"Defensor\u00eda P\u00fablica"}]},{"@type":"WebSite","@id":"https:\/\/www.tecdmx.org.mx\/#website","url":"https:\/\/www.tecdmx.org.mx\/","name":"Tribunal Electoral de la Ciudad de M\u00e9xico","description":"25 a\u00f1os garantizando justicia en tu elecci\u00f3n","potentialAction":[{"@type":"SearchAction","target":{"@type":"EntryPoint","urlTemplate":"https:\/\/www.tecdmx.org.mx\/?s={search_term_string}"},"query-input":"required name=search_term_string"}],"inLanguage":"es"}]}},"_links":{"self":[{"href":"https:\/\/www.tecdmx.org.mx\/index.php\/wp-json\/wp\/v2\/pages\/15972"}],"collection":[{"href":"https:\/\/www.tecdmx.org.mx\/index.php\/wp-json\/wp\/v2\/pages"}],"about":[{"href":"https:\/\/www.tecdmx.org.mx\/index.php\/wp-json\/wp\/v2\/types\/page"}],"author":[{"embeddable":true,"href":"https:\/\/www.tecdmx.org.mx\/index.php\/wp-json\/wp\/v2\/users\/13"}],"replies":[{"embeddable":true,"href":"https:\/\/www.tecdmx.org.mx\/index.php\/wp-json\/wp\/v2\/comments?post=15972"}],"version-history":[{"count":8,"href":"https:\/\/www.tecdmx.org.mx\/index.php\/wp-json\/wp\/v2\/pages\/15972\/revisions"}],"predecessor-version":[{"id":54925,"href":"https:\/\/www.tecdmx.org.mx\/index.php\/wp-json\/wp\/v2\/pages\/15972\/revisions\/54925"}],"wp:attachment":[{"href":"https:\/\/www.tecdmx.org.mx\/index.php\/wp-json\/wp\/v2\/media?parent=15972"}],"curies":[{"name":"wp","href":"https:\/\/api.w.org\/{rel}","templated":true}]}}