{"id":16303,"date":"2019-11-27T18:21:19","date_gmt":"2019-11-27T18:21:19","guid":{"rendered":"https:\/\/www.tecdmx.org.mx\/?page_id=16303"},"modified":"2025-12-03T17:57:09","modified_gmt":"2025-12-03T23:57:09","slug":"magistrado-armando-ambriz-hernandez","status":"publish","type":"page","link":"https:\/\/www.tecdmx.org.mx\/index.php\/magistrado-armando-ambriz-hernandez\/","title":{"rendered":"Magistrado Armando Ambriz Hern\u00e1ndez"},"content":{"rendered":"\n<div style=\"height:100px\" aria-hidden=\"true\" class=\"wp-block-spacer\"><\/div>\n\n\n<div class=\"wp-block-image\">\n<figure class=\"aligncenter size-full is-resized\"><img loading=\"lazy\" decoding=\"async\" width=\"952\" height=\"952\" src=\"https:\/\/www.tecdmx.org.mx\/wp-content\/uploads\/2025\/06\/aah-2025.jpg\" alt=\"\" class=\"wp-image-56748\" style=\"aspect-ratio:1;object-fit:cover;width:591px\" srcset=\"https:\/\/www.tecdmx.org.mx\/wp-content\/uploads\/2025\/06\/aah-2025-250x250.jpg 250w, https:\/\/www.tecdmx.org.mx\/wp-content\/uploads\/2025\/06\/aah-2025-350x350.jpg 350w, https:\/\/www.tecdmx.org.mx\/wp-content\/uploads\/2025\/06\/aah-2025-110x110.jpg 110w, https:\/\/www.tecdmx.org.mx\/wp-content\/uploads\/2025\/06\/aah-2025-768x768.jpg 768w, https:\/\/www.tecdmx.org.mx\/wp-content\/uploads\/2025\/06\/aah-2025.jpg 952w\" sizes=\"(max-width: 952px) 100vw, 952px\" \/><\/figure><\/div>\n\n\n<p class=\"has-text-align-center has-large-font-size\"><strong>Armando Ambriz Hern\u00e1ndez<\/strong><\/p>\n\n\n\n<p class=\"has-text-align-center has-medium-font-size\">Magistrado Presidente<\/p>\n\n\n\n<div style=\"height:60px\" aria-hidden=\"true\" class=\"wp-block-spacer\"><\/div>\n\n\n\n<div class=\"wp-block-columns is-layout-flex wp-container-core-columns-layout-1 wp-block-columns-is-layout-flex\">\n<div class=\"wp-block-column is-layout-flow wp-block-column-is-layout-flow\" style=\"flex-basis:33.33%\">\n<p><\/p>\n<\/div>\n\n\n\n<div class=\"wp-block-column is-layout-flow wp-block-column-is-layout-flow\" style=\"flex-basis:33.33%\">\n<p>Licenciado en Derecho egresado de la Universidad Aut\u00f3noma de Guadalajara, Maestr\u00eda en Derecho Procesal Constitucional, ambos por la Universidad Panamericana, as\u00ed como Especialidad en Justicia Electoral.<\/p>\n\n\n\n<p>Se ha desempe\u00f1ado como servidor p\u00fablico en diversas dependencias tanto federales como estatales. Labor\u00f3 12 a\u00f1os como Secretario de Estudio y Cuenta de la Sala Superior del Tribunal Electoral del Poder Judicial de la Federaci\u00f3n.<\/p>\n\n\n\n<p><strong>Contacto:<\/strong><\/p>\n\n\n\n<p>&nbsp;<a href=\"mailto:armando.ambriz@tecdmx.org.mx\">armando.ambriz@tecdmx.org.mx<\/a><\/p>\n\n\n\n<p>5553404600 Ext. 1301<\/p>\n\n\n\n<p><strong>Atribuciones del Magistrado Presidente del TECDMX<\/strong><\/p>\n\n\n\n<p>I. Representar legalmente al Tribunal Electoral, suscribir convenios informando de ello al Pleno, otorgar todo tipo de poderes y realizar los actos jur\u00eddicos y administrativos que se requieran para el buen funcionamiento de la instituci\u00f3n;<\/p>\n\n\n\n<p>II. Convocar a las Magistradas y Magistrados Electorales a sesiones p\u00fablicas y reuniones privadas;<\/p>\n\n\n\n<p>III. Presidir las sesiones y reuniones del Pleno, as\u00ed como dirigir los debates y conservar el orden durante las mismas. En las sesiones p\u00fablicas, cuando los asistentes no guarden la compostura debida, podr\u00e1 ordenar el desalojo de los presentes y, de ser necesario, la continuaci\u00f3n de la sesi\u00f3n en privado;<\/p>\n\n\n\n<p>IV. Proponer al Pleno el nombramiento y remoci\u00f3n de las personas titulares de la Secretar\u00eda General, de la Secretar\u00eda Administrativa, de la Direcci\u00f3n General Jur\u00eddica, del Instituto de Formaci\u00f3n y Capacitaci\u00f3n, de las Coordinaciones, y de la Unidad Especializada de Procedimientos Sancionadores, garantizando la equidad de g\u00e9nero;<\/p>\n\n\n\n<p>V. Coordinar los trabajos de los \u00f3rganos del Tribunal Electoral, aplicando los programas, pol\u00edticas y procedimientos institucionales, informando de ello al Pleno, cada seis meses;<\/p>\n\n\n\n<p>VI. Vigilar, con el apoyo del titular de la Secretar\u00eda General, que se cumplan, seg\u00fan corresponda, las determinaciones del Pleno y de las Magistradas y Magistrados Electorales;<\/p>\n\n\n\n<p>VII. Proponer al Pleno el Programa Operativo Anual y el anteproyecto de Presupuesto de Egresos del Tribunal Electoral;<\/p>\n\n\n\n<p>VIII. Turnar a las Magistradas y Magistrados Electorales, de conformidad con lo dispuesto en el Reglamento Interior del Tribunal Electoral, los juicios para que los sustancien y formulen los proyectos de resoluci\u00f3n;<\/p>\n\n\n\n<p>IX. Informar al Pleno sobre el cumplimiento de las sentencias del Tribunal, a fin de que se determine lo procedente;<\/p>\n\n\n\n<p>X. Rendir anualmente ante el Pleno, un informe de actividades donde se exponga el estado general del Tribunal;<\/p>\n\n\n\n<p>XI. Suscribir convenios de colaboraci\u00f3n con otros Tribunales, organismos y autoridades, sean nacionales o internacionales, informando de ello al Pleno;<\/p>\n\n\n\n<p>XII. Proveer lo necesario a fin de cubrir las ausencias temporales de las y los titulares de la Secretar\u00eda General, de la Secretar\u00eda Administrativa, de la Direcci\u00f3n General Jur\u00eddica, de las Coordinaciones, de la Defensor\u00eda P\u00fablica Electoral y de Procesos Democr\u00e1ticos, y de la Unidad Especializada de Procedimientos Sancionadores, designando a los respectivos encargados del despacho;<\/p>\n\n\n\n<p>XIII. Vigilar la oportuna integraci\u00f3n y adecuado funcionamiento de los \u00f3rganos del Tribunal;<\/p>\n\n\n\n<p>XIV. Ordenar la publicaci\u00f3n de las tesis relevantes y de jurisprudencia que apruebe el Pleno, dentro de los seis meses posteriores a la conclusi\u00f3n de los procesos electorales o procedimientos de participaci\u00f3n ciudadana;<\/p>\n\n\n\n<p>XV. Acordar con titulares de los \u00f3rganos del Tribunal Electoral, los asuntos de su competencia;<\/p>\n\n\n\n<p>XVI. Dictar y ejecutar las medidas necesarias para el despacho pronto y expedito de los asuntos propios del Tribunal;<\/p>\n\n\n\n<p>XVII. Comunicar a la C\u00e1mara de Senadores la ausencia definitiva de alg\u00fan Magistrada o Magistrado Electoral;<\/p>\n\n\n\n<p>XVIII. Comunicar al Congreso de la Ciudad de M\u00e9xico la ausencia definitiva del titular de la Contralor\u00eda Interna;<\/p>\n\n\n\n<p>XIX. Habilitar como actuarios a los secretarios y secretarias auxiliares y dem\u00e1s personal jur\u00eddico que cumpla con los requisitos, en los casos que exista necesidad del despacho pronto y expedito de los asuntos;<\/p>\n\n\n\n<p>XX. Las dem\u00e1s que prevea la Ley Electoral, este C\u00f3digo, la Ley Procesal Electoral y el Reglamento Interior del Tribunal, as\u00ed como las que resulten necesarias para el adecuado funcionamiento del Tribunal; y<\/p>\n\n\n\n<p>XXI. Proponer al Congreso de la Ciudad de M\u00e9xico una terna para la elecci\u00f3n de la persona titular de la Defensor\u00eda P\u00fablica de Participaci\u00f3n Ciudadana y de Procesos Democr\u00e1ticos.<\/p>\n\n\n\n<p>\u2013 \u2013 \u2013 \u2013 \u2013 \u2013 \u2013 \u2013 \u2013 \u2013 \u2013<\/p>\n\n\n\n<p><strong><em>Art\u00edculo 184 del C\u00f3digo de Instituciones y Procedimientos Electorales de la Ciudad de M\u00e9xico<\/em><\/strong><\/p>\n\n\n\n<p><strong>Atribuciones de Magistradas y Magistrados<\/strong><\/p>\n\n\n\n<p>I. Concurrir, participar y votar, cuando corresponda, en las sesiones p\u00fablicas y reuniones privadas a las que sean convocados por la o el Presidente del Tribunal;<\/p>\n\n\n\n<p>II. Integrar el Pleno para resolver colegiadamente los asuntos de su competencia;<\/p>\n\n\n\n<p>III. Llevar a cabo todos los actos y diligencias que sean necesarias para la substanciaci\u00f3n de los medios de impugnaci\u00f3n, juicios especiales laborales y de inconformidad administrativa que les sean turnados, hasta la resoluci\u00f3n definitiva y, en su caso, las tendentes al cumplimiento de las mismas;<\/p>\n\n\n\n<p>IV. Formular los proyectos de resoluci\u00f3n de los juicios que les sean turnados para tal efecto;<\/p>\n\n\n\n<p>V. Exponer en sesi\u00f3n p\u00fablica, personalmente o por conducto de una o un Secretario de Estudio y Cuenta, sus proyectos de resoluci\u00f3n, se\u00f1alando las consideraciones jur\u00eddicas y los preceptos en que se funden;<\/p>\n\n\n\n<p>VI. Discutir y votar los proyectos de resoluci\u00f3n que sean sometidos a su consideraci\u00f3n en las sesiones p\u00fablicas;<\/p>\n\n\n\n<p>VII. Formular voto particular razonado en sus distintas modalidades, en caso de disentir de un proyecto de resoluci\u00f3n aprobado por la mayor\u00eda y solicitar que se agregue a la sentencia;<\/p>\n\n\n\n<p>VIII. Realizar los engroses de los fallos aprobados por el Pleno, cuando sean designados para tales efectos;<\/p>\n\n\n\n<p>IX. Proponer el texto y rubro de los criterios jurisprudenciales y relevantes definidos por el Pleno, de conformidad con lo dispuesto en el C\u00f3digo;<\/p>\n\n\n\n<p>X. Realizar tareas de docencia e investigaci\u00f3n en el Tribunal Electoral;<\/p>\n\n\n\n<p>XI. Proveer sobre las pruebas que se ofrezcan por las partes en los juicios que le sean turnados e, inclusive, presidir las audiencias que sean necesarias para su desahogo;<\/p>\n\n\n\n<p>XII. Requerir cualquier informe o documento que pueda ser tomado en cuenta para la substanciaci\u00f3n o resoluci\u00f3n de los juicios, siempre que obren en poder del Instituto Electoral, de las autoridades federales, de la Ciudad de M\u00e9xico, estatales o municipales, y ello no sea obst\u00e1culo para resolver dentro de los plazos establecidos por este C\u00f3digo;<\/p>\n\n\n\n<p>XIII. Ordenar que se notifiquen los autos que dicten durante la substanciaci\u00f3n de un juicio, en forma y t\u00e9rminos previstos por la Ley Procesal;<\/p>\n\n\n\n<p>XIV. Solicitar a los \u00f3rganos del Tribunal, el apoyo necesario para el correcto ejercicio de sus funciones jurisdiccionales;<\/p>\n\n\n\n<p>XV. Nombrar y remover al personal jur\u00eddico y administrativo de su ponencia, procurando la equidad de g\u00e9nero; y<\/p>\n\n\n\n<p>XVI. Las dem\u00e1s que prevea este C\u00f3digo, la Ley Procesal y el Reglamento Interior del Tribunal Electoral.<\/p>\n\n\n\n<p>\u2013 \u2013 \u2013 \u2013 \u2013 \u2013 \u2013 \u2013 \u2013 \u2013 \u2013&nbsp;<\/p>\n\n\n\n<p><strong><em>Art\u00edculo 185 del C\u00f3digo de Instituciones y Procedimientos Electorales de la Ciudad de M\u00e9xico<\/em><\/strong><\/p>\n<\/div>\n\n\n\n<div class=\"wp-block-column is-layout-flow wp-block-column-is-layout-flow\" style=\"flex-basis:33.33%\"><\/div>\n<\/div>\n\n\n\n<p><\/p>\n","protected":false},"excerpt":{"rendered":"<p>Armando Ambriz Hern\u00e1ndez Magistrado Presidente Licenciado en Derecho egresado de la Universidad Aut\u00f3noma de Guadalajara, Maestr\u00eda en Derecho Procesal Constitucional, ambos por la Universidad Panamericana, as\u00ed como Especialidad en Justicia [&hellip;]<\/p>\n","protected":false},"author":13,"featured_media":0,"parent":0,"menu_order":0,"comment_status":"closed","ping_status":"closed","template":"page-templates\/page-full-width.php","meta":{"_acf_changed":false,"_exactmetrics_skip_tracking":false,"_exactmetrics_sitenote_active":false,"_exactmetrics_sitenote_note":"","_exactmetrics_sitenote_category":0,"footnotes":""},"acf":[],"yoast_head":"<!-- This site is optimized with the Yoast SEO plugin v22.3 - https:\/\/yoast.com\/wordpress\/plugins\/seo\/ -->\n<title>Magistrado Armando Ambriz Hern\u00e1ndez - Tribunal Electoral de la Ciudad de M\u00e9xico<\/title>\n<meta name=\"robots\" content=\"index, follow, max-snippet:-1, max-image-preview:large, max-video-preview:-1\" \/>\n<link rel=\"canonical\" href=\"https:\/\/www.tecdmx.org.mx\/index.php\/magistrado-armando-ambriz-hernandez\/\" \/>\n<meta property=\"og:locale\" content=\"es_ES\" \/>\n<meta property=\"og:type\" content=\"article\" \/>\n<meta property=\"og:title\" content=\"Magistrado Armando Ambriz Hern\u00e1ndez - Tribunal Electoral de la Ciudad de M\u00e9xico\" \/>\n<meta property=\"og:description\" content=\"Armando Ambriz Hern\u00e1ndez Magistrado Presidente Licenciado en Derecho egresado de la Universidad Aut\u00f3noma de Guadalajara, Maestr\u00eda en Derecho Procesal Constitucional, ambos por la Universidad Panamericana, as\u00ed como Especialidad en Justicia [&hellip;]\" \/>\n<meta property=\"og:url\" content=\"https:\/\/www.tecdmx.org.mx\/index.php\/magistrado-armando-ambriz-hernandez\/\" \/>\n<meta property=\"og:site_name\" content=\"Tribunal Electoral de la Ciudad de M\u00e9xico\" \/>\n<meta property=\"article:publisher\" content=\"https:\/\/www.facebook.com\/TECDMX\/\" \/>\n<meta property=\"article:modified_time\" content=\"2025-12-03T23:57:09+00:00\" \/>\n<meta property=\"og:image\" content=\"https:\/\/www.tecdmx.org.mx\/wp-content\/uploads\/2025\/06\/aah-2025.jpg\" \/>\n<meta name=\"twitter:card\" content=\"summary_large_image\" \/>\n<meta name=\"twitter:site\" content=\"@tecdmx\" \/>\n<meta name=\"twitter:label1\" content=\"Tiempo de lectura\" \/>\n\t<meta name=\"twitter:data1\" content=\"6 minutos\" \/>\n<script type=\"application\/ld+json\" class=\"yoast-schema-graph\">{\"@context\":\"https:\/\/schema.org\",\"@graph\":[{\"@type\":\"WebPage\",\"@id\":\"https:\/\/www.tecdmx.org.mx\/index.php\/magistrado-armando-ambriz-hernandez\/\",\"url\":\"https:\/\/www.tecdmx.org.mx\/index.php\/magistrado-armando-ambriz-hernandez\/\",\"name\":\"Magistrado Armando Ambriz Hern\u00e1ndez - Tribunal Electoral de la Ciudad de M\u00e9xico\",\"isPartOf\":{\"@id\":\"https:\/\/www.tecdmx.org.mx\/#website\"},\"primaryImageOfPage\":{\"@id\":\"https:\/\/www.tecdmx.org.mx\/index.php\/magistrado-armando-ambriz-hernandez\/#primaryimage\"},\"image\":{\"@id\":\"https:\/\/www.tecdmx.org.mx\/index.php\/magistrado-armando-ambriz-hernandez\/#primaryimage\"},\"thumbnailUrl\":\"https:\/\/www.tecdmx.org.mx\/wp-content\/uploads\/2025\/06\/aah-2025.jpg\",\"datePublished\":\"2019-11-27T18:21:19+00:00\",\"dateModified\":\"2025-12-03T23:57:09+00:00\",\"breadcrumb\":{\"@id\":\"https:\/\/www.tecdmx.org.mx\/index.php\/magistrado-armando-ambriz-hernandez\/#breadcrumb\"},\"inLanguage\":\"es\",\"potentialAction\":[{\"@type\":\"ReadAction\",\"target\":[\"https:\/\/www.tecdmx.org.mx\/index.php\/magistrado-armando-ambriz-hernandez\/\"]}]},{\"@type\":\"ImageObject\",\"inLanguage\":\"es\",\"@id\":\"https:\/\/www.tecdmx.org.mx\/index.php\/magistrado-armando-ambriz-hernandez\/#primaryimage\",\"url\":\"https:\/\/www.tecdmx.org.mx\/wp-content\/uploads\/2025\/06\/aah-2025.jpg\",\"contentUrl\":\"https:\/\/www.tecdmx.org.mx\/wp-content\/uploads\/2025\/06\/aah-2025.jpg\",\"width\":952,\"height\":952},{\"@type\":\"BreadcrumbList\",\"@id\":\"https:\/\/www.tecdmx.org.mx\/index.php\/magistrado-armando-ambriz-hernandez\/#breadcrumb\",\"itemListElement\":[{\"@type\":\"ListItem\",\"position\":1,\"name\":\"Portada\",\"item\":\"https:\/\/www.tecdmx.org.mx\/\"},{\"@type\":\"ListItem\",\"position\":2,\"name\":\"Magistrado Armando Ambriz Hern\u00e1ndez\"}]},{\"@type\":\"WebSite\",\"@id\":\"https:\/\/www.tecdmx.org.mx\/#website\",\"url\":\"https:\/\/www.tecdmx.org.mx\/\",\"name\":\"Tribunal Electoral de la Ciudad de M\u00e9xico\",\"description\":\"25 a\u00f1os garantizando justicia en tu elecci\u00f3n\",\"potentialAction\":[{\"@type\":\"SearchAction\",\"target\":{\"@type\":\"EntryPoint\",\"urlTemplate\":\"https:\/\/www.tecdmx.org.mx\/?s={search_term_string}\"},\"query-input\":\"required name=search_term_string\"}],\"inLanguage\":\"es\"}]}<\/script>\n<!-- \/ Yoast SEO plugin. -->","yoast_head_json":{"title":"Magistrado Armando Ambriz Hern\u00e1ndez - Tribunal Electoral de la Ciudad de M\u00e9xico","robots":{"index":"index","follow":"follow","max-snippet":"max-snippet:-1","max-image-preview":"max-image-preview:large","max-video-preview":"max-video-preview:-1"},"canonical":"https:\/\/www.tecdmx.org.mx\/index.php\/magistrado-armando-ambriz-hernandez\/","og_locale":"es_ES","og_type":"article","og_title":"Magistrado Armando Ambriz Hern\u00e1ndez - Tribunal Electoral de la Ciudad de M\u00e9xico","og_description":"Armando Ambriz Hern\u00e1ndez Magistrado Presidente Licenciado en Derecho egresado de la Universidad Aut\u00f3noma de Guadalajara, Maestr\u00eda en Derecho Procesal Constitucional, ambos por la Universidad Panamericana, as\u00ed como Especialidad en Justicia [&hellip;]","og_url":"https:\/\/www.tecdmx.org.mx\/index.php\/magistrado-armando-ambriz-hernandez\/","og_site_name":"Tribunal Electoral de la Ciudad de M\u00e9xico","article_publisher":"https:\/\/www.facebook.com\/TECDMX\/","article_modified_time":"2025-12-03T23:57:09+00:00","og_image":[{"url":"https:\/\/www.tecdmx.org.mx\/wp-content\/uploads\/2025\/06\/aah-2025.jpg"}],"twitter_card":"summary_large_image","twitter_site":"@tecdmx","twitter_misc":{"Tiempo de lectura":"6 minutos"},"schema":{"@context":"https:\/\/schema.org","@graph":[{"@type":"WebPage","@id":"https:\/\/www.tecdmx.org.mx\/index.php\/magistrado-armando-ambriz-hernandez\/","url":"https:\/\/www.tecdmx.org.mx\/index.php\/magistrado-armando-ambriz-hernandez\/","name":"Magistrado Armando Ambriz Hern\u00e1ndez - Tribunal Electoral de la Ciudad de M\u00e9xico","isPartOf":{"@id":"https:\/\/www.tecdmx.org.mx\/#website"},"primaryImageOfPage":{"@id":"https:\/\/www.tecdmx.org.mx\/index.php\/magistrado-armando-ambriz-hernandez\/#primaryimage"},"image":{"@id":"https:\/\/www.tecdmx.org.mx\/index.php\/magistrado-armando-ambriz-hernandez\/#primaryimage"},"thumbnailUrl":"https:\/\/www.tecdmx.org.mx\/wp-content\/uploads\/2025\/06\/aah-2025.jpg","datePublished":"2019-11-27T18:21:19+00:00","dateModified":"2025-12-03T23:57:09+00:00","breadcrumb":{"@id":"https:\/\/www.tecdmx.org.mx\/index.php\/magistrado-armando-ambriz-hernandez\/#breadcrumb"},"inLanguage":"es","potentialAction":[{"@type":"ReadAction","target":["https:\/\/www.tecdmx.org.mx\/index.php\/magistrado-armando-ambriz-hernandez\/"]}]},{"@type":"ImageObject","inLanguage":"es","@id":"https:\/\/www.tecdmx.org.mx\/index.php\/magistrado-armando-ambriz-hernandez\/#primaryimage","url":"https:\/\/www.tecdmx.org.mx\/wp-content\/uploads\/2025\/06\/aah-2025.jpg","contentUrl":"https:\/\/www.tecdmx.org.mx\/wp-content\/uploads\/2025\/06\/aah-2025.jpg","width":952,"height":952},{"@type":"BreadcrumbList","@id":"https:\/\/www.tecdmx.org.mx\/index.php\/magistrado-armando-ambriz-hernandez\/#breadcrumb","itemListElement":[{"@type":"ListItem","position":1,"name":"Portada","item":"https:\/\/www.tecdmx.org.mx\/"},{"@type":"ListItem","position":2,"name":"Magistrado Armando Ambriz Hern\u00e1ndez"}]},{"@type":"WebSite","@id":"https:\/\/www.tecdmx.org.mx\/#website","url":"https:\/\/www.tecdmx.org.mx\/","name":"Tribunal Electoral de la Ciudad de M\u00e9xico","description":"25 a\u00f1os garantizando justicia en tu elecci\u00f3n","potentialAction":[{"@type":"SearchAction","target":{"@type":"EntryPoint","urlTemplate":"https:\/\/www.tecdmx.org.mx\/?s={search_term_string}"},"query-input":"required name=search_term_string"}],"inLanguage":"es"}]}},"_links":{"self":[{"href":"https:\/\/www.tecdmx.org.mx\/index.php\/wp-json\/wp\/v2\/pages\/16303"}],"collection":[{"href":"https:\/\/www.tecdmx.org.mx\/index.php\/wp-json\/wp\/v2\/pages"}],"about":[{"href":"https:\/\/www.tecdmx.org.mx\/index.php\/wp-json\/wp\/v2\/types\/page"}],"author":[{"embeddable":true,"href":"https:\/\/www.tecdmx.org.mx\/index.php\/wp-json\/wp\/v2\/users\/13"}],"replies":[{"embeddable":true,"href":"https:\/\/www.tecdmx.org.mx\/index.php\/wp-json\/wp\/v2\/comments?post=16303"}],"version-history":[{"count":25,"href":"https:\/\/www.tecdmx.org.mx\/index.php\/wp-json\/wp\/v2\/pages\/16303\/revisions"}],"predecessor-version":[{"id":60106,"href":"https:\/\/www.tecdmx.org.mx\/index.php\/wp-json\/wp\/v2\/pages\/16303\/revisions\/60106"}],"wp:attachment":[{"href":"https:\/\/www.tecdmx.org.mx\/index.php\/wp-json\/wp\/v2\/media?parent=16303"}],"curies":[{"name":"wp","href":"https:\/\/api.w.org\/{rel}","templated":true}]}}