{"id":20586,"date":"2020-08-06T18:36:22","date_gmt":"2020-08-06T23:36:22","guid":{"rendered":"https:\/\/www.tecdmx.org.mx\/?page_id=20586"},"modified":"2020-08-15T13:25:46","modified_gmt":"2020-08-15T18:25:46","slug":"informe-de-labores-tecmdx-2019","status":"publish","type":"page","link":"https:\/\/www.tecdmx.org.mx\/index.php\/informe-de-labores-tecmdx-2019\/","title":{"rendered":"Informe de Labores TECDMX 2019"},"content":{"rendered":"\n<div class=\"wp-block-image\"><figure class=\"aligncenter size-large\"><img loading=\"lazy\" decoding=\"async\" width=\"774\" height=\"350\" src=\"https:\/\/www.tecdmx.org.mx\/wp-content\/uploads\/2020\/08\/Informe_anual_portada-774x350.png\" alt=\"\" class=\"wp-image-20622\" srcset=\"https:\/\/www.tecdmx.org.mx\/wp-content\/uploads\/2020\/08\/Informe_anual_portada-446x202.png 446w, https:\/\/www.tecdmx.org.mx\/wp-content\/uploads\/2020\/08\/Informe_anual_portada-774x350.png 774w, https:\/\/www.tecdmx.org.mx\/wp-content\/uploads\/2020\/08\/Informe_anual_portada-768x347.png 768w, https:\/\/www.tecdmx.org.mx\/wp-content\/uploads\/2020\/08\/Informe_anual_portada-1536x695.png 1536w, https:\/\/www.tecdmx.org.mx\/wp-content\/uploads\/2020\/08\/Informe_anual_portada.png 1640w\" sizes=\"(max-width: 774px) 100vw, 774px\" \/><\/figure><\/div>\n\n\n\n<hr class=\"wp-block-separator is-style-dots\"\/>\n\n\n\n<style>.embed-container { position: relative; padding-bottom:56.25%; height:0; overflow: hidden; max-width: 100%; } .embed-container iframe, .embed-container object, .embed-container embed { position: absolute; top: 0; left: 0; width: 100%; height: 100%;}<\/style><div class=\"embed-container\" data-page-width=\"418\" data-page-height=\"640\" id=\"ypembedcontainer\"><iframe src=\"https:\/\/www.yumpu.com\/es\/embed\/view\/PutWJCZMGfmF38yK\" frameborder=\"0\" allowfullscreen=\"true\" allowtransparency=\"true\"><\/iframe><\/div><script src=\"https:\/\/players.yumpu.com\/modules\/embed\/yp_r_iframe.js\"><\/script>\n\n\n\n<hr class=\"wp-block-separator is-style-dots\"\/>\n\n\n\n<style>.embed-container { position: relative; padding-bottom:56.25%; height:0; overflow: hidden; max-width: 100%; } .embed-container iframe, .embed-container object, .embed-container embed { position: absolute; top: 0; left: 0; width: 100%; height: 100%;}<\/style><div class=\"embed-container\" data-page-width=\"418\" data-page-height=\"640\" id=\"ypembedcontainer\"><iframe src=\"https:\/\/www.youtube.com\/embed\/mNbtWHU3Jco\" frameborder=\"0\" allowfullscreen=\"true\" allowtransparency=\"true\"><\/iframe><\/div><script src=\"https:\/\/players.yumpu.com\/modules\/embed\/yp_r_iframe.js\"><\/script>\n\n\n\n<hr class=\"wp-block-separator is-style-dots\"\/>\n\n\n\n<div class=\"wp-block-button aligncenter is-style-fill\"><a class=\"wp-block-button__link has-text-color has-very-light-gray-color has-background\" href=\"https:\/\/www.tecdmx.org.mx\/wp-content\/uploads\/2020\/08\/Informelabores2019_Versionfinal_13_Agosto_ok_baja.pdf\" style=\"background-color:#6e0882;border-radius:7px\">Descarga la versi\u00f3n digital<\/a><\/div>\n\n\n\n<hr class=\"wp-block-separator is-style-dots\"\/>\n\n\n\n<p class=\"has-text-align-center\"><strong>Pleno del TECDMX<\/strong><\/p>\n\n\n\n<div class=\"wp-block-group\"><div class=\"wp-block-group__inner-container is-layout-flow wp-block-group-is-layout-flow\">\n<div class=\"wp-block-image\"><figure class=\"aligncenter size-large is-resized\"><img decoding=\"async\" src=\"https:\/\/www.tecdmx.org.mx\/wp-content\/uploads\/2020\/08\/Pleno_informe-629x350.png\" alt=\"\" class=\"wp-image-20666\" width=\"1200\" srcset=\"https:\/\/www.tecdmx.org.mx\/wp-content\/uploads\/2020\/08\/Pleno_informe-446x248.png 446w, https:\/\/www.tecdmx.org.mx\/wp-content\/uploads\/2020\/08\/Pleno_informe-629x350.png 629w, https:\/\/www.tecdmx.org.mx\/wp-content\/uploads\/2020\/08\/Pleno_informe-768x428.png 768w, https:\/\/www.tecdmx.org.mx\/wp-content\/uploads\/2020\/08\/Pleno_informe.png 812w\" sizes=\"(max-width: 629px) 100vw, 629px\" \/><\/figure><\/div>\n\n\n\n\t\t<div style=\"width:800px;height:300px;margin-bottom:10px;margin:0px auto;\">\r\n\t\t\t<div style=\"margin: auto; line-height: 40px; font-size: 14px; color: #FFF; padding: 15px; background: #E74C3C; margin: 20px 0px;\">\r\n\t\t\t\tRevolution Slider Error: Slider with alias <strong>Pleno<\/strong> not found. <br>Maybe you mean: 'header-home'\t\t\t<\/div>\r\n\t\t<\/div>\r\n\t\t<script type=\"text\/javascript\">\r\n\t\t\tjQuery(document).ready(function(){\r\n\t\t\t\tjQuery(\".rev_slider\").show();\r\n\t\t\t});\r\n\t\t<\/script>\r\n\t\t\n<\/div><\/div>\n\n\n\n<hr class=\"wp-block-separator is-style-dots\"\/>\n\n\n\n<p class=\"has-text-align-center\"><strong>Galer\u00eda<\/strong><\/p>\n\n\n\n<hr class=\"wp-block-separator is-style-dots\"\/>\n\n\n\n\t\t<div style=\"width:800px;height:300px;margin-bottom:10px;margin:0px auto;\">\r\n\t\t\t<div style=\"margin: auto; line-height: 40px; font-size: 14px; color: #FFF; padding: 15px; background: #E74C3C; margin: 20px 0px;\">\r\n\t\t\t\tRevolution Slider Error: Slider with alias <strong>Informe_2019<\/strong> not found. <br>Maybe you mean: 'header-home'\t\t\t<\/div>\r\n\t\t<\/div>\r\n\t\t<script type=\"text\/javascript\">\r\n\t\t\tjQuery(document).ready(function(){\r\n\t\t\t\tjQuery(\".rev_slider\").show();\r\n\t\t\t});\r\n\t\t<\/script>\r\n\t\t\n\n\n\n<hr class=\"wp-block-separator is-style-dots\"\/>\n\n\n\n<div class=\"wp-block-button aligncenter is-style-fill\"><a class=\"wp-block-button__link has-text-color has-very-light-gray-color has-background\" href=\"https:\/\/www.tecdmx.org.mx\/index.php\/informes-de-labores\/\" style=\"background-color:#6e0882;border-radius:7px\">Consulta los Informes anteriores<\/a><\/div>\n","protected":false},"excerpt":{"rendered":"<p>Pleno del TECDMX Galer\u00eda<\/p>\n","protected":false},"author":13,"featured_media":0,"parent":0,"menu_order":0,"comment_status":"closed","ping_status":"closed","template":"page-templates\/page-full-width.php","meta":{"_acf_changed":false,"_exactmetrics_skip_tracking":false,"_exactmetrics_sitenote_active":false,"_exactmetrics_sitenote_note":"","_exactmetrics_sitenote_category":0,"footnotes":""},"acf":[],"yoast_head":"<!-- This site is optimized with the Yoast SEO plugin v22.3 - https:\/\/yoast.com\/wordpress\/plugins\/seo\/ -->\n<title>Informe de Labores TECDMX 2019 - Tribunal Electoral de la Ciudad de M\u00e9xico<\/title>\n<meta name=\"robots\" content=\"index, follow, max-snippet:-1, max-image-preview:large, max-video-preview:-1\" \/>\n<link rel=\"canonical\" href=\"https:\/\/www.tecdmx.org.mx\/index.php\/informe-de-labores-tecmdx-2019\/\" \/>\n<meta property=\"og:locale\" content=\"es_ES\" \/>\n<meta property=\"og:type\" content=\"article\" \/>\n<meta property=\"og:title\" content=\"Informe de Labores TECDMX 2019 - Tribunal Electoral de la Ciudad de M\u00e9xico\" \/>\n<meta property=\"og:description\" content=\"Pleno del TECDMX Galer\u00eda\" \/>\n<meta property=\"og:url\" content=\"https:\/\/www.tecdmx.org.mx\/index.php\/informe-de-labores-tecmdx-2019\/\" \/>\n<meta property=\"og:site_name\" content=\"Tribunal Electoral de la Ciudad de M\u00e9xico\" \/>\n<meta property=\"article:publisher\" content=\"https:\/\/www.facebook.com\/TECDMX\/\" \/>\n<meta property=\"article:modified_time\" content=\"2020-08-15T18:25:46+00:00\" \/>\n<meta property=\"og:image\" content=\"https:\/\/www.tecdmx.org.mx\/wp-content\/uploads\/2020\/08\/Informe_anual_portada-774x350.png\" \/>\n<meta name=\"twitter:card\" content=\"summary_large_image\" \/>\n<meta name=\"twitter:site\" content=\"@tecdmx\" \/>\n<script type=\"application\/ld+json\" class=\"yoast-schema-graph\">{\"@context\":\"https:\/\/schema.org\",\"@graph\":[{\"@type\":\"WebPage\",\"@id\":\"https:\/\/www.tecdmx.org.mx\/index.php\/informe-de-labores-tecmdx-2019\/\",\"url\":\"https:\/\/www.tecdmx.org.mx\/index.php\/informe-de-labores-tecmdx-2019\/\",\"name\":\"Informe de Labores TECDMX 2019 - Tribunal Electoral de la Ciudad de M\u00e9xico\",\"isPartOf\":{\"@id\":\"https:\/\/www.tecdmx.org.mx\/#website\"},\"primaryImageOfPage\":{\"@id\":\"https:\/\/www.tecdmx.org.mx\/index.php\/informe-de-labores-tecmdx-2019\/#primaryimage\"},\"image\":{\"@id\":\"https:\/\/www.tecdmx.org.mx\/index.php\/informe-de-labores-tecmdx-2019\/#primaryimage\"},\"thumbnailUrl\":\"https:\/\/www.tecdmx.org.mx\/wp-content\/uploads\/2020\/08\/Informe_anual_portada-774x350.png\",\"datePublished\":\"2020-08-06T23:36:22+00:00\",\"dateModified\":\"2020-08-15T18:25:46+00:00\",\"breadcrumb\":{\"@id\":\"https:\/\/www.tecdmx.org.mx\/index.php\/informe-de-labores-tecmdx-2019\/#breadcrumb\"},\"inLanguage\":\"es\",\"potentialAction\":[{\"@type\":\"ReadAction\",\"target\":[\"https:\/\/www.tecdmx.org.mx\/index.php\/informe-de-labores-tecmdx-2019\/\"]}]},{\"@type\":\"ImageObject\",\"inLanguage\":\"es\",\"@id\":\"https:\/\/www.tecdmx.org.mx\/index.php\/informe-de-labores-tecmdx-2019\/#primaryimage\",\"url\":\"https:\/\/www.tecdmx.org.mx\/wp-content\/uploads\/2020\/08\/Informe_anual_portada-774x350.png\",\"contentUrl\":\"https:\/\/www.tecdmx.org.mx\/wp-content\/uploads\/2020\/08\/Informe_anual_portada-774x350.png\"},{\"@type\":\"BreadcrumbList\",\"@id\":\"https:\/\/www.tecdmx.org.mx\/index.php\/informe-de-labores-tecmdx-2019\/#breadcrumb\",\"itemListElement\":[{\"@type\":\"ListItem\",\"position\":1,\"name\":\"Portada\",\"item\":\"https:\/\/www.tecdmx.org.mx\/\"},{\"@type\":\"ListItem\",\"position\":2,\"name\":\"Informe de Labores TECDMX 2019\"}]},{\"@type\":\"WebSite\",\"@id\":\"https:\/\/www.tecdmx.org.mx\/#website\",\"url\":\"https:\/\/www.tecdmx.org.mx\/\",\"name\":\"Tribunal Electoral de la Ciudad de M\u00e9xico\",\"description\":\"25 a\u00f1os garantizando justicia en tu elecci\u00f3n\",\"potentialAction\":[{\"@type\":\"SearchAction\",\"target\":{\"@type\":\"EntryPoint\",\"urlTemplate\":\"https:\/\/www.tecdmx.org.mx\/?s={search_term_string}\"},\"query-input\":\"required name=search_term_string\"}],\"inLanguage\":\"es\"}]}<\/script>\n<!-- \/ Yoast SEO plugin. -->","yoast_head_json":{"title":"Informe de Labores TECDMX 2019 - Tribunal Electoral de la Ciudad de M\u00e9xico","robots":{"index":"index","follow":"follow","max-snippet":"max-snippet:-1","max-image-preview":"max-image-preview:large","max-video-preview":"max-video-preview:-1"},"canonical":"https:\/\/www.tecdmx.org.mx\/index.php\/informe-de-labores-tecmdx-2019\/","og_locale":"es_ES","og_type":"article","og_title":"Informe de Labores TECDMX 2019 - Tribunal Electoral de la Ciudad de M\u00e9xico","og_description":"Pleno del TECDMX Galer\u00eda","og_url":"https:\/\/www.tecdmx.org.mx\/index.php\/informe-de-labores-tecmdx-2019\/","og_site_name":"Tribunal Electoral de la Ciudad de M\u00e9xico","article_publisher":"https:\/\/www.facebook.com\/TECDMX\/","article_modified_time":"2020-08-15T18:25:46+00:00","og_image":[{"url":"https:\/\/www.tecdmx.org.mx\/wp-content\/uploads\/2020\/08\/Informe_anual_portada-774x350.png"}],"twitter_card":"summary_large_image","twitter_site":"@tecdmx","schema":{"@context":"https:\/\/schema.org","@graph":[{"@type":"WebPage","@id":"https:\/\/www.tecdmx.org.mx\/index.php\/informe-de-labores-tecmdx-2019\/","url":"https:\/\/www.tecdmx.org.mx\/index.php\/informe-de-labores-tecmdx-2019\/","name":"Informe de Labores TECDMX 2019 - Tribunal Electoral de la Ciudad de M\u00e9xico","isPartOf":{"@id":"https:\/\/www.tecdmx.org.mx\/#website"},"primaryImageOfPage":{"@id":"https:\/\/www.tecdmx.org.mx\/index.php\/informe-de-labores-tecmdx-2019\/#primaryimage"},"image":{"@id":"https:\/\/www.tecdmx.org.mx\/index.php\/informe-de-labores-tecmdx-2019\/#primaryimage"},"thumbnailUrl":"https:\/\/www.tecdmx.org.mx\/wp-content\/uploads\/2020\/08\/Informe_anual_portada-774x350.png","datePublished":"2020-08-06T23:36:22+00:00","dateModified":"2020-08-15T18:25:46+00:00","breadcrumb":{"@id":"https:\/\/www.tecdmx.org.mx\/index.php\/informe-de-labores-tecmdx-2019\/#breadcrumb"},"inLanguage":"es","potentialAction":[{"@type":"ReadAction","target":["https:\/\/www.tecdmx.org.mx\/index.php\/informe-de-labores-tecmdx-2019\/"]}]},{"@type":"ImageObject","inLanguage":"es","@id":"https:\/\/www.tecdmx.org.mx\/index.php\/informe-de-labores-tecmdx-2019\/#primaryimage","url":"https:\/\/www.tecdmx.org.mx\/wp-content\/uploads\/2020\/08\/Informe_anual_portada-774x350.png","contentUrl":"https:\/\/www.tecdmx.org.mx\/wp-content\/uploads\/2020\/08\/Informe_anual_portada-774x350.png"},{"@type":"BreadcrumbList","@id":"https:\/\/www.tecdmx.org.mx\/index.php\/informe-de-labores-tecmdx-2019\/#breadcrumb","itemListElement":[{"@type":"ListItem","position":1,"name":"Portada","item":"https:\/\/www.tecdmx.org.mx\/"},{"@type":"ListItem","position":2,"name":"Informe de Labores TECDMX 2019"}]},{"@type":"WebSite","@id":"https:\/\/www.tecdmx.org.mx\/#website","url":"https:\/\/www.tecdmx.org.mx\/","name":"Tribunal Electoral de la Ciudad de M\u00e9xico","description":"25 a\u00f1os garantizando justicia en tu elecci\u00f3n","potentialAction":[{"@type":"SearchAction","target":{"@type":"EntryPoint","urlTemplate":"https:\/\/www.tecdmx.org.mx\/?s={search_term_string}"},"query-input":"required name=search_term_string"}],"inLanguage":"es"}]}},"_links":{"self":[{"href":"https:\/\/www.tecdmx.org.mx\/index.php\/wp-json\/wp\/v2\/pages\/20586"}],"collection":[{"href":"https:\/\/www.tecdmx.org.mx\/index.php\/wp-json\/wp\/v2\/pages"}],"about":[{"href":"https:\/\/www.tecdmx.org.mx\/index.php\/wp-json\/wp\/v2\/types\/page"}],"author":[{"embeddable":true,"href":"https:\/\/www.tecdmx.org.mx\/index.php\/wp-json\/wp\/v2\/users\/13"}],"replies":[{"embeddable":true,"href":"https:\/\/www.tecdmx.org.mx\/index.php\/wp-json\/wp\/v2\/comments?post=20586"}],"version-history":[{"count":39,"href":"https:\/\/www.tecdmx.org.mx\/index.php\/wp-json\/wp\/v2\/pages\/20586\/revisions"}],"predecessor-version":[{"id":21007,"href":"https:\/\/www.tecdmx.org.mx\/index.php\/wp-json\/wp\/v2\/pages\/20586\/revisions\/21007"}],"wp:attachment":[{"href":"https:\/\/www.tecdmx.org.mx\/index.php\/wp-json\/wp\/v2\/media?parent=20586"}],"curies":[{"name":"wp","href":"https:\/\/api.w.org\/{rel}","templated":true}]}}