{"id":22156,"date":"2020-09-18T12:28:25","date_gmt":"2020-09-18T17:28:25","guid":{"rendered":"https:\/\/www.tecdmx.org.mx\/?page_id=22156"},"modified":"2020-09-18T12:45:32","modified_gmt":"2020-09-18T17:45:32","slug":"recomendaciones-para-atencion-presencial","status":"publish","type":"page","link":"https:\/\/www.tecdmx.org.mx\/index.php\/recomendaciones-para-atencion-presencial\/","title":{"rendered":"Recomendaciones para atenci\u00f3n presencial"},"content":{"rendered":"\n<figure class=\"wp-block-image size-full\"><img loading=\"lazy\" decoding=\"async\" width=\"1200\" height=\"2272\" src=\"https:\/\/www.tecdmx.org.mx\/wp-content\/uploads\/2020\/09\/recomendaciones_3.jpg\" alt=\"\" class=\"wp-image-22165\" srcset=\"https:\/\/www.tecdmx.org.mx\/wp-content\/uploads\/2020\/09\/recomendaciones_3-132x250.jpg 132w, https:\/\/www.tecdmx.org.mx\/wp-content\/uploads\/2020\/09\/recomendaciones_3-185x350.jpg 185w, https:\/\/www.tecdmx.org.mx\/wp-content\/uploads\/2020\/09\/recomendaciones_3-768x1454.jpg 768w, https:\/\/www.tecdmx.org.mx\/wp-content\/uploads\/2020\/09\/recomendaciones_3-811x1536.jpg 811w, https:\/\/www.tecdmx.org.mx\/wp-content\/uploads\/2020\/09\/recomendaciones_3-1082x2048.jpg 1082w, https:\/\/www.tecdmx.org.mx\/wp-content\/uploads\/2020\/09\/recomendaciones_3.jpg 1200w\" sizes=\"(max-width: 1200px) 100vw, 1200px\" \/><\/figure>\n","protected":false},"excerpt":{"rendered":"","protected":false},"author":13,"featured_media":0,"parent":0,"menu_order":0,"comment_status":"closed","ping_status":"closed","template":"","meta":{"_acf_changed":false,"_exactmetrics_skip_tracking":false,"_exactmetrics_sitenote_active":false,"_exactmetrics_sitenote_note":"","_exactmetrics_sitenote_category":0,"footnotes":""},"acf":[],"yoast_head":"<!-- This site is optimized with the Yoast SEO plugin v22.3 - https:\/\/yoast.com\/wordpress\/plugins\/seo\/ -->\n<title>Recomendaciones para atenci\u00f3n presencial - Tribunal Electoral de la Ciudad de M\u00e9xico<\/title>\n<meta name=\"robots\" content=\"index, follow, max-snippet:-1, max-image-preview:large, max-video-preview:-1\" \/>\n<link rel=\"canonical\" href=\"https:\/\/www.tecdmx.org.mx\/index.php\/recomendaciones-para-atencion-presencial\/\" \/>\n<meta property=\"og:locale\" content=\"es_ES\" \/>\n<meta property=\"og:type\" content=\"article\" \/>\n<meta property=\"og:title\" content=\"Recomendaciones para atenci\u00f3n presencial - Tribunal Electoral de la Ciudad de M\u00e9xico\" \/>\n<meta property=\"og:url\" content=\"https:\/\/www.tecdmx.org.mx\/index.php\/recomendaciones-para-atencion-presencial\/\" \/>\n<meta property=\"og:site_name\" content=\"Tribunal Electoral de la Ciudad de M\u00e9xico\" \/>\n<meta property=\"article:publisher\" content=\"https:\/\/www.facebook.com\/TECDMX\/\" \/>\n<meta property=\"article:modified_time\" content=\"2020-09-18T17:45:32+00:00\" \/>\n<meta property=\"og:image\" content=\"https:\/\/www.tecdmx.org.mx\/wp-content\/uploads\/2020\/09\/recomendaciones_3.jpg\" \/>\n<meta name=\"twitter:card\" content=\"summary_large_image\" \/>\n<meta name=\"twitter:site\" content=\"@tecdmx\" \/>\n<script type=\"application\/ld+json\" class=\"yoast-schema-graph\">{\"@context\":\"https:\/\/schema.org\",\"@graph\":[{\"@type\":\"WebPage\",\"@id\":\"https:\/\/www.tecdmx.org.mx\/index.php\/recomendaciones-para-atencion-presencial\/\",\"url\":\"https:\/\/www.tecdmx.org.mx\/index.php\/recomendaciones-para-atencion-presencial\/\",\"name\":\"Recomendaciones para atenci\u00f3n presencial - Tribunal Electoral de la Ciudad de M\u00e9xico\",\"isPartOf\":{\"@id\":\"https:\/\/www.tecdmx.org.mx\/#website\"},\"primaryImageOfPage\":{\"@id\":\"https:\/\/www.tecdmx.org.mx\/index.php\/recomendaciones-para-atencion-presencial\/#primaryimage\"},\"image\":{\"@id\":\"https:\/\/www.tecdmx.org.mx\/index.php\/recomendaciones-para-atencion-presencial\/#primaryimage\"},\"thumbnailUrl\":\"https:\/\/www.tecdmx.org.mx\/wp-content\/uploads\/2020\/09\/recomendaciones_3.jpg\",\"datePublished\":\"2020-09-18T17:28:25+00:00\",\"dateModified\":\"2020-09-18T17:45:32+00:00\",\"breadcrumb\":{\"@id\":\"https:\/\/www.tecdmx.org.mx\/index.php\/recomendaciones-para-atencion-presencial\/#breadcrumb\"},\"inLanguage\":\"es\",\"potentialAction\":[{\"@type\":\"ReadAction\",\"target\":[\"https:\/\/www.tecdmx.org.mx\/index.php\/recomendaciones-para-atencion-presencial\/\"]}]},{\"@type\":\"ImageObject\",\"inLanguage\":\"es\",\"@id\":\"https:\/\/www.tecdmx.org.mx\/index.php\/recomendaciones-para-atencion-presencial\/#primaryimage\",\"url\":\"https:\/\/www.tecdmx.org.mx\/wp-content\/uploads\/2020\/09\/recomendaciones_3.jpg\",\"contentUrl\":\"https:\/\/www.tecdmx.org.mx\/wp-content\/uploads\/2020\/09\/recomendaciones_3.jpg\"},{\"@type\":\"BreadcrumbList\",\"@id\":\"https:\/\/www.tecdmx.org.mx\/index.php\/recomendaciones-para-atencion-presencial\/#breadcrumb\",\"itemListElement\":[{\"@type\":\"ListItem\",\"position\":1,\"name\":\"Portada\",\"item\":\"https:\/\/www.tecdmx.org.mx\/\"},{\"@type\":\"ListItem\",\"position\":2,\"name\":\"Recomendaciones para atenci\u00f3n presencial\"}]},{\"@type\":\"WebSite\",\"@id\":\"https:\/\/www.tecdmx.org.mx\/#website\",\"url\":\"https:\/\/www.tecdmx.org.mx\/\",\"name\":\"Tribunal Electoral de la Ciudad de M\u00e9xico\",\"description\":\"25 a\u00f1os garantizando justicia en tu elecci\u00f3n\",\"potentialAction\":[{\"@type\":\"SearchAction\",\"target\":{\"@type\":\"EntryPoint\",\"urlTemplate\":\"https:\/\/www.tecdmx.org.mx\/?s={search_term_string}\"},\"query-input\":\"required name=search_term_string\"}],\"inLanguage\":\"es\"}]}<\/script>\n<!-- \/ Yoast SEO plugin. -->","yoast_head_json":{"title":"Recomendaciones para atenci\u00f3n presencial - Tribunal Electoral de la Ciudad de M\u00e9xico","robots":{"index":"index","follow":"follow","max-snippet":"max-snippet:-1","max-image-preview":"max-image-preview:large","max-video-preview":"max-video-preview:-1"},"canonical":"https:\/\/www.tecdmx.org.mx\/index.php\/recomendaciones-para-atencion-presencial\/","og_locale":"es_ES","og_type":"article","og_title":"Recomendaciones para atenci\u00f3n presencial - Tribunal Electoral de la Ciudad de M\u00e9xico","og_url":"https:\/\/www.tecdmx.org.mx\/index.php\/recomendaciones-para-atencion-presencial\/","og_site_name":"Tribunal Electoral de la Ciudad de M\u00e9xico","article_publisher":"https:\/\/www.facebook.com\/TECDMX\/","article_modified_time":"2020-09-18T17:45:32+00:00","og_image":[{"url":"https:\/\/www.tecdmx.org.mx\/wp-content\/uploads\/2020\/09\/recomendaciones_3.jpg"}],"twitter_card":"summary_large_image","twitter_site":"@tecdmx","schema":{"@context":"https:\/\/schema.org","@graph":[{"@type":"WebPage","@id":"https:\/\/www.tecdmx.org.mx\/index.php\/recomendaciones-para-atencion-presencial\/","url":"https:\/\/www.tecdmx.org.mx\/index.php\/recomendaciones-para-atencion-presencial\/","name":"Recomendaciones para atenci\u00f3n presencial - Tribunal Electoral de la Ciudad de M\u00e9xico","isPartOf":{"@id":"https:\/\/www.tecdmx.org.mx\/#website"},"primaryImageOfPage":{"@id":"https:\/\/www.tecdmx.org.mx\/index.php\/recomendaciones-para-atencion-presencial\/#primaryimage"},"image":{"@id":"https:\/\/www.tecdmx.org.mx\/index.php\/recomendaciones-para-atencion-presencial\/#primaryimage"},"thumbnailUrl":"https:\/\/www.tecdmx.org.mx\/wp-content\/uploads\/2020\/09\/recomendaciones_3.jpg","datePublished":"2020-09-18T17:28:25+00:00","dateModified":"2020-09-18T17:45:32+00:00","breadcrumb":{"@id":"https:\/\/www.tecdmx.org.mx\/index.php\/recomendaciones-para-atencion-presencial\/#breadcrumb"},"inLanguage":"es","potentialAction":[{"@type":"ReadAction","target":["https:\/\/www.tecdmx.org.mx\/index.php\/recomendaciones-para-atencion-presencial\/"]}]},{"@type":"ImageObject","inLanguage":"es","@id":"https:\/\/www.tecdmx.org.mx\/index.php\/recomendaciones-para-atencion-presencial\/#primaryimage","url":"https:\/\/www.tecdmx.org.mx\/wp-content\/uploads\/2020\/09\/recomendaciones_3.jpg","contentUrl":"https:\/\/www.tecdmx.org.mx\/wp-content\/uploads\/2020\/09\/recomendaciones_3.jpg"},{"@type":"BreadcrumbList","@id":"https:\/\/www.tecdmx.org.mx\/index.php\/recomendaciones-para-atencion-presencial\/#breadcrumb","itemListElement":[{"@type":"ListItem","position":1,"name":"Portada","item":"https:\/\/www.tecdmx.org.mx\/"},{"@type":"ListItem","position":2,"name":"Recomendaciones para atenci\u00f3n presencial"}]},{"@type":"WebSite","@id":"https:\/\/www.tecdmx.org.mx\/#website","url":"https:\/\/www.tecdmx.org.mx\/","name":"Tribunal Electoral de la Ciudad de M\u00e9xico","description":"25 a\u00f1os garantizando justicia en tu elecci\u00f3n","potentialAction":[{"@type":"SearchAction","target":{"@type":"EntryPoint","urlTemplate":"https:\/\/www.tecdmx.org.mx\/?s={search_term_string}"},"query-input":"required name=search_term_string"}],"inLanguage":"es"}]}},"_links":{"self":[{"href":"https:\/\/www.tecdmx.org.mx\/index.php\/wp-json\/wp\/v2\/pages\/22156"}],"collection":[{"href":"https:\/\/www.tecdmx.org.mx\/index.php\/wp-json\/wp\/v2\/pages"}],"about":[{"href":"https:\/\/www.tecdmx.org.mx\/index.php\/wp-json\/wp\/v2\/types\/page"}],"author":[{"embeddable":true,"href":"https:\/\/www.tecdmx.org.mx\/index.php\/wp-json\/wp\/v2\/users\/13"}],"replies":[{"embeddable":true,"href":"https:\/\/www.tecdmx.org.mx\/index.php\/wp-json\/wp\/v2\/comments?post=22156"}],"version-history":[{"count":2,"href":"https:\/\/www.tecdmx.org.mx\/index.php\/wp-json\/wp\/v2\/pages\/22156\/revisions"}],"predecessor-version":[{"id":22166,"href":"https:\/\/www.tecdmx.org.mx\/index.php\/wp-json\/wp\/v2\/pages\/22156\/revisions\/22166"}],"wp:attachment":[{"href":"https:\/\/www.tecdmx.org.mx\/index.php\/wp-json\/wp\/v2\/media?parent=22156"}],"curies":[{"name":"wp","href":"https:\/\/api.w.org\/{rel}","templated":true}]}}