{"id":25849,"date":"2021-04-19T14:47:12","date_gmt":"2021-04-19T19:47:12","guid":{"rendered":"https:\/\/www.tecdmx.org.mx\/?page_id=25849"},"modified":"2025-02-20T11:04:29","modified_gmt":"2025-02-20T17:04:29","slug":"programa-anual-de-adquisiciones-arrendamientos-y-prestacion-de-servicios-del-tribunal-electoral-de-la-ciudad-de-mexico","status":"publish","type":"page","link":"https:\/\/www.tecdmx.org.mx\/index.php\/programa-anual-de-adquisiciones-arrendamientos-y-prestacion-de-servicios-del-tribunal-electoral-de-la-ciudad-de-mexico\/","title":{"rendered":"PROGRAMA ANUAL DE ADQUISICIONES, ARRENDAMIENTOS Y PRESTACI\u00d3N DE SERVICIOS"},"content":{"rendered":"\n<div style=\"height:100px\" aria-hidden=\"true\" class=\"wp-block-spacer\"><\/div>\n\n\n\n<p><strong>PROGRAMA ANUAL DE ADQUISICIONES, ARRENDAMIENTOS Y PRESTACI\u00d3N DE SERVICIOS DEL TRIBUNAL ELECTORAL DE LA CIUDAD DE M\u00c9XICO<\/strong> <strong>(PAAAPS)<\/strong><\/p>\n\n\n\n<div style=\"height:100px\" aria-hidden=\"true\" class=\"wp-block-spacer\"><\/div>\n\n\n\n<div class=\"wp-block-buttons is-layout-flex wp-block-buttons-is-layout-flex\">\n<div class=\"wp-block-button\"><a class=\"wp-block-button__link has-white-color has-text-color has-background wp-element-button\" href=\"https:\/\/www.tecdmx.org.mx\/wp-content\/uploads\/2025\/02\/PAAAPS-2025.pdf\" style=\"background-color:#0a2241\" target=\"_blank\" rel=\"noreferrer noopener\">    PAAAPS      2025    <\/a><\/div>\n<\/div>\n\n\n\n<div style=\"height:100px\" aria-hidden=\"true\" class=\"wp-block-spacer\"><\/div>\n\n\n\n<div class=\"wp-block-buttons is-layout-flex wp-block-buttons-is-layout-flex\">\n<div class=\"wp-block-button\"><a class=\"wp-block-button__link has-white-color has-text-color has-background wp-element-button\" href=\"https:\/\/www.tecdmx.org.mx\/wp-content\/uploads\/2024\/04\/PAAAPS-2024.pdf\" style=\"background-color:#0a2241\" target=\"_blank\" rel=\"noreferrer noopener\">    PAAAPS      2024    <\/a><\/div>\n<\/div>\n\n\n\n<div style=\"height:100px\" aria-hidden=\"true\" class=\"wp-block-spacer\"><\/div>\n\n\n\n<div class=\"wp-block-buttons is-layout-flex wp-block-buttons-is-layout-flex\">\n<div class=\"wp-block-button\"><a class=\"wp-block-button__link has-white-color has-text-color has-background wp-element-button\" href=\"https:\/\/www.tecdmx.org.mx\/wp-content\/uploads\/2023\/03\/Programa-anual-de-adquisiciones_PAAAPS_2023.pdf\" style=\"background-color:#0a2241\" target=\"_blank\" rel=\"noreferrer noopener\">    PAAAPS      2023    <\/a><\/div>\n<\/div>\n\n\n\n<div style=\"height:100px\" aria-hidden=\"true\" class=\"wp-block-spacer\"><\/div>\n\n\n\n<div class=\"wp-block-buttons is-layout-flex wp-block-buttons-is-layout-flex\">\n<div class=\"wp-block-button\"><a class=\"wp-block-button__link has-white-color has-text-color has-background wp-element-button\" href=\"https:\/\/www.tecdmx.org.mx\/wp-content\/uploads\/2023\/03\/Programa-anual-de-adquisiciones_PAAAPS_2022.pdf\" style=\"background-color:#0a2241\" target=\"_blank\" rel=\"noreferrer noopener\">    PAAAPS      2022    <\/a><\/div>\n<\/div>\n\n\n\n<div style=\"height:100px\" aria-hidden=\"true\" class=\"wp-block-spacer\"><\/div>\n\n\n\n<div class=\"wp-block-buttons is-layout-flex wp-block-buttons-is-layout-flex\">\n<div class=\"wp-block-button\"><a class=\"wp-block-button__link has-white-color has-text-color has-background wp-element-button\" href=\"https:\/\/www.tecdmx.org.mx\/wp-content\/uploads\/2021\/04\/PROGRAMA-ANUAL-DE-ADQUISICIONES-ARRENDAMIENTOSY-PRESTAACION-DE-SERVICIOS_2021_FIRMADO.pdf\" style=\"background-color:#0a2241\" target=\"_blank\" rel=\"noreferrer noopener\">    PAAAPS      2021    <\/a><\/div>\n<\/div>\n\n\n\n<div style=\"height:100px\" aria-hidden=\"true\" class=\"wp-block-spacer\"><\/div>\n\n\n\n<div class=\"wp-block-buttons is-layout-flex wp-block-buttons-is-layout-flex\">\n<div class=\"wp-block-button\"><a class=\"wp-block-button__link has-white-color has-text-color has-background wp-element-button\" href=\"https:\/\/www.tecdmx.org.mx\/wp-content\/uploads\/2021\/04\/PAAAPS.pdf\" style=\"background-color:#0a2241\" target=\"_blank\" rel=\"noreferrer noopener\">    PAAAPS      2020    <\/a><\/div>\n<\/div>\n\n\n\n<div style=\"height:100px\" aria-hidden=\"true\" class=\"wp-block-spacer\"><\/div>\n\n\n\n<p><\/p>\n","protected":false},"excerpt":{"rendered":"<p>PROGRAMA ANUAL DE ADQUISICIONES, ARRENDAMIENTOS Y PRESTACI\u00d3N DE SERVICIOS DEL TRIBUNAL ELECTORAL DE LA CIUDAD DE M\u00c9XICO (PAAAPS)<\/p>\n","protected":false},"author":13,"featured_media":0,"parent":0,"menu_order":0,"comment_status":"closed","ping_status":"closed","template":"","meta":{"_acf_changed":false,"_exactmetrics_skip_tracking":false,"_exactmetrics_sitenote_active":false,"_exactmetrics_sitenote_note":"","_exactmetrics_sitenote_category":0,"footnotes":""},"acf":[],"yoast_head":"<!-- This site is optimized with the Yoast SEO plugin v22.3 - https:\/\/yoast.com\/wordpress\/plugins\/seo\/ -->\n<title>PROGRAMA ANUAL DE ADQUISICIONES, ARRENDAMIENTOS Y PRESTACI\u00d3N DE SERVICIOS - Tribunal Electoral de la Ciudad de M\u00e9xico<\/title>\n<meta name=\"robots\" content=\"index, follow, max-snippet:-1, max-image-preview:large, max-video-preview:-1\" \/>\n<link rel=\"canonical\" href=\"https:\/\/www.tecdmx.org.mx\/index.php\/programa-anual-de-adquisiciones-arrendamientos-y-prestacion-de-servicios-del-tribunal-electoral-de-la-ciudad-de-mexico\/\" \/>\n<meta property=\"og:locale\" content=\"es_ES\" \/>\n<meta property=\"og:type\" content=\"article\" \/>\n<meta property=\"og:title\" content=\"PROGRAMA ANUAL DE ADQUISICIONES, ARRENDAMIENTOS Y PRESTACI\u00d3N DE SERVICIOS - Tribunal Electoral de la Ciudad de M\u00e9xico\" \/>\n<meta property=\"og:description\" content=\"PROGRAMA ANUAL DE ADQUISICIONES, ARRENDAMIENTOS Y PRESTACI\u00d3N DE SERVICIOS DEL TRIBUNAL ELECTORAL DE LA CIUDAD DE M\u00c9XICO (PAAAPS)\" \/>\n<meta property=\"og:url\" content=\"https:\/\/www.tecdmx.org.mx\/index.php\/programa-anual-de-adquisiciones-arrendamientos-y-prestacion-de-servicios-del-tribunal-electoral-de-la-ciudad-de-mexico\/\" \/>\n<meta property=\"og:site_name\" content=\"Tribunal Electoral de la Ciudad de M\u00e9xico\" \/>\n<meta property=\"article:publisher\" content=\"https:\/\/www.facebook.com\/TECDMX\/\" \/>\n<meta property=\"article:modified_time\" content=\"2025-02-20T17:04:29+00:00\" \/>\n<meta name=\"twitter:card\" content=\"summary_large_image\" \/>\n<meta name=\"twitter:site\" content=\"@tecdmx\" \/>\n<meta name=\"twitter:label1\" content=\"Tiempo de lectura\" \/>\n\t<meta name=\"twitter:data1\" content=\"1 minuto\" \/>\n<script type=\"application\/ld+json\" class=\"yoast-schema-graph\">{\"@context\":\"https:\/\/schema.org\",\"@graph\":[{\"@type\":\"WebPage\",\"@id\":\"https:\/\/www.tecdmx.org.mx\/index.php\/programa-anual-de-adquisiciones-arrendamientos-y-prestacion-de-servicios-del-tribunal-electoral-de-la-ciudad-de-mexico\/\",\"url\":\"https:\/\/www.tecdmx.org.mx\/index.php\/programa-anual-de-adquisiciones-arrendamientos-y-prestacion-de-servicios-del-tribunal-electoral-de-la-ciudad-de-mexico\/\",\"name\":\"PROGRAMA ANUAL DE ADQUISICIONES, ARRENDAMIENTOS Y PRESTACI\u00d3N DE SERVICIOS - Tribunal Electoral de la Ciudad de M\u00e9xico\",\"isPartOf\":{\"@id\":\"https:\/\/www.tecdmx.org.mx\/#website\"},\"datePublished\":\"2021-04-19T19:47:12+00:00\",\"dateModified\":\"2025-02-20T17:04:29+00:00\",\"breadcrumb\":{\"@id\":\"https:\/\/www.tecdmx.org.mx\/index.php\/programa-anual-de-adquisiciones-arrendamientos-y-prestacion-de-servicios-del-tribunal-electoral-de-la-ciudad-de-mexico\/#breadcrumb\"},\"inLanguage\":\"es\",\"potentialAction\":[{\"@type\":\"ReadAction\",\"target\":[\"https:\/\/www.tecdmx.org.mx\/index.php\/programa-anual-de-adquisiciones-arrendamientos-y-prestacion-de-servicios-del-tribunal-electoral-de-la-ciudad-de-mexico\/\"]}]},{\"@type\":\"BreadcrumbList\",\"@id\":\"https:\/\/www.tecdmx.org.mx\/index.php\/programa-anual-de-adquisiciones-arrendamientos-y-prestacion-de-servicios-del-tribunal-electoral-de-la-ciudad-de-mexico\/#breadcrumb\",\"itemListElement\":[{\"@type\":\"ListItem\",\"position\":1,\"name\":\"Portada\",\"item\":\"https:\/\/www.tecdmx.org.mx\/\"},{\"@type\":\"ListItem\",\"position\":2,\"name\":\"PROGRAMA ANUAL DE ADQUISICIONES, ARRENDAMIENTOS Y PRESTACI\u00d3N DE SERVICIOS\"}]},{\"@type\":\"WebSite\",\"@id\":\"https:\/\/www.tecdmx.org.mx\/#website\",\"url\":\"https:\/\/www.tecdmx.org.mx\/\",\"name\":\"Tribunal Electoral de la Ciudad de M\u00e9xico\",\"description\":\"25 a\u00f1os garantizando justicia en tu elecci\u00f3n\",\"potentialAction\":[{\"@type\":\"SearchAction\",\"target\":{\"@type\":\"EntryPoint\",\"urlTemplate\":\"https:\/\/www.tecdmx.org.mx\/?s={search_term_string}\"},\"query-input\":\"required name=search_term_string\"}],\"inLanguage\":\"es\"}]}<\/script>\n<!-- \/ Yoast SEO plugin. -->","yoast_head_json":{"title":"PROGRAMA ANUAL DE ADQUISICIONES, ARRENDAMIENTOS Y PRESTACI\u00d3N DE SERVICIOS - Tribunal Electoral de la Ciudad de M\u00e9xico","robots":{"index":"index","follow":"follow","max-snippet":"max-snippet:-1","max-image-preview":"max-image-preview:large","max-video-preview":"max-video-preview:-1"},"canonical":"https:\/\/www.tecdmx.org.mx\/index.php\/programa-anual-de-adquisiciones-arrendamientos-y-prestacion-de-servicios-del-tribunal-electoral-de-la-ciudad-de-mexico\/","og_locale":"es_ES","og_type":"article","og_title":"PROGRAMA ANUAL DE ADQUISICIONES, ARRENDAMIENTOS Y PRESTACI\u00d3N DE SERVICIOS - Tribunal Electoral de la Ciudad de M\u00e9xico","og_description":"PROGRAMA ANUAL DE ADQUISICIONES, ARRENDAMIENTOS Y PRESTACI\u00d3N DE SERVICIOS DEL TRIBUNAL ELECTORAL DE LA CIUDAD DE M\u00c9XICO (PAAAPS)","og_url":"https:\/\/www.tecdmx.org.mx\/index.php\/programa-anual-de-adquisiciones-arrendamientos-y-prestacion-de-servicios-del-tribunal-electoral-de-la-ciudad-de-mexico\/","og_site_name":"Tribunal Electoral de la Ciudad de M\u00e9xico","article_publisher":"https:\/\/www.facebook.com\/TECDMX\/","article_modified_time":"2025-02-20T17:04:29+00:00","twitter_card":"summary_large_image","twitter_site":"@tecdmx","twitter_misc":{"Tiempo de lectura":"1 minuto"},"schema":{"@context":"https:\/\/schema.org","@graph":[{"@type":"WebPage","@id":"https:\/\/www.tecdmx.org.mx\/index.php\/programa-anual-de-adquisiciones-arrendamientos-y-prestacion-de-servicios-del-tribunal-electoral-de-la-ciudad-de-mexico\/","url":"https:\/\/www.tecdmx.org.mx\/index.php\/programa-anual-de-adquisiciones-arrendamientos-y-prestacion-de-servicios-del-tribunal-electoral-de-la-ciudad-de-mexico\/","name":"PROGRAMA ANUAL DE ADQUISICIONES, ARRENDAMIENTOS Y PRESTACI\u00d3N DE SERVICIOS - Tribunal Electoral de la Ciudad de M\u00e9xico","isPartOf":{"@id":"https:\/\/www.tecdmx.org.mx\/#website"},"datePublished":"2021-04-19T19:47:12+00:00","dateModified":"2025-02-20T17:04:29+00:00","breadcrumb":{"@id":"https:\/\/www.tecdmx.org.mx\/index.php\/programa-anual-de-adquisiciones-arrendamientos-y-prestacion-de-servicios-del-tribunal-electoral-de-la-ciudad-de-mexico\/#breadcrumb"},"inLanguage":"es","potentialAction":[{"@type":"ReadAction","target":["https:\/\/www.tecdmx.org.mx\/index.php\/programa-anual-de-adquisiciones-arrendamientos-y-prestacion-de-servicios-del-tribunal-electoral-de-la-ciudad-de-mexico\/"]}]},{"@type":"BreadcrumbList","@id":"https:\/\/www.tecdmx.org.mx\/index.php\/programa-anual-de-adquisiciones-arrendamientos-y-prestacion-de-servicios-del-tribunal-electoral-de-la-ciudad-de-mexico\/#breadcrumb","itemListElement":[{"@type":"ListItem","position":1,"name":"Portada","item":"https:\/\/www.tecdmx.org.mx\/"},{"@type":"ListItem","position":2,"name":"PROGRAMA ANUAL DE ADQUISICIONES, ARRENDAMIENTOS Y PRESTACI\u00d3N DE SERVICIOS"}]},{"@type":"WebSite","@id":"https:\/\/www.tecdmx.org.mx\/#website","url":"https:\/\/www.tecdmx.org.mx\/","name":"Tribunal Electoral de la Ciudad de M\u00e9xico","description":"25 a\u00f1os garantizando justicia en tu elecci\u00f3n","potentialAction":[{"@type":"SearchAction","target":{"@type":"EntryPoint","urlTemplate":"https:\/\/www.tecdmx.org.mx\/?s={search_term_string}"},"query-input":"required name=search_term_string"}],"inLanguage":"es"}]}},"_links":{"self":[{"href":"https:\/\/www.tecdmx.org.mx\/index.php\/wp-json\/wp\/v2\/pages\/25849"}],"collection":[{"href":"https:\/\/www.tecdmx.org.mx\/index.php\/wp-json\/wp\/v2\/pages"}],"about":[{"href":"https:\/\/www.tecdmx.org.mx\/index.php\/wp-json\/wp\/v2\/types\/page"}],"author":[{"embeddable":true,"href":"https:\/\/www.tecdmx.org.mx\/index.php\/wp-json\/wp\/v2\/users\/13"}],"replies":[{"embeddable":true,"href":"https:\/\/www.tecdmx.org.mx\/index.php\/wp-json\/wp\/v2\/comments?post=25849"}],"version-history":[{"count":12,"href":"https:\/\/www.tecdmx.org.mx\/index.php\/wp-json\/wp\/v2\/pages\/25849\/revisions"}],"predecessor-version":[{"id":55189,"href":"https:\/\/www.tecdmx.org.mx\/index.php\/wp-json\/wp\/v2\/pages\/25849\/revisions\/55189"}],"wp:attachment":[{"href":"https:\/\/www.tecdmx.org.mx\/index.php\/wp-json\/wp\/v2\/media?parent=25849"}],"curies":[{"name":"wp","href":"https:\/\/api.w.org\/{rel}","templated":true}]}}