{"id":26770,"date":"2021-06-07T14:59:48","date_gmt":"2021-06-07T19:59:48","guid":{"rendered":"https:\/\/www.tecdmx.org.mx\/?page_id=26770"},"modified":"2021-07-28T13:24:10","modified_gmt":"2021-07-28T18:24:10","slug":"marco-normativo-2","status":"publish","type":"page","link":"https:\/\/www.tecdmx.org.mx\/index.php\/marco-normativo-2\/","title":{"rendered":"Marco Normativo 2"},"content":{"rendered":"\n<hr class=\"wp-block-separator\"\/>\n\n\n\n<div class=\"wp-block-buttons is-layout-flex wp-block-buttons-is-layout-flex\">\n<div class=\"wp-block-button\"><a class=\"wp-block-button__link has-white-color has-text-color has-background\" href=\"http:\/\/transparencia.tecdmx.org.mx\/sites\/default\/files\/archivos\/art121\/01\/tratados_internacionales\/tratados_internacionales.xlsx\" style=\"background-color:#6c0562\">Tratados Internacionales<\/a><\/div>\n<\/div>\n\n\n\n<hr class=\"wp-block-separator\"\/>\n\n\n\n<div class=\"wp-block-buttons is-layout-flex wp-block-buttons-is-layout-flex\">\n<div class=\"wp-block-button\"><a class=\"wp-block-button__link has-background\" href=\"http:\/\/transparencia.tecdmx.org.mx\/sites\/default\/files\/archivos\/art121\/01\/2021\/const_polit_eum\/const_polit.xlsx\" style=\"background-color:#62135f\">Constituci\u00f3n Pol\u00edtica de la Ciudad de M\u00e9xico<\/a><\/div>\n<\/div>\n\n\n\n<hr class=\"wp-block-separator\"\/>\n\n\n\n<div class=\"wp-block-buttons is-layout-flex wp-block-buttons-is-layout-flex\">\n<div class=\"wp-block-button\"><a class=\"wp-block-button__link has-background\" href=\"http:\/\/transparencia.tecdmx.org.mx\/sites\/default\/files\/archivos\/art121\/01\/2020\/const_polit_cdmx\/constitucion_politica_cdmx.xlsx\" style=\"background-color:#62135f\">Constituci\u00f3n Pol\u00edtica de la Ciudad de M\u00e9xico<\/a><\/div>\n<\/div>\n\n\n\n<hr class=\"wp-block-separator\"\/>\n\n\n\n<div class=\"wp-block-buttons is-layout-flex wp-block-buttons-is-layout-flex\">\n<div class=\"wp-block-button\"><a class=\"wp-block-button__link has-background\" href=\"http:\/\/transparencia.tecdmx.org.mx\/sites\/default\/files\/archivos\/art121\/01\/2021\/leyes\/Leyes.xlsx\" style=\"background-color:#62135f\">Leyes<\/a><\/div>\n<\/div>\n\n\n\n<hr class=\"wp-block-separator\"\/>\n\n\n\n<div class=\"wp-block-buttons is-layout-flex wp-block-buttons-is-layout-flex\">\n<div class=\"wp-block-button\"><a class=\"wp-block-button__link has-background\" href=\"http:\/\/transparencia.tecdmx.org.mx\/sites\/default\/files\/archivos\/art121\/01\/2021\/lineamientos\/lineamientos.xlsx\" style=\"background-color:#62135f\">Lineamientos<\/a><\/div>\n<\/div>\n\n\n\n<hr class=\"wp-block-separator\"\/>\n\n\n\n<div class=\"wp-block-buttons is-layout-flex wp-block-buttons-is-layout-flex\">\n<div class=\"wp-block-button\"><a class=\"wp-block-button__link has-background\" href=\"http:\/\/transparencia.tecdmx.org.mx\/sites\/default\/files\/archivos\/art121\/01\/2020\/codigos\/codigos.xlsx\" style=\"background-color:#62135f\">C\u00f3digos<\/a><\/div>\n<\/div>\n\n\n\n<hr class=\"wp-block-separator\"\/>\n\n\n\n<div class=\"wp-block-buttons is-layout-flex wp-block-buttons-is-layout-flex\">\n<div class=\"wp-block-button\"><a class=\"wp-block-button__link has-background\" href=\"http:\/\/transparencia.tecdmx.org.mx\/sites\/default\/files\/archivos\/art121\/01\/2021\/reglamentos\/reglamentos.xlsx\" style=\"background-color:#62135f\">Reglamentos<\/a><\/div>\n<\/div>\n\n\n\n<hr class=\"wp-block-separator\"\/>\n\n\n\n<div class=\"wp-block-buttons is-layout-flex wp-block-buttons-is-layout-flex\">\n<div class=\"wp-block-button\"><a class=\"wp-block-button__link has-background\" href=\"http:\/\/transparencia.tecdmx.org.mx\/sites\/default\/files\/archivos\/art121\/01\/decretos\/decretos.xlsx\" style=\"background-color:#62135f\">Decretos<\/a><\/div>\n<\/div>\n\n\n\n<hr class=\"wp-block-separator\"\/>\n\n\n\n<div class=\"wp-block-buttons is-layout-flex wp-block-buttons-is-layout-flex\">\n<div class=\"wp-block-button\"><a class=\"wp-block-button__link has-background\" href=\"http:\/\/transparencia.tecdmx.org.mx\/sites\/default\/files\/archivos\/art121\/01\/leyes\/estatuto_gdf.xlsx\" style=\"background-color:#62135f\">Estatuto de Gobierno del Distrito Federal<\/a><\/div>\n<\/div>\n\n\n\n<hr class=\"wp-block-separator\"\/>\n\n\n\n<div class=\"wp-block-buttons is-layout-flex wp-block-buttons-is-layout-flex\">\n<div class=\"wp-block-button\"><a class=\"wp-block-button__link has-background\" href=\"http:\/\/transparencia.tecdmx.org.mx\/sites\/default\/files\/archivos\/art121\/01\/2021\/manuales\/manuales.xlsx\" style=\"background-color:#62135f\">Manuales Administrativos<\/a><\/div>\n<\/div>\n\n\n\n<hr class=\"wp-block-separator\"\/>\n\n\n\n<div class=\"wp-block-buttons is-layout-flex wp-block-buttons-is-layout-flex\">\n<div class=\"wp-block-button\"><a class=\"wp-block-button__link has-background\" href=\"http:\/\/transparencia.tecdmx.org.mx\/sites\/default\/files\/archivos\/art121\/01\/2020\/reglas\/reglas_proced.xlsx\" style=\"background-color:#62135f\">Reglas de Procedimiento<\/a><\/div>\n<\/div>\n\n\n\n<hr class=\"wp-block-separator\"\/>\n\n\n\n<div class=\"wp-block-buttons is-layout-flex wp-block-buttons-is-layout-flex\">\n<div class=\"wp-block-button\"><a class=\"wp-block-button__link has-background\" href=\"http:\/\/transparencia.tecdmx.org.mx\/sites\/default\/files\/archivos\/art121\/01\/criterios\/criterios.xlsx\" style=\"background-color:#62135f\">Criterios<\/a><\/div>\n<\/div>\n\n\n\n<hr class=\"wp-block-separator\"\/>\n\n\n\n<div class=\"wp-block-buttons is-layout-flex wp-block-buttons-is-layout-flex\">\n<div class=\"wp-block-button\"><a class=\"wp-block-button__link has-background\" href=\"http:\/\/transparencia.tecdmx.org.mx\/sites\/default\/files\/archivos\/art121\/01\/2021\/politicas\/politicas.xlsx\" style=\"background-color:#62135f\">Pol\u00edticas Emitidas<\/a><\/div>\n<\/div>\n\n\n\n<hr class=\"wp-block-separator\"\/>\n\n\n\n<div class=\"wp-block-buttons is-layout-flex wp-block-buttons-is-layout-flex\">\n<div class=\"wp-block-button\"><a class=\"wp-block-button__link has-background\" href=\"http:\/\/transparencia.tecdmx.org.mx\/sites\/default\/files\/archivos\/art121\/01\/2021\/otros_docs\/otros_documentos.xlsx\" style=\"background-color:#62135f\">Otros Documentos Normativos<\/a><\/div>\n<\/div>\n\n\n\n<hr class=\"wp-block-separator\"\/>\n\n\n\n<div class=\"wp-block-buttons is-layout-flex wp-block-buttons-is-layout-flex\">\n<div class=\"wp-block-button\"><a class=\"wp-block-button__link has-background\" href=\"https:\/\/data.consejeria.cdmx.gob.mx\/index.php\/gaceta\" style=\"background-color:#62135f\">Gaceta Oficial de la Ciudad de M\u00e9xico<\/a><\/div>\n<\/div>\n\n\n\n<hr class=\"wp-block-separator\"\/>\n\n\n\n<div class=\"wp-block-buttons is-layout-flex wp-block-buttons-is-layout-flex\">\n<div class=\"wp-block-button\"><a class=\"wp-block-button__link has-background\" href=\"http:\/\/transparencia.tecdmx.org.mx\/sites\/default\/files\/archivos\/art121\/01\/2021\/Prontuario\/pront_tecdmx.xlsx\" style=\"background-color:#62135f\">Prontuario Normativo de la Ciudad de M\u00e9xico<\/a><\/div>\n<\/div>\n\n\n\n<p><\/p>\n\n\n\n<p><a href=\"http:\/\/transparencia.tecdmx.org.mx\/sites\/default\/files\/archivos\/art121\/01\/tratados_internacionales\/tratados_internacionales.xlsx\" target=\"_blank\" rel=\"noreferrer noopener nofollow\">boton prueba<\/a><\/p>\n","protected":false},"excerpt":{"rendered":"<p>boton prueba<\/p>\n","protected":false},"author":13,"featured_media":0,"parent":0,"menu_order":0,"comment_status":"closed","ping_status":"closed","template":"","meta":{"_acf_changed":false,"_exactmetrics_skip_tracking":false,"_exactmetrics_sitenote_active":false,"_exactmetrics_sitenote_note":"","_exactmetrics_sitenote_category":0,"footnotes":""},"acf":[],"yoast_head":"<!-- This site is optimized with the Yoast SEO plugin v22.3 - https:\/\/yoast.com\/wordpress\/plugins\/seo\/ -->\n<title>Marco Normativo 2 - Tribunal Electoral de la Ciudad de M\u00e9xico<\/title>\n<meta name=\"robots\" content=\"index, follow, max-snippet:-1, max-image-preview:large, max-video-preview:-1\" \/>\n<link rel=\"canonical\" href=\"https:\/\/www.tecdmx.org.mx\/index.php\/marco-normativo-2\/\" \/>\n<meta property=\"og:locale\" content=\"es_ES\" \/>\n<meta property=\"og:type\" content=\"article\" \/>\n<meta property=\"og:title\" content=\"Marco Normativo 2 - Tribunal Electoral de la Ciudad de M\u00e9xico\" \/>\n<meta property=\"og:description\" content=\"boton prueba\" \/>\n<meta property=\"og:url\" content=\"https:\/\/www.tecdmx.org.mx\/index.php\/marco-normativo-2\/\" \/>\n<meta property=\"og:site_name\" content=\"Tribunal Electoral de la Ciudad de M\u00e9xico\" \/>\n<meta property=\"article:publisher\" content=\"https:\/\/www.facebook.com\/TECDMX\/\" \/>\n<meta property=\"article:modified_time\" content=\"2021-07-28T18:24:10+00:00\" \/>\n<meta name=\"twitter:card\" content=\"summary_large_image\" \/>\n<meta name=\"twitter:site\" content=\"@tecdmx\" \/>\n<script type=\"application\/ld+json\" class=\"yoast-schema-graph\">{\"@context\":\"https:\/\/schema.org\",\"@graph\":[{\"@type\":\"WebPage\",\"@id\":\"https:\/\/www.tecdmx.org.mx\/index.php\/marco-normativo-2\/\",\"url\":\"https:\/\/www.tecdmx.org.mx\/index.php\/marco-normativo-2\/\",\"name\":\"Marco Normativo 2 - Tribunal Electoral de la Ciudad de M\u00e9xico\",\"isPartOf\":{\"@id\":\"https:\/\/www.tecdmx.org.mx\/#website\"},\"datePublished\":\"2021-06-07T19:59:48+00:00\",\"dateModified\":\"2021-07-28T18:24:10+00:00\",\"breadcrumb\":{\"@id\":\"https:\/\/www.tecdmx.org.mx\/index.php\/marco-normativo-2\/#breadcrumb\"},\"inLanguage\":\"es\",\"potentialAction\":[{\"@type\":\"ReadAction\",\"target\":[\"https:\/\/www.tecdmx.org.mx\/index.php\/marco-normativo-2\/\"]}]},{\"@type\":\"BreadcrumbList\",\"@id\":\"https:\/\/www.tecdmx.org.mx\/index.php\/marco-normativo-2\/#breadcrumb\",\"itemListElement\":[{\"@type\":\"ListItem\",\"position\":1,\"name\":\"Portada\",\"item\":\"https:\/\/www.tecdmx.org.mx\/\"},{\"@type\":\"ListItem\",\"position\":2,\"name\":\"Marco Normativo 2\"}]},{\"@type\":\"WebSite\",\"@id\":\"https:\/\/www.tecdmx.org.mx\/#website\",\"url\":\"https:\/\/www.tecdmx.org.mx\/\",\"name\":\"Tribunal Electoral de la Ciudad de M\u00e9xico\",\"description\":\"25 a\u00f1os garantizando justicia en tu elecci\u00f3n\",\"potentialAction\":[{\"@type\":\"SearchAction\",\"target\":{\"@type\":\"EntryPoint\",\"urlTemplate\":\"https:\/\/www.tecdmx.org.mx\/?s={search_term_string}\"},\"query-input\":\"required name=search_term_string\"}],\"inLanguage\":\"es\"}]}<\/script>\n<!-- \/ Yoast SEO plugin. -->","yoast_head_json":{"title":"Marco Normativo 2 - Tribunal Electoral de la Ciudad de M\u00e9xico","robots":{"index":"index","follow":"follow","max-snippet":"max-snippet:-1","max-image-preview":"max-image-preview:large","max-video-preview":"max-video-preview:-1"},"canonical":"https:\/\/www.tecdmx.org.mx\/index.php\/marco-normativo-2\/","og_locale":"es_ES","og_type":"article","og_title":"Marco Normativo 2 - Tribunal Electoral de la Ciudad de M\u00e9xico","og_description":"boton prueba","og_url":"https:\/\/www.tecdmx.org.mx\/index.php\/marco-normativo-2\/","og_site_name":"Tribunal Electoral de la Ciudad de M\u00e9xico","article_publisher":"https:\/\/www.facebook.com\/TECDMX\/","article_modified_time":"2021-07-28T18:24:10+00:00","twitter_card":"summary_large_image","twitter_site":"@tecdmx","schema":{"@context":"https:\/\/schema.org","@graph":[{"@type":"WebPage","@id":"https:\/\/www.tecdmx.org.mx\/index.php\/marco-normativo-2\/","url":"https:\/\/www.tecdmx.org.mx\/index.php\/marco-normativo-2\/","name":"Marco Normativo 2 - Tribunal Electoral de la Ciudad de M\u00e9xico","isPartOf":{"@id":"https:\/\/www.tecdmx.org.mx\/#website"},"datePublished":"2021-06-07T19:59:48+00:00","dateModified":"2021-07-28T18:24:10+00:00","breadcrumb":{"@id":"https:\/\/www.tecdmx.org.mx\/index.php\/marco-normativo-2\/#breadcrumb"},"inLanguage":"es","potentialAction":[{"@type":"ReadAction","target":["https:\/\/www.tecdmx.org.mx\/index.php\/marco-normativo-2\/"]}]},{"@type":"BreadcrumbList","@id":"https:\/\/www.tecdmx.org.mx\/index.php\/marco-normativo-2\/#breadcrumb","itemListElement":[{"@type":"ListItem","position":1,"name":"Portada","item":"https:\/\/www.tecdmx.org.mx\/"},{"@type":"ListItem","position":2,"name":"Marco Normativo 2"}]},{"@type":"WebSite","@id":"https:\/\/www.tecdmx.org.mx\/#website","url":"https:\/\/www.tecdmx.org.mx\/","name":"Tribunal Electoral de la Ciudad de M\u00e9xico","description":"25 a\u00f1os garantizando justicia en tu elecci\u00f3n","potentialAction":[{"@type":"SearchAction","target":{"@type":"EntryPoint","urlTemplate":"https:\/\/www.tecdmx.org.mx\/?s={search_term_string}"},"query-input":"required name=search_term_string"}],"inLanguage":"es"}]}},"_links":{"self":[{"href":"https:\/\/www.tecdmx.org.mx\/index.php\/wp-json\/wp\/v2\/pages\/26770"}],"collection":[{"href":"https:\/\/www.tecdmx.org.mx\/index.php\/wp-json\/wp\/v2\/pages"}],"about":[{"href":"https:\/\/www.tecdmx.org.mx\/index.php\/wp-json\/wp\/v2\/types\/page"}],"author":[{"embeddable":true,"href":"https:\/\/www.tecdmx.org.mx\/index.php\/wp-json\/wp\/v2\/users\/13"}],"replies":[{"embeddable":true,"href":"https:\/\/www.tecdmx.org.mx\/index.php\/wp-json\/wp\/v2\/comments?post=26770"}],"version-history":[{"count":6,"href":"https:\/\/www.tecdmx.org.mx\/index.php\/wp-json\/wp\/v2\/pages\/26770\/revisions"}],"predecessor-version":[{"id":28343,"href":"https:\/\/www.tecdmx.org.mx\/index.php\/wp-json\/wp\/v2\/pages\/26770\/revisions\/28343"}],"wp:attachment":[{"href":"https:\/\/www.tecdmx.org.mx\/index.php\/wp-json\/wp\/v2\/media?parent=26770"}],"curies":[{"name":"wp","href":"https:\/\/api.w.org\/{rel}","templated":true}]}}