{"id":29032,"date":"2021-08-03T12:44:15","date_gmt":"2021-08-03T17:44:15","guid":{"rendered":"https:\/\/www.tecdmx.org.mx\/?page_id=29032"},"modified":"2021-08-03T14:24:07","modified_gmt":"2021-08-03T19:24:07","slug":"memorias-agitando-ideas-2020-tomo-1-y-2","status":"publish","type":"page","link":"https:\/\/www.tecdmx.org.mx\/index.php\/memorias-agitando-ideas-2020-tomo-1-y-2\/","title":{"rendered":"Memorias Agitando Ideas 2020 Tomo 1 y 2"},"content":{"rendered":"\n<p><strong>Memorias Agitando Ideas una experiencia a distancia Tomo 1 y 2<\/strong><\/p>\n\n\n\n<div style=\"height:100px\" aria-hidden=\"true\" class=\"wp-block-spacer\"><\/div>\n\n\n\n<div class=\"wp-block-columns is-layout-flex wp-container-core-columns-layout-1 wp-block-columns-is-layout-flex\">\n<div class=\"wp-block-column is-layout-flow wp-block-column-is-layout-flow\">\n<figure class=\"wp-block-image size-full\"><a href=\"https:\/\/www.tecdmx.org.mx\/wp-content\/uploads\/2021\/08\/Libro_agitando_ideas_Tomo1_Ponentes_publicar_web.pdf\"><img loading=\"lazy\" decoding=\"async\" width=\"579\" height=\"935\" src=\"https:\/\/www.tecdmx.org.mx\/wp-content\/uploads\/2021\/08\/Captura-de-Pantalla-2021-08-03-a-las-12.42.10.png\" alt=\"\" class=\"wp-image-29033\" srcset=\"https:\/\/www.tecdmx.org.mx\/wp-content\/uploads\/2021\/08\/Captura-de-Pantalla-2021-08-03-a-las-12.42.10-155x250.png 155w, https:\/\/www.tecdmx.org.mx\/wp-content\/uploads\/2021\/08\/Captura-de-Pantalla-2021-08-03-a-las-12.42.10-217x350.png 217w, https:\/\/www.tecdmx.org.mx\/wp-content\/uploads\/2021\/08\/Captura-de-Pantalla-2021-08-03-a-las-12.42.10.png 579w\" sizes=\"(max-width: 579px) 100vw, 579px\" \/><\/a><\/figure>\n\n\n\n<div style=\"height:100px\" aria-hidden=\"true\" class=\"wp-block-spacer\"><\/div>\n\n\n\n<figure class=\"wp-block-image size-full\"><a href=\"https:\/\/www.tecdmx.org.mx\/wp-content\/uploads\/2021\/08\/Libro_agitando_ideas_Tomo2_Brigadistas-Publicar-web.pdf\"><img loading=\"lazy\" decoding=\"async\" width=\"579\" height=\"937\" src=\"https:\/\/www.tecdmx.org.mx\/wp-content\/uploads\/2021\/08\/Captura-de-Pantalla-2021-08-03-a-las-12.42.01.png\" alt=\"\" class=\"wp-image-29034\" srcset=\"https:\/\/www.tecdmx.org.mx\/wp-content\/uploads\/2021\/08\/Captura-de-Pantalla-2021-08-03-a-las-12.42.01-154x250.png 154w, https:\/\/www.tecdmx.org.mx\/wp-content\/uploads\/2021\/08\/Captura-de-Pantalla-2021-08-03-a-las-12.42.01-216x350.png 216w, https:\/\/www.tecdmx.org.mx\/wp-content\/uploads\/2021\/08\/Captura-de-Pantalla-2021-08-03-a-las-12.42.01.png 579w\" sizes=\"(max-width: 579px) 100vw, 579px\" \/><\/a><\/figure>\n\n\n\n<div style=\"height:100px\" aria-hidden=\"true\" class=\"wp-block-spacer\"><\/div>\n<\/div>\n\n\n\n<div class=\"wp-block-column is-layout-flow wp-block-column-is-layout-flow\"><\/div>\n<\/div>\n\n\n","protected":false},"excerpt":{"rendered":"<p>Memorias Agitando Ideas una experiencia a distancia Tomo 1 y 2<\/p>\n","protected":false},"author":13,"featured_media":21919,"parent":0,"menu_order":0,"comment_status":"closed","ping_status":"closed","template":"","meta":{"_acf_changed":false,"_exactmetrics_skip_tracking":false,"_exactmetrics_sitenote_active":false,"_exactmetrics_sitenote_note":"","_exactmetrics_sitenote_category":0,"footnotes":""},"acf":[],"yoast_head":"<!-- This site is optimized with the Yoast SEO plugin v22.3 - https:\/\/yoast.com\/wordpress\/plugins\/seo\/ -->\n<title>Memorias Agitando Ideas 2020 Tomo 1 y 2 - Tribunal Electoral de la Ciudad de M\u00e9xico<\/title>\n<meta name=\"robots\" content=\"index, follow, max-snippet:-1, max-image-preview:large, max-video-preview:-1\" \/>\n<link rel=\"canonical\" href=\"https:\/\/www.tecdmx.org.mx\/index.php\/memorias-agitando-ideas-2020-tomo-1-y-2\/\" \/>\n<meta property=\"og:locale\" content=\"es_ES\" \/>\n<meta property=\"og:type\" content=\"article\" \/>\n<meta property=\"og:title\" content=\"Memorias Agitando Ideas 2020 Tomo 1 y 2 - Tribunal Electoral de la Ciudad de M\u00e9xico\" \/>\n<meta property=\"og:description\" content=\"Memorias Agitando Ideas una experiencia a distancia Tomo 1 y 2\" \/>\n<meta property=\"og:url\" content=\"https:\/\/www.tecdmx.org.mx\/index.php\/memorias-agitando-ideas-2020-tomo-1-y-2\/\" \/>\n<meta property=\"og:site_name\" content=\"Tribunal Electoral de la Ciudad de M\u00e9xico\" \/>\n<meta property=\"article:publisher\" content=\"https:\/\/www.facebook.com\/TECDMX\/\" \/>\n<meta property=\"article:modified_time\" content=\"2021-08-03T19:24:07+00:00\" \/>\n<meta property=\"og:image\" content=\"https:\/\/www.tecdmx.org.mx\/wp-content\/uploads\/2020\/09\/portada_generica_cuadrenillos.png\" \/>\n\t<meta property=\"og:image:width\" content=\"610\" \/>\n\t<meta property=\"og:image:height\" content=\"790\" \/>\n\t<meta property=\"og:image:type\" content=\"image\/png\" \/>\n<meta name=\"twitter:card\" content=\"summary_large_image\" \/>\n<meta name=\"twitter:site\" content=\"@tecdmx\" \/>\n<script type=\"application\/ld+json\" class=\"yoast-schema-graph\">{\"@context\":\"https:\/\/schema.org\",\"@graph\":[{\"@type\":\"WebPage\",\"@id\":\"https:\/\/www.tecdmx.org.mx\/index.php\/memorias-agitando-ideas-2020-tomo-1-y-2\/\",\"url\":\"https:\/\/www.tecdmx.org.mx\/index.php\/memorias-agitando-ideas-2020-tomo-1-y-2\/\",\"name\":\"Memorias Agitando Ideas 2020 Tomo 1 y 2 - Tribunal Electoral de la Ciudad de M\u00e9xico\",\"isPartOf\":{\"@id\":\"https:\/\/www.tecdmx.org.mx\/#website\"},\"primaryImageOfPage\":{\"@id\":\"https:\/\/www.tecdmx.org.mx\/index.php\/memorias-agitando-ideas-2020-tomo-1-y-2\/#primaryimage\"},\"image\":{\"@id\":\"https:\/\/www.tecdmx.org.mx\/index.php\/memorias-agitando-ideas-2020-tomo-1-y-2\/#primaryimage\"},\"thumbnailUrl\":\"https:\/\/www.tecdmx.org.mx\/wp-content\/uploads\/2020\/09\/portada_generica_cuadrenillos.png\",\"datePublished\":\"2021-08-03T17:44:15+00:00\",\"dateModified\":\"2021-08-03T19:24:07+00:00\",\"breadcrumb\":{\"@id\":\"https:\/\/www.tecdmx.org.mx\/index.php\/memorias-agitando-ideas-2020-tomo-1-y-2\/#breadcrumb\"},\"inLanguage\":\"es\",\"potentialAction\":[{\"@type\":\"ReadAction\",\"target\":[\"https:\/\/www.tecdmx.org.mx\/index.php\/memorias-agitando-ideas-2020-tomo-1-y-2\/\"]}]},{\"@type\":\"ImageObject\",\"inLanguage\":\"es\",\"@id\":\"https:\/\/www.tecdmx.org.mx\/index.php\/memorias-agitando-ideas-2020-tomo-1-y-2\/#primaryimage\",\"url\":\"https:\/\/www.tecdmx.org.mx\/wp-content\/uploads\/2020\/09\/portada_generica_cuadrenillos.png\",\"contentUrl\":\"https:\/\/www.tecdmx.org.mx\/wp-content\/uploads\/2020\/09\/portada_generica_cuadrenillos.png\",\"width\":610,\"height\":790},{\"@type\":\"BreadcrumbList\",\"@id\":\"https:\/\/www.tecdmx.org.mx\/index.php\/memorias-agitando-ideas-2020-tomo-1-y-2\/#breadcrumb\",\"itemListElement\":[{\"@type\":\"ListItem\",\"position\":1,\"name\":\"Portada\",\"item\":\"https:\/\/www.tecdmx.org.mx\/\"},{\"@type\":\"ListItem\",\"position\":2,\"name\":\"Memorias Agitando Ideas 2020 Tomo 1 y 2\"}]},{\"@type\":\"WebSite\",\"@id\":\"https:\/\/www.tecdmx.org.mx\/#website\",\"url\":\"https:\/\/www.tecdmx.org.mx\/\",\"name\":\"Tribunal Electoral de la Ciudad de M\u00e9xico\",\"description\":\"25 a\u00f1os garantizando justicia en tu elecci\u00f3n\",\"potentialAction\":[{\"@type\":\"SearchAction\",\"target\":{\"@type\":\"EntryPoint\",\"urlTemplate\":\"https:\/\/www.tecdmx.org.mx\/?s={search_term_string}\"},\"query-input\":\"required name=search_term_string\"}],\"inLanguage\":\"es\"}]}<\/script>\n<!-- \/ Yoast SEO plugin. -->","yoast_head_json":{"title":"Memorias Agitando Ideas 2020 Tomo 1 y 2 - Tribunal Electoral de la Ciudad de M\u00e9xico","robots":{"index":"index","follow":"follow","max-snippet":"max-snippet:-1","max-image-preview":"max-image-preview:large","max-video-preview":"max-video-preview:-1"},"canonical":"https:\/\/www.tecdmx.org.mx\/index.php\/memorias-agitando-ideas-2020-tomo-1-y-2\/","og_locale":"es_ES","og_type":"article","og_title":"Memorias Agitando Ideas 2020 Tomo 1 y 2 - Tribunal Electoral de la Ciudad de M\u00e9xico","og_description":"Memorias Agitando Ideas una experiencia a distancia Tomo 1 y 2","og_url":"https:\/\/www.tecdmx.org.mx\/index.php\/memorias-agitando-ideas-2020-tomo-1-y-2\/","og_site_name":"Tribunal Electoral de la Ciudad de M\u00e9xico","article_publisher":"https:\/\/www.facebook.com\/TECDMX\/","article_modified_time":"2021-08-03T19:24:07+00:00","og_image":[{"width":610,"height":790,"url":"https:\/\/www.tecdmx.org.mx\/wp-content\/uploads\/2020\/09\/portada_generica_cuadrenillos.png","type":"image\/png"}],"twitter_card":"summary_large_image","twitter_site":"@tecdmx","schema":{"@context":"https:\/\/schema.org","@graph":[{"@type":"WebPage","@id":"https:\/\/www.tecdmx.org.mx\/index.php\/memorias-agitando-ideas-2020-tomo-1-y-2\/","url":"https:\/\/www.tecdmx.org.mx\/index.php\/memorias-agitando-ideas-2020-tomo-1-y-2\/","name":"Memorias Agitando Ideas 2020 Tomo 1 y 2 - Tribunal Electoral de la Ciudad de M\u00e9xico","isPartOf":{"@id":"https:\/\/www.tecdmx.org.mx\/#website"},"primaryImageOfPage":{"@id":"https:\/\/www.tecdmx.org.mx\/index.php\/memorias-agitando-ideas-2020-tomo-1-y-2\/#primaryimage"},"image":{"@id":"https:\/\/www.tecdmx.org.mx\/index.php\/memorias-agitando-ideas-2020-tomo-1-y-2\/#primaryimage"},"thumbnailUrl":"https:\/\/www.tecdmx.org.mx\/wp-content\/uploads\/2020\/09\/portada_generica_cuadrenillos.png","datePublished":"2021-08-03T17:44:15+00:00","dateModified":"2021-08-03T19:24:07+00:00","breadcrumb":{"@id":"https:\/\/www.tecdmx.org.mx\/index.php\/memorias-agitando-ideas-2020-tomo-1-y-2\/#breadcrumb"},"inLanguage":"es","potentialAction":[{"@type":"ReadAction","target":["https:\/\/www.tecdmx.org.mx\/index.php\/memorias-agitando-ideas-2020-tomo-1-y-2\/"]}]},{"@type":"ImageObject","inLanguage":"es","@id":"https:\/\/www.tecdmx.org.mx\/index.php\/memorias-agitando-ideas-2020-tomo-1-y-2\/#primaryimage","url":"https:\/\/www.tecdmx.org.mx\/wp-content\/uploads\/2020\/09\/portada_generica_cuadrenillos.png","contentUrl":"https:\/\/www.tecdmx.org.mx\/wp-content\/uploads\/2020\/09\/portada_generica_cuadrenillos.png","width":610,"height":790},{"@type":"BreadcrumbList","@id":"https:\/\/www.tecdmx.org.mx\/index.php\/memorias-agitando-ideas-2020-tomo-1-y-2\/#breadcrumb","itemListElement":[{"@type":"ListItem","position":1,"name":"Portada","item":"https:\/\/www.tecdmx.org.mx\/"},{"@type":"ListItem","position":2,"name":"Memorias Agitando Ideas 2020 Tomo 1 y 2"}]},{"@type":"WebSite","@id":"https:\/\/www.tecdmx.org.mx\/#website","url":"https:\/\/www.tecdmx.org.mx\/","name":"Tribunal Electoral de la Ciudad de M\u00e9xico","description":"25 a\u00f1os garantizando justicia en tu elecci\u00f3n","potentialAction":[{"@type":"SearchAction","target":{"@type":"EntryPoint","urlTemplate":"https:\/\/www.tecdmx.org.mx\/?s={search_term_string}"},"query-input":"required name=search_term_string"}],"inLanguage":"es"}]}},"_links":{"self":[{"href":"https:\/\/www.tecdmx.org.mx\/index.php\/wp-json\/wp\/v2\/pages\/29032"}],"collection":[{"href":"https:\/\/www.tecdmx.org.mx\/index.php\/wp-json\/wp\/v2\/pages"}],"about":[{"href":"https:\/\/www.tecdmx.org.mx\/index.php\/wp-json\/wp\/v2\/types\/page"}],"author":[{"embeddable":true,"href":"https:\/\/www.tecdmx.org.mx\/index.php\/wp-json\/wp\/v2\/users\/13"}],"replies":[{"embeddable":true,"href":"https:\/\/www.tecdmx.org.mx\/index.php\/wp-json\/wp\/v2\/comments?post=29032"}],"version-history":[{"count":1,"href":"https:\/\/www.tecdmx.org.mx\/index.php\/wp-json\/wp\/v2\/pages\/29032\/revisions"}],"predecessor-version":[{"id":29037,"href":"https:\/\/www.tecdmx.org.mx\/index.php\/wp-json\/wp\/v2\/pages\/29032\/revisions\/29037"}],"wp:featuredmedia":[{"embeddable":true,"href":"https:\/\/www.tecdmx.org.mx\/index.php\/wp-json\/wp\/v2\/media\/21919"}],"wp:attachment":[{"href":"https:\/\/www.tecdmx.org.mx\/index.php\/wp-json\/wp\/v2\/media?parent=29032"}],"curies":[{"name":"wp","href":"https:\/\/api.w.org\/{rel}","templated":true}]}}