{"id":29215,"date":"2024-03-19T18:03:00","date_gmt":"2024-03-20T00:03:00","guid":{"rendered":"https:\/\/www.tecdmx.org.mx\/?page_id=29215"},"modified":"2024-04-02T14:34:05","modified_gmt":"2024-04-02T20:34:05","slug":"guias-para-la-proteccion-de-los-derechos-politico-electorales-de-pueblos-y-barrios-originarios-y-comunidades-indigenas-residentes-en-la-ciudad-de-mexico","status":"publish","type":"page","link":"https:\/\/www.tecdmx.org.mx\/index.php\/guias-para-la-proteccion-de-los-derechos-politico-electorales-de-pueblos-y-barrios-originarios-y-comunidades-indigenas-residentes-en-la-ciudad-de-mexico\/","title":{"rendered":"Gu\u00edas para la protecci\u00f3n de los Derechos Pol\u00edtico-Electorales de Pueblos y Barrios Originarios y Comunidades Ind\u00edgenas residentes en la Ciudad de M\u00e9xico"},"content":{"rendered":"\n<div style=\"height:100px\" aria-hidden=\"true\" class=\"wp-block-spacer\"><\/div>\n\n\n\n<p class=\"has-text-align-center has-large-font-size\"><strong>Gu\u00edas para la protecci\u00f3n de los Derechos Pol\u00edtico-Electorales de Pueblos y Barrios Originarios y Comunidades Ind\u00edgenas residentes en la Ciudad de M\u00e9xico<\/strong><\/p>\n\n\n<div class=\"wp-block-image\">\n<figure class=\"aligncenter size-full\"><img loading=\"lazy\" decoding=\"async\" width=\"1600\" height=\"1600\" src=\"https:\/\/www.tecdmx.org.mx\/wp-content\/uploads\/2024\/04\/4-Guias.jpeg\" alt=\"\" class=\"wp-image-47273\" srcset=\"https:\/\/www.tecdmx.org.mx\/wp-content\/uploads\/2024\/04\/4-Guias-250x250.jpeg 250w, https:\/\/www.tecdmx.org.mx\/wp-content\/uploads\/2024\/04\/4-Guias-350x350.jpeg 350w, https:\/\/www.tecdmx.org.mx\/wp-content\/uploads\/2024\/04\/4-Guias-110x110.jpeg 110w, https:\/\/www.tecdmx.org.mx\/wp-content\/uploads\/2024\/04\/4-Guias-768x768.jpeg 768w, https:\/\/www.tecdmx.org.mx\/wp-content\/uploads\/2024\/04\/4-Guias-1536x1536.jpeg 1536w, https:\/\/www.tecdmx.org.mx\/wp-content\/uploads\/2024\/04\/4-Guias.jpeg 1600w\" sizes=\"(max-width: 1600px) 100vw, 1600px\" \/><\/figure><\/div>\n\n\n<div style=\"height:100px\" aria-hidden=\"true\" class=\"wp-block-spacer\"><\/div>\n\n\n\n<p class=\"has-text-align-center has-large-font-size\"><strong>Espa\u00f1ol<\/strong><\/p>\n\n\n<div class=\"wp-block-image\">\n<figure class=\"aligncenter size-full is-resized\"><a href=\"https:\/\/www.tecdmx.org.mx\/index.php\/guia-pbocir_cdmx_espanol\/\" target=\"_blank\" rel=\"noreferrer noopener\"><img loading=\"lazy\" decoding=\"async\" width=\"4500\" height=\"4500\" src=\"https:\/\/www.tecdmx.org.mx\/wp-content\/uploads\/2024\/04\/Espanol_mano.png\" alt=\"\" class=\"wp-image-47304\" style=\"width:700px\" srcset=\"https:\/\/www.tecdmx.org.mx\/wp-content\/uploads\/2024\/04\/Espanol_mano-250x250.png 250w, https:\/\/www.tecdmx.org.mx\/wp-content\/uploads\/2024\/04\/Espanol_mano-350x350.png 350w, https:\/\/www.tecdmx.org.mx\/wp-content\/uploads\/2024\/04\/Espanol_mano-110x110.png 110w, https:\/\/www.tecdmx.org.mx\/wp-content\/uploads\/2024\/04\/Espanol_mano-768x768.png 768w, https:\/\/www.tecdmx.org.mx\/wp-content\/uploads\/2024\/04\/Espanol_mano-1536x1536.png 1536w, https:\/\/www.tecdmx.org.mx\/wp-content\/uploads\/2024\/04\/Espanol_mano-2048x2048.png 2048w, https:\/\/www.tecdmx.org.mx\/wp-content\/uploads\/2024\/04\/Espanol_mano.png 4500w\" sizes=\"(max-width: 4500px) 100vw, 4500px\" \/><\/a><\/figure><\/div>\n\n\n<div style=\"height:100px\" aria-hidden=\"true\" class=\"wp-block-spacer\"><\/div>\n\n\n\n<hr class=\"wp-block-separator has-alpha-channel-opacity is-style-dots\"\/>\n\n\n\n<div style=\"height:100px\" aria-hidden=\"true\" class=\"wp-block-spacer\"><\/div>\n\n\n\n<p class=\"has-text-align-center has-large-font-size\"><strong>N\u00e1huatl<\/strong><\/p>\n\n\n<div class=\"wp-block-image\">\n<figure class=\"aligncenter size-full is-resized\"><a href=\"https:\/\/www.tecdmx.org.mx\/index.php\/guia-pbocir-cdmx-nahuatl\/\" target=\"_blank\" rel=\"noreferrer noopener\"><img loading=\"lazy\" decoding=\"async\" width=\"4500\" height=\"4500\" src=\"https:\/\/www.tecdmx.org.mx\/wp-content\/uploads\/2024\/04\/Nahuatl_mano.png\" alt=\"\" class=\"wp-image-47302\" style=\"width:700px\" srcset=\"https:\/\/www.tecdmx.org.mx\/wp-content\/uploads\/2024\/04\/Nahuatl_mano-250x250.png 250w, https:\/\/www.tecdmx.org.mx\/wp-content\/uploads\/2024\/04\/Nahuatl_mano-350x350.png 350w, https:\/\/www.tecdmx.org.mx\/wp-content\/uploads\/2024\/04\/Nahuatl_mano-110x110.png 110w, https:\/\/www.tecdmx.org.mx\/wp-content\/uploads\/2024\/04\/Nahuatl_mano-768x768.png 768w, https:\/\/www.tecdmx.org.mx\/wp-content\/uploads\/2024\/04\/Nahuatl_mano-1536x1536.png 1536w, https:\/\/www.tecdmx.org.mx\/wp-content\/uploads\/2024\/04\/Nahuatl_mano-2048x2048.png 2048w, https:\/\/www.tecdmx.org.mx\/wp-content\/uploads\/2024\/04\/Nahuatl_mano.png 4500w\" sizes=\"(max-width: 4500px) 100vw, 4500px\" \/><\/a><\/figure><\/div>\n\n\n<div style=\"height:100px\" aria-hidden=\"true\" class=\"wp-block-spacer\"><\/div>\n\n\n\n<hr class=\"wp-block-separator has-alpha-channel-opacity is-style-dots\"\/>\n\n\n\n<div style=\"height:100px\" aria-hidden=\"true\" class=\"wp-block-spacer\"><\/div>\n\n\n\n<p class=\"has-text-align-center has-large-font-size\"><strong>Mazateco<\/strong><\/p>\n\n\n<div class=\"wp-block-image\">\n<figure class=\"aligncenter size-full is-resized\"><a href=\"https:\/\/www.tecdmx.org.mx\/index.php\/guia-pbocir-cdmx-mazateco\/\" target=\"_blank\" rel=\"noreferrer noopener\"><img loading=\"lazy\" decoding=\"async\" width=\"4500\" height=\"4500\" src=\"https:\/\/www.tecdmx.org.mx\/wp-content\/uploads\/2024\/04\/Mazateco_mano.png\" alt=\"\" class=\"wp-image-47303\" style=\"width:700px\" srcset=\"https:\/\/www.tecdmx.org.mx\/wp-content\/uploads\/2024\/04\/Mazateco_mano-250x250.png 250w, https:\/\/www.tecdmx.org.mx\/wp-content\/uploads\/2024\/04\/Mazateco_mano-350x350.png 350w, https:\/\/www.tecdmx.org.mx\/wp-content\/uploads\/2024\/04\/Mazateco_mano-110x110.png 110w, https:\/\/www.tecdmx.org.mx\/wp-content\/uploads\/2024\/04\/Mazateco_mano-768x768.png 768w, https:\/\/www.tecdmx.org.mx\/wp-content\/uploads\/2024\/04\/Mazateco_mano-1536x1536.png 1536w, https:\/\/www.tecdmx.org.mx\/wp-content\/uploads\/2024\/04\/Mazateco_mano-2048x2048.png 2048w, https:\/\/www.tecdmx.org.mx\/wp-content\/uploads\/2024\/04\/Mazateco_mano.png 4500w\" sizes=\"(max-width: 4500px) 100vw, 4500px\" \/><\/a><\/figure><\/div>\n\n\n<div style=\"height:100px\" aria-hidden=\"true\" class=\"wp-block-spacer\"><\/div>\n\n\n\n<hr class=\"wp-block-separator has-alpha-channel-opacity is-style-dots\"\/>\n\n\n\n<div style=\"height:100px\" aria-hidden=\"true\" class=\"wp-block-spacer\"><\/div>\n\n\n\n<p class=\"has-text-align-center has-large-font-size\"><strong>Tsotsil<\/strong><\/p>\n\n\n<div class=\"wp-block-image\">\n<figure class=\"aligncenter size-full is-resized\"><a href=\"https:\/\/www.tecdmx.org.mx\/index.php\/guia-pbocir-cdmx-tsotsil\/\" target=\"_blank\" rel=\"noreferrer noopener\"><img loading=\"lazy\" decoding=\"async\" width=\"4500\" height=\"4500\" src=\"https:\/\/www.tecdmx.org.mx\/wp-content\/uploads\/2024\/04\/Tsotsil_mano.png\" alt=\"\" class=\"wp-image-47301\" style=\"width:700px\" srcset=\"https:\/\/www.tecdmx.org.mx\/wp-content\/uploads\/2024\/04\/Tsotsil_mano-250x250.png 250w, https:\/\/www.tecdmx.org.mx\/wp-content\/uploads\/2024\/04\/Tsotsil_mano-350x350.png 350w, https:\/\/www.tecdmx.org.mx\/wp-content\/uploads\/2024\/04\/Tsotsil_mano-110x110.png 110w, https:\/\/www.tecdmx.org.mx\/wp-content\/uploads\/2024\/04\/Tsotsil_mano-768x768.png 768w, https:\/\/www.tecdmx.org.mx\/wp-content\/uploads\/2024\/04\/Tsotsil_mano-1536x1536.png 1536w, https:\/\/www.tecdmx.org.mx\/wp-content\/uploads\/2024\/04\/Tsotsil_mano-2048x2048.png 2048w, https:\/\/www.tecdmx.org.mx\/wp-content\/uploads\/2024\/04\/Tsotsil_mano.png 4500w\" sizes=\"(max-width: 4500px) 100vw, 4500px\" \/><\/a><\/figure><\/div>\n\n\n<div style=\"height:100px\" aria-hidden=\"true\" class=\"wp-block-spacer\"><\/div>\n","protected":false},"excerpt":{"rendered":"<p>Gu\u00edas para la protecci\u00f3n de los Derechos Pol\u00edtico-Electorales de Pueblos y Barrios Originarios y Comunidades Ind\u00edgenas residentes en la Ciudad de M\u00e9xico Espa\u00f1ol N\u00e1huatl Mazateco Tsotsil<\/p>\n","protected":false},"author":13,"featured_media":0,"parent":0,"menu_order":0,"comment_status":"closed","ping_status":"closed","template":"","meta":{"_acf_changed":false,"_exactmetrics_skip_tracking":false,"_exactmetrics_sitenote_active":false,"_exactmetrics_sitenote_note":"","_exactmetrics_sitenote_category":0,"footnotes":""},"acf":[],"yoast_head":"<!-- This site is optimized with the Yoast SEO plugin v22.3 - https:\/\/yoast.com\/wordpress\/plugins\/seo\/ -->\n<title>Gu\u00edas para la protecci\u00f3n de los Derechos Pol\u00edtico-Electorales de Pueblos y Barrios Originarios y Comunidades Ind\u00edgenas residentes en la Ciudad de M\u00e9xico - Tribunal Electoral de la Ciudad de M\u00e9xico<\/title>\n<meta name=\"robots\" content=\"index, follow, max-snippet:-1, max-image-preview:large, max-video-preview:-1\" \/>\n<link rel=\"canonical\" href=\"https:\/\/www.tecdmx.org.mx\/index.php\/guias-para-la-proteccion-de-los-derechos-politico-electorales-de-pueblos-y-barrios-originarios-y-comunidades-indigenas-residentes-en-la-ciudad-de-mexico\/\" \/>\n<meta property=\"og:locale\" content=\"es_ES\" \/>\n<meta property=\"og:type\" content=\"article\" \/>\n<meta property=\"og:title\" content=\"Gu\u00edas para la protecci\u00f3n de los Derechos Pol\u00edtico-Electorales de Pueblos y Barrios Originarios y Comunidades Ind\u00edgenas residentes en la Ciudad de M\u00e9xico - Tribunal Electoral de la Ciudad de M\u00e9xico\" \/>\n<meta property=\"og:description\" content=\"Gu\u00edas para la protecci\u00f3n de los Derechos Pol\u00edtico-Electorales de Pueblos y Barrios Originarios y Comunidades Ind\u00edgenas residentes en la Ciudad de M\u00e9xico Espa\u00f1ol N\u00e1huatl Mazateco Tsotsil\" \/>\n<meta property=\"og:url\" content=\"https:\/\/www.tecdmx.org.mx\/index.php\/guias-para-la-proteccion-de-los-derechos-politico-electorales-de-pueblos-y-barrios-originarios-y-comunidades-indigenas-residentes-en-la-ciudad-de-mexico\/\" \/>\n<meta property=\"og:site_name\" content=\"Tribunal Electoral de la Ciudad de M\u00e9xico\" \/>\n<meta property=\"article:publisher\" content=\"https:\/\/www.facebook.com\/TECDMX\/\" \/>\n<meta property=\"article:modified_time\" content=\"2024-04-02T20:34:05+00:00\" \/>\n<meta property=\"og:image\" content=\"https:\/\/www.tecdmx.org.mx\/wp-content\/uploads\/2024\/04\/4-Guias.jpeg\" \/>\n<meta name=\"twitter:card\" content=\"summary_large_image\" \/>\n<meta name=\"twitter:site\" content=\"@tecdmx\" \/>\n<meta name=\"twitter:label1\" content=\"Tiempo de lectura\" \/>\n\t<meta name=\"twitter:data1\" content=\"1 minuto\" \/>\n<script type=\"application\/ld+json\" class=\"yoast-schema-graph\">{\"@context\":\"https:\/\/schema.org\",\"@graph\":[{\"@type\":\"WebPage\",\"@id\":\"https:\/\/www.tecdmx.org.mx\/index.php\/guias-para-la-proteccion-de-los-derechos-politico-electorales-de-pueblos-y-barrios-originarios-y-comunidades-indigenas-residentes-en-la-ciudad-de-mexico\/\",\"url\":\"https:\/\/www.tecdmx.org.mx\/index.php\/guias-para-la-proteccion-de-los-derechos-politico-electorales-de-pueblos-y-barrios-originarios-y-comunidades-indigenas-residentes-en-la-ciudad-de-mexico\/\",\"name\":\"Gu\u00edas para la protecci\u00f3n de los Derechos Pol\u00edtico-Electorales de Pueblos y Barrios Originarios y Comunidades Ind\u00edgenas residentes en la Ciudad de M\u00e9xico - Tribunal Electoral de la Ciudad de M\u00e9xico\",\"isPartOf\":{\"@id\":\"https:\/\/www.tecdmx.org.mx\/#website\"},\"primaryImageOfPage\":{\"@id\":\"https:\/\/www.tecdmx.org.mx\/index.php\/guias-para-la-proteccion-de-los-derechos-politico-electorales-de-pueblos-y-barrios-originarios-y-comunidades-indigenas-residentes-en-la-ciudad-de-mexico\/#primaryimage\"},\"image\":{\"@id\":\"https:\/\/www.tecdmx.org.mx\/index.php\/guias-para-la-proteccion-de-los-derechos-politico-electorales-de-pueblos-y-barrios-originarios-y-comunidades-indigenas-residentes-en-la-ciudad-de-mexico\/#primaryimage\"},\"thumbnailUrl\":\"https:\/\/www.tecdmx.org.mx\/wp-content\/uploads\/2024\/04\/4-Guias.jpeg\",\"datePublished\":\"2024-03-20T00:03:00+00:00\",\"dateModified\":\"2024-04-02T20:34:05+00:00\",\"breadcrumb\":{\"@id\":\"https:\/\/www.tecdmx.org.mx\/index.php\/guias-para-la-proteccion-de-los-derechos-politico-electorales-de-pueblos-y-barrios-originarios-y-comunidades-indigenas-residentes-en-la-ciudad-de-mexico\/#breadcrumb\"},\"inLanguage\":\"es\",\"potentialAction\":[{\"@type\":\"ReadAction\",\"target\":[\"https:\/\/www.tecdmx.org.mx\/index.php\/guias-para-la-proteccion-de-los-derechos-politico-electorales-de-pueblos-y-barrios-originarios-y-comunidades-indigenas-residentes-en-la-ciudad-de-mexico\/\"]}]},{\"@type\":\"ImageObject\",\"inLanguage\":\"es\",\"@id\":\"https:\/\/www.tecdmx.org.mx\/index.php\/guias-para-la-proteccion-de-los-derechos-politico-electorales-de-pueblos-y-barrios-originarios-y-comunidades-indigenas-residentes-en-la-ciudad-de-mexico\/#primaryimage\",\"url\":\"https:\/\/www.tecdmx.org.mx\/wp-content\/uploads\/2024\/04\/4-Guias.jpeg\",\"contentUrl\":\"https:\/\/www.tecdmx.org.mx\/wp-content\/uploads\/2024\/04\/4-Guias.jpeg\",\"width\":1600,\"height\":1600},{\"@type\":\"BreadcrumbList\",\"@id\":\"https:\/\/www.tecdmx.org.mx\/index.php\/guias-para-la-proteccion-de-los-derechos-politico-electorales-de-pueblos-y-barrios-originarios-y-comunidades-indigenas-residentes-en-la-ciudad-de-mexico\/#breadcrumb\",\"itemListElement\":[{\"@type\":\"ListItem\",\"position\":1,\"name\":\"Portada\",\"item\":\"https:\/\/www.tecdmx.org.mx\/\"},{\"@type\":\"ListItem\",\"position\":2,\"name\":\"Gu\u00edas para la protecci\u00f3n de los Derechos Pol\u00edtico-Electorales de Pueblos y Barrios Originarios y Comunidades Ind\u00edgenas residentes en la Ciudad de M\u00e9xico\"}]},{\"@type\":\"WebSite\",\"@id\":\"https:\/\/www.tecdmx.org.mx\/#website\",\"url\":\"https:\/\/www.tecdmx.org.mx\/\",\"name\":\"Tribunal Electoral de la Ciudad de M\u00e9xico\",\"description\":\"25 a\u00f1os garantizando justicia en tu elecci\u00f3n\",\"potentialAction\":[{\"@type\":\"SearchAction\",\"target\":{\"@type\":\"EntryPoint\",\"urlTemplate\":\"https:\/\/www.tecdmx.org.mx\/?s={search_term_string}\"},\"query-input\":\"required name=search_term_string\"}],\"inLanguage\":\"es\"}]}<\/script>\n<!-- \/ Yoast SEO plugin. -->","yoast_head_json":{"title":"Gu\u00edas para la protecci\u00f3n de los Derechos Pol\u00edtico-Electorales de Pueblos y Barrios Originarios y Comunidades Ind\u00edgenas residentes en la Ciudad de M\u00e9xico - Tribunal Electoral de la Ciudad de M\u00e9xico","robots":{"index":"index","follow":"follow","max-snippet":"max-snippet:-1","max-image-preview":"max-image-preview:large","max-video-preview":"max-video-preview:-1"},"canonical":"https:\/\/www.tecdmx.org.mx\/index.php\/guias-para-la-proteccion-de-los-derechos-politico-electorales-de-pueblos-y-barrios-originarios-y-comunidades-indigenas-residentes-en-la-ciudad-de-mexico\/","og_locale":"es_ES","og_type":"article","og_title":"Gu\u00edas para la protecci\u00f3n de los Derechos Pol\u00edtico-Electorales de Pueblos y Barrios Originarios y Comunidades Ind\u00edgenas residentes en la Ciudad de M\u00e9xico - Tribunal Electoral de la Ciudad de M\u00e9xico","og_description":"Gu\u00edas para la protecci\u00f3n de los Derechos Pol\u00edtico-Electorales de Pueblos y Barrios Originarios y Comunidades Ind\u00edgenas residentes en la Ciudad de M\u00e9xico Espa\u00f1ol N\u00e1huatl Mazateco Tsotsil","og_url":"https:\/\/www.tecdmx.org.mx\/index.php\/guias-para-la-proteccion-de-los-derechos-politico-electorales-de-pueblos-y-barrios-originarios-y-comunidades-indigenas-residentes-en-la-ciudad-de-mexico\/","og_site_name":"Tribunal Electoral de la Ciudad de M\u00e9xico","article_publisher":"https:\/\/www.facebook.com\/TECDMX\/","article_modified_time":"2024-04-02T20:34:05+00:00","og_image":[{"url":"https:\/\/www.tecdmx.org.mx\/wp-content\/uploads\/2024\/04\/4-Guias.jpeg"}],"twitter_card":"summary_large_image","twitter_site":"@tecdmx","twitter_misc":{"Tiempo de lectura":"1 minuto"},"schema":{"@context":"https:\/\/schema.org","@graph":[{"@type":"WebPage","@id":"https:\/\/www.tecdmx.org.mx\/index.php\/guias-para-la-proteccion-de-los-derechos-politico-electorales-de-pueblos-y-barrios-originarios-y-comunidades-indigenas-residentes-en-la-ciudad-de-mexico\/","url":"https:\/\/www.tecdmx.org.mx\/index.php\/guias-para-la-proteccion-de-los-derechos-politico-electorales-de-pueblos-y-barrios-originarios-y-comunidades-indigenas-residentes-en-la-ciudad-de-mexico\/","name":"Gu\u00edas para la protecci\u00f3n de los Derechos Pol\u00edtico-Electorales de Pueblos y Barrios Originarios y Comunidades Ind\u00edgenas residentes en la Ciudad de M\u00e9xico - Tribunal Electoral de la Ciudad de M\u00e9xico","isPartOf":{"@id":"https:\/\/www.tecdmx.org.mx\/#website"},"primaryImageOfPage":{"@id":"https:\/\/www.tecdmx.org.mx\/index.php\/guias-para-la-proteccion-de-los-derechos-politico-electorales-de-pueblos-y-barrios-originarios-y-comunidades-indigenas-residentes-en-la-ciudad-de-mexico\/#primaryimage"},"image":{"@id":"https:\/\/www.tecdmx.org.mx\/index.php\/guias-para-la-proteccion-de-los-derechos-politico-electorales-de-pueblos-y-barrios-originarios-y-comunidades-indigenas-residentes-en-la-ciudad-de-mexico\/#primaryimage"},"thumbnailUrl":"https:\/\/www.tecdmx.org.mx\/wp-content\/uploads\/2024\/04\/4-Guias.jpeg","datePublished":"2024-03-20T00:03:00+00:00","dateModified":"2024-04-02T20:34:05+00:00","breadcrumb":{"@id":"https:\/\/www.tecdmx.org.mx\/index.php\/guias-para-la-proteccion-de-los-derechos-politico-electorales-de-pueblos-y-barrios-originarios-y-comunidades-indigenas-residentes-en-la-ciudad-de-mexico\/#breadcrumb"},"inLanguage":"es","potentialAction":[{"@type":"ReadAction","target":["https:\/\/www.tecdmx.org.mx\/index.php\/guias-para-la-proteccion-de-los-derechos-politico-electorales-de-pueblos-y-barrios-originarios-y-comunidades-indigenas-residentes-en-la-ciudad-de-mexico\/"]}]},{"@type":"ImageObject","inLanguage":"es","@id":"https:\/\/www.tecdmx.org.mx\/index.php\/guias-para-la-proteccion-de-los-derechos-politico-electorales-de-pueblos-y-barrios-originarios-y-comunidades-indigenas-residentes-en-la-ciudad-de-mexico\/#primaryimage","url":"https:\/\/www.tecdmx.org.mx\/wp-content\/uploads\/2024\/04\/4-Guias.jpeg","contentUrl":"https:\/\/www.tecdmx.org.mx\/wp-content\/uploads\/2024\/04\/4-Guias.jpeg","width":1600,"height":1600},{"@type":"BreadcrumbList","@id":"https:\/\/www.tecdmx.org.mx\/index.php\/guias-para-la-proteccion-de-los-derechos-politico-electorales-de-pueblos-y-barrios-originarios-y-comunidades-indigenas-residentes-en-la-ciudad-de-mexico\/#breadcrumb","itemListElement":[{"@type":"ListItem","position":1,"name":"Portada","item":"https:\/\/www.tecdmx.org.mx\/"},{"@type":"ListItem","position":2,"name":"Gu\u00edas para la protecci\u00f3n de los Derechos Pol\u00edtico-Electorales de Pueblos y Barrios Originarios y Comunidades Ind\u00edgenas residentes en la Ciudad de M\u00e9xico"}]},{"@type":"WebSite","@id":"https:\/\/www.tecdmx.org.mx\/#website","url":"https:\/\/www.tecdmx.org.mx\/","name":"Tribunal Electoral de la Ciudad de M\u00e9xico","description":"25 a\u00f1os garantizando justicia en tu elecci\u00f3n","potentialAction":[{"@type":"SearchAction","target":{"@type":"EntryPoint","urlTemplate":"https:\/\/www.tecdmx.org.mx\/?s={search_term_string}"},"query-input":"required name=search_term_string"}],"inLanguage":"es"}]}},"_links":{"self":[{"href":"https:\/\/www.tecdmx.org.mx\/index.php\/wp-json\/wp\/v2\/pages\/29215"}],"collection":[{"href":"https:\/\/www.tecdmx.org.mx\/index.php\/wp-json\/wp\/v2\/pages"}],"about":[{"href":"https:\/\/www.tecdmx.org.mx\/index.php\/wp-json\/wp\/v2\/types\/page"}],"author":[{"embeddable":true,"href":"https:\/\/www.tecdmx.org.mx\/index.php\/wp-json\/wp\/v2\/users\/13"}],"replies":[{"embeddable":true,"href":"https:\/\/www.tecdmx.org.mx\/index.php\/wp-json\/wp\/v2\/comments?post=29215"}],"version-history":[{"count":12,"href":"https:\/\/www.tecdmx.org.mx\/index.php\/wp-json\/wp\/v2\/pages\/29215\/revisions"}],"predecessor-version":[{"id":47339,"href":"https:\/\/www.tecdmx.org.mx\/index.php\/wp-json\/wp\/v2\/pages\/29215\/revisions\/47339"}],"wp:attachment":[{"href":"https:\/\/www.tecdmx.org.mx\/index.php\/wp-json\/wp\/v2\/media?parent=29215"}],"curies":[{"name":"wp","href":"https:\/\/api.w.org\/{rel}","templated":true}]}}