{"id":32509,"date":"2021-12-28T17:56:02","date_gmt":"2021-12-28T23:56:02","guid":{"rendered":"https:\/\/www.tecdmx.org.mx\/?page_id=32509"},"modified":"2022-01-03T14:02:38","modified_gmt":"2022-01-03T20:02:38","slug":"memorias-agitando-ideas-2021","status":"publish","type":"page","link":"https:\/\/www.tecdmx.org.mx\/index.php\/memorias-agitando-ideas-2021\/","title":{"rendered":"Memorias Agitando Ideas 2021"},"content":{"rendered":"\n<figure class=\"wp-block-image size-full\"><img loading=\"lazy\" decoding=\"async\" width=\"2000\" height=\"500\" src=\"https:\/\/www.tecdmx.org.mx\/wp-content\/uploads\/2021\/12\/Banner-Agitando2.jpg\" alt=\"\" class=\"wp-image-32506\" srcset=\"https:\/\/www.tecdmx.org.mx\/wp-content\/uploads\/2021\/12\/Banner-Agitando2-446x112.jpg 446w, https:\/\/www.tecdmx.org.mx\/wp-content\/uploads\/2021\/12\/Banner-Agitando2-893x223.jpg 893w, https:\/\/www.tecdmx.org.mx\/wp-content\/uploads\/2021\/12\/Banner-Agitando2-768x192.jpg 768w, https:\/\/www.tecdmx.org.mx\/wp-content\/uploads\/2021\/12\/Banner-Agitando2-1536x384.jpg 1536w, https:\/\/www.tecdmx.org.mx\/wp-content\/uploads\/2021\/12\/Banner-Agitando2.jpg 2000w\" sizes=\"(max-width: 2000px) 100vw, 2000px\" \/><\/figure>\n\n\n\n<div style=\"height:100px\" aria-hidden=\"true\" class=\"wp-block-spacer\"><\/div>\n\n\n\n<h2 class=\"has-text-align-center wp-block-heading\">Da clic en cada una de las portadas para acceder a la publicaci\u00f3n digital<\/h2>\n\n\n\n<div style=\"height:100px\" aria-hidden=\"true\" class=\"wp-block-spacer\"><\/div>\n\n\n\n<div class=\"wp-block-image\"><figure class=\"aligncenter size-full is-resized\"><a href=\"https:\/\/www.tecdmx.org.mx\/wp-content\/uploads\/2022\/01\/1_agitando_ponentes_final.pdf\"><img loading=\"lazy\" decoding=\"async\" src=\"https:\/\/www.tecdmx.org.mx\/wp-content\/uploads\/2021\/12\/portada_tomo1.jpg\" alt=\"\" class=\"wp-image-32507\" width=\"622\" height=\"960\" srcset=\"https:\/\/www.tecdmx.org.mx\/wp-content\/uploads\/2021\/12\/portada_tomo1-162x250.jpg 162w, https:\/\/www.tecdmx.org.mx\/wp-content\/uploads\/2021\/12\/portada_tomo1-227x350.jpg 227w, https:\/\/www.tecdmx.org.mx\/wp-content\/uploads\/2021\/12\/portada_tomo1-768x1186.jpg 768w, https:\/\/www.tecdmx.org.mx\/wp-content\/uploads\/2021\/12\/portada_tomo1-994x1536.jpg 994w, https:\/\/www.tecdmx.org.mx\/wp-content\/uploads\/2021\/12\/portada_tomo1.jpg 1243w\" sizes=\"(max-width: 622px) 100vw, 622px\" \/><\/a><\/figure><\/div>\n\n\n\n<div style=\"height:100px\" aria-hidden=\"true\" class=\"wp-block-spacer\"><\/div>\n\n\n\n<div class=\"wp-block-image\"><figure class=\"aligncenter size-full is-resized\"><a href=\"https:\/\/www.tecdmx.org.mx\/wp-content\/uploads\/2022\/01\/2_agitando_brigadistas_final.pdf\"><img loading=\"lazy\" decoding=\"async\" src=\"https:\/\/www.tecdmx.org.mx\/wp-content\/uploads\/2021\/12\/portada_tomo2.jpg\" alt=\"\" class=\"wp-image-32508\" width=\"624\" height=\"960\" srcset=\"https:\/\/www.tecdmx.org.mx\/wp-content\/uploads\/2021\/12\/portada_tomo2-162x250.jpg 162w, https:\/\/www.tecdmx.org.mx\/wp-content\/uploads\/2021\/12\/portada_tomo2-227x350.jpg 227w, https:\/\/www.tecdmx.org.mx\/wp-content\/uploads\/2021\/12\/portada_tomo2-768x1182.jpg 768w, https:\/\/www.tecdmx.org.mx\/wp-content\/uploads\/2021\/12\/portada_tomo2-998x1536.jpg 998w, https:\/\/www.tecdmx.org.mx\/wp-content\/uploads\/2021\/12\/portada_tomo2.jpg 1247w\" sizes=\"(max-width: 624px) 100vw, 624px\" \/><\/a><\/figure><\/div>\n","protected":false},"excerpt":{"rendered":"<p>Da clic en cada una de las portadas para acceder a la publicaci\u00f3n digital<\/p>\n","protected":false},"author":13,"featured_media":0,"parent":0,"menu_order":0,"comment_status":"closed","ping_status":"closed","template":"page-templates\/page-full-width.php","meta":{"_acf_changed":false,"_exactmetrics_skip_tracking":false,"_exactmetrics_sitenote_active":false,"_exactmetrics_sitenote_note":"","_exactmetrics_sitenote_category":0,"footnotes":""},"acf":[],"yoast_head":"<!-- This site is optimized with the Yoast SEO plugin v22.3 - https:\/\/yoast.com\/wordpress\/plugins\/seo\/ -->\n<title>Memorias Agitando Ideas 2021 - Tribunal Electoral de la Ciudad de M\u00e9xico<\/title>\n<meta name=\"robots\" content=\"index, follow, max-snippet:-1, max-image-preview:large, max-video-preview:-1\" \/>\n<link rel=\"canonical\" href=\"https:\/\/www.tecdmx.org.mx\/index.php\/memorias-agitando-ideas-2021\/\" \/>\n<meta property=\"og:locale\" content=\"es_ES\" \/>\n<meta property=\"og:type\" content=\"article\" \/>\n<meta property=\"og:title\" content=\"Memorias Agitando Ideas 2021 - Tribunal Electoral de la Ciudad de M\u00e9xico\" \/>\n<meta property=\"og:description\" content=\"Da clic en cada una de las portadas para acceder a la publicaci\u00f3n digital\" \/>\n<meta property=\"og:url\" content=\"https:\/\/www.tecdmx.org.mx\/index.php\/memorias-agitando-ideas-2021\/\" \/>\n<meta property=\"og:site_name\" content=\"Tribunal Electoral de la Ciudad de M\u00e9xico\" \/>\n<meta property=\"article:publisher\" content=\"https:\/\/www.facebook.com\/TECDMX\/\" \/>\n<meta property=\"article:modified_time\" content=\"2022-01-03T20:02:38+00:00\" \/>\n<meta property=\"og:image\" content=\"https:\/\/www.tecdmx.org.mx\/wp-content\/uploads\/2021\/12\/Banner-Agitando2.jpg\" \/>\n<meta name=\"twitter:card\" content=\"summary_large_image\" \/>\n<meta name=\"twitter:site\" content=\"@tecdmx\" \/>\n<meta name=\"twitter:label1\" content=\"Tiempo de lectura\" \/>\n\t<meta name=\"twitter:data1\" content=\"1 minuto\" \/>\n<script type=\"application\/ld+json\" class=\"yoast-schema-graph\">{\"@context\":\"https:\/\/schema.org\",\"@graph\":[{\"@type\":\"WebPage\",\"@id\":\"https:\/\/www.tecdmx.org.mx\/index.php\/memorias-agitando-ideas-2021\/\",\"url\":\"https:\/\/www.tecdmx.org.mx\/index.php\/memorias-agitando-ideas-2021\/\",\"name\":\"Memorias Agitando Ideas 2021 - Tribunal Electoral de la Ciudad de M\u00e9xico\",\"isPartOf\":{\"@id\":\"https:\/\/www.tecdmx.org.mx\/#website\"},\"primaryImageOfPage\":{\"@id\":\"https:\/\/www.tecdmx.org.mx\/index.php\/memorias-agitando-ideas-2021\/#primaryimage\"},\"image\":{\"@id\":\"https:\/\/www.tecdmx.org.mx\/index.php\/memorias-agitando-ideas-2021\/#primaryimage\"},\"thumbnailUrl\":\"https:\/\/www.tecdmx.org.mx\/wp-content\/uploads\/2021\/12\/Banner-Agitando2.jpg\",\"datePublished\":\"2021-12-28T23:56:02+00:00\",\"dateModified\":\"2022-01-03T20:02:38+00:00\",\"breadcrumb\":{\"@id\":\"https:\/\/www.tecdmx.org.mx\/index.php\/memorias-agitando-ideas-2021\/#breadcrumb\"},\"inLanguage\":\"es\",\"potentialAction\":[{\"@type\":\"ReadAction\",\"target\":[\"https:\/\/www.tecdmx.org.mx\/index.php\/memorias-agitando-ideas-2021\/\"]}]},{\"@type\":\"ImageObject\",\"inLanguage\":\"es\",\"@id\":\"https:\/\/www.tecdmx.org.mx\/index.php\/memorias-agitando-ideas-2021\/#primaryimage\",\"url\":\"https:\/\/www.tecdmx.org.mx\/wp-content\/uploads\/2021\/12\/Banner-Agitando2.jpg\",\"contentUrl\":\"https:\/\/www.tecdmx.org.mx\/wp-content\/uploads\/2021\/12\/Banner-Agitando2.jpg\",\"width\":2000,\"height\":500},{\"@type\":\"BreadcrumbList\",\"@id\":\"https:\/\/www.tecdmx.org.mx\/index.php\/memorias-agitando-ideas-2021\/#breadcrumb\",\"itemListElement\":[{\"@type\":\"ListItem\",\"position\":1,\"name\":\"Portada\",\"item\":\"https:\/\/www.tecdmx.org.mx\/\"},{\"@type\":\"ListItem\",\"position\":2,\"name\":\"Memorias Agitando Ideas 2021\"}]},{\"@type\":\"WebSite\",\"@id\":\"https:\/\/www.tecdmx.org.mx\/#website\",\"url\":\"https:\/\/www.tecdmx.org.mx\/\",\"name\":\"Tribunal Electoral de la Ciudad de M\u00e9xico\",\"description\":\"25 a\u00f1os garantizando justicia en tu elecci\u00f3n\",\"potentialAction\":[{\"@type\":\"SearchAction\",\"target\":{\"@type\":\"EntryPoint\",\"urlTemplate\":\"https:\/\/www.tecdmx.org.mx\/?s={search_term_string}\"},\"query-input\":\"required name=search_term_string\"}],\"inLanguage\":\"es\"}]}<\/script>\n<!-- \/ Yoast SEO plugin. -->","yoast_head_json":{"title":"Memorias Agitando Ideas 2021 - Tribunal Electoral de la Ciudad de M\u00e9xico","robots":{"index":"index","follow":"follow","max-snippet":"max-snippet:-1","max-image-preview":"max-image-preview:large","max-video-preview":"max-video-preview:-1"},"canonical":"https:\/\/www.tecdmx.org.mx\/index.php\/memorias-agitando-ideas-2021\/","og_locale":"es_ES","og_type":"article","og_title":"Memorias Agitando Ideas 2021 - Tribunal Electoral de la Ciudad de M\u00e9xico","og_description":"Da clic en cada una de las portadas para acceder a la publicaci\u00f3n digital","og_url":"https:\/\/www.tecdmx.org.mx\/index.php\/memorias-agitando-ideas-2021\/","og_site_name":"Tribunal Electoral de la Ciudad de M\u00e9xico","article_publisher":"https:\/\/www.facebook.com\/TECDMX\/","article_modified_time":"2022-01-03T20:02:38+00:00","og_image":[{"url":"https:\/\/www.tecdmx.org.mx\/wp-content\/uploads\/2021\/12\/Banner-Agitando2.jpg"}],"twitter_card":"summary_large_image","twitter_site":"@tecdmx","twitter_misc":{"Tiempo de lectura":"1 minuto"},"schema":{"@context":"https:\/\/schema.org","@graph":[{"@type":"WebPage","@id":"https:\/\/www.tecdmx.org.mx\/index.php\/memorias-agitando-ideas-2021\/","url":"https:\/\/www.tecdmx.org.mx\/index.php\/memorias-agitando-ideas-2021\/","name":"Memorias Agitando Ideas 2021 - Tribunal Electoral de la Ciudad de M\u00e9xico","isPartOf":{"@id":"https:\/\/www.tecdmx.org.mx\/#website"},"primaryImageOfPage":{"@id":"https:\/\/www.tecdmx.org.mx\/index.php\/memorias-agitando-ideas-2021\/#primaryimage"},"image":{"@id":"https:\/\/www.tecdmx.org.mx\/index.php\/memorias-agitando-ideas-2021\/#primaryimage"},"thumbnailUrl":"https:\/\/www.tecdmx.org.mx\/wp-content\/uploads\/2021\/12\/Banner-Agitando2.jpg","datePublished":"2021-12-28T23:56:02+00:00","dateModified":"2022-01-03T20:02:38+00:00","breadcrumb":{"@id":"https:\/\/www.tecdmx.org.mx\/index.php\/memorias-agitando-ideas-2021\/#breadcrumb"},"inLanguage":"es","potentialAction":[{"@type":"ReadAction","target":["https:\/\/www.tecdmx.org.mx\/index.php\/memorias-agitando-ideas-2021\/"]}]},{"@type":"ImageObject","inLanguage":"es","@id":"https:\/\/www.tecdmx.org.mx\/index.php\/memorias-agitando-ideas-2021\/#primaryimage","url":"https:\/\/www.tecdmx.org.mx\/wp-content\/uploads\/2021\/12\/Banner-Agitando2.jpg","contentUrl":"https:\/\/www.tecdmx.org.mx\/wp-content\/uploads\/2021\/12\/Banner-Agitando2.jpg","width":2000,"height":500},{"@type":"BreadcrumbList","@id":"https:\/\/www.tecdmx.org.mx\/index.php\/memorias-agitando-ideas-2021\/#breadcrumb","itemListElement":[{"@type":"ListItem","position":1,"name":"Portada","item":"https:\/\/www.tecdmx.org.mx\/"},{"@type":"ListItem","position":2,"name":"Memorias Agitando Ideas 2021"}]},{"@type":"WebSite","@id":"https:\/\/www.tecdmx.org.mx\/#website","url":"https:\/\/www.tecdmx.org.mx\/","name":"Tribunal Electoral de la Ciudad de M\u00e9xico","description":"25 a\u00f1os garantizando justicia en tu elecci\u00f3n","potentialAction":[{"@type":"SearchAction","target":{"@type":"EntryPoint","urlTemplate":"https:\/\/www.tecdmx.org.mx\/?s={search_term_string}"},"query-input":"required name=search_term_string"}],"inLanguage":"es"}]}},"_links":{"self":[{"href":"https:\/\/www.tecdmx.org.mx\/index.php\/wp-json\/wp\/v2\/pages\/32509"}],"collection":[{"href":"https:\/\/www.tecdmx.org.mx\/index.php\/wp-json\/wp\/v2\/pages"}],"about":[{"href":"https:\/\/www.tecdmx.org.mx\/index.php\/wp-json\/wp\/v2\/types\/page"}],"author":[{"embeddable":true,"href":"https:\/\/www.tecdmx.org.mx\/index.php\/wp-json\/wp\/v2\/users\/13"}],"replies":[{"embeddable":true,"href":"https:\/\/www.tecdmx.org.mx\/index.php\/wp-json\/wp\/v2\/comments?post=32509"}],"version-history":[{"count":8,"href":"https:\/\/www.tecdmx.org.mx\/index.php\/wp-json\/wp\/v2\/pages\/32509\/revisions"}],"predecessor-version":[{"id":32541,"href":"https:\/\/www.tecdmx.org.mx\/index.php\/wp-json\/wp\/v2\/pages\/32509\/revisions\/32541"}],"wp:attachment":[{"href":"https:\/\/www.tecdmx.org.mx\/index.php\/wp-json\/wp\/v2\/media?parent=32509"}],"curies":[{"name":"wp","href":"https:\/\/api.w.org\/{rel}","templated":true}]}}