{"id":3630,"date":"2018-08-30T19:20:10","date_gmt":"2018-08-30T19:20:10","guid":{"rendered":"http:\/\/107.21.43.131\/tecdmx\/?page_id=3630"},"modified":"2020-01-07T23:59:33","modified_gmt":"2020-01-07T23:59:33","slug":"sentencias_inicio","status":"publish","type":"page","link":"https:\/\/www.tecdmx.org.mx\/index.php\/sentencias_inicio\/","title":{"rendered":"Sentencias"},"content":{"rendered":"\n<h1>Sentencias<\/h1>\n<p>Selecciona una fecha en el calendario para desplegar las sentencias correspondientes.<\/p>\n\n\n\n<div class=\"wp-block-columns is-layout-flex wp-container-core-columns-layout-1 wp-block-columns-is-layout-flex\">\n<div class=\"wp-block-column is-layout-flow wp-block-column-is-layout-flow\">\n<h2>B\u00fasqueda por fecha<\/h2>\n\n\n<h2>B\u00fasqueda de <br> por Fecha<\/h2><div id=\"datepicker\" data-categoria=\"\" class=\"\" data-highlight=\"04\/22\/2026,04\/13\/2026,04\/07\/2026,03\/27\/2026,03\/02\/2026,02\/19\/2026,02\/13\/2026,01\/23\/2026,01\/14\/2026,12\/18\/2025,11\/27\/2025,10\/23\/2025,10\/15\/2025,10\/08\/2025,09\/30\/2025,09\/11\/2025,08\/28\/2025,08\/12\/2025,07\/31\/2025,07\/28\/2025,07\/24\/2025,07\/22\/2025,07\/16\/2025,07\/10\/2025,07\/03\/2025,06\/26\/2025,06\/19\/2025,06\/12\/2025,06\/05\/2025,05\/31\/2025,05\/28\/2025,05\/15\/2025,04\/24\/2025,04\/07\/2025,04\/02\/2025,03\/27\/2025,03\/20\/2025,03\/13\/2025,03\/12\/2025,03\/07\/2025,03\/06\/2025,03\/05\/2025,03\/04\/2025,02\/27\/2025,02\/18\/2025,02\/13\/2025,01\/30\/2025,01\/21\/2025,01\/02\/2025,12\/17\/2024,12\/13\/2024,12\/11\/2024,12\/05\/2024,11\/28\/2024,11\/14\/2024,11\/05\/2024,10\/17\/2024,10\/03\/2024,09\/25\/2024,09\/11\/2024,09\/05\/2024,08\/31\/2024,08\/22\/2024,08\/15\/2024,08\/02\/2024,08\/01\/2024,07\/25\/2024,07\/18\/2024,07\/04\/2024,06\/20\/2024,06\/06\/2024,05\/31\/2024,05\/29\/2024,05\/21\/2024,05\/16\/2024,05\/09\/2024,04\/30\/2024,04\/25\/2024,04\/18\/2024,04\/11\/2024,04\/04\/2024,03\/27\/2024,03\/20\/2024,03\/15\/2024,03\/05\/2024,02\/21\/2024,01\/30\/2024,01\/25\/2024,01\/11\/2024,01\/03\/2024,12\/14\/2023,12\/07\/2023,12\/01\/2023,11\/23\/2023,11\/14\/2023,11\/09\/2023,11\/03\/2023,10\/25\/2023,10\/12\/2023,09\/28\/2023,09\/12\/2023,08\/17\/2023,07\/26\/2023,07\/25\/2023,07\/11\/2023,07\/06\/2023,06\/27\/2023,06\/22\/2023,06\/21\/2023,06\/20\/2023,06\/13\/2023,06\/08\/2023,06\/02\/2023,05\/18\/2023,05\/04\/2023,04\/28\/2023,04\/27\/2023,04\/25\/2023,04\/24\/2023,04\/22\/2023,04\/18\/2023,04\/13\/2023,04\/11\/2023,04\/04\/2023,03\/29\/2023,03\/24\/2023,03\/15\/2023,02\/16\/2023,02\/09\/2023,01\/25\/2023,01\/18\/2023,01\/12\/2023,01\/05\/2023,01\/04\/2023,11\/22\/2022,10\/27\/2022,07\/15\/2022,06\/15\/2022,05\/18\/2022,05\/17\/2022,04\/28\/2022,04\/25\/2022,04\/21\/2022,04\/20\/2022,04\/19\/2022,04\/14\/2022,04\/07\/2022,02\/09\/2022,01\/13\/2022,12\/20\/2021,12\/14\/2021,12\/06\/2021,11\/30\/2021,11\/25\/2021,11\/24\/2021,11\/10\/2021,11\/09\/2021,10\/28\/2021,10\/21\/2021,10\/15\/2021,10\/05\/2021,09\/02\/2021,08\/26\/2021,08\/19\/2021,08\/02\/2021,08\/01\/2021,07\/29\/2021,07\/27\/2021,07\/22\/2021,07\/15\/2021,07\/14\/2021,07\/08\/2021,07\/01\/2021,06\/23\/2021,06\/10\/2021,06\/05\/2021,06\/03\/2021,05\/26\/2021,05\/13\/2021,05\/04\/2021,04\/22\/2021,04\/15\/2021,04\/14\/2021,04\/08\/2021,04\/01\/2021,03\/25\/2021,03\/11\/2021,03\/04\/2021,02\/25\/2021,02\/19\/2021,02\/18\/2021,02\/11\/2021,01\/28\/2021,01\/26\/2021,01\/07\/2021,12\/17\/2020,11\/12\/2020,11\/05\/2020,10\/29\/2020,10\/22\/2020,10\/21\/2020,10\/20\/2020,10\/15\/2020,10\/14\/2020,10\/08\/2020,10\/01\/2020,09\/25\/2020,09\/16\/2020,09\/15\/2020,09\/10\/2020,09\/02\/2020,08\/27\/2020,08\/24\/2020,08\/19\/2020,03\/24\/2020,03\/20\/2020,03\/15\/2020,03\/14\/2020,03\/13\/2020,03\/12\/2020,03\/10\/2020,03\/05\/2020,03\/03\/2020,03\/02\/2020,02\/28\/2020,02\/25\/2020,02\/19\/2020,02\/11\/2020,02\/06\/2020,01\/30\/2020,01\/23\/2020,01\/15\/2020,01\/09\/2020,12\/27\/2019,12\/19\/2019,12\/12\/2019,11\/26\/2019,10\/29\/2019,10\/24\/2019,10\/15\/2019,10\/08\/2019,10\/01\/2019,08\/01\/2019,07\/22\/2019,07\/09\/2019,07\/05\/2019,07\/02\/2019,06\/27\/2019,06\/20\/2019,05\/23\/2019,05\/16\/2019,05\/09\/2019,05\/02\/2019,04\/25\/2019,04\/11\/2019,04\/04\/2019,03\/19\/2019,03\/13\/2019,03\/06\/2019,02\/19\/2019,01\/30\/2019,01\/23\/2019,01\/17\/2019,01\/08\/2019,12\/18\/2018,12\/11\/2018,12\/04\/2018,11\/20\/2018,11\/15\/2018,11\/09\/2018,10\/30\/2018,10\/25\/2018,10\/24\/2018,10\/18\/2018,10\/11\/2018,10\/02\/2018,09\/27\/2018,09\/26\/2018,09\/20\/2018,09\/17\/2018,09\/12\/2018,09\/04\/2018,08\/29\/2018,08\/27\/2018,08\/23\/2018,08\/14\/2018,08\/11\/2018,08\/09\/2018,08\/02\/2018,07\/27\/2018,07\/19\/2018,07\/12\/2018,07\/01\/2018,06\/30\/2018,06\/28\/2018,06\/21\/2018,06\/19\/2018,06\/06\/2018,05\/30\/2018,05\/15\/2018,05\/09\/2018,05\/04\/2018,04\/30\/2018,04\/26\/2018,04\/24\/2018,04\/19\/2018,04\/17\/2018,04\/12\/2018,04\/08\/2018,04\/06\/2018,04\/03\/2018,03\/31\/2018,03\/27\/2018,03\/22\/2018,03\/15\/2018,03\/08\/2018,02\/28\/2018,02\/20\/2018,02\/15\/2018,02\/08\/2018,02\/01\/2018,01\/29\/2018,01\/25\/2018,01\/15\/2018,01\/05\/2018\" data-slug=\"sentencias\"><\/div>\n<\/div>\n\n\n\n<div class=\"wp-block-column is-layout-flow wp-block-column-is-layout-flow\">\n<div class=\"callout alert\"><header class=\"page-header\">Las sentencias en esta secci\u00f3n se publican con fines informativos, toda vez que son susceptibles de ser impugnadas y, por ende, modificadas.<\/header><\/div>\n<\/div>\n<\/div>\n","protected":false},"excerpt":{"rendered":"<p>Sentencias Selecciona una fecha en el calendario para desplegar las sentencias correspondientes. B\u00fasqueda por fecha Las sentencias en esta secci\u00f3n se publican con fines informativos, toda vez que son susceptibles [&hellip;]<\/p>\n","protected":false},"author":13,"featured_media":0,"parent":0,"menu_order":0,"comment_status":"closed","ping_status":"closed","template":"page-templates\/page-full-width.php","meta":{"_acf_changed":false,"_exactmetrics_skip_tracking":false,"_exactmetrics_sitenote_active":false,"_exactmetrics_sitenote_note":"","_exactmetrics_sitenote_category":0,"footnotes":""},"acf":[],"yoast_head":"<!-- This site is optimized with the Yoast SEO plugin v22.3 - https:\/\/yoast.com\/wordpress\/plugins\/seo\/ -->\n<title>Sentencias - Tribunal Electoral de la Ciudad de M\u00e9xico<\/title>\n<meta name=\"robots\" content=\"index, follow, max-snippet:-1, max-image-preview:large, max-video-preview:-1\" \/>\n<link rel=\"canonical\" href=\"https:\/\/www.tecdmx.org.mx\/index.php\/sentencias_inicio\/\" \/>\n<meta property=\"og:locale\" content=\"es_ES\" \/>\n<meta property=\"og:type\" content=\"article\" \/>\n<meta property=\"og:title\" content=\"Sentencias - Tribunal Electoral de la Ciudad de M\u00e9xico\" \/>\n<meta property=\"og:description\" content=\"Sentencias Selecciona una fecha en el calendario para desplegar las sentencias correspondientes. B\u00fasqueda por fecha Las sentencias en esta secci\u00f3n se publican con fines informativos, toda vez que son susceptibles [&hellip;]\" \/>\n<meta property=\"og:url\" content=\"https:\/\/www.tecdmx.org.mx\/index.php\/sentencias_inicio\/\" \/>\n<meta property=\"og:site_name\" content=\"Tribunal Electoral de la Ciudad de M\u00e9xico\" \/>\n<meta property=\"article:publisher\" content=\"https:\/\/www.facebook.com\/TECDMX\/\" \/>\n<meta property=\"article:modified_time\" content=\"2020-01-07T23:59:33+00:00\" \/>\n<meta name=\"twitter:card\" content=\"summary_large_image\" \/>\n<meta name=\"twitter:site\" content=\"@tecdmx\" \/>\n<script type=\"application\/ld+json\" class=\"yoast-schema-graph\">{\"@context\":\"https:\/\/schema.org\",\"@graph\":[{\"@type\":\"WebPage\",\"@id\":\"https:\/\/www.tecdmx.org.mx\/index.php\/sentencias_inicio\/\",\"url\":\"https:\/\/www.tecdmx.org.mx\/index.php\/sentencias_inicio\/\",\"name\":\"Sentencias - Tribunal Electoral de la Ciudad de M\u00e9xico\",\"isPartOf\":{\"@id\":\"https:\/\/www.tecdmx.org.mx\/#website\"},\"datePublished\":\"2018-08-30T19:20:10+00:00\",\"dateModified\":\"2020-01-07T23:59:33+00:00\",\"breadcrumb\":{\"@id\":\"https:\/\/www.tecdmx.org.mx\/index.php\/sentencias_inicio\/#breadcrumb\"},\"inLanguage\":\"es\",\"potentialAction\":[{\"@type\":\"ReadAction\",\"target\":[\"https:\/\/www.tecdmx.org.mx\/index.php\/sentencias_inicio\/\"]}]},{\"@type\":\"BreadcrumbList\",\"@id\":\"https:\/\/www.tecdmx.org.mx\/index.php\/sentencias_inicio\/#breadcrumb\",\"itemListElement\":[{\"@type\":\"ListItem\",\"position\":1,\"name\":\"Portada\",\"item\":\"https:\/\/www.tecdmx.org.mx\/\"},{\"@type\":\"ListItem\",\"position\":2,\"name\":\"Sentencias\"}]},{\"@type\":\"WebSite\",\"@id\":\"https:\/\/www.tecdmx.org.mx\/#website\",\"url\":\"https:\/\/www.tecdmx.org.mx\/\",\"name\":\"Tribunal Electoral de la Ciudad de M\u00e9xico\",\"description\":\"25 a\u00f1os garantizando justicia en tu elecci\u00f3n\",\"potentialAction\":[{\"@type\":\"SearchAction\",\"target\":{\"@type\":\"EntryPoint\",\"urlTemplate\":\"https:\/\/www.tecdmx.org.mx\/?s={search_term_string}\"},\"query-input\":\"required name=search_term_string\"}],\"inLanguage\":\"es\"}]}<\/script>\n<!-- \/ Yoast SEO plugin. -->","yoast_head_json":{"title":"Sentencias - Tribunal Electoral de la Ciudad de M\u00e9xico","robots":{"index":"index","follow":"follow","max-snippet":"max-snippet:-1","max-image-preview":"max-image-preview:large","max-video-preview":"max-video-preview:-1"},"canonical":"https:\/\/www.tecdmx.org.mx\/index.php\/sentencias_inicio\/","og_locale":"es_ES","og_type":"article","og_title":"Sentencias - Tribunal Electoral de la Ciudad de M\u00e9xico","og_description":"Sentencias Selecciona una fecha en el calendario para desplegar las sentencias correspondientes. B\u00fasqueda por fecha Las sentencias en esta secci\u00f3n se publican con fines informativos, toda vez que son susceptibles [&hellip;]","og_url":"https:\/\/www.tecdmx.org.mx\/index.php\/sentencias_inicio\/","og_site_name":"Tribunal Electoral de la Ciudad de M\u00e9xico","article_publisher":"https:\/\/www.facebook.com\/TECDMX\/","article_modified_time":"2020-01-07T23:59:33+00:00","twitter_card":"summary_large_image","twitter_site":"@tecdmx","schema":{"@context":"https:\/\/schema.org","@graph":[{"@type":"WebPage","@id":"https:\/\/www.tecdmx.org.mx\/index.php\/sentencias_inicio\/","url":"https:\/\/www.tecdmx.org.mx\/index.php\/sentencias_inicio\/","name":"Sentencias - Tribunal Electoral de la Ciudad de M\u00e9xico","isPartOf":{"@id":"https:\/\/www.tecdmx.org.mx\/#website"},"datePublished":"2018-08-30T19:20:10+00:00","dateModified":"2020-01-07T23:59:33+00:00","breadcrumb":{"@id":"https:\/\/www.tecdmx.org.mx\/index.php\/sentencias_inicio\/#breadcrumb"},"inLanguage":"es","potentialAction":[{"@type":"ReadAction","target":["https:\/\/www.tecdmx.org.mx\/index.php\/sentencias_inicio\/"]}]},{"@type":"BreadcrumbList","@id":"https:\/\/www.tecdmx.org.mx\/index.php\/sentencias_inicio\/#breadcrumb","itemListElement":[{"@type":"ListItem","position":1,"name":"Portada","item":"https:\/\/www.tecdmx.org.mx\/"},{"@type":"ListItem","position":2,"name":"Sentencias"}]},{"@type":"WebSite","@id":"https:\/\/www.tecdmx.org.mx\/#website","url":"https:\/\/www.tecdmx.org.mx\/","name":"Tribunal Electoral de la Ciudad de M\u00e9xico","description":"25 a\u00f1os garantizando justicia en tu elecci\u00f3n","potentialAction":[{"@type":"SearchAction","target":{"@type":"EntryPoint","urlTemplate":"https:\/\/www.tecdmx.org.mx\/?s={search_term_string}"},"query-input":"required name=search_term_string"}],"inLanguage":"es"}]}},"_links":{"self":[{"href":"https:\/\/www.tecdmx.org.mx\/index.php\/wp-json\/wp\/v2\/pages\/3630"}],"collection":[{"href":"https:\/\/www.tecdmx.org.mx\/index.php\/wp-json\/wp\/v2\/pages"}],"about":[{"href":"https:\/\/www.tecdmx.org.mx\/index.php\/wp-json\/wp\/v2\/types\/page"}],"author":[{"embeddable":true,"href":"https:\/\/www.tecdmx.org.mx\/index.php\/wp-json\/wp\/v2\/users\/13"}],"replies":[{"embeddable":true,"href":"https:\/\/www.tecdmx.org.mx\/index.php\/wp-json\/wp\/v2\/comments?post=3630"}],"version-history":[{"count":22,"href":"https:\/\/www.tecdmx.org.mx\/index.php\/wp-json\/wp\/v2\/pages\/3630\/revisions"}],"predecessor-version":[{"id":17185,"href":"https:\/\/www.tecdmx.org.mx\/index.php\/wp-json\/wp\/v2\/pages\/3630\/revisions\/17185"}],"wp:attachment":[{"href":"https:\/\/www.tecdmx.org.mx\/index.php\/wp-json\/wp\/v2\/media?parent=3630"}],"curies":[{"name":"wp","href":"https:\/\/api.w.org\/{rel}","templated":true}]}}