{"id":3658,"date":"2018-09-04T16:26:09","date_gmt":"2018-09-04T16:26:09","guid":{"rendered":"http:\/\/107.21.43.131\/tecdmx\/?page_id=3658"},"modified":"2021-06-17T14:26:42","modified_gmt":"2021-06-17T19:26:42","slug":"compilacion-tesis-de-jurisprudencia","status":"publish","type":"page","link":"https:\/\/www.tecdmx.org.mx\/index.php\/compilacion-tesis-de-jurisprudencia\/","title":{"rendered":"Compilaci\u00f3n Tesis de Jurisprudencia"},"content":{"rendered":"\n<figure class=\"wp-block-image size-full\"><a href=\"https:\/\/www.tecdmx.org.mx\/wp-content\/uploads\/2021\/06\/libro-jurisprudencias-20218dejunio.pdf\"><img loading=\"lazy\" decoding=\"async\" width=\"2362\" height=\"774\" src=\"https:\/\/www.tecdmx.org.mx\/wp-content\/uploads\/2021\/06\/banner_jurisprudencia_2021.png\" alt=\"\" class=\"wp-image-27056\" srcset=\"https:\/\/www.tecdmx.org.mx\/wp-content\/uploads\/2021\/06\/banner_jurisprudencia_2021-446x146.png 446w, https:\/\/www.tecdmx.org.mx\/wp-content\/uploads\/2021\/06\/banner_jurisprudencia_2021-893x293.png 893w, https:\/\/www.tecdmx.org.mx\/wp-content\/uploads\/2021\/06\/banner_jurisprudencia_2021-768x252.png 768w, https:\/\/www.tecdmx.org.mx\/wp-content\/uploads\/2021\/06\/banner_jurisprudencia_2021-1536x503.png 1536w, https:\/\/www.tecdmx.org.mx\/wp-content\/uploads\/2021\/06\/banner_jurisprudencia_2021-2048x671.png 2048w, https:\/\/www.tecdmx.org.mx\/wp-content\/uploads\/2021\/06\/banner_jurisprudencia_2021.png 2362w\" sizes=\"(max-width: 2362px) 100vw, 2362px\" \/><\/a><\/figure>\n","protected":false},"excerpt":{"rendered":"","protected":false},"author":13,"featured_media":0,"parent":0,"menu_order":0,"comment_status":"closed","ping_status":"closed","template":"page-templates\/page-full-width.php","meta":{"_acf_changed":false,"_exactmetrics_skip_tracking":false,"_exactmetrics_sitenote_active":false,"_exactmetrics_sitenote_note":"","_exactmetrics_sitenote_category":0,"footnotes":""},"acf":[],"yoast_head":"<!-- This site is optimized with the Yoast SEO plugin v22.3 - https:\/\/yoast.com\/wordpress\/plugins\/seo\/ -->\n<title>Compilaci\u00f3n Tesis de Jurisprudencia - Tribunal Electoral de la Ciudad de M\u00e9xico<\/title>\n<meta name=\"robots\" content=\"index, follow, max-snippet:-1, max-image-preview:large, max-video-preview:-1\" \/>\n<link rel=\"canonical\" href=\"https:\/\/www.tecdmx.org.mx\/index.php\/compilacion-tesis-de-jurisprudencia\/\" \/>\n<meta property=\"og:locale\" content=\"es_ES\" \/>\n<meta property=\"og:type\" content=\"article\" \/>\n<meta property=\"og:title\" content=\"Compilaci\u00f3n Tesis de Jurisprudencia - Tribunal Electoral de la Ciudad de M\u00e9xico\" \/>\n<meta property=\"og:url\" content=\"https:\/\/www.tecdmx.org.mx\/index.php\/compilacion-tesis-de-jurisprudencia\/\" \/>\n<meta property=\"og:site_name\" content=\"Tribunal Electoral de la Ciudad de M\u00e9xico\" \/>\n<meta property=\"article:publisher\" content=\"https:\/\/www.facebook.com\/TECDMX\/\" \/>\n<meta property=\"article:modified_time\" content=\"2021-06-17T19:26:42+00:00\" \/>\n<meta property=\"og:image\" content=\"https:\/\/www.tecdmx.org.mx\/wp-content\/uploads\/2021\/06\/banner_jurisprudencia_2021.png\" \/>\n<meta name=\"twitter:card\" content=\"summary_large_image\" \/>\n<meta name=\"twitter:site\" content=\"@tecdmx\" \/>\n<script type=\"application\/ld+json\" class=\"yoast-schema-graph\">{\"@context\":\"https:\/\/schema.org\",\"@graph\":[{\"@type\":\"WebPage\",\"@id\":\"https:\/\/www.tecdmx.org.mx\/index.php\/compilacion-tesis-de-jurisprudencia\/\",\"url\":\"https:\/\/www.tecdmx.org.mx\/index.php\/compilacion-tesis-de-jurisprudencia\/\",\"name\":\"Compilaci\u00f3n Tesis de Jurisprudencia - Tribunal Electoral de la Ciudad de M\u00e9xico\",\"isPartOf\":{\"@id\":\"https:\/\/www.tecdmx.org.mx\/#website\"},\"primaryImageOfPage\":{\"@id\":\"https:\/\/www.tecdmx.org.mx\/index.php\/compilacion-tesis-de-jurisprudencia\/#primaryimage\"},\"image\":{\"@id\":\"https:\/\/www.tecdmx.org.mx\/index.php\/compilacion-tesis-de-jurisprudencia\/#primaryimage\"},\"thumbnailUrl\":\"https:\/\/www.tecdmx.org.mx\/wp-content\/uploads\/2021\/06\/banner_jurisprudencia_2021.png\",\"datePublished\":\"2018-09-04T16:26:09+00:00\",\"dateModified\":\"2021-06-17T19:26:42+00:00\",\"breadcrumb\":{\"@id\":\"https:\/\/www.tecdmx.org.mx\/index.php\/compilacion-tesis-de-jurisprudencia\/#breadcrumb\"},\"inLanguage\":\"es\",\"potentialAction\":[{\"@type\":\"ReadAction\",\"target\":[\"https:\/\/www.tecdmx.org.mx\/index.php\/compilacion-tesis-de-jurisprudencia\/\"]}]},{\"@type\":\"ImageObject\",\"inLanguage\":\"es\",\"@id\":\"https:\/\/www.tecdmx.org.mx\/index.php\/compilacion-tesis-de-jurisprudencia\/#primaryimage\",\"url\":\"https:\/\/www.tecdmx.org.mx\/wp-content\/uploads\/2021\/06\/banner_jurisprudencia_2021.png\",\"contentUrl\":\"https:\/\/www.tecdmx.org.mx\/wp-content\/uploads\/2021\/06\/banner_jurisprudencia_2021.png\",\"width\":2362,\"height\":774},{\"@type\":\"BreadcrumbList\",\"@id\":\"https:\/\/www.tecdmx.org.mx\/index.php\/compilacion-tesis-de-jurisprudencia\/#breadcrumb\",\"itemListElement\":[{\"@type\":\"ListItem\",\"position\":1,\"name\":\"Portada\",\"item\":\"https:\/\/www.tecdmx.org.mx\/\"},{\"@type\":\"ListItem\",\"position\":2,\"name\":\"Compilaci\u00f3n Tesis de Jurisprudencia\"}]},{\"@type\":\"WebSite\",\"@id\":\"https:\/\/www.tecdmx.org.mx\/#website\",\"url\":\"https:\/\/www.tecdmx.org.mx\/\",\"name\":\"Tribunal Electoral de la Ciudad de M\u00e9xico\",\"description\":\"25 a\u00f1os garantizando justicia en tu elecci\u00f3n\",\"potentialAction\":[{\"@type\":\"SearchAction\",\"target\":{\"@type\":\"EntryPoint\",\"urlTemplate\":\"https:\/\/www.tecdmx.org.mx\/?s={search_term_string}\"},\"query-input\":\"required name=search_term_string\"}],\"inLanguage\":\"es\"}]}<\/script>\n<!-- \/ Yoast SEO plugin. -->","yoast_head_json":{"title":"Compilaci\u00f3n Tesis de Jurisprudencia - Tribunal Electoral de la Ciudad de M\u00e9xico","robots":{"index":"index","follow":"follow","max-snippet":"max-snippet:-1","max-image-preview":"max-image-preview:large","max-video-preview":"max-video-preview:-1"},"canonical":"https:\/\/www.tecdmx.org.mx\/index.php\/compilacion-tesis-de-jurisprudencia\/","og_locale":"es_ES","og_type":"article","og_title":"Compilaci\u00f3n Tesis de Jurisprudencia - Tribunal Electoral de la Ciudad de M\u00e9xico","og_url":"https:\/\/www.tecdmx.org.mx\/index.php\/compilacion-tesis-de-jurisprudencia\/","og_site_name":"Tribunal Electoral de la Ciudad de M\u00e9xico","article_publisher":"https:\/\/www.facebook.com\/TECDMX\/","article_modified_time":"2021-06-17T19:26:42+00:00","og_image":[{"url":"https:\/\/www.tecdmx.org.mx\/wp-content\/uploads\/2021\/06\/banner_jurisprudencia_2021.png"}],"twitter_card":"summary_large_image","twitter_site":"@tecdmx","schema":{"@context":"https:\/\/schema.org","@graph":[{"@type":"WebPage","@id":"https:\/\/www.tecdmx.org.mx\/index.php\/compilacion-tesis-de-jurisprudencia\/","url":"https:\/\/www.tecdmx.org.mx\/index.php\/compilacion-tesis-de-jurisprudencia\/","name":"Compilaci\u00f3n Tesis de Jurisprudencia - Tribunal Electoral de la Ciudad de M\u00e9xico","isPartOf":{"@id":"https:\/\/www.tecdmx.org.mx\/#website"},"primaryImageOfPage":{"@id":"https:\/\/www.tecdmx.org.mx\/index.php\/compilacion-tesis-de-jurisprudencia\/#primaryimage"},"image":{"@id":"https:\/\/www.tecdmx.org.mx\/index.php\/compilacion-tesis-de-jurisprudencia\/#primaryimage"},"thumbnailUrl":"https:\/\/www.tecdmx.org.mx\/wp-content\/uploads\/2021\/06\/banner_jurisprudencia_2021.png","datePublished":"2018-09-04T16:26:09+00:00","dateModified":"2021-06-17T19:26:42+00:00","breadcrumb":{"@id":"https:\/\/www.tecdmx.org.mx\/index.php\/compilacion-tesis-de-jurisprudencia\/#breadcrumb"},"inLanguage":"es","potentialAction":[{"@type":"ReadAction","target":["https:\/\/www.tecdmx.org.mx\/index.php\/compilacion-tesis-de-jurisprudencia\/"]}]},{"@type":"ImageObject","inLanguage":"es","@id":"https:\/\/www.tecdmx.org.mx\/index.php\/compilacion-tesis-de-jurisprudencia\/#primaryimage","url":"https:\/\/www.tecdmx.org.mx\/wp-content\/uploads\/2021\/06\/banner_jurisprudencia_2021.png","contentUrl":"https:\/\/www.tecdmx.org.mx\/wp-content\/uploads\/2021\/06\/banner_jurisprudencia_2021.png","width":2362,"height":774},{"@type":"BreadcrumbList","@id":"https:\/\/www.tecdmx.org.mx\/index.php\/compilacion-tesis-de-jurisprudencia\/#breadcrumb","itemListElement":[{"@type":"ListItem","position":1,"name":"Portada","item":"https:\/\/www.tecdmx.org.mx\/"},{"@type":"ListItem","position":2,"name":"Compilaci\u00f3n Tesis de Jurisprudencia"}]},{"@type":"WebSite","@id":"https:\/\/www.tecdmx.org.mx\/#website","url":"https:\/\/www.tecdmx.org.mx\/","name":"Tribunal Electoral de la Ciudad de M\u00e9xico","description":"25 a\u00f1os garantizando justicia en tu elecci\u00f3n","potentialAction":[{"@type":"SearchAction","target":{"@type":"EntryPoint","urlTemplate":"https:\/\/www.tecdmx.org.mx\/?s={search_term_string}"},"query-input":"required name=search_term_string"}],"inLanguage":"es"}]}},"_links":{"self":[{"href":"https:\/\/www.tecdmx.org.mx\/index.php\/wp-json\/wp\/v2\/pages\/3658"}],"collection":[{"href":"https:\/\/www.tecdmx.org.mx\/index.php\/wp-json\/wp\/v2\/pages"}],"about":[{"href":"https:\/\/www.tecdmx.org.mx\/index.php\/wp-json\/wp\/v2\/types\/page"}],"author":[{"embeddable":true,"href":"https:\/\/www.tecdmx.org.mx\/index.php\/wp-json\/wp\/v2\/users\/13"}],"replies":[{"embeddable":true,"href":"https:\/\/www.tecdmx.org.mx\/index.php\/wp-json\/wp\/v2\/comments?post=3658"}],"version-history":[{"count":14,"href":"https:\/\/www.tecdmx.org.mx\/index.php\/wp-json\/wp\/v2\/pages\/3658\/revisions"}],"predecessor-version":[{"id":27060,"href":"https:\/\/www.tecdmx.org.mx\/index.php\/wp-json\/wp\/v2\/pages\/3658\/revisions\/27060"}],"wp:attachment":[{"href":"https:\/\/www.tecdmx.org.mx\/index.php\/wp-json\/wp\/v2\/media?parent=3658"}],"curies":[{"name":"wp","href":"https:\/\/api.w.org\/{rel}","templated":true}]}}