{"id":38824,"date":"2022-08-24T11:42:04","date_gmt":"2022-08-24T16:42:04","guid":{"rendered":"https:\/\/www.tecdmx.org.mx\/?page_id=38824"},"modified":"2025-09-09T13:12:00","modified_gmt":"2025-09-09T19:12:00","slug":"coordinacion-de-transparencia-y-datos-personales","status":"publish","type":"page","link":"https:\/\/www.tecdmx.org.mx\/index.php\/coordinacion-de-transparencia-y-datos-personales\/","title":{"rendered":"Coordinaci\u00f3n de Transparencia y Datos Personales"},"content":{"rendered":"\n<h1 class=\"wp-block-heading\">Coordinaci\u00f3n de Transparencia y Datos Personales<\/h1>\n\n\n\n<div class=\"wp-block-media-text alignwide is-stacked-on-mobile\" style=\"grid-template-columns:20% auto\"><figure class=\"wp-block-media-text__media\"><img loading=\"lazy\" decoding=\"async\" width=\"350\" height=\"350\" src=\"https:\/\/www.tecdmx.org.mx\/wp-content\/uploads\/2025\/09\/1142-2025.jpg\" alt=\"\" class=\"wp-image-59143 size-full\" srcset=\"https:\/\/www.tecdmx.org.mx\/wp-content\/uploads\/2025\/09\/1142-2025-250x250.jpg 250w, https:\/\/www.tecdmx.org.mx\/wp-content\/uploads\/2025\/09\/1142-2025.jpg 350w, https:\/\/www.tecdmx.org.mx\/wp-content\/uploads\/2025\/09\/1142-2025-110x110.jpg 110w, https:\/\/www.tecdmx.org.mx\/wp-content\/uploads\/2025\/09\/1142-2025.jpg 400w\" sizes=\"(max-width: 350px) 100vw, 350px\" \/><\/figure><div class=\"wp-block-media-text__content\">\n<p class=\"has-medium-font-size\"><strong>Mayra Selene Santin Alduncin<\/strong><\/p>\n\n\n\n<p class=\"has-medium-font-size\"><strong>Coordinadora&nbsp;de Transparencia y Datos Personales<\/strong>  <\/p>\n\n\n\n<p class=\"has-medium-font-size\"><a href=\"mailto:mayra.santin@tecdmx.org.mx\">mayra.santin@tecdmx.org.mx<\/a><\/p>\n\n\n\n<p class=\"has-medium-font-size\">  (55) 5340 4600  Ext. 1422<\/p>\n<\/div><\/div>\n\n\n\n<hr class=\"wp-block-separator has-alpha-channel-opacity\"\/>\n\n\n\n<h1 class=\"wp-block-heading\"><strong>Atribuciones:<\/strong><\/h1>\n\n\n\n<p> I. Supervisar y garantizar el funcionamiento de la Oficina de Informaci\u00f3n P\u00fablica del Tribunal y el cumplimiento de las obligaciones derivadas de las leyes de transparencia y protecci\u00f3n de datos personales. <\/p>\n\n\n\n<p>II. Proponer al Comit\u00e9 de Transparencia proyectos para la promoci\u00f3n de la cultura de transparencia adoptando las mejores pr\u00e1cticas nacionales e internacionales en las materias de transparencia y archivos. <\/p>\n\n\n\n<p>III. Promover la cultura de transparencia y acceso a la informaci\u00f3n entre el personal del Tribunal a trav\u00e9s de la capacitaci\u00f3n, en coordinaci\u00f3n con el Instituto de Formaci\u00f3n y Capacitaci\u00f3n. <\/p>\n\n\n\n<p>IV. Administrar el contenido del apartado de transparencia del sitio de Internet del Tribunal y coordinar con los diversos \u00f3rganos y \u00e1reas la difusi\u00f3n de la informaci\u00f3n p\u00fablica de oficio conforme a las leyes y reglamentos de la materia, y la normatividad interna aplicable. <\/p>\n\n\n\n<p>V. Proponer a la o el Presidente, el programa de actividades de la Coordinaci\u00f3n de Transparencia. VI. Coordinarse con el \u00e1rea de Tecnolog\u00edas de la Informaci\u00f3n para el oportuno establecimiento y actualizaci\u00f3n de los programas de c\u00f3mputo y el uso del equipo t\u00e9cnico para el debido cumplimiento de sus funciones. <\/p>\n\n\n\n<p>VII. Informar a la o al Presidente, respecto del funcionamiento del \u00e1rea a su cargo y del desahogo de los asuntos de su competencia. <\/p>\n\n\n\n<p>VIII. Coadyuvar, apoyar y asesorar a todas las \u00e1reas del Tribunal en el cumplimiento normativo de las obligaciones de transparencia y protecci\u00f3n de datos personales, as\u00ed como en la respuesta que se debe brindar a los solicitantes de informaci\u00f3n y dem\u00e1s herramientas derivadas de las normas aplicables en la materia; as\u00ed como capacitar, asesorar y colaborar con todas las \u00e1reas del tribunal, para el efecto de actualizar de manera conjunta, la informaci\u00f3n que debe incorporarse a los diversos sistemas locales y nacionales, as\u00ed como al Sistema de Portales de Obligaciones de Transparencia (SIPOT). <\/p>\n\n\n\n<p>IX. Aquellas que se determinen en la legislaci\u00f3n y la normatividad interna aplicable; as\u00ed como las que su superior\/a jer\u00e1rquico\/a le encomiende en relaci\u00f3n con su puesto. <\/p>\n\n\n\n<p>\u2013 \u2013 \u2013 \u2013 \u2013 \u2013 \u2013 \u2013 \u2013 \u2013 \u2013&nbsp;<\/p>\n\n\n\n<p><strong><em>Art\u00edculo 215 del C\u00f3digo de Instituciones y Procedimientos Electorales de la Ciudad de M\u00e9xico<\/em><\/strong><\/p>\n","protected":false},"excerpt":{"rendered":"<p>Coordinaci\u00f3n de Transparencia y Datos Personales Mayra Selene Santin Alduncin Coordinadora&nbsp;de Transparencia y Datos Personales mayra.santin@tecdmx.org.mx (55) 5340 4600 Ext. 1422 Atribuciones: I. Supervisar y garantizar el funcionamiento de la [&hellip;]<\/p>\n","protected":false},"author":13,"featured_media":0,"parent":0,"menu_order":0,"comment_status":"closed","ping_status":"closed","template":"","meta":{"_acf_changed":false,"_exactmetrics_skip_tracking":false,"_exactmetrics_sitenote_active":false,"_exactmetrics_sitenote_note":"","_exactmetrics_sitenote_category":0,"footnotes":""},"acf":[],"yoast_head":"<!-- This site is optimized with the Yoast SEO plugin v22.3 - https:\/\/yoast.com\/wordpress\/plugins\/seo\/ -->\n<title>Coordinaci\u00f3n de Transparencia y Datos Personales - Tribunal Electoral de la Ciudad de M\u00e9xico<\/title>\n<meta name=\"robots\" content=\"index, follow, max-snippet:-1, max-image-preview:large, max-video-preview:-1\" \/>\n<link rel=\"canonical\" href=\"https:\/\/www.tecdmx.org.mx\/index.php\/coordinacion-de-transparencia-y-datos-personales\/\" \/>\n<meta property=\"og:locale\" content=\"es_ES\" \/>\n<meta property=\"og:type\" content=\"article\" \/>\n<meta property=\"og:title\" content=\"Coordinaci\u00f3n de Transparencia y Datos Personales - Tribunal Electoral de la Ciudad de M\u00e9xico\" \/>\n<meta property=\"og:description\" content=\"Coordinaci\u00f3n de Transparencia y Datos Personales Mayra Selene Santin Alduncin Coordinadora&nbsp;de Transparencia y Datos Personales mayra.santin@tecdmx.org.mx (55) 5340 4600 Ext. 1422 Atribuciones: I. Supervisar y garantizar el funcionamiento de la [&hellip;]\" \/>\n<meta property=\"og:url\" content=\"https:\/\/www.tecdmx.org.mx\/index.php\/coordinacion-de-transparencia-y-datos-personales\/\" \/>\n<meta property=\"og:site_name\" content=\"Tribunal Electoral de la Ciudad de M\u00e9xico\" \/>\n<meta property=\"article:publisher\" content=\"https:\/\/www.facebook.com\/TECDMX\/\" \/>\n<meta property=\"article:modified_time\" content=\"2025-09-09T19:12:00+00:00\" \/>\n<meta property=\"og:image\" content=\"https:\/\/www.tecdmx.org.mx\/wp-content\/uploads\/2025\/09\/1142-2025-350x350.jpg\" \/>\n<meta name=\"twitter:card\" content=\"summary_large_image\" \/>\n<meta name=\"twitter:site\" content=\"@tecdmx\" \/>\n<meta name=\"twitter:label1\" content=\"Tiempo de lectura\" \/>\n\t<meta name=\"twitter:data1\" content=\"2 minutos\" \/>\n<script type=\"application\/ld+json\" class=\"yoast-schema-graph\">{\"@context\":\"https:\/\/schema.org\",\"@graph\":[{\"@type\":\"WebPage\",\"@id\":\"https:\/\/www.tecdmx.org.mx\/index.php\/coordinacion-de-transparencia-y-datos-personales\/\",\"url\":\"https:\/\/www.tecdmx.org.mx\/index.php\/coordinacion-de-transparencia-y-datos-personales\/\",\"name\":\"Coordinaci\u00f3n de Transparencia y Datos Personales - Tribunal Electoral de la Ciudad de M\u00e9xico\",\"isPartOf\":{\"@id\":\"https:\/\/www.tecdmx.org.mx\/#website\"},\"primaryImageOfPage\":{\"@id\":\"https:\/\/www.tecdmx.org.mx\/index.php\/coordinacion-de-transparencia-y-datos-personales\/#primaryimage\"},\"image\":{\"@id\":\"https:\/\/www.tecdmx.org.mx\/index.php\/coordinacion-de-transparencia-y-datos-personales\/#primaryimage\"},\"thumbnailUrl\":\"https:\/\/www.tecdmx.org.mx\/wp-content\/uploads\/2025\/09\/1142-2025-350x350.jpg\",\"datePublished\":\"2022-08-24T16:42:04+00:00\",\"dateModified\":\"2025-09-09T19:12:00+00:00\",\"breadcrumb\":{\"@id\":\"https:\/\/www.tecdmx.org.mx\/index.php\/coordinacion-de-transparencia-y-datos-personales\/#breadcrumb\"},\"inLanguage\":\"es\",\"potentialAction\":[{\"@type\":\"ReadAction\",\"target\":[\"https:\/\/www.tecdmx.org.mx\/index.php\/coordinacion-de-transparencia-y-datos-personales\/\"]}]},{\"@type\":\"ImageObject\",\"inLanguage\":\"es\",\"@id\":\"https:\/\/www.tecdmx.org.mx\/index.php\/coordinacion-de-transparencia-y-datos-personales\/#primaryimage\",\"url\":\"https:\/\/www.tecdmx.org.mx\/wp-content\/uploads\/2025\/09\/1142-2025.jpg\",\"contentUrl\":\"https:\/\/www.tecdmx.org.mx\/wp-content\/uploads\/2025\/09\/1142-2025.jpg\",\"width\":400,\"height\":400},{\"@type\":\"BreadcrumbList\",\"@id\":\"https:\/\/www.tecdmx.org.mx\/index.php\/coordinacion-de-transparencia-y-datos-personales\/#breadcrumb\",\"itemListElement\":[{\"@type\":\"ListItem\",\"position\":1,\"name\":\"Portada\",\"item\":\"https:\/\/www.tecdmx.org.mx\/\"},{\"@type\":\"ListItem\",\"position\":2,\"name\":\"Coordinaci\u00f3n de Transparencia y Datos Personales\"}]},{\"@type\":\"WebSite\",\"@id\":\"https:\/\/www.tecdmx.org.mx\/#website\",\"url\":\"https:\/\/www.tecdmx.org.mx\/\",\"name\":\"Tribunal Electoral de la Ciudad de M\u00e9xico\",\"description\":\"25 a\u00f1os garantizando justicia en tu elecci\u00f3n\",\"potentialAction\":[{\"@type\":\"SearchAction\",\"target\":{\"@type\":\"EntryPoint\",\"urlTemplate\":\"https:\/\/www.tecdmx.org.mx\/?s={search_term_string}\"},\"query-input\":\"required name=search_term_string\"}],\"inLanguage\":\"es\"}]}<\/script>\n<!-- \/ Yoast SEO plugin. -->","yoast_head_json":{"title":"Coordinaci\u00f3n de Transparencia y Datos Personales - Tribunal Electoral de la Ciudad de M\u00e9xico","robots":{"index":"index","follow":"follow","max-snippet":"max-snippet:-1","max-image-preview":"max-image-preview:large","max-video-preview":"max-video-preview:-1"},"canonical":"https:\/\/www.tecdmx.org.mx\/index.php\/coordinacion-de-transparencia-y-datos-personales\/","og_locale":"es_ES","og_type":"article","og_title":"Coordinaci\u00f3n de Transparencia y Datos Personales - Tribunal Electoral de la Ciudad de M\u00e9xico","og_description":"Coordinaci\u00f3n de Transparencia y Datos Personales Mayra Selene Santin Alduncin Coordinadora&nbsp;de Transparencia y Datos Personales mayra.santin@tecdmx.org.mx (55) 5340 4600 Ext. 1422 Atribuciones: I. Supervisar y garantizar el funcionamiento de la [&hellip;]","og_url":"https:\/\/www.tecdmx.org.mx\/index.php\/coordinacion-de-transparencia-y-datos-personales\/","og_site_name":"Tribunal Electoral de la Ciudad de M\u00e9xico","article_publisher":"https:\/\/www.facebook.com\/TECDMX\/","article_modified_time":"2025-09-09T19:12:00+00:00","og_image":[{"url":"https:\/\/www.tecdmx.org.mx\/wp-content\/uploads\/2025\/09\/1142-2025-350x350.jpg"}],"twitter_card":"summary_large_image","twitter_site":"@tecdmx","twitter_misc":{"Tiempo de lectura":"2 minutos"},"schema":{"@context":"https:\/\/schema.org","@graph":[{"@type":"WebPage","@id":"https:\/\/www.tecdmx.org.mx\/index.php\/coordinacion-de-transparencia-y-datos-personales\/","url":"https:\/\/www.tecdmx.org.mx\/index.php\/coordinacion-de-transparencia-y-datos-personales\/","name":"Coordinaci\u00f3n de Transparencia y Datos Personales - Tribunal Electoral de la Ciudad de M\u00e9xico","isPartOf":{"@id":"https:\/\/www.tecdmx.org.mx\/#website"},"primaryImageOfPage":{"@id":"https:\/\/www.tecdmx.org.mx\/index.php\/coordinacion-de-transparencia-y-datos-personales\/#primaryimage"},"image":{"@id":"https:\/\/www.tecdmx.org.mx\/index.php\/coordinacion-de-transparencia-y-datos-personales\/#primaryimage"},"thumbnailUrl":"https:\/\/www.tecdmx.org.mx\/wp-content\/uploads\/2025\/09\/1142-2025-350x350.jpg","datePublished":"2022-08-24T16:42:04+00:00","dateModified":"2025-09-09T19:12:00+00:00","breadcrumb":{"@id":"https:\/\/www.tecdmx.org.mx\/index.php\/coordinacion-de-transparencia-y-datos-personales\/#breadcrumb"},"inLanguage":"es","potentialAction":[{"@type":"ReadAction","target":["https:\/\/www.tecdmx.org.mx\/index.php\/coordinacion-de-transparencia-y-datos-personales\/"]}]},{"@type":"ImageObject","inLanguage":"es","@id":"https:\/\/www.tecdmx.org.mx\/index.php\/coordinacion-de-transparencia-y-datos-personales\/#primaryimage","url":"https:\/\/www.tecdmx.org.mx\/wp-content\/uploads\/2025\/09\/1142-2025.jpg","contentUrl":"https:\/\/www.tecdmx.org.mx\/wp-content\/uploads\/2025\/09\/1142-2025.jpg","width":400,"height":400},{"@type":"BreadcrumbList","@id":"https:\/\/www.tecdmx.org.mx\/index.php\/coordinacion-de-transparencia-y-datos-personales\/#breadcrumb","itemListElement":[{"@type":"ListItem","position":1,"name":"Portada","item":"https:\/\/www.tecdmx.org.mx\/"},{"@type":"ListItem","position":2,"name":"Coordinaci\u00f3n de Transparencia y Datos Personales"}]},{"@type":"WebSite","@id":"https:\/\/www.tecdmx.org.mx\/#website","url":"https:\/\/www.tecdmx.org.mx\/","name":"Tribunal Electoral de la Ciudad de M\u00e9xico","description":"25 a\u00f1os garantizando justicia en tu elecci\u00f3n","potentialAction":[{"@type":"SearchAction","target":{"@type":"EntryPoint","urlTemplate":"https:\/\/www.tecdmx.org.mx\/?s={search_term_string}"},"query-input":"required name=search_term_string"}],"inLanguage":"es"}]}},"_links":{"self":[{"href":"https:\/\/www.tecdmx.org.mx\/index.php\/wp-json\/wp\/v2\/pages\/38824"}],"collection":[{"href":"https:\/\/www.tecdmx.org.mx\/index.php\/wp-json\/wp\/v2\/pages"}],"about":[{"href":"https:\/\/www.tecdmx.org.mx\/index.php\/wp-json\/wp\/v2\/types\/page"}],"author":[{"embeddable":true,"href":"https:\/\/www.tecdmx.org.mx\/index.php\/wp-json\/wp\/v2\/users\/13"}],"replies":[{"embeddable":true,"href":"https:\/\/www.tecdmx.org.mx\/index.php\/wp-json\/wp\/v2\/comments?post=38824"}],"version-history":[{"count":8,"href":"https:\/\/www.tecdmx.org.mx\/index.php\/wp-json\/wp\/v2\/pages\/38824\/revisions"}],"predecessor-version":[{"id":59144,"href":"https:\/\/www.tecdmx.org.mx\/index.php\/wp-json\/wp\/v2\/pages\/38824\/revisions\/59144"}],"wp:attachment":[{"href":"https:\/\/www.tecdmx.org.mx\/index.php\/wp-json\/wp\/v2\/media?parent=38824"}],"curies":[{"name":"wp","href":"https:\/\/api.w.org\/{rel}","templated":true}]}}