{"id":40271,"date":"2022-11-01T14:03:34","date_gmt":"2022-11-01T20:03:34","guid":{"rendered":"https:\/\/www.tecdmx.org.mx\/?page_id=40271"},"modified":"2022-12-01T13:35:48","modified_gmt":"2022-12-01T19:35:48","slug":"control-de-constitucionalidad","status":"publish","type":"page","link":"https:\/\/www.tecdmx.org.mx\/index.php\/control-de-constitucionalidad\/","title":{"rendered":"Control de Constitucionalidad"},"content":{"rendered":"\n<p><\/p>\n\n\n\n<h2 class=\"wp-block-heading\"><strong>Da clic sobre el libro para su consulta<\/strong><\/h2>\n\n\n\n<figure class=\"wp-block-image size-full is-resized\"><a href=\"https:\/\/www.tecdmx.org.mx\/wp-content\/uploads\/2022\/12\/Control-de-Constitucionalidad_112.pdf\"><img loading=\"lazy\" decoding=\"async\" src=\"https:\/\/www.tecdmx.org.mx\/wp-content\/uploads\/2022\/11\/Control-de-Constitucionalidad_imagen_ok-1.png\" alt=\"\" class=\"wp-image-40310\" width=\"848\" height=\"1087\" srcset=\"https:\/\/www.tecdmx.org.mx\/wp-content\/uploads\/2022\/11\/Control-de-Constitucionalidad_imagen_ok-1-195x250.png 195w, https:\/\/www.tecdmx.org.mx\/wp-content\/uploads\/2022\/11\/Control-de-Constitucionalidad_imagen_ok-1-273x350.png 273w, https:\/\/www.tecdmx.org.mx\/wp-content\/uploads\/2022\/11\/Control-de-Constitucionalidad_imagen_ok-1-768x985.png 768w, https:\/\/www.tecdmx.org.mx\/wp-content\/uploads\/2022\/11\/Control-de-Constitucionalidad_imagen_ok-1-1198x1536.png 1198w, https:\/\/www.tecdmx.org.mx\/wp-content\/uploads\/2022\/11\/Control-de-Constitucionalidad_imagen_ok-1-1597x2048.png 1597w, https:\/\/www.tecdmx.org.mx\/wp-content\/uploads\/2022\/11\/Control-de-Constitucionalidad_imagen_ok-1.png 1695w\" sizes=\"(max-width: 848px) 100vw, 848px\" \/><\/a><\/figure>\n","protected":false},"excerpt":{"rendered":"<p>Da clic sobre el libro para su consulta<\/p>\n","protected":false},"author":13,"featured_media":0,"parent":0,"menu_order":0,"comment_status":"closed","ping_status":"closed","template":"page-templates\/page-full-width.php","meta":{"_acf_changed":false,"_exactmetrics_skip_tracking":false,"_exactmetrics_sitenote_active":false,"_exactmetrics_sitenote_note":"","_exactmetrics_sitenote_category":0,"footnotes":""},"acf":[],"yoast_head":"<!-- This site is optimized with the Yoast SEO plugin v22.3 - https:\/\/yoast.com\/wordpress\/plugins\/seo\/ -->\n<title>Control de Constitucionalidad - Tribunal Electoral de la Ciudad de M\u00e9xico<\/title>\n<meta name=\"robots\" content=\"index, follow, max-snippet:-1, max-image-preview:large, max-video-preview:-1\" \/>\n<link rel=\"canonical\" href=\"https:\/\/www.tecdmx.org.mx\/index.php\/control-de-constitucionalidad\/\" \/>\n<meta property=\"og:locale\" content=\"es_ES\" \/>\n<meta property=\"og:type\" content=\"article\" \/>\n<meta property=\"og:title\" content=\"Control de Constitucionalidad - Tribunal Electoral de la Ciudad de M\u00e9xico\" \/>\n<meta property=\"og:description\" content=\"Da clic sobre el libro para su consulta\" \/>\n<meta property=\"og:url\" content=\"https:\/\/www.tecdmx.org.mx\/index.php\/control-de-constitucionalidad\/\" \/>\n<meta property=\"og:site_name\" content=\"Tribunal Electoral de la Ciudad de M\u00e9xico\" \/>\n<meta property=\"article:publisher\" content=\"https:\/\/www.facebook.com\/TECDMX\/\" \/>\n<meta property=\"article:modified_time\" content=\"2022-12-01T19:35:48+00:00\" \/>\n<meta property=\"og:image\" content=\"https:\/\/www.tecdmx.org.mx\/wp-content\/uploads\/2022\/11\/Control-de-Constitucionalidad_imagen_ok-1.png\" \/>\n<meta name=\"twitter:card\" content=\"summary_large_image\" \/>\n<meta name=\"twitter:site\" content=\"@tecdmx\" \/>\n<meta name=\"twitter:label1\" content=\"Tiempo de lectura\" \/>\n\t<meta name=\"twitter:data1\" content=\"1 minuto\" \/>\n<script type=\"application\/ld+json\" class=\"yoast-schema-graph\">{\"@context\":\"https:\/\/schema.org\",\"@graph\":[{\"@type\":\"WebPage\",\"@id\":\"https:\/\/www.tecdmx.org.mx\/index.php\/control-de-constitucionalidad\/\",\"url\":\"https:\/\/www.tecdmx.org.mx\/index.php\/control-de-constitucionalidad\/\",\"name\":\"Control de Constitucionalidad - Tribunal Electoral de la Ciudad de M\u00e9xico\",\"isPartOf\":{\"@id\":\"https:\/\/www.tecdmx.org.mx\/#website\"},\"primaryImageOfPage\":{\"@id\":\"https:\/\/www.tecdmx.org.mx\/index.php\/control-de-constitucionalidad\/#primaryimage\"},\"image\":{\"@id\":\"https:\/\/www.tecdmx.org.mx\/index.php\/control-de-constitucionalidad\/#primaryimage\"},\"thumbnailUrl\":\"https:\/\/www.tecdmx.org.mx\/wp-content\/uploads\/2022\/11\/Control-de-Constitucionalidad_imagen_ok-1.png\",\"datePublished\":\"2022-11-01T20:03:34+00:00\",\"dateModified\":\"2022-12-01T19:35:48+00:00\",\"breadcrumb\":{\"@id\":\"https:\/\/www.tecdmx.org.mx\/index.php\/control-de-constitucionalidad\/#breadcrumb\"},\"inLanguage\":\"es\",\"potentialAction\":[{\"@type\":\"ReadAction\",\"target\":[\"https:\/\/www.tecdmx.org.mx\/index.php\/control-de-constitucionalidad\/\"]}]},{\"@type\":\"ImageObject\",\"inLanguage\":\"es\",\"@id\":\"https:\/\/www.tecdmx.org.mx\/index.php\/control-de-constitucionalidad\/#primaryimage\",\"url\":\"https:\/\/www.tecdmx.org.mx\/wp-content\/uploads\/2022\/11\/Control-de-Constitucionalidad_imagen_ok-1.png\",\"contentUrl\":\"https:\/\/www.tecdmx.org.mx\/wp-content\/uploads\/2022\/11\/Control-de-Constitucionalidad_imagen_ok-1.png\",\"width\":1695,\"height\":2174},{\"@type\":\"BreadcrumbList\",\"@id\":\"https:\/\/www.tecdmx.org.mx\/index.php\/control-de-constitucionalidad\/#breadcrumb\",\"itemListElement\":[{\"@type\":\"ListItem\",\"position\":1,\"name\":\"Portada\",\"item\":\"https:\/\/www.tecdmx.org.mx\/\"},{\"@type\":\"ListItem\",\"position\":2,\"name\":\"Control de Constitucionalidad\"}]},{\"@type\":\"WebSite\",\"@id\":\"https:\/\/www.tecdmx.org.mx\/#website\",\"url\":\"https:\/\/www.tecdmx.org.mx\/\",\"name\":\"Tribunal Electoral de la Ciudad de M\u00e9xico\",\"description\":\"25 a\u00f1os garantizando justicia en tu elecci\u00f3n\",\"potentialAction\":[{\"@type\":\"SearchAction\",\"target\":{\"@type\":\"EntryPoint\",\"urlTemplate\":\"https:\/\/www.tecdmx.org.mx\/?s={search_term_string}\"},\"query-input\":\"required name=search_term_string\"}],\"inLanguage\":\"es\"}]}<\/script>\n<!-- \/ Yoast SEO plugin. -->","yoast_head_json":{"title":"Control de Constitucionalidad - Tribunal Electoral de la Ciudad de M\u00e9xico","robots":{"index":"index","follow":"follow","max-snippet":"max-snippet:-1","max-image-preview":"max-image-preview:large","max-video-preview":"max-video-preview:-1"},"canonical":"https:\/\/www.tecdmx.org.mx\/index.php\/control-de-constitucionalidad\/","og_locale":"es_ES","og_type":"article","og_title":"Control de Constitucionalidad - Tribunal Electoral de la Ciudad de M\u00e9xico","og_description":"Da clic sobre el libro para su consulta","og_url":"https:\/\/www.tecdmx.org.mx\/index.php\/control-de-constitucionalidad\/","og_site_name":"Tribunal Electoral de la Ciudad de M\u00e9xico","article_publisher":"https:\/\/www.facebook.com\/TECDMX\/","article_modified_time":"2022-12-01T19:35:48+00:00","og_image":[{"url":"https:\/\/www.tecdmx.org.mx\/wp-content\/uploads\/2022\/11\/Control-de-Constitucionalidad_imagen_ok-1.png"}],"twitter_card":"summary_large_image","twitter_site":"@tecdmx","twitter_misc":{"Tiempo de lectura":"1 minuto"},"schema":{"@context":"https:\/\/schema.org","@graph":[{"@type":"WebPage","@id":"https:\/\/www.tecdmx.org.mx\/index.php\/control-de-constitucionalidad\/","url":"https:\/\/www.tecdmx.org.mx\/index.php\/control-de-constitucionalidad\/","name":"Control de Constitucionalidad - Tribunal Electoral de la Ciudad de M\u00e9xico","isPartOf":{"@id":"https:\/\/www.tecdmx.org.mx\/#website"},"primaryImageOfPage":{"@id":"https:\/\/www.tecdmx.org.mx\/index.php\/control-de-constitucionalidad\/#primaryimage"},"image":{"@id":"https:\/\/www.tecdmx.org.mx\/index.php\/control-de-constitucionalidad\/#primaryimage"},"thumbnailUrl":"https:\/\/www.tecdmx.org.mx\/wp-content\/uploads\/2022\/11\/Control-de-Constitucionalidad_imagen_ok-1.png","datePublished":"2022-11-01T20:03:34+00:00","dateModified":"2022-12-01T19:35:48+00:00","breadcrumb":{"@id":"https:\/\/www.tecdmx.org.mx\/index.php\/control-de-constitucionalidad\/#breadcrumb"},"inLanguage":"es","potentialAction":[{"@type":"ReadAction","target":["https:\/\/www.tecdmx.org.mx\/index.php\/control-de-constitucionalidad\/"]}]},{"@type":"ImageObject","inLanguage":"es","@id":"https:\/\/www.tecdmx.org.mx\/index.php\/control-de-constitucionalidad\/#primaryimage","url":"https:\/\/www.tecdmx.org.mx\/wp-content\/uploads\/2022\/11\/Control-de-Constitucionalidad_imagen_ok-1.png","contentUrl":"https:\/\/www.tecdmx.org.mx\/wp-content\/uploads\/2022\/11\/Control-de-Constitucionalidad_imagen_ok-1.png","width":1695,"height":2174},{"@type":"BreadcrumbList","@id":"https:\/\/www.tecdmx.org.mx\/index.php\/control-de-constitucionalidad\/#breadcrumb","itemListElement":[{"@type":"ListItem","position":1,"name":"Portada","item":"https:\/\/www.tecdmx.org.mx\/"},{"@type":"ListItem","position":2,"name":"Control de Constitucionalidad"}]},{"@type":"WebSite","@id":"https:\/\/www.tecdmx.org.mx\/#website","url":"https:\/\/www.tecdmx.org.mx\/","name":"Tribunal Electoral de la Ciudad de M\u00e9xico","description":"25 a\u00f1os garantizando justicia en tu elecci\u00f3n","potentialAction":[{"@type":"SearchAction","target":{"@type":"EntryPoint","urlTemplate":"https:\/\/www.tecdmx.org.mx\/?s={search_term_string}"},"query-input":"required name=search_term_string"}],"inLanguage":"es"}]}},"_links":{"self":[{"href":"https:\/\/www.tecdmx.org.mx\/index.php\/wp-json\/wp\/v2\/pages\/40271"}],"collection":[{"href":"https:\/\/www.tecdmx.org.mx\/index.php\/wp-json\/wp\/v2\/pages"}],"about":[{"href":"https:\/\/www.tecdmx.org.mx\/index.php\/wp-json\/wp\/v2\/types\/page"}],"author":[{"embeddable":true,"href":"https:\/\/www.tecdmx.org.mx\/index.php\/wp-json\/wp\/v2\/users\/13"}],"replies":[{"embeddable":true,"href":"https:\/\/www.tecdmx.org.mx\/index.php\/wp-json\/wp\/v2\/comments?post=40271"}],"version-history":[{"count":5,"href":"https:\/\/www.tecdmx.org.mx\/index.php\/wp-json\/wp\/v2\/pages\/40271\/revisions"}],"predecessor-version":[{"id":40792,"href":"https:\/\/www.tecdmx.org.mx\/index.php\/wp-json\/wp\/v2\/pages\/40271\/revisions\/40792"}],"wp:attachment":[{"href":"https:\/\/www.tecdmx.org.mx\/index.php\/wp-json\/wp\/v2\/media?parent=40271"}],"curies":[{"name":"wp","href":"https:\/\/api.w.org\/{rel}","templated":true}]}}