{"id":41554,"date":"2023-01-10T13:11:51","date_gmt":"2023-01-10T19:11:51","guid":{"rendered":"https:\/\/www.tecdmx.org.mx\/?page_id=41554"},"modified":"2026-04-28T15:56:12","modified_gmt":"2026-04-28T21:56:12","slug":"informes-de-labores","status":"publish","type":"page","link":"https:\/\/www.tecdmx.org.mx\/index.php\/informes-de-labores\/","title":{"rendered":"Informes de Labores 2023"},"content":{"rendered":"\n<div class=\"wp-block-cover\"><span aria-hidden=\"true\" class=\"wp-block-cover__background has-background-dim-100 has-background-dim\" style=\"background-color:#0a2241\"><\/span><div class=\"wp-block-cover__inner-container is-layout-flow wp-block-cover-is-layout-flow\">\n<p class=\"has-text-align-center has-large-font-size\">Informes de labores TECDMX<\/p>\n<\/div><\/div>\n\n\n\n<div style=\"height:100px\" aria-hidden=\"true\" class=\"wp-block-spacer\"><\/div>\n\n\n\n<figure class=\"wp-block-gallery has-nested-images columns-4 is-cropped wp-block-gallery-1 is-layout-flex wp-block-gallery-is-layout-flex\">\n<figure class=\"wp-block-image size-full\"><a class=\"none-link\" href=\"https:\/\/www.tecdmx.org.mx\/index.php\/informe-de-labores-tecdmx-2024\/\"><img loading=\"lazy\" decoding=\"async\" width=\"646\" height=\"967\" data-id=\"63486\" src=\"https:\/\/www.tecdmx.org.mx\/wp-content\/uploads\/2026\/04\/portada-informe2024-web.jpg\" alt=\"\" class=\"wp-image-63486\" srcset=\"https:\/\/www.tecdmx.org.mx\/wp-content\/uploads\/2026\/04\/portada-informe2024-web-167x250.jpg 167w, https:\/\/www.tecdmx.org.mx\/wp-content\/uploads\/2026\/04\/portada-informe2024-web-234x350.jpg 234w, https:\/\/www.tecdmx.org.mx\/wp-content\/uploads\/2026\/04\/portada-informe2024-web.jpg 646w\" sizes=\"(max-width: 646px) 100vw, 646px\" \/><\/a><\/figure>\n\n\n\n<figure class=\"wp-block-image size-full\"><a class=\"none-link\" href=\"https:\/\/www.tecdmx.org.mx\/index.php\/informe-de-labores-tecdmx-2023\/\"><img loading=\"lazy\" decoding=\"async\" width=\"646\" height=\"967\" data-id=\"54476\" src=\"https:\/\/www.tecdmx.org.mx\/wp-content\/uploads\/2024\/12\/portada-informe2023.jpg\" alt=\"\" class=\"wp-image-54476\" srcset=\"https:\/\/www.tecdmx.org.mx\/wp-content\/uploads\/2024\/12\/portada-informe2023-167x250.jpg 167w, https:\/\/www.tecdmx.org.mx\/wp-content\/uploads\/2024\/12\/portada-informe2023-234x350.jpg 234w, https:\/\/www.tecdmx.org.mx\/wp-content\/uploads\/2024\/12\/portada-informe2023.jpg 646w\" sizes=\"(max-width: 646px) 100vw, 646px\" \/><\/a><\/figure>\n\n\n\n<figure class=\"wp-block-image size-full\"><a class=\"none-link\" href=\"https:\/\/www.tecdmx.org.mx\/index.php\/informe-de-labores-tecdmx-2022\/\"><img loading=\"lazy\" decoding=\"async\" width=\"646\" height=\"967\" data-id=\"45983\" src=\"https:\/\/www.tecdmx.org.mx\/wp-content\/uploads\/2023\/12\/Portada-Informe-Anual-2022.png\" alt=\"\" class=\"wp-image-45983\" srcset=\"https:\/\/www.tecdmx.org.mx\/wp-content\/uploads\/2023\/12\/Portada-Informe-Anual-2022-167x250.png 167w, https:\/\/www.tecdmx.org.mx\/wp-content\/uploads\/2023\/12\/Portada-Informe-Anual-2022-234x350.png 234w, https:\/\/www.tecdmx.org.mx\/wp-content\/uploads\/2023\/12\/Portada-Informe-Anual-2022.png 646w\" sizes=\"(max-width: 646px) 100vw, 646px\" \/><\/a><\/figure>\n\n\n\n<figure class=\"wp-block-image size-full\"><a class=\"none-link\" href=\"https:\/\/www.tecdmx.org.mx\/index.php\/informe-de-labores-tecdmx-2022\/\"><img loading=\"lazy\" decoding=\"async\" width=\"646\" height=\"967\" data-id=\"45983\" src=\"https:\/\/www.tecdmx.org.mx\/wp-content\/uploads\/2023\/12\/Portada-Informe-Anual-2022.png\" alt=\"\" class=\"wp-image-45983\" srcset=\"https:\/\/www.tecdmx.org.mx\/wp-content\/uploads\/2023\/12\/Portada-Informe-Anual-2022-167x250.png 167w, https:\/\/www.tecdmx.org.mx\/wp-content\/uploads\/2023\/12\/Portada-Informe-Anual-2022-234x350.png 234w, https:\/\/www.tecdmx.org.mx\/wp-content\/uploads\/2023\/12\/Portada-Informe-Anual-2022.png 646w\" sizes=\"(max-width: 646px) 100vw, 646px\" \/><\/a><\/figure>\n\n\n\n<figure class=\"wp-block-image size-full\"><a class=\"none-link\" href=\"https:\/\/www.tecdmx.org.mx\/wp-content\/uploads\/2022\/12\/TECDMX_Informe2021_3dic.pdf\"><img loading=\"lazy\" decoding=\"async\" width=\"1080\" height=\"1548\" data-id=\"41578\" src=\"https:\/\/www.tecdmx.org.mx\/wp-content\/uploads\/2023\/01\/0000s_0013_2021_Informe.jpg\" alt=\"\" class=\"wp-image-41578\" srcset=\"https:\/\/www.tecdmx.org.mx\/wp-content\/uploads\/2023\/01\/0000s_0013_2021_Informe-174x250.jpg 174w, https:\/\/www.tecdmx.org.mx\/wp-content\/uploads\/2023\/01\/0000s_0013_2021_Informe-244x350.jpg 244w, https:\/\/www.tecdmx.org.mx\/wp-content\/uploads\/2023\/01\/0000s_0013_2021_Informe-768x1101.jpg 768w, https:\/\/www.tecdmx.org.mx\/wp-content\/uploads\/2023\/01\/0000s_0013_2021_Informe-1072x1536.jpg 1072w, https:\/\/www.tecdmx.org.mx\/wp-content\/uploads\/2023\/01\/0000s_0013_2021_Informe.jpg 1080w\" sizes=\"(max-width: 1080px) 100vw, 1080px\" \/><\/a><\/figure>\n\n\n\n<figure class=\"wp-block-image size-full\"><a class=\"none-link\" href=\"https:\/\/www.tecdmx.org.mx\/wp-content\/uploads\/2021\/05\/Informe2020-Publicar_web.pdf\"><img loading=\"lazy\" decoding=\"async\" width=\"1080\" height=\"1548\" data-id=\"41579\" src=\"https:\/\/www.tecdmx.org.mx\/wp-content\/uploads\/2023\/01\/0000s_0012_2020_Informe.jpg\" alt=\"\" class=\"wp-image-41579\" srcset=\"https:\/\/www.tecdmx.org.mx\/wp-content\/uploads\/2023\/01\/0000s_0012_2020_Informe-174x250.jpg 174w, https:\/\/www.tecdmx.org.mx\/wp-content\/uploads\/2023\/01\/0000s_0012_2020_Informe-244x350.jpg 244w, https:\/\/www.tecdmx.org.mx\/wp-content\/uploads\/2023\/01\/0000s_0012_2020_Informe-768x1101.jpg 768w, https:\/\/www.tecdmx.org.mx\/wp-content\/uploads\/2023\/01\/0000s_0012_2020_Informe-1072x1536.jpg 1072w, https:\/\/www.tecdmx.org.mx\/wp-content\/uploads\/2023\/01\/0000s_0012_2020_Informe.jpg 1080w\" sizes=\"(max-width: 1080px) 100vw, 1080px\" \/><\/a><\/figure>\n\n\n\n<figure class=\"wp-block-image size-full\"><a class=\"none-link\" href=\"https:\/\/www.tecdmx.org.mx\/wp-content\/uploads\/2020\/08\/Informelabores2019_Versionfinal_13_Agosto_ok_baja.pdf\"><img loading=\"lazy\" decoding=\"async\" width=\"1080\" height=\"1548\" data-id=\"41580\" src=\"https:\/\/www.tecdmx.org.mx\/wp-content\/uploads\/2023\/01\/0000s_0011_2019_Informe.jpg\" alt=\"\" class=\"wp-image-41580\" srcset=\"https:\/\/www.tecdmx.org.mx\/wp-content\/uploads\/2023\/01\/0000s_0011_2019_Informe-174x250.jpg 174w, https:\/\/www.tecdmx.org.mx\/wp-content\/uploads\/2023\/01\/0000s_0011_2019_Informe-244x350.jpg 244w, https:\/\/www.tecdmx.org.mx\/wp-content\/uploads\/2023\/01\/0000s_0011_2019_Informe-768x1101.jpg 768w, https:\/\/www.tecdmx.org.mx\/wp-content\/uploads\/2023\/01\/0000s_0011_2019_Informe-1072x1536.jpg 1072w, https:\/\/www.tecdmx.org.mx\/wp-content\/uploads\/2023\/01\/0000s_0011_2019_Informe.jpg 1080w\" sizes=\"(max-width: 1080px) 100vw, 1080px\" \/><\/a><\/figure>\n\n\n\n<figure class=\"wp-block-image size-full\"><a class=\"none-link\" href=\"https:\/\/www.tecdmx.org.mx\/wp-content\/uploads\/2019\/08\/TECMDX_Informe_Anual_2018_Publicacion_web_baja.pdf\"><img loading=\"lazy\" decoding=\"async\" width=\"1080\" height=\"1548\" data-id=\"41581\" src=\"https:\/\/www.tecdmx.org.mx\/wp-content\/uploads\/2023\/01\/0000s_0010_2018_Informe.jpg\" alt=\"\" class=\"wp-image-41581\" srcset=\"https:\/\/www.tecdmx.org.mx\/wp-content\/uploads\/2023\/01\/0000s_0010_2018_Informe-174x250.jpg 174w, https:\/\/www.tecdmx.org.mx\/wp-content\/uploads\/2023\/01\/0000s_0010_2018_Informe-244x350.jpg 244w, https:\/\/www.tecdmx.org.mx\/wp-content\/uploads\/2023\/01\/0000s_0010_2018_Informe-768x1101.jpg 768w, https:\/\/www.tecdmx.org.mx\/wp-content\/uploads\/2023\/01\/0000s_0010_2018_Informe-1072x1536.jpg 1072w, https:\/\/www.tecdmx.org.mx\/wp-content\/uploads\/2023\/01\/0000s_0010_2018_Informe.jpg 1080w\" sizes=\"(max-width: 1080px) 100vw, 1080px\" \/><\/a><\/figure>\n\n\n\n<figure class=\"wp-block-image size-full\"><a class=\"none-link\" href=\"https:\/\/www.tecdmx.org.mx\/wp-content\/uploads\/2019\/08\/Informe-Anual-TECDMX-2017.pdf\"><img loading=\"lazy\" decoding=\"async\" width=\"1080\" height=\"1548\" data-id=\"41582\" src=\"https:\/\/www.tecdmx.org.mx\/wp-content\/uploads\/2023\/01\/0000s_0009_2017_Informe.jpg\" alt=\"\" class=\"wp-image-41582\" srcset=\"https:\/\/www.tecdmx.org.mx\/wp-content\/uploads\/2023\/01\/0000s_0009_2017_Informe-174x250.jpg 174w, https:\/\/www.tecdmx.org.mx\/wp-content\/uploads\/2023\/01\/0000s_0009_2017_Informe-244x350.jpg 244w, https:\/\/www.tecdmx.org.mx\/wp-content\/uploads\/2023\/01\/0000s_0009_2017_Informe-768x1101.jpg 768w, https:\/\/www.tecdmx.org.mx\/wp-content\/uploads\/2023\/01\/0000s_0009_2017_Informe-1072x1536.jpg 1072w, https:\/\/www.tecdmx.org.mx\/wp-content\/uploads\/2023\/01\/0000s_0009_2017_Informe.jpg 1080w\" sizes=\"(max-width: 1080px) 100vw, 1080px\" \/><\/a><\/figure>\n\n\n\n<figure class=\"wp-block-image size-full\"><a class=\"none-link\" href=\"https:\/\/www.tecdmx.org.mx\/wp-content\/uploads\/2018\/08\/informe_anual_2016.pdf\"><img loading=\"lazy\" decoding=\"async\" width=\"1080\" height=\"1548\" data-id=\"41583\" src=\"https:\/\/www.tecdmx.org.mx\/wp-content\/uploads\/2023\/01\/0000s_0008_2016_Informe.jpg\" alt=\"\" class=\"wp-image-41583\" srcset=\"https:\/\/www.tecdmx.org.mx\/wp-content\/uploads\/2023\/01\/0000s_0008_2016_Informe-174x250.jpg 174w, https:\/\/www.tecdmx.org.mx\/wp-content\/uploads\/2023\/01\/0000s_0008_2016_Informe-244x350.jpg 244w, https:\/\/www.tecdmx.org.mx\/wp-content\/uploads\/2023\/01\/0000s_0008_2016_Informe-768x1101.jpg 768w, https:\/\/www.tecdmx.org.mx\/wp-content\/uploads\/2023\/01\/0000s_0008_2016_Informe-1072x1536.jpg 1072w, https:\/\/www.tecdmx.org.mx\/wp-content\/uploads\/2023\/01\/0000s_0008_2016_Informe.jpg 1080w\" sizes=\"(max-width: 1080px) 100vw, 1080px\" \/><\/a><\/figure>\n\n\n\n<figure class=\"wp-block-image size-full\"><a class=\"none-link\" href=\"https:\/\/www.tecdmx.org.mx\/wp-content\/uploads\/2018\/08\/informe_anual_2015.pdf\"><img loading=\"lazy\" decoding=\"async\" width=\"1080\" height=\"1548\" data-id=\"41586\" src=\"https:\/\/www.tecdmx.org.mx\/wp-content\/uploads\/2023\/01\/0000s_0007_2015_Informe.jpg\" alt=\"\" class=\"wp-image-41586\" srcset=\"https:\/\/www.tecdmx.org.mx\/wp-content\/uploads\/2023\/01\/0000s_0007_2015_Informe-174x250.jpg 174w, https:\/\/www.tecdmx.org.mx\/wp-content\/uploads\/2023\/01\/0000s_0007_2015_Informe-244x350.jpg 244w, https:\/\/www.tecdmx.org.mx\/wp-content\/uploads\/2023\/01\/0000s_0007_2015_Informe-768x1101.jpg 768w, https:\/\/www.tecdmx.org.mx\/wp-content\/uploads\/2023\/01\/0000s_0007_2015_Informe-1072x1536.jpg 1072w, https:\/\/www.tecdmx.org.mx\/wp-content\/uploads\/2023\/01\/0000s_0007_2015_Informe.jpg 1080w\" sizes=\"(max-width: 1080px) 100vw, 1080px\" \/><\/a><\/figure>\n\n\n\n<figure class=\"wp-block-image size-full\"><a class=\"none-link\" href=\"https:\/\/www.tecdmx.org.mx\/wp-content\/uploads\/2018\/08\/informe_anual_2014.pdf\"><img loading=\"lazy\" decoding=\"async\" width=\"1080\" height=\"1548\" data-id=\"41584\" src=\"https:\/\/www.tecdmx.org.mx\/wp-content\/uploads\/2023\/01\/0000s_0006_2014_Informe.jpg\" alt=\"\" class=\"wp-image-41584\" srcset=\"https:\/\/www.tecdmx.org.mx\/wp-content\/uploads\/2023\/01\/0000s_0006_2014_Informe-174x250.jpg 174w, https:\/\/www.tecdmx.org.mx\/wp-content\/uploads\/2023\/01\/0000s_0006_2014_Informe-244x350.jpg 244w, https:\/\/www.tecdmx.org.mx\/wp-content\/uploads\/2023\/01\/0000s_0006_2014_Informe-768x1101.jpg 768w, https:\/\/www.tecdmx.org.mx\/wp-content\/uploads\/2023\/01\/0000s_0006_2014_Informe-1072x1536.jpg 1072w, https:\/\/www.tecdmx.org.mx\/wp-content\/uploads\/2023\/01\/0000s_0006_2014_Informe.jpg 1080w\" sizes=\"(max-width: 1080px) 100vw, 1080px\" \/><\/a><\/figure>\n\n\n\n<figure class=\"wp-block-image size-full\"><a class=\"none-link\" href=\"https:\/\/www.tecdmx.org.mx\/wp-content\/uploads\/2018\/08\/inf_anual_pres_2013.pdf\"><img loading=\"lazy\" decoding=\"async\" width=\"1080\" height=\"1548\" data-id=\"41585\" src=\"https:\/\/www.tecdmx.org.mx\/wp-content\/uploads\/2023\/01\/0000s_0005_2013_Informe.jpg\" alt=\"\" class=\"wp-image-41585\" srcset=\"https:\/\/www.tecdmx.org.mx\/wp-content\/uploads\/2023\/01\/0000s_0005_2013_Informe-174x250.jpg 174w, https:\/\/www.tecdmx.org.mx\/wp-content\/uploads\/2023\/01\/0000s_0005_2013_Informe-244x350.jpg 244w, https:\/\/www.tecdmx.org.mx\/wp-content\/uploads\/2023\/01\/0000s_0005_2013_Informe-768x1101.jpg 768w, https:\/\/www.tecdmx.org.mx\/wp-content\/uploads\/2023\/01\/0000s_0005_2013_Informe-1072x1536.jpg 1072w, https:\/\/www.tecdmx.org.mx\/wp-content\/uploads\/2023\/01\/0000s_0005_2013_Informe.jpg 1080w\" sizes=\"(max-width: 1080px) 100vw, 1080px\" \/><\/a><\/figure>\n\n\n\n<figure class=\"wp-block-image size-full\"><a class=\"none-link\" href=\"https:\/\/www.tecdmx.org.mx\/wp-content\/uploads\/2018\/08\/inf_anual_pres_2012.pdf\"><img loading=\"lazy\" decoding=\"async\" width=\"1080\" height=\"1548\" data-id=\"41587\" src=\"https:\/\/www.tecdmx.org.mx\/wp-content\/uploads\/2023\/01\/0000s_0004_2012_Informe.jpg\" alt=\"\" class=\"wp-image-41587\" srcset=\"https:\/\/www.tecdmx.org.mx\/wp-content\/uploads\/2023\/01\/0000s_0004_2012_Informe-174x250.jpg 174w, https:\/\/www.tecdmx.org.mx\/wp-content\/uploads\/2023\/01\/0000s_0004_2012_Informe-244x350.jpg 244w, https:\/\/www.tecdmx.org.mx\/wp-content\/uploads\/2023\/01\/0000s_0004_2012_Informe-768x1101.jpg 768w, https:\/\/www.tecdmx.org.mx\/wp-content\/uploads\/2023\/01\/0000s_0004_2012_Informe-1072x1536.jpg 1072w, https:\/\/www.tecdmx.org.mx\/wp-content\/uploads\/2023\/01\/0000s_0004_2012_Informe.jpg 1080w\" sizes=\"(max-width: 1080px) 100vw, 1080px\" \/><\/a><\/figure>\n\n\n\n<figure class=\"wp-block-image size-full\"><a class=\"none-link\" href=\"https:\/\/www.tecdmx.org.mx\/wp-content\/uploads\/2018\/08\/inf_anual_2011.pdf\"><img loading=\"lazy\" decoding=\"async\" width=\"1080\" height=\"1548\" data-id=\"41588\" src=\"https:\/\/www.tecdmx.org.mx\/wp-content\/uploads\/2023\/01\/0000s_0003_2011_Informe.jpg\" alt=\"\" class=\"wp-image-41588\" srcset=\"https:\/\/www.tecdmx.org.mx\/wp-content\/uploads\/2023\/01\/0000s_0003_2011_Informe-174x250.jpg 174w, https:\/\/www.tecdmx.org.mx\/wp-content\/uploads\/2023\/01\/0000s_0003_2011_Informe-244x350.jpg 244w, https:\/\/www.tecdmx.org.mx\/wp-content\/uploads\/2023\/01\/0000s_0003_2011_Informe-768x1101.jpg 768w, https:\/\/www.tecdmx.org.mx\/wp-content\/uploads\/2023\/01\/0000s_0003_2011_Informe-1072x1536.jpg 1072w, https:\/\/www.tecdmx.org.mx\/wp-content\/uploads\/2023\/01\/0000s_0003_2011_Informe.jpg 1080w\" sizes=\"(max-width: 1080px) 100vw, 1080px\" \/><\/a><\/figure>\n\n\n\n<figure class=\"wp-block-image size-full\"><a class=\"none-link\" href=\"https:\/\/www.tecdmx.org.mx\/wp-content\/uploads\/2018\/08\/inf_anual_pres_2010.pdf\"><img loading=\"lazy\" decoding=\"async\" width=\"1080\" height=\"1548\" data-id=\"41589\" src=\"https:\/\/www.tecdmx.org.mx\/wp-content\/uploads\/2023\/01\/0000s_0002_2010__Informe.jpg\" alt=\"\" class=\"wp-image-41589\" srcset=\"https:\/\/www.tecdmx.org.mx\/wp-content\/uploads\/2023\/01\/0000s_0002_2010__Informe-174x250.jpg 174w, https:\/\/www.tecdmx.org.mx\/wp-content\/uploads\/2023\/01\/0000s_0002_2010__Informe-244x350.jpg 244w, https:\/\/www.tecdmx.org.mx\/wp-content\/uploads\/2023\/01\/0000s_0002_2010__Informe-768x1101.jpg 768w, https:\/\/www.tecdmx.org.mx\/wp-content\/uploads\/2023\/01\/0000s_0002_2010__Informe-1072x1536.jpg 1072w, https:\/\/www.tecdmx.org.mx\/wp-content\/uploads\/2023\/01\/0000s_0002_2010__Informe.jpg 1080w\" sizes=\"(max-width: 1080px) 100vw, 1080px\" \/><\/a><\/figure>\n\n\n\n<figure class=\"wp-block-image size-full\"><a class=\"none-link\" href=\"https:\/\/www.tecdmx.org.mx\/wp-content\/uploads\/2018\/08\/inf_anual_pres_2009.pdf\"><img loading=\"lazy\" decoding=\"async\" width=\"1080\" height=\"1548\" data-id=\"41590\" src=\"https:\/\/www.tecdmx.org.mx\/wp-content\/uploads\/2023\/01\/0000s_0001_2009_Informe.jpg\" alt=\"\" class=\"wp-image-41590\" srcset=\"https:\/\/www.tecdmx.org.mx\/wp-content\/uploads\/2023\/01\/0000s_0001_2009_Informe-174x250.jpg 174w, https:\/\/www.tecdmx.org.mx\/wp-content\/uploads\/2023\/01\/0000s_0001_2009_Informe-244x350.jpg 244w, https:\/\/www.tecdmx.org.mx\/wp-content\/uploads\/2023\/01\/0000s_0001_2009_Informe-768x1101.jpg 768w, https:\/\/www.tecdmx.org.mx\/wp-content\/uploads\/2023\/01\/0000s_0001_2009_Informe-1072x1536.jpg 1072w, https:\/\/www.tecdmx.org.mx\/wp-content\/uploads\/2023\/01\/0000s_0001_2009_Informe.jpg 1080w\" sizes=\"(max-width: 1080px) 100vw, 1080px\" \/><\/a><\/figure>\n\n\n\n<figure class=\"wp-block-image size-full\"><a class=\"none-link\" href=\"https:\/\/www.tecdmx.org.mx\/wp-content\/uploads\/2018\/08\/inf_pres_poces_2008.pdf\"><img loading=\"lazy\" decoding=\"async\" width=\"1080\" height=\"1548\" data-id=\"41591\" src=\"https:\/\/www.tecdmx.org.mx\/wp-content\/uploads\/2023\/01\/0000s_0000_2008_Informe.jpg\" alt=\"\" class=\"wp-image-41591\" srcset=\"https:\/\/www.tecdmx.org.mx\/wp-content\/uploads\/2023\/01\/0000s_0000_2008_Informe-174x250.jpg 174w, https:\/\/www.tecdmx.org.mx\/wp-content\/uploads\/2023\/01\/0000s_0000_2008_Informe-244x350.jpg 244w, https:\/\/www.tecdmx.org.mx\/wp-content\/uploads\/2023\/01\/0000s_0000_2008_Informe-768x1101.jpg 768w, https:\/\/www.tecdmx.org.mx\/wp-content\/uploads\/2023\/01\/0000s_0000_2008_Informe-1072x1536.jpg 1072w, https:\/\/www.tecdmx.org.mx\/wp-content\/uploads\/2023\/01\/0000s_0000_2008_Informe.jpg 1080w\" sizes=\"(max-width: 1080px) 100vw, 1080px\" \/><\/a><\/figure>\n<\/figure>\n","protected":false},"excerpt":{"rendered":"","protected":false},"author":13,"featured_media":0,"parent":0,"menu_order":0,"comment_status":"closed","ping_status":"closed","template":"page-templates\/page-full-width.php","meta":{"_acf_changed":false,"_exactmetrics_skip_tracking":false,"_exactmetrics_sitenote_active":false,"_exactmetrics_sitenote_note":"","_exactmetrics_sitenote_category":0,"footnotes":""},"acf":[],"yoast_head":"<!-- This site is optimized with the Yoast SEO plugin v22.3 - https:\/\/yoast.com\/wordpress\/plugins\/seo\/ -->\n<title>Informes de Labores 2023 - Tribunal Electoral de la Ciudad de M\u00e9xico<\/title>\n<meta name=\"robots\" content=\"index, follow, max-snippet:-1, max-image-preview:large, max-video-preview:-1\" \/>\n<link rel=\"canonical\" href=\"https:\/\/www.tecdmx.org.mx\/index.php\/informes-de-labores\/\" \/>\n<meta property=\"og:locale\" content=\"es_ES\" \/>\n<meta property=\"og:type\" content=\"article\" \/>\n<meta property=\"og:title\" content=\"Informes de Labores 2023 - Tribunal Electoral de la Ciudad de M\u00e9xico\" \/>\n<meta property=\"og:url\" content=\"https:\/\/www.tecdmx.org.mx\/index.php\/informes-de-labores\/\" \/>\n<meta property=\"og:site_name\" content=\"Tribunal Electoral de la Ciudad de M\u00e9xico\" \/>\n<meta property=\"article:publisher\" content=\"https:\/\/www.facebook.com\/TECDMX\/\" \/>\n<meta property=\"article:modified_time\" content=\"2026-04-28T21:56:12+00:00\" \/>\n<meta property=\"og:image\" content=\"https:\/\/www.tecdmx.org.mx\/wp-content\/uploads\/2026\/04\/portada-informe2024-web.jpg\" \/>\n<meta name=\"twitter:card\" content=\"summary_large_image\" \/>\n<meta name=\"twitter:site\" content=\"@tecdmx\" \/>\n<meta name=\"twitter:label1\" content=\"Tiempo de lectura\" \/>\n\t<meta name=\"twitter:data1\" content=\"4 minutos\" \/>\n<script type=\"application\/ld+json\" class=\"yoast-schema-graph\">{\"@context\":\"https:\/\/schema.org\",\"@graph\":[{\"@type\":\"WebPage\",\"@id\":\"https:\/\/www.tecdmx.org.mx\/index.php\/informes-de-labores\/\",\"url\":\"https:\/\/www.tecdmx.org.mx\/index.php\/informes-de-labores\/\",\"name\":\"Informes de Labores 2023 - Tribunal Electoral de la Ciudad de M\u00e9xico\",\"isPartOf\":{\"@id\":\"https:\/\/www.tecdmx.org.mx\/#website\"},\"primaryImageOfPage\":{\"@id\":\"https:\/\/www.tecdmx.org.mx\/index.php\/informes-de-labores\/#primaryimage\"},\"image\":{\"@id\":\"https:\/\/www.tecdmx.org.mx\/index.php\/informes-de-labores\/#primaryimage\"},\"thumbnailUrl\":\"https:\/\/www.tecdmx.org.mx\/wp-content\/uploads\/2026\/04\/portada-informe2024-web.jpg\",\"datePublished\":\"2023-01-10T19:11:51+00:00\",\"dateModified\":\"2026-04-28T21:56:12+00:00\",\"breadcrumb\":{\"@id\":\"https:\/\/www.tecdmx.org.mx\/index.php\/informes-de-labores\/#breadcrumb\"},\"inLanguage\":\"es\",\"potentialAction\":[{\"@type\":\"ReadAction\",\"target\":[\"https:\/\/www.tecdmx.org.mx\/index.php\/informes-de-labores\/\"]}]},{\"@type\":\"ImageObject\",\"inLanguage\":\"es\",\"@id\":\"https:\/\/www.tecdmx.org.mx\/index.php\/informes-de-labores\/#primaryimage\",\"url\":\"https:\/\/www.tecdmx.org.mx\/wp-content\/uploads\/2026\/04\/portada-informe2024-web.jpg\",\"contentUrl\":\"https:\/\/www.tecdmx.org.mx\/wp-content\/uploads\/2026\/04\/portada-informe2024-web.jpg\",\"width\":646,\"height\":967},{\"@type\":\"BreadcrumbList\",\"@id\":\"https:\/\/www.tecdmx.org.mx\/index.php\/informes-de-labores\/#breadcrumb\",\"itemListElement\":[{\"@type\":\"ListItem\",\"position\":1,\"name\":\"Portada\",\"item\":\"https:\/\/www.tecdmx.org.mx\/\"},{\"@type\":\"ListItem\",\"position\":2,\"name\":\"Informes de Labores 2023\"}]},{\"@type\":\"WebSite\",\"@id\":\"https:\/\/www.tecdmx.org.mx\/#website\",\"url\":\"https:\/\/www.tecdmx.org.mx\/\",\"name\":\"Tribunal Electoral de la Ciudad de M\u00e9xico\",\"description\":\"25 a\u00f1os garantizando justicia en tu elecci\u00f3n\",\"potentialAction\":[{\"@type\":\"SearchAction\",\"target\":{\"@type\":\"EntryPoint\",\"urlTemplate\":\"https:\/\/www.tecdmx.org.mx\/?s={search_term_string}\"},\"query-input\":\"required name=search_term_string\"}],\"inLanguage\":\"es\"}]}<\/script>\n<!-- \/ Yoast SEO plugin. -->","yoast_head_json":{"title":"Informes de Labores 2023 - Tribunal Electoral de la Ciudad de M\u00e9xico","robots":{"index":"index","follow":"follow","max-snippet":"max-snippet:-1","max-image-preview":"max-image-preview:large","max-video-preview":"max-video-preview:-1"},"canonical":"https:\/\/www.tecdmx.org.mx\/index.php\/informes-de-labores\/","og_locale":"es_ES","og_type":"article","og_title":"Informes de Labores 2023 - Tribunal Electoral de la Ciudad de M\u00e9xico","og_url":"https:\/\/www.tecdmx.org.mx\/index.php\/informes-de-labores\/","og_site_name":"Tribunal Electoral de la Ciudad de M\u00e9xico","article_publisher":"https:\/\/www.facebook.com\/TECDMX\/","article_modified_time":"2026-04-28T21:56:12+00:00","og_image":[{"url":"https:\/\/www.tecdmx.org.mx\/wp-content\/uploads\/2026\/04\/portada-informe2024-web.jpg"}],"twitter_card":"summary_large_image","twitter_site":"@tecdmx","twitter_misc":{"Tiempo de lectura":"4 minutos"},"schema":{"@context":"https:\/\/schema.org","@graph":[{"@type":"WebPage","@id":"https:\/\/www.tecdmx.org.mx\/index.php\/informes-de-labores\/","url":"https:\/\/www.tecdmx.org.mx\/index.php\/informes-de-labores\/","name":"Informes de Labores 2023 - Tribunal Electoral de la Ciudad de M\u00e9xico","isPartOf":{"@id":"https:\/\/www.tecdmx.org.mx\/#website"},"primaryImageOfPage":{"@id":"https:\/\/www.tecdmx.org.mx\/index.php\/informes-de-labores\/#primaryimage"},"image":{"@id":"https:\/\/www.tecdmx.org.mx\/index.php\/informes-de-labores\/#primaryimage"},"thumbnailUrl":"https:\/\/www.tecdmx.org.mx\/wp-content\/uploads\/2026\/04\/portada-informe2024-web.jpg","datePublished":"2023-01-10T19:11:51+00:00","dateModified":"2026-04-28T21:56:12+00:00","breadcrumb":{"@id":"https:\/\/www.tecdmx.org.mx\/index.php\/informes-de-labores\/#breadcrumb"},"inLanguage":"es","potentialAction":[{"@type":"ReadAction","target":["https:\/\/www.tecdmx.org.mx\/index.php\/informes-de-labores\/"]}]},{"@type":"ImageObject","inLanguage":"es","@id":"https:\/\/www.tecdmx.org.mx\/index.php\/informes-de-labores\/#primaryimage","url":"https:\/\/www.tecdmx.org.mx\/wp-content\/uploads\/2026\/04\/portada-informe2024-web.jpg","contentUrl":"https:\/\/www.tecdmx.org.mx\/wp-content\/uploads\/2026\/04\/portada-informe2024-web.jpg","width":646,"height":967},{"@type":"BreadcrumbList","@id":"https:\/\/www.tecdmx.org.mx\/index.php\/informes-de-labores\/#breadcrumb","itemListElement":[{"@type":"ListItem","position":1,"name":"Portada","item":"https:\/\/www.tecdmx.org.mx\/"},{"@type":"ListItem","position":2,"name":"Informes de Labores 2023"}]},{"@type":"WebSite","@id":"https:\/\/www.tecdmx.org.mx\/#website","url":"https:\/\/www.tecdmx.org.mx\/","name":"Tribunal Electoral de la Ciudad de M\u00e9xico","description":"25 a\u00f1os garantizando justicia en tu elecci\u00f3n","potentialAction":[{"@type":"SearchAction","target":{"@type":"EntryPoint","urlTemplate":"https:\/\/www.tecdmx.org.mx\/?s={search_term_string}"},"query-input":"required name=search_term_string"}],"inLanguage":"es"}]}},"_links":{"self":[{"href":"https:\/\/www.tecdmx.org.mx\/index.php\/wp-json\/wp\/v2\/pages\/41554"}],"collection":[{"href":"https:\/\/www.tecdmx.org.mx\/index.php\/wp-json\/wp\/v2\/pages"}],"about":[{"href":"https:\/\/www.tecdmx.org.mx\/index.php\/wp-json\/wp\/v2\/types\/page"}],"author":[{"embeddable":true,"href":"https:\/\/www.tecdmx.org.mx\/index.php\/wp-json\/wp\/v2\/users\/13"}],"replies":[{"embeddable":true,"href":"https:\/\/www.tecdmx.org.mx\/index.php\/wp-json\/wp\/v2\/comments?post=41554"}],"version-history":[{"count":11,"href":"https:\/\/www.tecdmx.org.mx\/index.php\/wp-json\/wp\/v2\/pages\/41554\/revisions"}],"predecessor-version":[{"id":63494,"href":"https:\/\/www.tecdmx.org.mx\/index.php\/wp-json\/wp\/v2\/pages\/41554\/revisions\/63494"}],"wp:attachment":[{"href":"https:\/\/www.tecdmx.org.mx\/index.php\/wp-json\/wp\/v2\/media?parent=41554"}],"curies":[{"name":"wp","href":"https:\/\/api.w.org\/{rel}","templated":true}]}}