{"id":44133,"date":"2023-06-19T11:33:08","date_gmt":"2023-06-19T17:33:08","guid":{"rendered":"https:\/\/www.tecdmx.org.mx\/?page_id=44133"},"modified":"2024-04-19T19:31:33","modified_gmt":"2024-04-20T01:31:33","slug":"compendio-electoral-tecdmx","status":"publish","type":"page","link":"https:\/\/www.tecdmx.org.mx\/index.php\/compendio-electoral-tecdmx\/","title":{"rendered":"Compendio Electoral TECDMX."},"content":{"rendered":"<div class=\"wp-block-image\">\n<figure class=\"aligncenter size-full\"><img loading=\"lazy\" decoding=\"async\" width=\"1600\" height=\"524\" src=\"https:\/\/www.tecdmx.org.mx\/wp-content\/uploads\/2024\/04\/Legislacion-Electoral-2024-1.jpeg\" alt=\"\" class=\"wp-image-47939\" srcset=\"https:\/\/www.tecdmx.org.mx\/wp-content\/uploads\/2024\/04\/Legislacion-Electoral-2024-1-446x146.jpeg 446w, https:\/\/www.tecdmx.org.mx\/wp-content\/uploads\/2024\/04\/Legislacion-Electoral-2024-1-893x292.jpeg 893w, https:\/\/www.tecdmx.org.mx\/wp-content\/uploads\/2024\/04\/Legislacion-Electoral-2024-1-768x252.jpeg 768w, https:\/\/www.tecdmx.org.mx\/wp-content\/uploads\/2024\/04\/Legislacion-Electoral-2024-1-1536x503.jpeg 1536w, https:\/\/www.tecdmx.org.mx\/wp-content\/uploads\/2024\/04\/Legislacion-Electoral-2024-1.jpeg 1600w\" sizes=\"(max-width: 1600px) 100vw, 1600px\" \/><\/figure><\/div>\n\n\n<div style=\"height:100px\" aria-hidden=\"true\" class=\"wp-block-spacer\"><\/div>\n\n\n<div class=\"wp-block-image\">\n<figure class=\"aligncenter size-large\"><a href=\"https:\/\/www.tecdmx.org.mx\/wp-content\/uploads\/2024\/04\/01_CPEUM_20240124.pdf\" target=\"_blank\" rel=\"noreferrer noopener\"><img loading=\"lazy\" decoding=\"async\" width=\"525\" height=\"350\" src=\"https:\/\/www.tecdmx.org.mx\/wp-content\/uploads\/2024\/04\/CPEUM-1-525x350.jpeg\" alt=\"\" class=\"wp-image-47940\" srcset=\"https:\/\/www.tecdmx.org.mx\/wp-content\/uploads\/2024\/04\/CPEUM-1-375x250.jpeg 375w, https:\/\/www.tecdmx.org.mx\/wp-content\/uploads\/2024\/04\/CPEUM-1-525x350.jpeg 525w, https:\/\/www.tecdmx.org.mx\/wp-content\/uploads\/2024\/04\/CPEUM-1-768x512.jpeg 768w, https:\/\/www.tecdmx.org.mx\/wp-content\/uploads\/2024\/04\/CPEUM-1-1536x1023.jpeg 1536w, https:\/\/www.tecdmx.org.mx\/wp-content\/uploads\/2024\/04\/CPEUM-1.jpeg 1600w\" sizes=\"(max-width: 525px) 100vw, 525px\" \/><\/a><\/figure><\/div>\n\n\n<div style=\"height:100px\" aria-hidden=\"true\" class=\"wp-block-spacer\"><\/div>\n\n\n<div class=\"wp-block-image\">\n<figure class=\"aligncenter size-large\"><a href=\"https:\/\/www.tecdmx.org.mx\/wp-content\/uploads\/2023\/09\/02_CPCDMX-1.pdf\" target=\"_blank\" rel=\"noreferrer noopener\"><img loading=\"lazy\" decoding=\"async\" width=\"525\" height=\"350\" src=\"https:\/\/www.tecdmx.org.mx\/wp-content\/uploads\/2024\/04\/CPCDMX-1-525x350.jpeg\" alt=\"\" class=\"wp-image-47941\" srcset=\"https:\/\/www.tecdmx.org.mx\/wp-content\/uploads\/2024\/04\/CPCDMX-1-375x250.jpeg 375w, https:\/\/www.tecdmx.org.mx\/wp-content\/uploads\/2024\/04\/CPCDMX-1-525x350.jpeg 525w, https:\/\/www.tecdmx.org.mx\/wp-content\/uploads\/2024\/04\/CPCDMX-1-768x512.jpeg 768w, https:\/\/www.tecdmx.org.mx\/wp-content\/uploads\/2024\/04\/CPCDMX-1-1536x1023.jpeg 1536w, https:\/\/www.tecdmx.org.mx\/wp-content\/uploads\/2024\/04\/CPCDMX-1.jpeg 1600w\" sizes=\"(max-width: 525px) 100vw, 525px\" \/><\/a><\/figure><\/div>\n\n\n<div style=\"height:100px\" aria-hidden=\"true\" class=\"wp-block-spacer\"><\/div>\n\n\n<div class=\"wp-block-image\">\n<figure class=\"aligncenter size-large\"><a href=\"https:\/\/www.tecdmx.org.mx\/wp-content\/uploads\/2024\/04\/03_LGIPE_20240401.pdf\" target=\"_blank\" rel=\"noreferrer noopener\"><img loading=\"lazy\" decoding=\"async\" width=\"525\" height=\"350\" src=\"https:\/\/www.tecdmx.org.mx\/wp-content\/uploads\/2024\/04\/LGIPE-1-525x350.jpeg\" alt=\"\" class=\"wp-image-47942\" srcset=\"https:\/\/www.tecdmx.org.mx\/wp-content\/uploads\/2024\/04\/LGIPE-1-375x250.jpeg 375w, https:\/\/www.tecdmx.org.mx\/wp-content\/uploads\/2024\/04\/LGIPE-1-525x350.jpeg 525w, https:\/\/www.tecdmx.org.mx\/wp-content\/uploads\/2024\/04\/LGIPE-1-768x512.jpeg 768w, https:\/\/www.tecdmx.org.mx\/wp-content\/uploads\/2024\/04\/LGIPE-1-1536x1023.jpeg 1536w, https:\/\/www.tecdmx.org.mx\/wp-content\/uploads\/2024\/04\/LGIPE-1.jpeg 1600w\" sizes=\"(max-width: 525px) 100vw, 525px\" \/><\/a><\/figure><\/div>\n\n\n<div style=\"height:100px\" aria-hidden=\"true\" class=\"wp-block-spacer\"><\/div>\n\n\n<div class=\"wp-block-image\">\n<figure class=\"aligncenter size-large\"><a href=\"https:\/\/www.tecdmx.org.mx\/wp-content\/uploads\/2023\/09\/04-LGSMIME.pdf\" target=\"_blank\" rel=\"noreferrer noopener\"><img loading=\"lazy\" decoding=\"async\" width=\"525\" height=\"350\" src=\"https:\/\/www.tecdmx.org.mx\/wp-content\/uploads\/2024\/04\/LGSMIME-1-525x350.jpeg\" alt=\"\" class=\"wp-image-47943\" srcset=\"https:\/\/www.tecdmx.org.mx\/wp-content\/uploads\/2024\/04\/LGSMIME-1-375x250.jpeg 375w, https:\/\/www.tecdmx.org.mx\/wp-content\/uploads\/2024\/04\/LGSMIME-1-525x350.jpeg 525w, https:\/\/www.tecdmx.org.mx\/wp-content\/uploads\/2024\/04\/LGSMIME-1-768x512.jpeg 768w, https:\/\/www.tecdmx.org.mx\/wp-content\/uploads\/2024\/04\/LGSMIME-1-1536x1023.jpeg 1536w, https:\/\/www.tecdmx.org.mx\/wp-content\/uploads\/2024\/04\/LGSMIME-1.jpeg 1600w\" sizes=\"(max-width: 525px) 100vw, 525px\" \/><\/a><\/figure><\/div>\n\n\n<div style=\"height:100px\" aria-hidden=\"true\" class=\"wp-block-spacer\"><\/div>\n\n\n<div class=\"wp-block-image\">\n<figure class=\"aligncenter size-large\"><a href=\"https:\/\/www.tecdmx.org.mx\/wp-content\/uploads\/2023\/09\/05_LGPP-1.pdf\" target=\"_blank\" rel=\"noreferrer noopener\"><img loading=\"lazy\" decoding=\"async\" width=\"525\" height=\"350\" src=\"https:\/\/www.tecdmx.org.mx\/wp-content\/uploads\/2024\/04\/LGPP-1-525x350.jpeg\" alt=\"\" class=\"wp-image-47944\" srcset=\"https:\/\/www.tecdmx.org.mx\/wp-content\/uploads\/2024\/04\/LGPP-1-375x250.jpeg 375w, https:\/\/www.tecdmx.org.mx\/wp-content\/uploads\/2024\/04\/LGPP-1-525x350.jpeg 525w, https:\/\/www.tecdmx.org.mx\/wp-content\/uploads\/2024\/04\/LGPP-1-768x512.jpeg 768w, https:\/\/www.tecdmx.org.mx\/wp-content\/uploads\/2024\/04\/LGPP-1-1536x1023.jpeg 1536w, https:\/\/www.tecdmx.org.mx\/wp-content\/uploads\/2024\/04\/LGPP-1.jpeg 1600w\" sizes=\"(max-width: 525px) 100vw, 525px\" \/><\/a><\/figure><\/div>\n\n\n<div style=\"height:100px\" aria-hidden=\"true\" class=\"wp-block-spacer\"><\/div>\n\n\n<div class=\"wp-block-image\">\n<figure class=\"aligncenter size-large\"><a href=\"https:\/\/www.tecdmx.org.mx\/wp-content\/uploads\/2023\/09\/06_LPCCDMX.pdf\" target=\"_blank\" rel=\"noreferrer noopener\"><img loading=\"lazy\" decoding=\"async\" width=\"525\" height=\"350\" src=\"https:\/\/www.tecdmx.org.mx\/wp-content\/uploads\/2024\/04\/LPCCDMX-1-525x350.jpeg\" alt=\"\" class=\"wp-image-47945\" srcset=\"https:\/\/www.tecdmx.org.mx\/wp-content\/uploads\/2024\/04\/LPCCDMX-1-375x250.jpeg 375w, https:\/\/www.tecdmx.org.mx\/wp-content\/uploads\/2024\/04\/LPCCDMX-1-525x350.jpeg 525w, https:\/\/www.tecdmx.org.mx\/wp-content\/uploads\/2024\/04\/LPCCDMX-1-768x512.jpeg 768w, https:\/\/www.tecdmx.org.mx\/wp-content\/uploads\/2024\/04\/LPCCDMX-1-1536x1023.jpeg 1536w, https:\/\/www.tecdmx.org.mx\/wp-content\/uploads\/2024\/04\/LPCCDMX-1.jpeg 1600w\" sizes=\"(max-width: 525px) 100vw, 525px\" \/><\/a><\/figure><\/div>\n\n\n<div style=\"height:100px\" aria-hidden=\"true\" class=\"wp-block-spacer\"><\/div>\n\n\n<div class=\"wp-block-image\">\n<figure class=\"aligncenter size-large\"><a href=\"https:\/\/www.tecdmx.org.mx\/wp-content\/uploads\/2023\/09\/07_LPECDMX.pdf\"><img loading=\"lazy\" decoding=\"async\" width=\"525\" height=\"350\" src=\"https:\/\/www.tecdmx.org.mx\/wp-content\/uploads\/2024\/04\/LPECDMX-1-525x350.jpeg\" alt=\"\" class=\"wp-image-47946\" srcset=\"https:\/\/www.tecdmx.org.mx\/wp-content\/uploads\/2024\/04\/LPECDMX-1-375x250.jpeg 375w, https:\/\/www.tecdmx.org.mx\/wp-content\/uploads\/2024\/04\/LPECDMX-1-525x350.jpeg 525w, https:\/\/www.tecdmx.org.mx\/wp-content\/uploads\/2024\/04\/LPECDMX-1-768x512.jpeg 768w, https:\/\/www.tecdmx.org.mx\/wp-content\/uploads\/2024\/04\/LPECDMX-1-1536x1023.jpeg 1536w, https:\/\/www.tecdmx.org.mx\/wp-content\/uploads\/2024\/04\/LPECDMX-1.jpeg 1600w\" sizes=\"(max-width: 525px) 100vw, 525px\" \/><\/a><\/figure><\/div>\n\n\n<div style=\"height:100px\" aria-hidden=\"true\" class=\"wp-block-spacer\"><\/div>\n\n\n<div class=\"wp-block-image\">\n<figure class=\"aligncenter size-large\"><a href=\"https:\/\/www.tecdmx.org.mx\/wp-content\/uploads\/2024\/04\/08_CIPE_20231113.pdf\" target=\"_blank\" rel=\"noreferrer noopener\"><img loading=\"lazy\" decoding=\"async\" width=\"525\" height=\"350\" src=\"https:\/\/www.tecdmx.org.mx\/wp-content\/uploads\/2024\/04\/CIPECDMX-1-525x350.jpeg\" alt=\"\" class=\"wp-image-47947\" srcset=\"https:\/\/www.tecdmx.org.mx\/wp-content\/uploads\/2024\/04\/CIPECDMX-1-375x250.jpeg 375w, https:\/\/www.tecdmx.org.mx\/wp-content\/uploads\/2024\/04\/CIPECDMX-1-525x350.jpeg 525w, https:\/\/www.tecdmx.org.mx\/wp-content\/uploads\/2024\/04\/CIPECDMX-1-768x512.jpeg 768w, https:\/\/www.tecdmx.org.mx\/wp-content\/uploads\/2024\/04\/CIPECDMX-1-1536x1023.jpeg 1536w, https:\/\/www.tecdmx.org.mx\/wp-content\/uploads\/2024\/04\/CIPECDMX-1.jpeg 1600w\" sizes=\"(max-width: 525px) 100vw, 525px\" \/><\/a><\/figure><\/div>\n\n\n<div style=\"height:100px\" aria-hidden=\"true\" class=\"wp-block-spacer\"><\/div>\n\n\n<div class=\"wp-block-image\">\n<figure class=\"aligncenter size-large\"><a href=\"https:\/\/www.tecdmx.org.mx\/wp-content\/uploads\/2023\/09\/09_LDPBO.pdf\" target=\"_blank\" rel=\"noreferrer noopener\"><img loading=\"lazy\" decoding=\"async\" width=\"525\" height=\"350\" src=\"https:\/\/www.tecdmx.org.mx\/wp-content\/uploads\/2024\/04\/LDP-2-525x350.jpeg\" alt=\"\" class=\"wp-image-47949\" srcset=\"https:\/\/www.tecdmx.org.mx\/wp-content\/uploads\/2024\/04\/LDP-2-375x250.jpeg 375w, https:\/\/www.tecdmx.org.mx\/wp-content\/uploads\/2024\/04\/LDP-2-525x350.jpeg 525w, https:\/\/www.tecdmx.org.mx\/wp-content\/uploads\/2024\/04\/LDP-2-768x512.jpeg 768w, https:\/\/www.tecdmx.org.mx\/wp-content\/uploads\/2024\/04\/LDP-2-1536x1023.jpeg 1536w, https:\/\/www.tecdmx.org.mx\/wp-content\/uploads\/2024\/04\/LDP-2.jpeg 1600w\" sizes=\"(max-width: 525px) 100vw, 525px\" \/><\/a><\/figure><\/div>\n\n\n<div style=\"height:100px\" aria-hidden=\"true\" class=\"wp-block-spacer\"><\/div>\n\n\n\n<div style=\"height:100px\" aria-hidden=\"true\" class=\"wp-block-spacer\"><\/div>\n","protected":false},"excerpt":{"rendered":"","protected":false},"author":13,"featured_media":0,"parent":0,"menu_order":0,"comment_status":"closed","ping_status":"closed","template":"page-templates\/page-full-width.php","meta":{"_acf_changed":false,"_exactmetrics_skip_tracking":false,"_exactmetrics_sitenote_active":false,"_exactmetrics_sitenote_note":"","_exactmetrics_sitenote_category":0,"footnotes":""},"acf":[],"yoast_head":"<!-- This site is optimized with the Yoast SEO plugin v22.3 - https:\/\/yoast.com\/wordpress\/plugins\/seo\/ -->\n<title>Compendio Electoral TECDMX. - Tribunal Electoral de la Ciudad de M\u00e9xico<\/title>\n<meta name=\"robots\" content=\"index, follow, max-snippet:-1, max-image-preview:large, max-video-preview:-1\" \/>\n<link rel=\"canonical\" href=\"https:\/\/www.tecdmx.org.mx\/index.php\/compendio-electoral-tecdmx\/\" \/>\n<meta property=\"og:locale\" content=\"es_ES\" \/>\n<meta property=\"og:type\" content=\"article\" \/>\n<meta property=\"og:title\" content=\"Compendio Electoral TECDMX. - Tribunal Electoral de la Ciudad de M\u00e9xico\" \/>\n<meta property=\"og:url\" content=\"https:\/\/www.tecdmx.org.mx\/index.php\/compendio-electoral-tecdmx\/\" \/>\n<meta property=\"og:site_name\" content=\"Tribunal Electoral de la Ciudad de M\u00e9xico\" \/>\n<meta property=\"article:publisher\" content=\"https:\/\/www.facebook.com\/TECDMX\/\" \/>\n<meta property=\"article:modified_time\" content=\"2024-04-20T01:31:33+00:00\" \/>\n<meta property=\"og:image\" content=\"https:\/\/www.tecdmx.org.mx\/wp-content\/uploads\/2024\/04\/Legislacion-Electoral-2024-1.jpeg\" \/>\n<meta name=\"twitter:card\" content=\"summary_large_image\" \/>\n<meta name=\"twitter:site\" content=\"@tecdmx\" \/>\n<meta name=\"twitter:label1\" content=\"Tiempo de lectura\" \/>\n\t<meta name=\"twitter:data1\" content=\"2 minutos\" \/>\n<script type=\"application\/ld+json\" class=\"yoast-schema-graph\">{\"@context\":\"https:\/\/schema.org\",\"@graph\":[{\"@type\":\"WebPage\",\"@id\":\"https:\/\/www.tecdmx.org.mx\/index.php\/compendio-electoral-tecdmx\/\",\"url\":\"https:\/\/www.tecdmx.org.mx\/index.php\/compendio-electoral-tecdmx\/\",\"name\":\"Compendio Electoral TECDMX. - Tribunal Electoral de la Ciudad de M\u00e9xico\",\"isPartOf\":{\"@id\":\"https:\/\/www.tecdmx.org.mx\/#website\"},\"primaryImageOfPage\":{\"@id\":\"https:\/\/www.tecdmx.org.mx\/index.php\/compendio-electoral-tecdmx\/#primaryimage\"},\"image\":{\"@id\":\"https:\/\/www.tecdmx.org.mx\/index.php\/compendio-electoral-tecdmx\/#primaryimage\"},\"thumbnailUrl\":\"https:\/\/www.tecdmx.org.mx\/wp-content\/uploads\/2024\/04\/Legislacion-Electoral-2024-1.jpeg\",\"datePublished\":\"2023-06-19T17:33:08+00:00\",\"dateModified\":\"2024-04-20T01:31:33+00:00\",\"breadcrumb\":{\"@id\":\"https:\/\/www.tecdmx.org.mx\/index.php\/compendio-electoral-tecdmx\/#breadcrumb\"},\"inLanguage\":\"es\",\"potentialAction\":[{\"@type\":\"ReadAction\",\"target\":[\"https:\/\/www.tecdmx.org.mx\/index.php\/compendio-electoral-tecdmx\/\"]}]},{\"@type\":\"ImageObject\",\"inLanguage\":\"es\",\"@id\":\"https:\/\/www.tecdmx.org.mx\/index.php\/compendio-electoral-tecdmx\/#primaryimage\",\"url\":\"https:\/\/www.tecdmx.org.mx\/wp-content\/uploads\/2024\/04\/Legislacion-Electoral-2024-1.jpeg\",\"contentUrl\":\"https:\/\/www.tecdmx.org.mx\/wp-content\/uploads\/2024\/04\/Legislacion-Electoral-2024-1.jpeg\",\"width\":1600,\"height\":524},{\"@type\":\"BreadcrumbList\",\"@id\":\"https:\/\/www.tecdmx.org.mx\/index.php\/compendio-electoral-tecdmx\/#breadcrumb\",\"itemListElement\":[{\"@type\":\"ListItem\",\"position\":1,\"name\":\"Portada\",\"item\":\"https:\/\/www.tecdmx.org.mx\/\"},{\"@type\":\"ListItem\",\"position\":2,\"name\":\"Compendio Electoral TECDMX.\"}]},{\"@type\":\"WebSite\",\"@id\":\"https:\/\/www.tecdmx.org.mx\/#website\",\"url\":\"https:\/\/www.tecdmx.org.mx\/\",\"name\":\"Tribunal Electoral de la Ciudad de M\u00e9xico\",\"description\":\"25 a\u00f1os garantizando justicia en tu elecci\u00f3n\",\"potentialAction\":[{\"@type\":\"SearchAction\",\"target\":{\"@type\":\"EntryPoint\",\"urlTemplate\":\"https:\/\/www.tecdmx.org.mx\/?s={search_term_string}\"},\"query-input\":\"required name=search_term_string\"}],\"inLanguage\":\"es\"}]}<\/script>\n<!-- \/ Yoast SEO plugin. -->","yoast_head_json":{"title":"Compendio Electoral TECDMX. - Tribunal Electoral de la Ciudad de M\u00e9xico","robots":{"index":"index","follow":"follow","max-snippet":"max-snippet:-1","max-image-preview":"max-image-preview:large","max-video-preview":"max-video-preview:-1"},"canonical":"https:\/\/www.tecdmx.org.mx\/index.php\/compendio-electoral-tecdmx\/","og_locale":"es_ES","og_type":"article","og_title":"Compendio Electoral TECDMX. - Tribunal Electoral de la Ciudad de M\u00e9xico","og_url":"https:\/\/www.tecdmx.org.mx\/index.php\/compendio-electoral-tecdmx\/","og_site_name":"Tribunal Electoral de la Ciudad de M\u00e9xico","article_publisher":"https:\/\/www.facebook.com\/TECDMX\/","article_modified_time":"2024-04-20T01:31:33+00:00","og_image":[{"url":"https:\/\/www.tecdmx.org.mx\/wp-content\/uploads\/2024\/04\/Legislacion-Electoral-2024-1.jpeg"}],"twitter_card":"summary_large_image","twitter_site":"@tecdmx","twitter_misc":{"Tiempo de lectura":"2 minutos"},"schema":{"@context":"https:\/\/schema.org","@graph":[{"@type":"WebPage","@id":"https:\/\/www.tecdmx.org.mx\/index.php\/compendio-electoral-tecdmx\/","url":"https:\/\/www.tecdmx.org.mx\/index.php\/compendio-electoral-tecdmx\/","name":"Compendio Electoral TECDMX. - Tribunal Electoral de la Ciudad de M\u00e9xico","isPartOf":{"@id":"https:\/\/www.tecdmx.org.mx\/#website"},"primaryImageOfPage":{"@id":"https:\/\/www.tecdmx.org.mx\/index.php\/compendio-electoral-tecdmx\/#primaryimage"},"image":{"@id":"https:\/\/www.tecdmx.org.mx\/index.php\/compendio-electoral-tecdmx\/#primaryimage"},"thumbnailUrl":"https:\/\/www.tecdmx.org.mx\/wp-content\/uploads\/2024\/04\/Legislacion-Electoral-2024-1.jpeg","datePublished":"2023-06-19T17:33:08+00:00","dateModified":"2024-04-20T01:31:33+00:00","breadcrumb":{"@id":"https:\/\/www.tecdmx.org.mx\/index.php\/compendio-electoral-tecdmx\/#breadcrumb"},"inLanguage":"es","potentialAction":[{"@type":"ReadAction","target":["https:\/\/www.tecdmx.org.mx\/index.php\/compendio-electoral-tecdmx\/"]}]},{"@type":"ImageObject","inLanguage":"es","@id":"https:\/\/www.tecdmx.org.mx\/index.php\/compendio-electoral-tecdmx\/#primaryimage","url":"https:\/\/www.tecdmx.org.mx\/wp-content\/uploads\/2024\/04\/Legislacion-Electoral-2024-1.jpeg","contentUrl":"https:\/\/www.tecdmx.org.mx\/wp-content\/uploads\/2024\/04\/Legislacion-Electoral-2024-1.jpeg","width":1600,"height":524},{"@type":"BreadcrumbList","@id":"https:\/\/www.tecdmx.org.mx\/index.php\/compendio-electoral-tecdmx\/#breadcrumb","itemListElement":[{"@type":"ListItem","position":1,"name":"Portada","item":"https:\/\/www.tecdmx.org.mx\/"},{"@type":"ListItem","position":2,"name":"Compendio Electoral TECDMX."}]},{"@type":"WebSite","@id":"https:\/\/www.tecdmx.org.mx\/#website","url":"https:\/\/www.tecdmx.org.mx\/","name":"Tribunal Electoral de la Ciudad de M\u00e9xico","description":"25 a\u00f1os garantizando justicia en tu elecci\u00f3n","potentialAction":[{"@type":"SearchAction","target":{"@type":"EntryPoint","urlTemplate":"https:\/\/www.tecdmx.org.mx\/?s={search_term_string}"},"query-input":"required name=search_term_string"}],"inLanguage":"es"}]}},"_links":{"self":[{"href":"https:\/\/www.tecdmx.org.mx\/index.php\/wp-json\/wp\/v2\/pages\/44133"}],"collection":[{"href":"https:\/\/www.tecdmx.org.mx\/index.php\/wp-json\/wp\/v2\/pages"}],"about":[{"href":"https:\/\/www.tecdmx.org.mx\/index.php\/wp-json\/wp\/v2\/types\/page"}],"author":[{"embeddable":true,"href":"https:\/\/www.tecdmx.org.mx\/index.php\/wp-json\/wp\/v2\/users\/13"}],"replies":[{"embeddable":true,"href":"https:\/\/www.tecdmx.org.mx\/index.php\/wp-json\/wp\/v2\/comments?post=44133"}],"version-history":[{"count":17,"href":"https:\/\/www.tecdmx.org.mx\/index.php\/wp-json\/wp\/v2\/pages\/44133\/revisions"}],"predecessor-version":[{"id":48090,"href":"https:\/\/www.tecdmx.org.mx\/index.php\/wp-json\/wp\/v2\/pages\/44133\/revisions\/48090"}],"wp:attachment":[{"href":"https:\/\/www.tecdmx.org.mx\/index.php\/wp-json\/wp\/v2\/media?parent=44133"}],"curies":[{"name":"wp","href":"https:\/\/api.w.org\/{rel}","templated":true}]}}