{"id":44614,"date":"2023-07-31T13:58:26","date_gmt":"2023-07-31T19:58:26","guid":{"rendered":"https:\/\/www.tecdmx.org.mx\/?page_id=44614"},"modified":"2024-03-22T17:07:27","modified_gmt":"2024-03-22T23:07:27","slug":"el-derecho-electoral-mexicano-a-la-luz-de-los-tratados-internacionales","status":"publish","type":"page","link":"https:\/\/www.tecdmx.org.mx\/index.php\/el-derecho-electoral-mexicano-a-la-luz-de-los-tratados-internacionales\/","title":{"rendered":"El Derecho Electoral Mexicano a la luz de los Tratados Internacionales"},"content":{"rendered":"\n<p><strong>El Derecho Electoral Mexicano a la luz de los Tratados Internacionales<\/strong><\/p>\n\n\n\n<h2 class=\"wp-block-heading\"><strong>Da clic sobre el libro para su consulta<\/strong><\/h2>\n\n\n<div class=\"wp-block-image\">\n<figure class=\"aligncenter size-full\"><a href=\"https:\/\/www.tecdmx.org.mx\/wp-content\/uploads\/2024\/03\/Tratados-Internacionales.pdf\" target=\"_blank\" rel=\"noreferrer noopener\"><img loading=\"lazy\" decoding=\"async\" width=\"1348\" height=\"1600\" src=\"https:\/\/www.tecdmx.org.mx\/wp-content\/uploads\/2024\/03\/manita-tratados.jpeg\" alt=\"\" class=\"wp-image-46962\" srcset=\"https:\/\/www.tecdmx.org.mx\/wp-content\/uploads\/2024\/03\/manita-tratados-211x250.jpeg 211w, https:\/\/www.tecdmx.org.mx\/wp-content\/uploads\/2024\/03\/manita-tratados-295x350.jpeg 295w, https:\/\/www.tecdmx.org.mx\/wp-content\/uploads\/2024\/03\/manita-tratados-768x912.jpeg 768w, https:\/\/www.tecdmx.org.mx\/wp-content\/uploads\/2024\/03\/manita-tratados-1294x1536.jpeg 1294w, https:\/\/www.tecdmx.org.mx\/wp-content\/uploads\/2024\/03\/manita-tratados.jpeg 1348w\" sizes=\"(max-width: 1348px) 100vw, 1348px\" \/><\/a><\/figure><\/div>","protected":false},"excerpt":{"rendered":"<p>El Derecho Electoral Mexicano a la luz de los Tratados Internacionales Da clic sobre el libro para su consulta<\/p>\n","protected":false},"author":13,"featured_media":0,"parent":0,"menu_order":0,"comment_status":"closed","ping_status":"closed","template":"page-templates\/page-full-width.php","meta":{"_acf_changed":false,"_exactmetrics_skip_tracking":false,"_exactmetrics_sitenote_active":false,"_exactmetrics_sitenote_note":"","_exactmetrics_sitenote_category":0,"footnotes":""},"acf":[],"yoast_head":"<!-- This site is optimized with the Yoast SEO plugin v22.3 - https:\/\/yoast.com\/wordpress\/plugins\/seo\/ -->\n<title>El Derecho Electoral Mexicano a la luz de los Tratados Internacionales - Tribunal Electoral de la Ciudad de M\u00e9xico<\/title>\n<meta name=\"robots\" content=\"index, follow, max-snippet:-1, max-image-preview:large, max-video-preview:-1\" \/>\n<link rel=\"canonical\" href=\"https:\/\/www.tecdmx.org.mx\/index.php\/el-derecho-electoral-mexicano-a-la-luz-de-los-tratados-internacionales\/\" \/>\n<meta property=\"og:locale\" content=\"es_ES\" \/>\n<meta property=\"og:type\" content=\"article\" \/>\n<meta property=\"og:title\" content=\"El Derecho Electoral Mexicano a la luz de los Tratados Internacionales - Tribunal Electoral de la Ciudad de M\u00e9xico\" \/>\n<meta property=\"og:description\" content=\"El Derecho Electoral Mexicano a la luz de los Tratados Internacionales Da clic sobre el libro para su consulta\" \/>\n<meta property=\"og:url\" content=\"https:\/\/www.tecdmx.org.mx\/index.php\/el-derecho-electoral-mexicano-a-la-luz-de-los-tratados-internacionales\/\" \/>\n<meta property=\"og:site_name\" content=\"Tribunal Electoral de la Ciudad de M\u00e9xico\" \/>\n<meta property=\"article:publisher\" content=\"https:\/\/www.facebook.com\/TECDMX\/\" \/>\n<meta property=\"article:modified_time\" content=\"2024-03-22T23:07:27+00:00\" \/>\n<meta property=\"og:image\" content=\"https:\/\/www.tecdmx.org.mx\/wp-content\/uploads\/2024\/03\/manita-tratados.jpeg\" \/>\n<meta name=\"twitter:card\" content=\"summary_large_image\" \/>\n<meta name=\"twitter:site\" content=\"@tecdmx\" \/>\n<meta name=\"twitter:label1\" content=\"Tiempo de lectura\" \/>\n\t<meta name=\"twitter:data1\" content=\"1 minuto\" \/>\n<script type=\"application\/ld+json\" class=\"yoast-schema-graph\">{\"@context\":\"https:\/\/schema.org\",\"@graph\":[{\"@type\":\"WebPage\",\"@id\":\"https:\/\/www.tecdmx.org.mx\/index.php\/el-derecho-electoral-mexicano-a-la-luz-de-los-tratados-internacionales\/\",\"url\":\"https:\/\/www.tecdmx.org.mx\/index.php\/el-derecho-electoral-mexicano-a-la-luz-de-los-tratados-internacionales\/\",\"name\":\"El Derecho Electoral Mexicano a la luz de los Tratados Internacionales - Tribunal Electoral de la Ciudad de M\u00e9xico\",\"isPartOf\":{\"@id\":\"https:\/\/www.tecdmx.org.mx\/#website\"},\"primaryImageOfPage\":{\"@id\":\"https:\/\/www.tecdmx.org.mx\/index.php\/el-derecho-electoral-mexicano-a-la-luz-de-los-tratados-internacionales\/#primaryimage\"},\"image\":{\"@id\":\"https:\/\/www.tecdmx.org.mx\/index.php\/el-derecho-electoral-mexicano-a-la-luz-de-los-tratados-internacionales\/#primaryimage\"},\"thumbnailUrl\":\"https:\/\/www.tecdmx.org.mx\/wp-content\/uploads\/2024\/03\/manita-tratados.jpeg\",\"datePublished\":\"2023-07-31T19:58:26+00:00\",\"dateModified\":\"2024-03-22T23:07:27+00:00\",\"breadcrumb\":{\"@id\":\"https:\/\/www.tecdmx.org.mx\/index.php\/el-derecho-electoral-mexicano-a-la-luz-de-los-tratados-internacionales\/#breadcrumb\"},\"inLanguage\":\"es\",\"potentialAction\":[{\"@type\":\"ReadAction\",\"target\":[\"https:\/\/www.tecdmx.org.mx\/index.php\/el-derecho-electoral-mexicano-a-la-luz-de-los-tratados-internacionales\/\"]}]},{\"@type\":\"ImageObject\",\"inLanguage\":\"es\",\"@id\":\"https:\/\/www.tecdmx.org.mx\/index.php\/el-derecho-electoral-mexicano-a-la-luz-de-los-tratados-internacionales\/#primaryimage\",\"url\":\"https:\/\/www.tecdmx.org.mx\/wp-content\/uploads\/2024\/03\/manita-tratados.jpeg\",\"contentUrl\":\"https:\/\/www.tecdmx.org.mx\/wp-content\/uploads\/2024\/03\/manita-tratados.jpeg\",\"width\":1348,\"height\":1600},{\"@type\":\"BreadcrumbList\",\"@id\":\"https:\/\/www.tecdmx.org.mx\/index.php\/el-derecho-electoral-mexicano-a-la-luz-de-los-tratados-internacionales\/#breadcrumb\",\"itemListElement\":[{\"@type\":\"ListItem\",\"position\":1,\"name\":\"Portada\",\"item\":\"https:\/\/www.tecdmx.org.mx\/\"},{\"@type\":\"ListItem\",\"position\":2,\"name\":\"El Derecho Electoral Mexicano a la luz de los Tratados Internacionales\"}]},{\"@type\":\"WebSite\",\"@id\":\"https:\/\/www.tecdmx.org.mx\/#website\",\"url\":\"https:\/\/www.tecdmx.org.mx\/\",\"name\":\"Tribunal Electoral de la Ciudad de M\u00e9xico\",\"description\":\"25 a\u00f1os garantizando justicia en tu elecci\u00f3n\",\"potentialAction\":[{\"@type\":\"SearchAction\",\"target\":{\"@type\":\"EntryPoint\",\"urlTemplate\":\"https:\/\/www.tecdmx.org.mx\/?s={search_term_string}\"},\"query-input\":\"required name=search_term_string\"}],\"inLanguage\":\"es\"}]}<\/script>\n<!-- \/ Yoast SEO plugin. -->","yoast_head_json":{"title":"El Derecho Electoral Mexicano a la luz de los Tratados Internacionales - Tribunal Electoral de la Ciudad de M\u00e9xico","robots":{"index":"index","follow":"follow","max-snippet":"max-snippet:-1","max-image-preview":"max-image-preview:large","max-video-preview":"max-video-preview:-1"},"canonical":"https:\/\/www.tecdmx.org.mx\/index.php\/el-derecho-electoral-mexicano-a-la-luz-de-los-tratados-internacionales\/","og_locale":"es_ES","og_type":"article","og_title":"El Derecho Electoral Mexicano a la luz de los Tratados Internacionales - Tribunal Electoral de la Ciudad de M\u00e9xico","og_description":"El Derecho Electoral Mexicano a la luz de los Tratados Internacionales Da clic sobre el libro para su consulta","og_url":"https:\/\/www.tecdmx.org.mx\/index.php\/el-derecho-electoral-mexicano-a-la-luz-de-los-tratados-internacionales\/","og_site_name":"Tribunal Electoral de la Ciudad de M\u00e9xico","article_publisher":"https:\/\/www.facebook.com\/TECDMX\/","article_modified_time":"2024-03-22T23:07:27+00:00","og_image":[{"url":"https:\/\/www.tecdmx.org.mx\/wp-content\/uploads\/2024\/03\/manita-tratados.jpeg"}],"twitter_card":"summary_large_image","twitter_site":"@tecdmx","twitter_misc":{"Tiempo de lectura":"1 minuto"},"schema":{"@context":"https:\/\/schema.org","@graph":[{"@type":"WebPage","@id":"https:\/\/www.tecdmx.org.mx\/index.php\/el-derecho-electoral-mexicano-a-la-luz-de-los-tratados-internacionales\/","url":"https:\/\/www.tecdmx.org.mx\/index.php\/el-derecho-electoral-mexicano-a-la-luz-de-los-tratados-internacionales\/","name":"El Derecho Electoral Mexicano a la luz de los Tratados Internacionales - Tribunal Electoral de la Ciudad de M\u00e9xico","isPartOf":{"@id":"https:\/\/www.tecdmx.org.mx\/#website"},"primaryImageOfPage":{"@id":"https:\/\/www.tecdmx.org.mx\/index.php\/el-derecho-electoral-mexicano-a-la-luz-de-los-tratados-internacionales\/#primaryimage"},"image":{"@id":"https:\/\/www.tecdmx.org.mx\/index.php\/el-derecho-electoral-mexicano-a-la-luz-de-los-tratados-internacionales\/#primaryimage"},"thumbnailUrl":"https:\/\/www.tecdmx.org.mx\/wp-content\/uploads\/2024\/03\/manita-tratados.jpeg","datePublished":"2023-07-31T19:58:26+00:00","dateModified":"2024-03-22T23:07:27+00:00","breadcrumb":{"@id":"https:\/\/www.tecdmx.org.mx\/index.php\/el-derecho-electoral-mexicano-a-la-luz-de-los-tratados-internacionales\/#breadcrumb"},"inLanguage":"es","potentialAction":[{"@type":"ReadAction","target":["https:\/\/www.tecdmx.org.mx\/index.php\/el-derecho-electoral-mexicano-a-la-luz-de-los-tratados-internacionales\/"]}]},{"@type":"ImageObject","inLanguage":"es","@id":"https:\/\/www.tecdmx.org.mx\/index.php\/el-derecho-electoral-mexicano-a-la-luz-de-los-tratados-internacionales\/#primaryimage","url":"https:\/\/www.tecdmx.org.mx\/wp-content\/uploads\/2024\/03\/manita-tratados.jpeg","contentUrl":"https:\/\/www.tecdmx.org.mx\/wp-content\/uploads\/2024\/03\/manita-tratados.jpeg","width":1348,"height":1600},{"@type":"BreadcrumbList","@id":"https:\/\/www.tecdmx.org.mx\/index.php\/el-derecho-electoral-mexicano-a-la-luz-de-los-tratados-internacionales\/#breadcrumb","itemListElement":[{"@type":"ListItem","position":1,"name":"Portada","item":"https:\/\/www.tecdmx.org.mx\/"},{"@type":"ListItem","position":2,"name":"El Derecho Electoral Mexicano a la luz de los Tratados Internacionales"}]},{"@type":"WebSite","@id":"https:\/\/www.tecdmx.org.mx\/#website","url":"https:\/\/www.tecdmx.org.mx\/","name":"Tribunal Electoral de la Ciudad de M\u00e9xico","description":"25 a\u00f1os garantizando justicia en tu elecci\u00f3n","potentialAction":[{"@type":"SearchAction","target":{"@type":"EntryPoint","urlTemplate":"https:\/\/www.tecdmx.org.mx\/?s={search_term_string}"},"query-input":"required name=search_term_string"}],"inLanguage":"es"}]}},"_links":{"self":[{"href":"https:\/\/www.tecdmx.org.mx\/index.php\/wp-json\/wp\/v2\/pages\/44614"}],"collection":[{"href":"https:\/\/www.tecdmx.org.mx\/index.php\/wp-json\/wp\/v2\/pages"}],"about":[{"href":"https:\/\/www.tecdmx.org.mx\/index.php\/wp-json\/wp\/v2\/types\/page"}],"author":[{"embeddable":true,"href":"https:\/\/www.tecdmx.org.mx\/index.php\/wp-json\/wp\/v2\/users\/13"}],"replies":[{"embeddable":true,"href":"https:\/\/www.tecdmx.org.mx\/index.php\/wp-json\/wp\/v2\/comments?post=44614"}],"version-history":[{"count":6,"href":"https:\/\/www.tecdmx.org.mx\/index.php\/wp-json\/wp\/v2\/pages\/44614\/revisions"}],"predecessor-version":[{"id":46966,"href":"https:\/\/www.tecdmx.org.mx\/index.php\/wp-json\/wp\/v2\/pages\/44614\/revisions\/46966"}],"wp:attachment":[{"href":"https:\/\/www.tecdmx.org.mx\/index.php\/wp-json\/wp\/v2\/media?parent=44614"}],"curies":[{"name":"wp","href":"https:\/\/api.w.org\/{rel}","templated":true}]}}