{"id":47328,"date":"2024-04-02T14:30:18","date_gmt":"2024-04-02T20:30:18","guid":{"rendered":"https:\/\/www.tecdmx.org.mx\/?page_id=47328"},"modified":"2024-04-02T17:32:23","modified_gmt":"2024-04-02T23:32:23","slug":"guia-pbocir-cdmx-mazateco","status":"publish","type":"page","link":"https:\/\/www.tecdmx.org.mx\/index.php\/guia-pbocir-cdmx-mazateco\/","title":{"rendered":"Gu\u00eda PBOCIR CDMX Mazateco"},"content":{"rendered":"\n<div style=\"height:100px\" aria-hidden=\"true\" class=\"wp-block-spacer\"><\/div>\n\n\n\n<p class=\"has-text-align-center has-large-font-size\"><strong>Gu\u00eda para la protecci\u00f3n de los Derechos Pol\u00edtico -Electorales de Pueblos y Barrios Originarios y Comunidades Ind\u00edgenas residentes en la Ciudad de M\u00e9xico<\/strong><\/p>\n\n\n\n<p class=\"has-text-align-center has-large-font-size\"><strong>Mazateco<\/strong><\/p>\n\n\n\n<div style=\"height:100px\" aria-hidden=\"true\" class=\"wp-block-spacer\"><\/div>\n\n\n\n<p class=\"has-large-font-size\"><strong>Gu\u00eda<\/strong><\/p>\n\n\n\n<div data-wp-interactive=\"\" class=\"wp-block-file aligncenter\"><object data-wp-bind--hidden=\"!selectors.core.file.hasPdfPreview\" hidden class=\"wp-block-file__embed\" data=\"https:\/\/www.tecdmx.org.mx\/wp-content\/uploads\/2024\/04\/Guia-PBOCIR-CDMX-Mazateco.pdf\" type=\"application\/pdf\" style=\"width:100%;height:600px\" aria-label=\"Incrustado de Guia-PBOCIR-CDMX-Mazateco.\"><\/object><a id=\"wp-block-file--media-7dcfdcdd-7522-4be1-b9ab-2b86b2ea9fb4\" href=\"https:\/\/www.tecdmx.org.mx\/wp-content\/uploads\/2024\/04\/Guia-PBOCIR-CDMX-Mazateco.pdf\" class=\"mcloud-attachment-47331\">Guia-PBOCIR-CDMX-Mazateco<\/a><a href=\"https:\/\/www.tecdmx.org.mx\/wp-content\/uploads\/2024\/04\/Guia-PBOCIR-CDMX-Mazateco.pdf\" class=\"wp-block-file__button wp-element-button mcloud-attachment-47331\" download aria-describedby=\"wp-block-file--media-7dcfdcdd-7522-4be1-b9ab-2b86b2ea9fb4\">Descarga<\/a><\/div>\n\n\n\n<div style=\"height:100px\" aria-hidden=\"true\" class=\"wp-block-spacer\"><\/div>\n\n\n\n<p class=\"has-large-font-size\"><strong>Tr\u00edptico<\/strong><\/p>\n\n\n\n<div style=\"height:100px\" aria-hidden=\"true\" class=\"wp-block-spacer\"><\/div>\n\n\n\n<div data-wp-interactive=\"\" class=\"wp-block-file\"><object data-wp-bind--hidden=\"!selectors.core.file.hasPdfPreview\" hidden class=\"wp-block-file__embed\" data=\"https:\/\/www.tecdmx.org.mx\/wp-content\/uploads\/2024\/04\/Triptico-Mazateco.pdf\" type=\"application\/pdf\" style=\"width:100%;height:600px\" aria-label=\"Incrustado de Triptico-Mazateco.\"><\/object><a id=\"wp-block-file--media-d4b91c42-2218-452c-9bd1-f08f8592df0f\" href=\"https:\/\/www.tecdmx.org.mx\/wp-content\/uploads\/2024\/04\/Triptico-Mazateco.pdf\" class=\"mcloud-attachment-47332\">Triptico-Mazateco<\/a><a href=\"https:\/\/www.tecdmx.org.mx\/wp-content\/uploads\/2024\/04\/Triptico-Mazateco.pdf\" class=\"wp-block-file__button wp-element-button mcloud-attachment-47332\" download aria-describedby=\"wp-block-file--media-d4b91c42-2218-452c-9bd1-f08f8592df0f\">Descarga<\/a><\/div>\n\n\n\n<div style=\"height:100px\" aria-hidden=\"true\" class=\"wp-block-spacer\"><\/div>\n\n\n\n<p class=\"has-large-font-size\"><strong>Audio<\/strong><\/p>\n\n\n\n<iframe loading=\"lazy\" width=\"560\" height=\"315\" src=\"https:\/\/www.youtube.com\/embed\/1qxwvFU3cn8?si=YFMTd8jvr_XGa--Z\" title=\"YouTube video player\" frameborder=\"0\" allow=\"accelerometer; autoplay; clipboard-write; encrypted-media; gyroscope; picture-in-picture; web-share\" referrerpolicy=\"strict-origin-when-cross-origin\" allowfullscreen><\/iframe>\n\n\n\n<p><\/p>\n","protected":false},"excerpt":{"rendered":"<p>Gu\u00eda para la protecci\u00f3n de los Derechos Pol\u00edtico -Electorales de Pueblos y Barrios Originarios y Comunidades Ind\u00edgenas residentes en la Ciudad de M\u00e9xico Mazateco Gu\u00eda Tr\u00edptico Audio<\/p>\n","protected":false},"author":13,"featured_media":0,"parent":0,"menu_order":0,"comment_status":"closed","ping_status":"closed","template":"","meta":{"_acf_changed":false,"_exactmetrics_skip_tracking":false,"_exactmetrics_sitenote_active":false,"_exactmetrics_sitenote_note":"","_exactmetrics_sitenote_category":0,"footnotes":""},"acf":[],"yoast_head":"<!-- This site is optimized with the Yoast SEO plugin v22.3 - https:\/\/yoast.com\/wordpress\/plugins\/seo\/ -->\n<title>Gu\u00eda PBOCIR CDMX Mazateco - Tribunal Electoral de la Ciudad de M\u00e9xico<\/title>\n<meta name=\"robots\" content=\"index, follow, max-snippet:-1, max-image-preview:large, max-video-preview:-1\" \/>\n<link rel=\"canonical\" href=\"https:\/\/www.tecdmx.org.mx\/index.php\/guia-pbocir-cdmx-mazateco\/\" \/>\n<meta property=\"og:locale\" content=\"es_ES\" \/>\n<meta property=\"og:type\" content=\"article\" \/>\n<meta property=\"og:title\" content=\"Gu\u00eda PBOCIR CDMX Mazateco - Tribunal Electoral de la Ciudad de M\u00e9xico\" \/>\n<meta property=\"og:description\" content=\"Gu\u00eda para la protecci\u00f3n de los Derechos Pol\u00edtico -Electorales de Pueblos y Barrios Originarios y Comunidades Ind\u00edgenas residentes en la Ciudad de M\u00e9xico Mazateco Gu\u00eda Tr\u00edptico Audio\" \/>\n<meta property=\"og:url\" content=\"https:\/\/www.tecdmx.org.mx\/index.php\/guia-pbocir-cdmx-mazateco\/\" \/>\n<meta property=\"og:site_name\" content=\"Tribunal Electoral de la Ciudad de M\u00e9xico\" \/>\n<meta property=\"article:publisher\" content=\"https:\/\/www.facebook.com\/TECDMX\/\" \/>\n<meta property=\"article:modified_time\" content=\"2024-04-02T23:32:23+00:00\" \/>\n<meta name=\"twitter:card\" content=\"summary_large_image\" \/>\n<meta name=\"twitter:site\" content=\"@tecdmx\" \/>\n<meta name=\"twitter:label1\" content=\"Tiempo de lectura\" \/>\n\t<meta name=\"twitter:data1\" content=\"1 minuto\" \/>\n<script type=\"application\/ld+json\" class=\"yoast-schema-graph\">{\"@context\":\"https:\/\/schema.org\",\"@graph\":[{\"@type\":\"WebPage\",\"@id\":\"https:\/\/www.tecdmx.org.mx\/index.php\/guia-pbocir-cdmx-mazateco\/\",\"url\":\"https:\/\/www.tecdmx.org.mx\/index.php\/guia-pbocir-cdmx-mazateco\/\",\"name\":\"Gu\u00eda PBOCIR CDMX Mazateco - Tribunal Electoral de la Ciudad de M\u00e9xico\",\"isPartOf\":{\"@id\":\"https:\/\/www.tecdmx.org.mx\/#website\"},\"datePublished\":\"2024-04-02T20:30:18+00:00\",\"dateModified\":\"2024-04-02T23:32:23+00:00\",\"breadcrumb\":{\"@id\":\"https:\/\/www.tecdmx.org.mx\/index.php\/guia-pbocir-cdmx-mazateco\/#breadcrumb\"},\"inLanguage\":\"es\",\"potentialAction\":[{\"@type\":\"ReadAction\",\"target\":[\"https:\/\/www.tecdmx.org.mx\/index.php\/guia-pbocir-cdmx-mazateco\/\"]}]},{\"@type\":\"BreadcrumbList\",\"@id\":\"https:\/\/www.tecdmx.org.mx\/index.php\/guia-pbocir-cdmx-mazateco\/#breadcrumb\",\"itemListElement\":[{\"@type\":\"ListItem\",\"position\":1,\"name\":\"Portada\",\"item\":\"https:\/\/www.tecdmx.org.mx\/\"},{\"@type\":\"ListItem\",\"position\":2,\"name\":\"Gu\u00eda PBOCIR CDMX Mazateco\"}]},{\"@type\":\"WebSite\",\"@id\":\"https:\/\/www.tecdmx.org.mx\/#website\",\"url\":\"https:\/\/www.tecdmx.org.mx\/\",\"name\":\"Tribunal Electoral de la Ciudad de M\u00e9xico\",\"description\":\"25 a\u00f1os garantizando justicia en tu elecci\u00f3n\",\"potentialAction\":[{\"@type\":\"SearchAction\",\"target\":{\"@type\":\"EntryPoint\",\"urlTemplate\":\"https:\/\/www.tecdmx.org.mx\/?s={search_term_string}\"},\"query-input\":\"required name=search_term_string\"}],\"inLanguage\":\"es\"}]}<\/script>\n<!-- \/ Yoast SEO plugin. -->","yoast_head_json":{"title":"Gu\u00eda PBOCIR CDMX Mazateco - Tribunal Electoral de la Ciudad de M\u00e9xico","robots":{"index":"index","follow":"follow","max-snippet":"max-snippet:-1","max-image-preview":"max-image-preview:large","max-video-preview":"max-video-preview:-1"},"canonical":"https:\/\/www.tecdmx.org.mx\/index.php\/guia-pbocir-cdmx-mazateco\/","og_locale":"es_ES","og_type":"article","og_title":"Gu\u00eda PBOCIR CDMX Mazateco - Tribunal Electoral de la Ciudad de M\u00e9xico","og_description":"Gu\u00eda para la protecci\u00f3n de los Derechos Pol\u00edtico -Electorales de Pueblos y Barrios Originarios y Comunidades Ind\u00edgenas residentes en la Ciudad de M\u00e9xico Mazateco Gu\u00eda Tr\u00edptico Audio","og_url":"https:\/\/www.tecdmx.org.mx\/index.php\/guia-pbocir-cdmx-mazateco\/","og_site_name":"Tribunal Electoral de la Ciudad de M\u00e9xico","article_publisher":"https:\/\/www.facebook.com\/TECDMX\/","article_modified_time":"2024-04-02T23:32:23+00:00","twitter_card":"summary_large_image","twitter_site":"@tecdmx","twitter_misc":{"Tiempo de lectura":"1 minuto"},"schema":{"@context":"https:\/\/schema.org","@graph":[{"@type":"WebPage","@id":"https:\/\/www.tecdmx.org.mx\/index.php\/guia-pbocir-cdmx-mazateco\/","url":"https:\/\/www.tecdmx.org.mx\/index.php\/guia-pbocir-cdmx-mazateco\/","name":"Gu\u00eda PBOCIR CDMX Mazateco - Tribunal Electoral de la Ciudad de M\u00e9xico","isPartOf":{"@id":"https:\/\/www.tecdmx.org.mx\/#website"},"datePublished":"2024-04-02T20:30:18+00:00","dateModified":"2024-04-02T23:32:23+00:00","breadcrumb":{"@id":"https:\/\/www.tecdmx.org.mx\/index.php\/guia-pbocir-cdmx-mazateco\/#breadcrumb"},"inLanguage":"es","potentialAction":[{"@type":"ReadAction","target":["https:\/\/www.tecdmx.org.mx\/index.php\/guia-pbocir-cdmx-mazateco\/"]}]},{"@type":"BreadcrumbList","@id":"https:\/\/www.tecdmx.org.mx\/index.php\/guia-pbocir-cdmx-mazateco\/#breadcrumb","itemListElement":[{"@type":"ListItem","position":1,"name":"Portada","item":"https:\/\/www.tecdmx.org.mx\/"},{"@type":"ListItem","position":2,"name":"Gu\u00eda PBOCIR CDMX Mazateco"}]},{"@type":"WebSite","@id":"https:\/\/www.tecdmx.org.mx\/#website","url":"https:\/\/www.tecdmx.org.mx\/","name":"Tribunal Electoral de la Ciudad de M\u00e9xico","description":"25 a\u00f1os garantizando justicia en tu elecci\u00f3n","potentialAction":[{"@type":"SearchAction","target":{"@type":"EntryPoint","urlTemplate":"https:\/\/www.tecdmx.org.mx\/?s={search_term_string}"},"query-input":"required name=search_term_string"}],"inLanguage":"es"}]}},"_links":{"self":[{"href":"https:\/\/www.tecdmx.org.mx\/index.php\/wp-json\/wp\/v2\/pages\/47328"}],"collection":[{"href":"https:\/\/www.tecdmx.org.mx\/index.php\/wp-json\/wp\/v2\/pages"}],"about":[{"href":"https:\/\/www.tecdmx.org.mx\/index.php\/wp-json\/wp\/v2\/types\/page"}],"author":[{"embeddable":true,"href":"https:\/\/www.tecdmx.org.mx\/index.php\/wp-json\/wp\/v2\/users\/13"}],"replies":[{"embeddable":true,"href":"https:\/\/www.tecdmx.org.mx\/index.php\/wp-json\/wp\/v2\/comments?post=47328"}],"version-history":[{"count":4,"href":"https:\/\/www.tecdmx.org.mx\/index.php\/wp-json\/wp\/v2\/pages\/47328\/revisions"}],"predecessor-version":[{"id":47349,"href":"https:\/\/www.tecdmx.org.mx\/index.php\/wp-json\/wp\/v2\/pages\/47328\/revisions\/47349"}],"wp:attachment":[{"href":"https:\/\/www.tecdmx.org.mx\/index.php\/wp-json\/wp\/v2\/media?parent=47328"}],"curies":[{"name":"wp","href":"https:\/\/api.w.org\/{rel}","templated":true}]}}