{"id":48925,"date":"2024-05-16T17:39:03","date_gmt":"2024-05-16T23:39:03","guid":{"rendered":"https:\/\/www.tecdmx.org.mx\/?page_id=48925"},"modified":"2025-04-21T15:06:39","modified_gmt":"2025-04-21T21:06:39","slug":"areas","status":"publish","type":"page","link":"https:\/\/www.tecdmx.org.mx\/index.php\/areas\/","title":{"rendered":"\u00c1reas_"},"content":{"rendered":"\n<h1 class=\"wp-block-heading has-text-align-center\"><strong>\u00c1reas del Tribunal Electoral de la Ciudad de M\u00e9xico<\/strong><\/h1>\n\n\n\n<div style=\"height:30px\" aria-hidden=\"true\" class=\"wp-block-spacer\"><\/div>\n\n\n\n<h2 class=\"wp-block-heading has-text-align-center\"><strong>Para su organizaci\u00f3n y funcionamiento, el TECDMX tiene la siguiente estructura:<\/strong><\/h2>\n\n\n\n<div style=\"height:50px\" aria-hidden=\"true\" class=\"wp-block-spacer\"><\/div>\n\n\n<div class=\"wp-block-image\">\n<figure class=\"aligncenter size-medium\"><a href=\"https:\/\/www.tecdmx.org.mx\/index.php\/pleno\/\"><img loading=\"lazy\" decoding=\"async\" width=\"446\" height=\"71\" src=\"https:\/\/www.tecdmx.org.mx\/wp-content\/uploads\/2024\/05\/Icono-Pleno-446x71.png\" alt=\"\" class=\"wp-image-48928\" srcset=\"https:\/\/www.tecdmx.org.mx\/wp-content\/uploads\/2024\/05\/Icono-Pleno-446x71.png 446w, https:\/\/www.tecdmx.org.mx\/wp-content\/uploads\/2024\/05\/Icono-Pleno-893x143.png 893w, https:\/\/www.tecdmx.org.mx\/wp-content\/uploads\/2024\/05\/Icono-Pleno-768x123.png 768w, https:\/\/www.tecdmx.org.mx\/wp-content\/uploads\/2024\/05\/Icono-Pleno-1536x246.png 1536w, https:\/\/www.tecdmx.org.mx\/wp-content\/uploads\/2024\/05\/Icono-Pleno-2048x328.png 2048w\" sizes=\"(max-width: 446px) 100vw, 446px\" \/><\/a><\/figure><\/div>\n\n\n<div style=\"height:50px\" aria-hidden=\"true\" class=\"wp-block-spacer\"><\/div>\n\n\n<div class=\"wp-block-image\">\n<figure class=\"aligncenter size-medium\"><a href=\"https:\/\/www.tecdmx.org.mx\/index.php\/magistrado-armando-ambriz-hernandez\/\"><img loading=\"lazy\" decoding=\"async\" width=\"446\" height=\"81\" src=\"https:\/\/www.tecdmx.org.mx\/wp-content\/uploads\/2025\/02\/AAH_Pres_ok-446x81.jpeg\" alt=\"\" class=\"wp-image-55038\" srcset=\"https:\/\/www.tecdmx.org.mx\/wp-content\/uploads\/2025\/02\/AAH_Pres_ok-446x81.jpeg 446w, https:\/\/www.tecdmx.org.mx\/wp-content\/uploads\/2025\/02\/AAH_Pres_ok.jpeg 501w\" sizes=\"(max-width: 446px) 100vw, 446px\" \/><\/a><\/figure><\/div>\n\n\n<div style=\"height:50px\" aria-hidden=\"true\" class=\"wp-block-spacer\"><\/div>\n\n\n<div class=\"wp-block-image\">\n<figure class=\"aligncenter size-medium\"><a href=\"https:\/\/www.tecdmx.org.mx\/index.php\/defensoria-publica\/\"><img loading=\"lazy\" decoding=\"async\" width=\"446\" height=\"101\" src=\"https:\/\/www.tecdmx.org.mx\/wp-content\/uploads\/2024\/05\/Icono-DPPCyPD-446x101.png\" alt=\"\" class=\"wp-image-48958\" srcset=\"https:\/\/www.tecdmx.org.mx\/wp-content\/uploads\/2024\/05\/Icono-DPPCyPD-446x101.png 446w, https:\/\/www.tecdmx.org.mx\/wp-content\/uploads\/2024\/05\/Icono-DPPCyPD-893x202.png 893w, https:\/\/www.tecdmx.org.mx\/wp-content\/uploads\/2024\/05\/Icono-DPPCyPD-768x174.png 768w, https:\/\/www.tecdmx.org.mx\/wp-content\/uploads\/2024\/05\/Icono-DPPCyPD-1536x348.png 1536w, https:\/\/www.tecdmx.org.mx\/wp-content\/uploads\/2024\/05\/Icono-DPPCyPD-2048x464.png 2048w\" sizes=\"(max-width: 446px) 100vw, 446px\" \/><\/a><\/figure><\/div>\n\n\n<div style=\"height:50px\" aria-hidden=\"true\" class=\"wp-block-spacer\"><\/div>\n\n\n<div class=\"wp-block-image\">\n<figure class=\"aligncenter size-medium\"><a href=\"https:\/\/www.tecdmx.org.mx\/index.php\/contraloria-interna\/\"><img loading=\"lazy\" decoding=\"async\" width=\"446\" height=\"71\" src=\"https:\/\/www.tecdmx.org.mx\/wp-content\/uploads\/2024\/05\/Icono-CI-446x71.png\" alt=\"\" class=\"wp-image-48941\" srcset=\"https:\/\/www.tecdmx.org.mx\/wp-content\/uploads\/2024\/05\/Icono-CI-446x71.png 446w, https:\/\/www.tecdmx.org.mx\/wp-content\/uploads\/2024\/05\/Icono-CI-893x143.png 893w, https:\/\/www.tecdmx.org.mx\/wp-content\/uploads\/2024\/05\/Icono-CI-768x123.png 768w, https:\/\/www.tecdmx.org.mx\/wp-content\/uploads\/2024\/05\/Icono-CI-1536x246.png 1536w, https:\/\/www.tecdmx.org.mx\/wp-content\/uploads\/2024\/05\/Icono-CI-2048x328.png 2048w\" sizes=\"(max-width: 446px) 100vw, 446px\" \/><\/a><\/figure><\/div>\n\n\n<div style=\"height:50px\" aria-hidden=\"true\" class=\"wp-block-spacer\"><\/div>\n\n\n<div class=\"wp-block-image\">\n<figure class=\"aligncenter size-medium\"><a href=\"https:\/\/www.tecdmx.org.mx\/index.php\/secretaria-general\/\"><img loading=\"lazy\" decoding=\"async\" width=\"446\" height=\"71\" src=\"https:\/\/www.tecdmx.org.mx\/wp-content\/uploads\/2024\/05\/Icono-SG-446x71.png\" alt=\"\" class=\"wp-image-48943\" srcset=\"https:\/\/www.tecdmx.org.mx\/wp-content\/uploads\/2024\/05\/Icono-SG-446x71.png 446w, https:\/\/www.tecdmx.org.mx\/wp-content\/uploads\/2024\/05\/Icono-SG-893x143.png 893w, https:\/\/www.tecdmx.org.mx\/wp-content\/uploads\/2024\/05\/Icono-SG-768x123.png 768w, https:\/\/www.tecdmx.org.mx\/wp-content\/uploads\/2024\/05\/Icono-SG-1536x246.png 1536w, https:\/\/www.tecdmx.org.mx\/wp-content\/uploads\/2024\/05\/Icono-SG-2048x328.png 2048w\" sizes=\"(max-width: 446px) 100vw, 446px\" \/><\/a><\/figure><\/div>\n\n\n<div style=\"height:50px\" aria-hidden=\"true\" class=\"wp-block-spacer\"><\/div>\n\n\n<div class=\"wp-block-image\">\n<figure class=\"aligncenter size-medium\"><a href=\"https:\/\/www.tecdmx.org.mx\/index.php\/secretaria-administrativa\/\"><img loading=\"lazy\" decoding=\"async\" width=\"446\" height=\"71\" src=\"https:\/\/www.tecdmx.org.mx\/wp-content\/uploads\/2024\/05\/Icono-SA-446x71.png\" alt=\"\" class=\"wp-image-48944\" srcset=\"https:\/\/www.tecdmx.org.mx\/wp-content\/uploads\/2024\/05\/Icono-SA-446x71.png 446w, https:\/\/www.tecdmx.org.mx\/wp-content\/uploads\/2024\/05\/Icono-SA-893x143.png 893w, https:\/\/www.tecdmx.org.mx\/wp-content\/uploads\/2024\/05\/Icono-SA-768x123.png 768w, https:\/\/www.tecdmx.org.mx\/wp-content\/uploads\/2024\/05\/Icono-SA-1536x246.png 1536w, https:\/\/www.tecdmx.org.mx\/wp-content\/uploads\/2024\/05\/Icono-SA-2048x328.png 2048w\" sizes=\"(max-width: 446px) 100vw, 446px\" \/><\/a><\/figure><\/div>\n\n\n<div style=\"height:50px\" aria-hidden=\"true\" class=\"wp-block-spacer\"><\/div>\n\n\n<div class=\"wp-block-image\">\n<figure class=\"aligncenter size-medium\"><a href=\"https:\/\/www.tecdmx.org.mx\/index.php\/direccion-general-juridica\/\"><img loading=\"lazy\" decoding=\"async\" width=\"446\" height=\"71\" src=\"https:\/\/www.tecdmx.org.mx\/wp-content\/uploads\/2024\/05\/Icono-DGJ-446x71.png\" alt=\"\" class=\"wp-image-48945\" srcset=\"https:\/\/www.tecdmx.org.mx\/wp-content\/uploads\/2024\/05\/Icono-DGJ-446x71.png 446w, https:\/\/www.tecdmx.org.mx\/wp-content\/uploads\/2024\/05\/Icono-DGJ-893x143.png 893w, https:\/\/www.tecdmx.org.mx\/wp-content\/uploads\/2024\/05\/Icono-DGJ-768x123.png 768w, https:\/\/www.tecdmx.org.mx\/wp-content\/uploads\/2024\/05\/Icono-DGJ-1536x246.png 1536w, https:\/\/www.tecdmx.org.mx\/wp-content\/uploads\/2024\/05\/Icono-DGJ-2048x328.png 2048w\" sizes=\"(max-width: 446px) 100vw, 446px\" \/><\/a><\/figure><\/div>\n\n\n<div style=\"height:50px\" aria-hidden=\"true\" class=\"wp-block-spacer\"><\/div>\n\n\n<div class=\"wp-block-image\">\n<figure class=\"aligncenter size-medium\"><a href=\"https:\/\/www.tecdmx.org.mx\/index.php\/coordinacion-de-archivo\/\"><img loading=\"lazy\" decoding=\"async\" width=\"446\" height=\"71\" src=\"https:\/\/www.tecdmx.org.mx\/wp-content\/uploads\/2024\/05\/Icono-CA-446x71.png\" alt=\"\" class=\"wp-image-48946\" srcset=\"https:\/\/www.tecdmx.org.mx\/wp-content\/uploads\/2024\/05\/Icono-CA-446x71.png 446w, https:\/\/www.tecdmx.org.mx\/wp-content\/uploads\/2024\/05\/Icono-CA-893x143.png 893w, https:\/\/www.tecdmx.org.mx\/wp-content\/uploads\/2024\/05\/Icono-CA-768x123.png 768w, https:\/\/www.tecdmx.org.mx\/wp-content\/uploads\/2024\/05\/Icono-CA-1536x246.png 1536w, https:\/\/www.tecdmx.org.mx\/wp-content\/uploads\/2024\/05\/Icono-CA-2048x328.png 2048w\" sizes=\"(max-width: 446px) 100vw, 446px\" \/><\/a><\/figure><\/div>\n\n\n<div style=\"height:50px\" aria-hidden=\"true\" class=\"wp-block-spacer\"><\/div>\n\n\n<div class=\"wp-block-image\">\n<figure class=\"aligncenter size-medium\"><a href=\"https:\/\/www.tecdmx.org.mx\/index.php\/coordinacion-de-difusion-y-publicacion\/\"><img loading=\"lazy\" decoding=\"async\" width=\"446\" height=\"71\" src=\"https:\/\/www.tecdmx.org.mx\/wp-content\/uploads\/2024\/05\/Icono-CDyP-446x71.png\" alt=\"\" class=\"wp-image-48947\" srcset=\"https:\/\/www.tecdmx.org.mx\/wp-content\/uploads\/2024\/05\/Icono-CDyP-446x71.png 446w, https:\/\/www.tecdmx.org.mx\/wp-content\/uploads\/2024\/05\/Icono-CDyP-893x143.png 893w, https:\/\/www.tecdmx.org.mx\/wp-content\/uploads\/2024\/05\/Icono-CDyP-768x123.png 768w, https:\/\/www.tecdmx.org.mx\/wp-content\/uploads\/2024\/05\/Icono-CDyP-1536x246.png 1536w, https:\/\/www.tecdmx.org.mx\/wp-content\/uploads\/2024\/05\/Icono-CDyP-2048x328.png 2048w\" sizes=\"(max-width: 446px) 100vw, 446px\" \/><\/a><\/figure><\/div>\n\n\n<div style=\"height:50px\" aria-hidden=\"true\" class=\"wp-block-spacer\"><\/div>\n\n\n<div class=\"wp-block-image\">\n<figure class=\"aligncenter size-medium\"><a href=\"https:\/\/www.tecdmx.org.mx\/index.php\/coordinacion-de-transparencia-y-datos-personales\/\"><img loading=\"lazy\" decoding=\"async\" width=\"446\" height=\"91\" src=\"https:\/\/www.tecdmx.org.mx\/wp-content\/uploads\/2024\/05\/Icono-CTyDP-446x91.png\" alt=\"\" class=\"wp-image-48948\" srcset=\"https:\/\/www.tecdmx.org.mx\/wp-content\/uploads\/2024\/05\/Icono-CTyDP-446x91.png 446w, https:\/\/www.tecdmx.org.mx\/wp-content\/uploads\/2024\/05\/Icono-CTyDP-893x182.png 893w, https:\/\/www.tecdmx.org.mx\/wp-content\/uploads\/2024\/05\/Icono-CTyDP-768x156.png 768w, https:\/\/www.tecdmx.org.mx\/wp-content\/uploads\/2024\/05\/Icono-CTyDP-1536x312.png 1536w, https:\/\/www.tecdmx.org.mx\/wp-content\/uploads\/2024\/05\/Icono-CTyDP-2048x416.png 2048w\" sizes=\"(max-width: 446px) 100vw, 446px\" \/><\/a><\/figure><\/div>\n\n\n<div style=\"height:50px\" aria-hidden=\"true\" class=\"wp-block-spacer\"><\/div>\n\n\n<div class=\"wp-block-image\">\n<figure class=\"aligncenter size-medium\"><a href=\"https:\/\/www.tecdmx.org.mx\/index.php\/coordinacion-de-comunicacion-social-y-relaciones-publicas\/\"><img loading=\"lazy\" decoding=\"async\" width=\"446\" height=\"94\" src=\"https:\/\/www.tecdmx.org.mx\/wp-content\/uploads\/2024\/05\/Icono-CCSyRP-446x94.png\" alt=\"\" class=\"wp-image-48949\" srcset=\"https:\/\/www.tecdmx.org.mx\/wp-content\/uploads\/2024\/05\/Icono-CCSyRP-446x94.png 446w, https:\/\/www.tecdmx.org.mx\/wp-content\/uploads\/2024\/05\/Icono-CCSyRP-893x189.png 893w, https:\/\/www.tecdmx.org.mx\/wp-content\/uploads\/2024\/05\/Icono-CCSyRP-768x162.png 768w, https:\/\/www.tecdmx.org.mx\/wp-content\/uploads\/2024\/05\/Icono-CCSyRP-1536x324.png 1536w, https:\/\/www.tecdmx.org.mx\/wp-content\/uploads\/2024\/05\/Icono-CCSyRP-2048x432.png 2048w\" sizes=\"(max-width: 446px) 100vw, 446px\" \/><\/a><\/figure><\/div>\n\n\n<div style=\"height:50px\" aria-hidden=\"true\" class=\"wp-block-spacer\"><\/div>\n\n\n<div class=\"wp-block-image\">\n<figure class=\"aligncenter size-medium\"><a href=\"https:\/\/www.tecdmx.org.mx\/index.php\/coordinacion-de-derechos-humanos-y-genero\/\"><img loading=\"lazy\" decoding=\"async\" width=\"446\" height=\"71\" src=\"https:\/\/www.tecdmx.org.mx\/wp-content\/uploads\/2024\/05\/Icono-CDHyG-446x71.png\" alt=\"\" class=\"wp-image-48951\" srcset=\"https:\/\/www.tecdmx.org.mx\/wp-content\/uploads\/2024\/05\/Icono-CDHyG-446x71.png 446w, https:\/\/www.tecdmx.org.mx\/wp-content\/uploads\/2024\/05\/Icono-CDHyG-893x143.png 893w, https:\/\/www.tecdmx.org.mx\/wp-content\/uploads\/2024\/05\/Icono-CDHyG-768x123.png 768w, https:\/\/www.tecdmx.org.mx\/wp-content\/uploads\/2024\/05\/Icono-CDHyG-1536x246.png 1536w, https:\/\/www.tecdmx.org.mx\/wp-content\/uploads\/2024\/05\/Icono-CDHyG-2048x328.png 2048w\" sizes=\"(max-width: 446px) 100vw, 446px\" \/><\/a><\/figure><\/div>\n\n\n<div style=\"height:50px\" aria-hidden=\"true\" class=\"wp-block-spacer\"><\/div>\n\n\n<div class=\"wp-block-image\">\n<figure class=\"aligncenter size-medium\"><a href=\"https:\/\/www.tecdmx.org.mx\/index.php\/instituto-de-formacion-y-capacitacion\/\"><img loading=\"lazy\" decoding=\"async\" width=\"446\" height=\"71\" src=\"https:\/\/www.tecdmx.org.mx\/wp-content\/uploads\/2024\/05\/Icono-IFyC-446x71.png\" alt=\"\" class=\"wp-image-48952\" srcset=\"https:\/\/www.tecdmx.org.mx\/wp-content\/uploads\/2024\/05\/Icono-IFyC-446x71.png 446w, https:\/\/www.tecdmx.org.mx\/wp-content\/uploads\/2024\/05\/Icono-IFyC-893x143.png 893w, https:\/\/www.tecdmx.org.mx\/wp-content\/uploads\/2024\/05\/Icono-IFyC-768x123.png 768w, https:\/\/www.tecdmx.org.mx\/wp-content\/uploads\/2024\/05\/Icono-IFyC-1536x246.png 1536w, https:\/\/www.tecdmx.org.mx\/wp-content\/uploads\/2024\/05\/Icono-IFyC-2048x328.png 2048w\" sizes=\"(max-width: 446px) 100vw, 446px\" \/><\/a><\/figure><\/div>\n\n\n<div style=\"height:50px\" aria-hidden=\"true\" class=\"wp-block-spacer\"><\/div>\n\n\n<div class=\"wp-block-image\">\n<figure class=\"aligncenter size-medium\"><a href=\"https:\/\/www.tecdmx.org.mx\/index.php\/unidad-especializada-de-procedimientos-sancionadores\/\"><img loading=\"lazy\" decoding=\"async\" width=\"446\" height=\"71\" src=\"https:\/\/www.tecdmx.org.mx\/wp-content\/uploads\/2024\/05\/Icono-UEPS-446x71.png\" alt=\"\" class=\"wp-image-48953\" srcset=\"https:\/\/www.tecdmx.org.mx\/wp-content\/uploads\/2024\/05\/Icono-UEPS-446x71.png 446w, https:\/\/www.tecdmx.org.mx\/wp-content\/uploads\/2024\/05\/Icono-UEPS-893x143.png 893w, https:\/\/www.tecdmx.org.mx\/wp-content\/uploads\/2024\/05\/Icono-UEPS-768x123.png 768w, https:\/\/www.tecdmx.org.mx\/wp-content\/uploads\/2024\/05\/Icono-UEPS-1536x246.png 1536w, https:\/\/www.tecdmx.org.mx\/wp-content\/uploads\/2024\/05\/Icono-UEPS-2048x328.png 2048w\" sizes=\"(max-width: 446px) 100vw, 446px\" \/><\/a><\/figure><\/div>\n\n\n<div style=\"height:50px\" aria-hidden=\"true\" class=\"wp-block-spacer\"><\/div>\n\n\n<div class=\"wp-block-image\">\n<figure class=\"aligncenter size-medium\"><a href=\"https:\/\/www.tecdmx.org.mx\/index.php\/unidad-de-estadistica-y-jurisprudencia\/\"><img loading=\"lazy\" decoding=\"async\" width=\"446\" height=\"71\" src=\"https:\/\/www.tecdmx.org.mx\/wp-content\/uploads\/2024\/05\/Icono-UEyJ-446x71.png\" alt=\"\" class=\"wp-image-48954\" srcset=\"https:\/\/www.tecdmx.org.mx\/wp-content\/uploads\/2024\/05\/Icono-UEyJ-446x71.png 446w, https:\/\/www.tecdmx.org.mx\/wp-content\/uploads\/2024\/05\/Icono-UEyJ-893x143.png 893w, https:\/\/www.tecdmx.org.mx\/wp-content\/uploads\/2024\/05\/Icono-UEyJ-768x123.png 768w, https:\/\/www.tecdmx.org.mx\/wp-content\/uploads\/2024\/05\/Icono-UEyJ-1536x246.png 1536w, https:\/\/www.tecdmx.org.mx\/wp-content\/uploads\/2024\/05\/Icono-UEyJ-2048x328.png 2048w\" sizes=\"(max-width: 446px) 100vw, 446px\" \/><\/a><\/figure><\/div>\n\n\n<div style=\"height:50px\" aria-hidden=\"true\" class=\"wp-block-spacer\"><\/div>\n\n\n<div class=\"wp-block-image\">\n<figure class=\"aligncenter size-medium\"><a href=\"https:\/\/www.tecdmx.org.mx\/index.php\/unidad-de-servicios-informaticos-2\/\"><img loading=\"lazy\" decoding=\"async\" width=\"446\" height=\"71\" src=\"https:\/\/www.tecdmx.org.mx\/wp-content\/uploads\/2024\/05\/Icono-USI-446x71.png\" alt=\"\" class=\"wp-image-48955\" srcset=\"https:\/\/www.tecdmx.org.mx\/wp-content\/uploads\/2024\/05\/Icono-USI-446x71.png 446w, https:\/\/www.tecdmx.org.mx\/wp-content\/uploads\/2024\/05\/Icono-USI-893x143.png 893w, https:\/\/www.tecdmx.org.mx\/wp-content\/uploads\/2024\/05\/Icono-USI-768x123.png 768w, https:\/\/www.tecdmx.org.mx\/wp-content\/uploads\/2024\/05\/Icono-USI-1536x246.png 1536w, https:\/\/www.tecdmx.org.mx\/wp-content\/uploads\/2024\/05\/Icono-USI-2048x328.png 2048w\" sizes=\"(max-width: 446px) 100vw, 446px\" \/><\/a><\/figure><\/div>\n\n\n<div style=\"height:50px\" aria-hidden=\"true\" class=\"wp-block-spacer\"><\/div>\n\n\n<div class=\"wp-block-image\">\n<figure class=\"aligncenter size-medium\"><a href=\"https:\/\/www.tecdmx.org.mx\/index.php\/comision-de-controversias-laborales-y-administrativas\/\"><img loading=\"lazy\" decoding=\"async\" width=\"446\" height=\"71\" src=\"https:\/\/www.tecdmx.org.mx\/wp-content\/uploads\/2024\/05\/Icono-CCLyA-446x71.png\" alt=\"\" class=\"wp-image-48956\" srcset=\"https:\/\/www.tecdmx.org.mx\/wp-content\/uploads\/2024\/05\/Icono-CCLyA-446x71.png 446w, https:\/\/www.tecdmx.org.mx\/wp-content\/uploads\/2024\/05\/Icono-CCLyA-893x143.png 893w, https:\/\/www.tecdmx.org.mx\/wp-content\/uploads\/2024\/05\/Icono-CCLyA-768x123.png 768w, https:\/\/www.tecdmx.org.mx\/wp-content\/uploads\/2024\/05\/Icono-CCLyA-1536x246.png 1536w, https:\/\/www.tecdmx.org.mx\/wp-content\/uploads\/2024\/05\/Icono-CCLyA-2048x328.png 2048w\" sizes=\"(max-width: 446px) 100vw, 446px\" \/><\/a><\/figure><\/div>\n\n\n<div style=\"height:50px\" aria-hidden=\"true\" class=\"wp-block-spacer\"><\/div>\n\n\n<div class=\"wp-block-image\">\n<figure class=\"aligncenter size-medium\"><a href=\"https:\/\/www.tecdmx.org.mx\/index.php\/coordinacion-de-vinculacion-y-relaciones-internacionales\/\"><img loading=\"lazy\" decoding=\"async\" width=\"446\" height=\"71\" src=\"https:\/\/www.tecdmx.org.mx\/wp-content\/uploads\/2024\/05\/Icono-CVyRI-446x71.png\" alt=\"\" class=\"wp-image-48950\" srcset=\"https:\/\/www.tecdmx.org.mx\/wp-content\/uploads\/2024\/05\/Icono-CVyRI-446x71.png 446w, https:\/\/www.tecdmx.org.mx\/wp-content\/uploads\/2024\/05\/Icono-CVyRI-893x143.png 893w, https:\/\/www.tecdmx.org.mx\/wp-content\/uploads\/2024\/05\/Icono-CVyRI-768x123.png 768w, https:\/\/www.tecdmx.org.mx\/wp-content\/uploads\/2024\/05\/Icono-CVyRI-1536x246.png 1536w, https:\/\/www.tecdmx.org.mx\/wp-content\/uploads\/2024\/05\/Icono-CVyRI-2048x328.png 2048w\" sizes=\"(max-width: 446px) 100vw, 446px\" \/><\/a><\/figure><\/div>\n\n\n<div style=\"height:100px\" aria-hidden=\"true\" class=\"wp-block-spacer\"><\/div>\n","protected":false},"excerpt":{"rendered":"<p>\u00c1reas del Tribunal Electoral de la Ciudad de M\u00e9xico Para su organizaci\u00f3n y funcionamiento, el TECDMX tiene la siguiente estructura:<\/p>\n","protected":false},"author":13,"featured_media":0,"parent":0,"menu_order":0,"comment_status":"closed","ping_status":"closed","template":"","meta":{"_acf_changed":false,"_exactmetrics_skip_tracking":false,"_exactmetrics_sitenote_active":false,"_exactmetrics_sitenote_note":"","_exactmetrics_sitenote_category":0,"footnotes":""},"acf":[],"yoast_head":"<!-- This site is optimized with the Yoast SEO plugin v22.3 - https:\/\/yoast.com\/wordpress\/plugins\/seo\/ -->\n<title>\u00c1reas_ - Tribunal Electoral de la Ciudad de M\u00e9xico<\/title>\n<meta name=\"robots\" content=\"index, follow, max-snippet:-1, max-image-preview:large, max-video-preview:-1\" \/>\n<link rel=\"canonical\" href=\"https:\/\/www.tecdmx.org.mx\/index.php\/areas\/\" \/>\n<meta property=\"og:locale\" content=\"es_ES\" \/>\n<meta property=\"og:type\" content=\"article\" \/>\n<meta property=\"og:title\" content=\"\u00c1reas_ - Tribunal Electoral de la Ciudad de M\u00e9xico\" \/>\n<meta property=\"og:description\" content=\"\u00c1reas del Tribunal Electoral de la Ciudad de M\u00e9xico Para su organizaci\u00f3n y funcionamiento, el TECDMX tiene la siguiente estructura:\" \/>\n<meta property=\"og:url\" content=\"https:\/\/www.tecdmx.org.mx\/index.php\/areas\/\" \/>\n<meta property=\"og:site_name\" content=\"Tribunal Electoral de la Ciudad de M\u00e9xico\" \/>\n<meta property=\"article:publisher\" content=\"https:\/\/www.facebook.com\/TECDMX\/\" \/>\n<meta property=\"article:modified_time\" content=\"2025-04-21T21:06:39+00:00\" \/>\n<meta property=\"og:image\" content=\"https:\/\/www.tecdmx.org.mx\/wp-content\/uploads\/2024\/05\/Icono-Pleno-446x71.png\" \/>\n<meta name=\"twitter:card\" content=\"summary_large_image\" \/>\n<meta name=\"twitter:site\" content=\"@tecdmx\" \/>\n<meta name=\"twitter:label1\" content=\"Tiempo de lectura\" \/>\n\t<meta name=\"twitter:data1\" content=\"4 minutos\" \/>\n<script type=\"application\/ld+json\" class=\"yoast-schema-graph\">{\"@context\":\"https:\/\/schema.org\",\"@graph\":[{\"@type\":\"WebPage\",\"@id\":\"https:\/\/www.tecdmx.org.mx\/index.php\/areas\/\",\"url\":\"https:\/\/www.tecdmx.org.mx\/index.php\/areas\/\",\"name\":\"\u00c1reas_ - Tribunal Electoral de la Ciudad de M\u00e9xico\",\"isPartOf\":{\"@id\":\"https:\/\/www.tecdmx.org.mx\/#website\"},\"primaryImageOfPage\":{\"@id\":\"https:\/\/www.tecdmx.org.mx\/index.php\/areas\/#primaryimage\"},\"image\":{\"@id\":\"https:\/\/www.tecdmx.org.mx\/index.php\/areas\/#primaryimage\"},\"thumbnailUrl\":\"https:\/\/www.tecdmx.org.mx\/wp-content\/uploads\/2024\/05\/Icono-Pleno-446x71.png\",\"datePublished\":\"2024-05-16T23:39:03+00:00\",\"dateModified\":\"2025-04-21T21:06:39+00:00\",\"breadcrumb\":{\"@id\":\"https:\/\/www.tecdmx.org.mx\/index.php\/areas\/#breadcrumb\"},\"inLanguage\":\"es\",\"potentialAction\":[{\"@type\":\"ReadAction\",\"target\":[\"https:\/\/www.tecdmx.org.mx\/index.php\/areas\/\"]}]},{\"@type\":\"ImageObject\",\"inLanguage\":\"es\",\"@id\":\"https:\/\/www.tecdmx.org.mx\/index.php\/areas\/#primaryimage\",\"url\":\"https:\/\/www.tecdmx.org.mx\/wp-content\/uploads\/2024\/05\/Icono-Pleno.png\",\"contentUrl\":\"https:\/\/www.tecdmx.org.mx\/wp-content\/uploads\/2024\/05\/Icono-Pleno.png\",\"width\":2084,\"height\":334},{\"@type\":\"BreadcrumbList\",\"@id\":\"https:\/\/www.tecdmx.org.mx\/index.php\/areas\/#breadcrumb\",\"itemListElement\":[{\"@type\":\"ListItem\",\"position\":1,\"name\":\"Portada\",\"item\":\"https:\/\/www.tecdmx.org.mx\/\"},{\"@type\":\"ListItem\",\"position\":2,\"name\":\"\u00c1reas_\"}]},{\"@type\":\"WebSite\",\"@id\":\"https:\/\/www.tecdmx.org.mx\/#website\",\"url\":\"https:\/\/www.tecdmx.org.mx\/\",\"name\":\"Tribunal Electoral de la Ciudad de M\u00e9xico\",\"description\":\"25 a\u00f1os garantizando justicia en tu elecci\u00f3n\",\"potentialAction\":[{\"@type\":\"SearchAction\",\"target\":{\"@type\":\"EntryPoint\",\"urlTemplate\":\"https:\/\/www.tecdmx.org.mx\/?s={search_term_string}\"},\"query-input\":\"required name=search_term_string\"}],\"inLanguage\":\"es\"}]}<\/script>\n<!-- \/ Yoast SEO plugin. -->","yoast_head_json":{"title":"\u00c1reas_ - Tribunal Electoral de la Ciudad de M\u00e9xico","robots":{"index":"index","follow":"follow","max-snippet":"max-snippet:-1","max-image-preview":"max-image-preview:large","max-video-preview":"max-video-preview:-1"},"canonical":"https:\/\/www.tecdmx.org.mx\/index.php\/areas\/","og_locale":"es_ES","og_type":"article","og_title":"\u00c1reas_ - Tribunal Electoral de la Ciudad de M\u00e9xico","og_description":"\u00c1reas del Tribunal Electoral de la Ciudad de M\u00e9xico Para su organizaci\u00f3n y funcionamiento, el TECDMX tiene la siguiente estructura:","og_url":"https:\/\/www.tecdmx.org.mx\/index.php\/areas\/","og_site_name":"Tribunal Electoral de la Ciudad de M\u00e9xico","article_publisher":"https:\/\/www.facebook.com\/TECDMX\/","article_modified_time":"2025-04-21T21:06:39+00:00","og_image":[{"url":"https:\/\/www.tecdmx.org.mx\/wp-content\/uploads\/2024\/05\/Icono-Pleno-446x71.png"}],"twitter_card":"summary_large_image","twitter_site":"@tecdmx","twitter_misc":{"Tiempo de lectura":"4 minutos"},"schema":{"@context":"https:\/\/schema.org","@graph":[{"@type":"WebPage","@id":"https:\/\/www.tecdmx.org.mx\/index.php\/areas\/","url":"https:\/\/www.tecdmx.org.mx\/index.php\/areas\/","name":"\u00c1reas_ - Tribunal Electoral de la Ciudad de M\u00e9xico","isPartOf":{"@id":"https:\/\/www.tecdmx.org.mx\/#website"},"primaryImageOfPage":{"@id":"https:\/\/www.tecdmx.org.mx\/index.php\/areas\/#primaryimage"},"image":{"@id":"https:\/\/www.tecdmx.org.mx\/index.php\/areas\/#primaryimage"},"thumbnailUrl":"https:\/\/www.tecdmx.org.mx\/wp-content\/uploads\/2024\/05\/Icono-Pleno-446x71.png","datePublished":"2024-05-16T23:39:03+00:00","dateModified":"2025-04-21T21:06:39+00:00","breadcrumb":{"@id":"https:\/\/www.tecdmx.org.mx\/index.php\/areas\/#breadcrumb"},"inLanguage":"es","potentialAction":[{"@type":"ReadAction","target":["https:\/\/www.tecdmx.org.mx\/index.php\/areas\/"]}]},{"@type":"ImageObject","inLanguage":"es","@id":"https:\/\/www.tecdmx.org.mx\/index.php\/areas\/#primaryimage","url":"https:\/\/www.tecdmx.org.mx\/wp-content\/uploads\/2024\/05\/Icono-Pleno.png","contentUrl":"https:\/\/www.tecdmx.org.mx\/wp-content\/uploads\/2024\/05\/Icono-Pleno.png","width":2084,"height":334},{"@type":"BreadcrumbList","@id":"https:\/\/www.tecdmx.org.mx\/index.php\/areas\/#breadcrumb","itemListElement":[{"@type":"ListItem","position":1,"name":"Portada","item":"https:\/\/www.tecdmx.org.mx\/"},{"@type":"ListItem","position":2,"name":"\u00c1reas_"}]},{"@type":"WebSite","@id":"https:\/\/www.tecdmx.org.mx\/#website","url":"https:\/\/www.tecdmx.org.mx\/","name":"Tribunal Electoral de la Ciudad de M\u00e9xico","description":"25 a\u00f1os garantizando justicia en tu elecci\u00f3n","potentialAction":[{"@type":"SearchAction","target":{"@type":"EntryPoint","urlTemplate":"https:\/\/www.tecdmx.org.mx\/?s={search_term_string}"},"query-input":"required name=search_term_string"}],"inLanguage":"es"}]}},"_links":{"self":[{"href":"https:\/\/www.tecdmx.org.mx\/index.php\/wp-json\/wp\/v2\/pages\/48925"}],"collection":[{"href":"https:\/\/www.tecdmx.org.mx\/index.php\/wp-json\/wp\/v2\/pages"}],"about":[{"href":"https:\/\/www.tecdmx.org.mx\/index.php\/wp-json\/wp\/v2\/types\/page"}],"author":[{"embeddable":true,"href":"https:\/\/www.tecdmx.org.mx\/index.php\/wp-json\/wp\/v2\/users\/13"}],"replies":[{"embeddable":true,"href":"https:\/\/www.tecdmx.org.mx\/index.php\/wp-json\/wp\/v2\/comments?post=48925"}],"version-history":[{"count":18,"href":"https:\/\/www.tecdmx.org.mx\/index.php\/wp-json\/wp\/v2\/pages\/48925\/revisions"}],"predecessor-version":[{"id":56095,"href":"https:\/\/www.tecdmx.org.mx\/index.php\/wp-json\/wp\/v2\/pages\/48925\/revisions\/56095"}],"wp:attachment":[{"href":"https:\/\/www.tecdmx.org.mx\/index.php\/wp-json\/wp\/v2\/media?parent=48925"}],"curies":[{"name":"wp","href":"https:\/\/api.w.org\/{rel}","templated":true}]}}