{"id":53252,"date":"2025-05-16T11:30:54","date_gmt":"2025-05-16T17:30:54","guid":{"rendered":"https:\/\/www.tecdmx.org.mx\/?page_id=53252"},"modified":"2025-05-16T11:30:55","modified_gmt":"2025-05-16T17:30:55","slug":"que-es-un-procedimiento-especial-sancionador","status":"publish","type":"page","link":"https:\/\/www.tecdmx.org.mx\/index.php\/conceptos-relevantes\/que-es-un-procedimiento-especial-sancionador\/","title":{"rendered":"\u00bfQu\u00e9 es un procedimiento Especial Sancionador?"},"content":{"rendered":"\n<p class=\"has-medium-font-size\"><span style=\"color:#0A2241;\"><strong>\u00bfQu\u00e9 es un procedimiento Especial Sancionador?<\/strong><\/span><\/p>\n\n\n\n<div style=\"height:40px\" aria-hidden=\"true\" class=\"wp-block-spacer\"><\/div>\n\n\n\n<figure class=\"wp-block-image size-full\"><img loading=\"lazy\" decoding=\"async\" width=\"1920\" height=\"1080\" src=\"https:\/\/www.tecdmx.org.mx\/wp-content\/uploads\/2024\/06\/PES.jpg\" alt=\"\" class=\"wp-image-49956\" srcset=\"https:\/\/www.tecdmx.org.mx\/wp-content\/uploads\/2024\/06\/PES-444x250.jpg 444w, https:\/\/www.tecdmx.org.mx\/wp-content\/uploads\/2024\/06\/PES-622x350.jpg 622w, https:\/\/www.tecdmx.org.mx\/wp-content\/uploads\/2024\/06\/PES-768x432.jpg 768w, https:\/\/www.tecdmx.org.mx\/wp-content\/uploads\/2024\/06\/PES-1536x864.jpg 1536w, https:\/\/www.tecdmx.org.mx\/wp-content\/uploads\/2024\/06\/PES.jpg 1920w\" sizes=\"(max-width: 1920px) 100vw, 1920px\" \/><\/figure>\n\n\n\n<div style=\"height:40px\" aria-hidden=\"true\" class=\"wp-block-spacer\"><\/div>\n","protected":false},"excerpt":{"rendered":"<p>\u00bfQu\u00e9 es un procedimiento Especial Sancionador?<\/p>\n","protected":false},"author":13,"featured_media":0,"parent":53250,"menu_order":0,"comment_status":"closed","ping_status":"closed","template":"","meta":{"_acf_changed":false,"_exactmetrics_skip_tracking":false,"_exactmetrics_sitenote_active":false,"_exactmetrics_sitenote_note":"","_exactmetrics_sitenote_category":0,"footnotes":""},"acf":[],"yoast_head":"<!-- This site is optimized with the Yoast SEO plugin v22.3 - https:\/\/yoast.com\/wordpress\/plugins\/seo\/ -->\n<title>\u00bfQu\u00e9 es un procedimiento Especial Sancionador? - Tribunal Electoral de la Ciudad de M\u00e9xico<\/title>\n<meta name=\"robots\" content=\"index, follow, max-snippet:-1, max-image-preview:large, max-video-preview:-1\" \/>\n<link rel=\"canonical\" href=\"https:\/\/www.tecdmx.org.mx\/index.php\/conceptos-relevantes\/que-es-un-procedimiento-especial-sancionador\/\" \/>\n<meta property=\"og:locale\" content=\"es_ES\" \/>\n<meta property=\"og:type\" content=\"article\" \/>\n<meta property=\"og:title\" content=\"\u00bfQu\u00e9 es un procedimiento Especial Sancionador? - Tribunal Electoral de la Ciudad de M\u00e9xico\" \/>\n<meta property=\"og:description\" content=\"\u00bfQu\u00e9 es un procedimiento Especial Sancionador?\" \/>\n<meta property=\"og:url\" content=\"https:\/\/www.tecdmx.org.mx\/index.php\/conceptos-relevantes\/que-es-un-procedimiento-especial-sancionador\/\" \/>\n<meta property=\"og:site_name\" content=\"Tribunal Electoral de la Ciudad de M\u00e9xico\" \/>\n<meta property=\"article:publisher\" content=\"https:\/\/www.facebook.com\/TECDMX\/\" \/>\n<meta property=\"article:modified_time\" content=\"2025-05-16T17:30:55+00:00\" \/>\n<meta property=\"og:image\" content=\"https:\/\/www.tecdmx.org.mx\/wp-content\/uploads\/2024\/06\/PES.jpg\" \/>\n<meta name=\"twitter:card\" content=\"summary_large_image\" \/>\n<meta name=\"twitter:site\" content=\"@tecdmx\" \/>\n<meta name=\"twitter:label1\" content=\"Tiempo de lectura\" \/>\n\t<meta name=\"twitter:data1\" content=\"1 minuto\" \/>\n<script type=\"application\/ld+json\" class=\"yoast-schema-graph\">{\"@context\":\"https:\/\/schema.org\",\"@graph\":[{\"@type\":\"WebPage\",\"@id\":\"https:\/\/www.tecdmx.org.mx\/index.php\/conceptos-relevantes\/que-es-un-procedimiento-especial-sancionador\/\",\"url\":\"https:\/\/www.tecdmx.org.mx\/index.php\/conceptos-relevantes\/que-es-un-procedimiento-especial-sancionador\/\",\"name\":\"\u00bfQu\u00e9 es un procedimiento Especial Sancionador? - Tribunal Electoral de la Ciudad de M\u00e9xico\",\"isPartOf\":{\"@id\":\"https:\/\/www.tecdmx.org.mx\/#website\"},\"primaryImageOfPage\":{\"@id\":\"https:\/\/www.tecdmx.org.mx\/index.php\/conceptos-relevantes\/que-es-un-procedimiento-especial-sancionador\/#primaryimage\"},\"image\":{\"@id\":\"https:\/\/www.tecdmx.org.mx\/index.php\/conceptos-relevantes\/que-es-un-procedimiento-especial-sancionador\/#primaryimage\"},\"thumbnailUrl\":\"https:\/\/www.tecdmx.org.mx\/wp-content\/uploads\/2024\/06\/PES.jpg\",\"datePublished\":\"2025-05-16T17:30:54+00:00\",\"dateModified\":\"2025-05-16T17:30:55+00:00\",\"breadcrumb\":{\"@id\":\"https:\/\/www.tecdmx.org.mx\/index.php\/conceptos-relevantes\/que-es-un-procedimiento-especial-sancionador\/#breadcrumb\"},\"inLanguage\":\"es\",\"potentialAction\":[{\"@type\":\"ReadAction\",\"target\":[\"https:\/\/www.tecdmx.org.mx\/index.php\/conceptos-relevantes\/que-es-un-procedimiento-especial-sancionador\/\"]}]},{\"@type\":\"ImageObject\",\"inLanguage\":\"es\",\"@id\":\"https:\/\/www.tecdmx.org.mx\/index.php\/conceptos-relevantes\/que-es-un-procedimiento-especial-sancionador\/#primaryimage\",\"url\":\"https:\/\/www.tecdmx.org.mx\/wp-content\/uploads\/2024\/06\/PES.jpg\",\"contentUrl\":\"https:\/\/www.tecdmx.org.mx\/wp-content\/uploads\/2024\/06\/PES.jpg\",\"width\":1920,\"height\":1080},{\"@type\":\"BreadcrumbList\",\"@id\":\"https:\/\/www.tecdmx.org.mx\/index.php\/conceptos-relevantes\/que-es-un-procedimiento-especial-sancionador\/#breadcrumb\",\"itemListElement\":[{\"@type\":\"ListItem\",\"position\":1,\"name\":\"Portada\",\"item\":\"https:\/\/www.tecdmx.org.mx\/\"},{\"@type\":\"ListItem\",\"position\":2,\"name\":\"Conceptos relevantes\",\"item\":\"https:\/\/www.tecdmx.org.mx\/index.php\/conceptos-relevantes\/\"},{\"@type\":\"ListItem\",\"position\":3,\"name\":\"\u00bfQu\u00e9 es un procedimiento Especial Sancionador?\"}]},{\"@type\":\"WebSite\",\"@id\":\"https:\/\/www.tecdmx.org.mx\/#website\",\"url\":\"https:\/\/www.tecdmx.org.mx\/\",\"name\":\"Tribunal Electoral de la Ciudad de M\u00e9xico\",\"description\":\"25 a\u00f1os garantizando justicia en tu elecci\u00f3n\",\"potentialAction\":[{\"@type\":\"SearchAction\",\"target\":{\"@type\":\"EntryPoint\",\"urlTemplate\":\"https:\/\/www.tecdmx.org.mx\/?s={search_term_string}\"},\"query-input\":\"required name=search_term_string\"}],\"inLanguage\":\"es\"}]}<\/script>\n<!-- \/ Yoast SEO plugin. -->","yoast_head_json":{"title":"\u00bfQu\u00e9 es un procedimiento Especial Sancionador? - Tribunal Electoral de la Ciudad de M\u00e9xico","robots":{"index":"index","follow":"follow","max-snippet":"max-snippet:-1","max-image-preview":"max-image-preview:large","max-video-preview":"max-video-preview:-1"},"canonical":"https:\/\/www.tecdmx.org.mx\/index.php\/conceptos-relevantes\/que-es-un-procedimiento-especial-sancionador\/","og_locale":"es_ES","og_type":"article","og_title":"\u00bfQu\u00e9 es un procedimiento Especial Sancionador? - Tribunal Electoral de la Ciudad de M\u00e9xico","og_description":"\u00bfQu\u00e9 es un procedimiento Especial Sancionador?","og_url":"https:\/\/www.tecdmx.org.mx\/index.php\/conceptos-relevantes\/que-es-un-procedimiento-especial-sancionador\/","og_site_name":"Tribunal Electoral de la Ciudad de M\u00e9xico","article_publisher":"https:\/\/www.facebook.com\/TECDMX\/","article_modified_time":"2025-05-16T17:30:55+00:00","og_image":[{"url":"https:\/\/www.tecdmx.org.mx\/wp-content\/uploads\/2024\/06\/PES.jpg"}],"twitter_card":"summary_large_image","twitter_site":"@tecdmx","twitter_misc":{"Tiempo de lectura":"1 minuto"},"schema":{"@context":"https:\/\/schema.org","@graph":[{"@type":"WebPage","@id":"https:\/\/www.tecdmx.org.mx\/index.php\/conceptos-relevantes\/que-es-un-procedimiento-especial-sancionador\/","url":"https:\/\/www.tecdmx.org.mx\/index.php\/conceptos-relevantes\/que-es-un-procedimiento-especial-sancionador\/","name":"\u00bfQu\u00e9 es un procedimiento Especial Sancionador? - Tribunal Electoral de la Ciudad de M\u00e9xico","isPartOf":{"@id":"https:\/\/www.tecdmx.org.mx\/#website"},"primaryImageOfPage":{"@id":"https:\/\/www.tecdmx.org.mx\/index.php\/conceptos-relevantes\/que-es-un-procedimiento-especial-sancionador\/#primaryimage"},"image":{"@id":"https:\/\/www.tecdmx.org.mx\/index.php\/conceptos-relevantes\/que-es-un-procedimiento-especial-sancionador\/#primaryimage"},"thumbnailUrl":"https:\/\/www.tecdmx.org.mx\/wp-content\/uploads\/2024\/06\/PES.jpg","datePublished":"2025-05-16T17:30:54+00:00","dateModified":"2025-05-16T17:30:55+00:00","breadcrumb":{"@id":"https:\/\/www.tecdmx.org.mx\/index.php\/conceptos-relevantes\/que-es-un-procedimiento-especial-sancionador\/#breadcrumb"},"inLanguage":"es","potentialAction":[{"@type":"ReadAction","target":["https:\/\/www.tecdmx.org.mx\/index.php\/conceptos-relevantes\/que-es-un-procedimiento-especial-sancionador\/"]}]},{"@type":"ImageObject","inLanguage":"es","@id":"https:\/\/www.tecdmx.org.mx\/index.php\/conceptos-relevantes\/que-es-un-procedimiento-especial-sancionador\/#primaryimage","url":"https:\/\/www.tecdmx.org.mx\/wp-content\/uploads\/2024\/06\/PES.jpg","contentUrl":"https:\/\/www.tecdmx.org.mx\/wp-content\/uploads\/2024\/06\/PES.jpg","width":1920,"height":1080},{"@type":"BreadcrumbList","@id":"https:\/\/www.tecdmx.org.mx\/index.php\/conceptos-relevantes\/que-es-un-procedimiento-especial-sancionador\/#breadcrumb","itemListElement":[{"@type":"ListItem","position":1,"name":"Portada","item":"https:\/\/www.tecdmx.org.mx\/"},{"@type":"ListItem","position":2,"name":"Conceptos relevantes","item":"https:\/\/www.tecdmx.org.mx\/index.php\/conceptos-relevantes\/"},{"@type":"ListItem","position":3,"name":"\u00bfQu\u00e9 es un procedimiento Especial Sancionador?"}]},{"@type":"WebSite","@id":"https:\/\/www.tecdmx.org.mx\/#website","url":"https:\/\/www.tecdmx.org.mx\/","name":"Tribunal Electoral de la Ciudad de M\u00e9xico","description":"25 a\u00f1os garantizando justicia en tu elecci\u00f3n","potentialAction":[{"@type":"SearchAction","target":{"@type":"EntryPoint","urlTemplate":"https:\/\/www.tecdmx.org.mx\/?s={search_term_string}"},"query-input":"required name=search_term_string"}],"inLanguage":"es"}]}},"_links":{"self":[{"href":"https:\/\/www.tecdmx.org.mx\/index.php\/wp-json\/wp\/v2\/pages\/53252"}],"collection":[{"href":"https:\/\/www.tecdmx.org.mx\/index.php\/wp-json\/wp\/v2\/pages"}],"about":[{"href":"https:\/\/www.tecdmx.org.mx\/index.php\/wp-json\/wp\/v2\/types\/page"}],"author":[{"embeddable":true,"href":"https:\/\/www.tecdmx.org.mx\/index.php\/wp-json\/wp\/v2\/users\/13"}],"replies":[{"embeddable":true,"href":"https:\/\/www.tecdmx.org.mx\/index.php\/wp-json\/wp\/v2\/comments?post=53252"}],"version-history":[{"count":1,"href":"https:\/\/www.tecdmx.org.mx\/index.php\/wp-json\/wp\/v2\/pages\/53252\/revisions"}],"predecessor-version":[{"id":56383,"href":"https:\/\/www.tecdmx.org.mx\/index.php\/wp-json\/wp\/v2\/pages\/53252\/revisions\/56383"}],"up":[{"embeddable":true,"href":"https:\/\/www.tecdmx.org.mx\/index.php\/wp-json\/wp\/v2\/pages\/53250"}],"wp:attachment":[{"href":"https:\/\/www.tecdmx.org.mx\/index.php\/wp-json\/wp\/v2\/media?parent=53252"}],"curies":[{"name":"wp","href":"https:\/\/api.w.org\/{rel}","templated":true}]}}