{"id":55891,"date":"2025-04-02T10:44:12","date_gmt":"2025-04-02T16:44:12","guid":{"rendered":"https:\/\/www.tecdmx.org.mx\/?page_id=55891"},"modified":"2025-04-02T10:56:52","modified_gmt":"2025-04-02T16:56:52","slug":"convocatoria-para-servicio-social","status":"publish","type":"page","link":"https:\/\/www.tecdmx.org.mx\/index.php\/convocatoria-para-servicio-social\/","title":{"rendered":"CONVOCATORIA PARA SERVICIO SOCIAL\u00a0"},"content":{"rendered":"\n<p class=\"has-large-font-size\"><strong>CONVOCATORIA PARA SERVICIO SOCIAL Y\/O PR\u00c1TICAS PROFESIONALES EN EL TRIBUNAL ELECTORAL DE LA CIUDAD DE M\u00c9XICO<\/strong><\/p>\n\n\n\n<p>En la Secretar\u00eda Administrativa del Tribunal Electoral de la Ciudad de M\u00e9xico, compartimos el compromiso de formar nuevas generaciones de profesionistas para su futura integraci\u00f3n al mercado laboral, por tal motivo les extendemos una cordial invitaci\u00f3n para realizar su <strong><em>Servicio Social y\/o pr\u00e1cticas profesionales <\/em><\/strong>con nosotros.\u00a0<\/p>\n\n\n\n<p><strong>Requisitos:&nbsp;<\/strong><\/p>\n\n\n\n<p>1. Carta de presentaci\u00f3n emitida por la instituci\u00f3n, en la cual indique que se ha cubierto un m\u00ednimo de 70% de cr\u00e9ditos acad\u00e9micos previstos en el programa de estudios de dicha Instituci\u00f3n, ser\u00e1 dirigida al Lcdo. Miguel Angel Santos Morales, Director de Recursos Humanos del Tribunal Electoral de la Ciudad de M\u00e9xico.&nbsp;<\/p>\n\n\n\n<p>2. Historial acad\u00e9mico.&nbsp;<\/p>\n\n\n\n<p>3. Acta de nacimiento.&nbsp;<\/p>\n\n\n\n<p>4. CURP.&nbsp;<\/p>\n\n\n\n<p>5. Identificaci\u00f3n oficial vigente.&nbsp;<\/p>\n\n\n\n<p>6. Constancia de Situaci\u00f3n Fiscal (no mayor a 3 meses).&nbsp;<\/p>\n\n\n\n<p>7. Comprobante de domicilio (no mayor de 3 meses).&nbsp;<\/p>\n\n\n\n<p>8. Dos fotograf\u00edas tama\u00f1o infantil a color.&nbsp;<\/p>\n\n\n\n<p>9. Formato de solicitud de inicio para Servicio Social y\/o pr\u00e1cticas profesionales, debidamente requisitado y firmado.&nbsp;<\/p>\n\n\n\n<p>10. Carta compromiso en la que manifieste bajo protesta de decir verdad, que no pertenece ni es militante de alg\u00fan partido o agrupaci\u00f3n pol\u00edtica y que se compromete a no formar parte de estos, durante el tiempo que dure el Servicio Social.&nbsp;<\/p>\n\n\n\n<p>Se otorgar\u00e1 un apoyo econ\u00f3mico de hasta $1,500.00 mensuales para el caso de servicio social.&nbsp;<\/p>\n\n\n\n<p>Si est\u00e1s interesado(a) manda tu CV al correo siguiente: <a href=\"mailto:miguel.santos@tecdmx.org.mx\" target=\"_blank\" rel=\"noreferrer noopener\">miguel.santos@tecdmx.org.mx<\/a> y <a href=\"mailto:dennis.sabanero@tecdmx.org.mx\" target=\"_blank\" rel=\"noreferrer noopener\">dennis.sabanero@tecdmx.org.mx<\/a>. La recepci\u00f3n de documentos ser\u00e1 de lunes a viernes con un horario de 9:00 am a 15:00 pm.\u00a0<\/p>\n\n\n\n<p><strong>Informes: 55 5340 4600 ext. 1100 y 1108.&nbsp;<\/strong><\/p>\n\n\n\n<p><strong>Miguel \u00c1ngel Santos Morales&nbsp;<\/strong><\/p>\n\n\n\n<p><strong>Director de Recursos Humanos\u00a0<\/strong><\/p>\n\n\n\n<p><\/p>\n\n\n\n<p><a href=\"https:\/\/transparencia.tecdmx.org.mx\/wp-content\/uploads\/2025\/01\/Programa_Servicio_Social_2025.pdf\" target=\"_blank\" rel=\"noreferrer noopener\">Ver Programa de Servicio Social y Pr\u00e1cticas Profesionales del TECDMX<\/a><\/p>\n\n\n\n<div style=\"height:100px\" aria-hidden=\"true\" class=\"wp-block-spacer\"><\/div>\n","protected":false},"excerpt":{"rendered":"<p>CONVOCATORIA PARA SERVICIO SOCIAL Y\/O PR\u00c1TICAS PROFESIONALES EN EL TRIBUNAL ELECTORAL DE LA CIUDAD DE M\u00c9XICO En la Secretar\u00eda Administrativa del Tribunal Electoral de la Ciudad de M\u00e9xico, compartimos el [&hellip;]<\/p>\n","protected":false},"author":13,"featured_media":0,"parent":0,"menu_order":0,"comment_status":"closed","ping_status":"closed","template":"","meta":{"_acf_changed":false,"_exactmetrics_skip_tracking":false,"_exactmetrics_sitenote_active":false,"_exactmetrics_sitenote_note":"","_exactmetrics_sitenote_category":0,"footnotes":""},"acf":[],"yoast_head":"<!-- This site is optimized with the Yoast SEO plugin v22.3 - https:\/\/yoast.com\/wordpress\/plugins\/seo\/ -->\n<title>CONVOCATORIA PARA SERVICIO SOCIAL\u00a0 - Tribunal Electoral de la Ciudad de M\u00e9xico<\/title>\n<meta name=\"robots\" content=\"index, follow, max-snippet:-1, max-image-preview:large, max-video-preview:-1\" \/>\n<link rel=\"canonical\" href=\"https:\/\/www.tecdmx.org.mx\/index.php\/convocatoria-para-servicio-social\/\" \/>\n<meta property=\"og:locale\" content=\"es_ES\" \/>\n<meta property=\"og:type\" content=\"article\" \/>\n<meta property=\"og:title\" content=\"CONVOCATORIA PARA SERVICIO SOCIAL\u00a0 - Tribunal Electoral de la Ciudad de M\u00e9xico\" \/>\n<meta property=\"og:description\" content=\"CONVOCATORIA PARA SERVICIO SOCIAL Y\/O PR\u00c1TICAS PROFESIONALES EN EL TRIBUNAL ELECTORAL DE LA CIUDAD DE M\u00c9XICO En la Secretar\u00eda Administrativa del Tribunal Electoral de la Ciudad de M\u00e9xico, compartimos el [&hellip;]\" \/>\n<meta property=\"og:url\" content=\"https:\/\/www.tecdmx.org.mx\/index.php\/convocatoria-para-servicio-social\/\" \/>\n<meta property=\"og:site_name\" content=\"Tribunal Electoral de la Ciudad de M\u00e9xico\" \/>\n<meta property=\"article:publisher\" content=\"https:\/\/www.facebook.com\/TECDMX\/\" \/>\n<meta property=\"article:modified_time\" content=\"2025-04-02T16:56:52+00:00\" \/>\n<meta name=\"twitter:card\" content=\"summary_large_image\" \/>\n<meta name=\"twitter:site\" content=\"@tecdmx\" \/>\n<meta name=\"twitter:label1\" content=\"Tiempo de lectura\" \/>\n\t<meta name=\"twitter:data1\" content=\"2 minutos\" \/>\n<script type=\"application\/ld+json\" class=\"yoast-schema-graph\">{\"@context\":\"https:\/\/schema.org\",\"@graph\":[{\"@type\":\"WebPage\",\"@id\":\"https:\/\/www.tecdmx.org.mx\/index.php\/convocatoria-para-servicio-social\/\",\"url\":\"https:\/\/www.tecdmx.org.mx\/index.php\/convocatoria-para-servicio-social\/\",\"name\":\"CONVOCATORIA PARA SERVICIO SOCIAL\u00a0 - Tribunal Electoral de la Ciudad de M\u00e9xico\",\"isPartOf\":{\"@id\":\"https:\/\/www.tecdmx.org.mx\/#website\"},\"datePublished\":\"2025-04-02T16:44:12+00:00\",\"dateModified\":\"2025-04-02T16:56:52+00:00\",\"breadcrumb\":{\"@id\":\"https:\/\/www.tecdmx.org.mx\/index.php\/convocatoria-para-servicio-social\/#breadcrumb\"},\"inLanguage\":\"es\",\"potentialAction\":[{\"@type\":\"ReadAction\",\"target\":[\"https:\/\/www.tecdmx.org.mx\/index.php\/convocatoria-para-servicio-social\/\"]}]},{\"@type\":\"BreadcrumbList\",\"@id\":\"https:\/\/www.tecdmx.org.mx\/index.php\/convocatoria-para-servicio-social\/#breadcrumb\",\"itemListElement\":[{\"@type\":\"ListItem\",\"position\":1,\"name\":\"Portada\",\"item\":\"https:\/\/www.tecdmx.org.mx\/\"},{\"@type\":\"ListItem\",\"position\":2,\"name\":\"CONVOCATORIA PARA SERVICIO SOCIAL\u00a0\"}]},{\"@type\":\"WebSite\",\"@id\":\"https:\/\/www.tecdmx.org.mx\/#website\",\"url\":\"https:\/\/www.tecdmx.org.mx\/\",\"name\":\"Tribunal Electoral de la Ciudad de M\u00e9xico\",\"description\":\"25 a\u00f1os garantizando justicia en tu elecci\u00f3n\",\"potentialAction\":[{\"@type\":\"SearchAction\",\"target\":{\"@type\":\"EntryPoint\",\"urlTemplate\":\"https:\/\/www.tecdmx.org.mx\/?s={search_term_string}\"},\"query-input\":\"required name=search_term_string\"}],\"inLanguage\":\"es\"}]}<\/script>\n<!-- \/ Yoast SEO plugin. -->","yoast_head_json":{"title":"CONVOCATORIA PARA SERVICIO SOCIAL\u00a0 - Tribunal Electoral de la Ciudad de M\u00e9xico","robots":{"index":"index","follow":"follow","max-snippet":"max-snippet:-1","max-image-preview":"max-image-preview:large","max-video-preview":"max-video-preview:-1"},"canonical":"https:\/\/www.tecdmx.org.mx\/index.php\/convocatoria-para-servicio-social\/","og_locale":"es_ES","og_type":"article","og_title":"CONVOCATORIA PARA SERVICIO SOCIAL\u00a0 - Tribunal Electoral de la Ciudad de M\u00e9xico","og_description":"CONVOCATORIA PARA SERVICIO SOCIAL Y\/O PR\u00c1TICAS PROFESIONALES EN EL TRIBUNAL ELECTORAL DE LA CIUDAD DE M\u00c9XICO En la Secretar\u00eda Administrativa del Tribunal Electoral de la Ciudad de M\u00e9xico, compartimos el [&hellip;]","og_url":"https:\/\/www.tecdmx.org.mx\/index.php\/convocatoria-para-servicio-social\/","og_site_name":"Tribunal Electoral de la Ciudad de M\u00e9xico","article_publisher":"https:\/\/www.facebook.com\/TECDMX\/","article_modified_time":"2025-04-02T16:56:52+00:00","twitter_card":"summary_large_image","twitter_site":"@tecdmx","twitter_misc":{"Tiempo de lectura":"2 minutos"},"schema":{"@context":"https:\/\/schema.org","@graph":[{"@type":"WebPage","@id":"https:\/\/www.tecdmx.org.mx\/index.php\/convocatoria-para-servicio-social\/","url":"https:\/\/www.tecdmx.org.mx\/index.php\/convocatoria-para-servicio-social\/","name":"CONVOCATORIA PARA SERVICIO SOCIAL\u00a0 - Tribunal Electoral de la Ciudad de M\u00e9xico","isPartOf":{"@id":"https:\/\/www.tecdmx.org.mx\/#website"},"datePublished":"2025-04-02T16:44:12+00:00","dateModified":"2025-04-02T16:56:52+00:00","breadcrumb":{"@id":"https:\/\/www.tecdmx.org.mx\/index.php\/convocatoria-para-servicio-social\/#breadcrumb"},"inLanguage":"es","potentialAction":[{"@type":"ReadAction","target":["https:\/\/www.tecdmx.org.mx\/index.php\/convocatoria-para-servicio-social\/"]}]},{"@type":"BreadcrumbList","@id":"https:\/\/www.tecdmx.org.mx\/index.php\/convocatoria-para-servicio-social\/#breadcrumb","itemListElement":[{"@type":"ListItem","position":1,"name":"Portada","item":"https:\/\/www.tecdmx.org.mx\/"},{"@type":"ListItem","position":2,"name":"CONVOCATORIA PARA SERVICIO SOCIAL\u00a0"}]},{"@type":"WebSite","@id":"https:\/\/www.tecdmx.org.mx\/#website","url":"https:\/\/www.tecdmx.org.mx\/","name":"Tribunal Electoral de la Ciudad de M\u00e9xico","description":"25 a\u00f1os garantizando justicia en tu elecci\u00f3n","potentialAction":[{"@type":"SearchAction","target":{"@type":"EntryPoint","urlTemplate":"https:\/\/www.tecdmx.org.mx\/?s={search_term_string}"},"query-input":"required name=search_term_string"}],"inLanguage":"es"}]}},"_links":{"self":[{"href":"https:\/\/www.tecdmx.org.mx\/index.php\/wp-json\/wp\/v2\/pages\/55891"}],"collection":[{"href":"https:\/\/www.tecdmx.org.mx\/index.php\/wp-json\/wp\/v2\/pages"}],"about":[{"href":"https:\/\/www.tecdmx.org.mx\/index.php\/wp-json\/wp\/v2\/types\/page"}],"author":[{"embeddable":true,"href":"https:\/\/www.tecdmx.org.mx\/index.php\/wp-json\/wp\/v2\/users\/13"}],"replies":[{"embeddable":true,"href":"https:\/\/www.tecdmx.org.mx\/index.php\/wp-json\/wp\/v2\/comments?post=55891"}],"version-history":[{"count":6,"href":"https:\/\/www.tecdmx.org.mx\/index.php\/wp-json\/wp\/v2\/pages\/55891\/revisions"}],"predecessor-version":[{"id":55899,"href":"https:\/\/www.tecdmx.org.mx\/index.php\/wp-json\/wp\/v2\/pages\/55891\/revisions\/55899"}],"wp:attachment":[{"href":"https:\/\/www.tecdmx.org.mx\/index.php\/wp-json\/wp\/v2\/media?parent=55891"}],"curies":[{"name":"wp","href":"https:\/\/api.w.org\/{rel}","templated":true}]}}