{"id":56135,"date":"2025-04-24T14:34:40","date_gmt":"2025-04-24T20:34:40","guid":{"rendered":"https:\/\/www.tecdmx.org.mx\/?page_id=56135"},"modified":"2025-06-09T18:03:15","modified_gmt":"2025-06-10T00:03:15","slug":"magistrado-jose-jesus-hernandez-rodriguez","status":"publish","type":"page","link":"https:\/\/www.tecdmx.org.mx\/index.php\/magistrado-jose-jesus-hernandez-rodriguez\/","title":{"rendered":"Magistrado Jos\u00e9 Jes\u00fas Hern\u00e1ndez Rodr\u00edguez"},"content":{"rendered":"\n<div style=\"height:100px\" aria-hidden=\"true\" class=\"wp-block-spacer\"><\/div>\n\n\n<div class=\"wp-block-image\">\n<figure class=\"aligncenter size-full is-resized\"><img loading=\"lazy\" decoding=\"async\" width=\"952\" height=\"952\" src=\"https:\/\/www.tecdmx.org.mx\/wp-content\/uploads\/2025\/06\/jjrh-01.jpg\" alt=\"\" class=\"wp-image-56616\" style=\"width:591px\" srcset=\"https:\/\/www.tecdmx.org.mx\/wp-content\/uploads\/2025\/06\/jjrh-01-250x250.jpg 250w, https:\/\/www.tecdmx.org.mx\/wp-content\/uploads\/2025\/06\/jjrh-01-350x350.jpg 350w, https:\/\/www.tecdmx.org.mx\/wp-content\/uploads\/2025\/06\/jjrh-01-110x110.jpg 110w, https:\/\/www.tecdmx.org.mx\/wp-content\/uploads\/2025\/06\/jjrh-01-768x768.jpg 768w, https:\/\/www.tecdmx.org.mx\/wp-content\/uploads\/2025\/06\/jjrh-01.jpg 952w\" sizes=\"(max-width: 952px) 100vw, 952px\" \/><\/figure><\/div>\n\n\n<p class=\"has-text-align-center has-large-font-size\"><strong>Jos\u00e9 Jes\u00fas Hern\u00e1ndez Rodr\u00edguez<\/strong><\/p>\n\n\n\n<p class=\"has-text-align-center has-medium-font-size\">Magistrado Electoral<\/p>\n\n\n\n<div style=\"height:60px\" aria-hidden=\"true\" class=\"wp-block-spacer\"><\/div>\n\n\n\n<div class=\"wp-block-columns is-layout-flex wp-container-core-columns-layout-1 wp-block-columns-is-layout-flex\">\n<div class=\"wp-block-column is-layout-flow wp-block-column-is-layout-flow\" style=\"flex-basis:33.33%\">\n<p><\/p>\n<\/div>\n\n\n\n<div class=\"wp-block-column is-layout-flow wp-block-column-is-layout-flow\" style=\"flex-basis:33.33%\">\n<p>Licenciado en Derecho, Maestro en Gobierno y Pol\u00edticas P\u00fablicas y candidato a Doctor en Administraci\u00f3n P\u00fablica. Cuenta con una trayectoria profesional de m\u00e1s de catorce a\u00f1os en instituciones electorales tanto a nivel federal como local, destacando su participaci\u00f3n en el Tribunal Electoral del Poder Judicial de la Federaci\u00f3n, el Instituto Nacional Electoral, el Instituto Electoral del Distrito Federal y el Instituto Federal Electoral.&nbsp; En el Tribunal Electoral del Poder Judicial de la Federaci\u00f3n, ha ocupado diversos cargos de alta responsabilidad, entre ellos: director General de Planeaci\u00f3n y Evaluaci\u00f3n Institucional, secretario de Estudio y Cuenta, director de Derechos Humanos y Participaci\u00f3n Pol\u00edtica, director de Vinculaci\u00f3n Institucional Nacional y secretario de Tesis.<\/p>\n\n\n\n<p>El 9 de abril de 2025, fue designado por el Senado de la Rep\u00fablica como Magistrado del Tribunal Electoral de la Ciudad de M\u00e9xico, en donde actualmente se desempe\u00f1a con el compromiso de fortalecer la justicia electoral y consolidar la confianza ciudadana en las instituciones democr\u00e1ticas.<\/p>\n\n\n\n<p><strong>Contacto:<\/strong><\/p>\n\n\n\n<p><a href=\"mailto:jesus.hernandez@tecdmx.org.mx\">jesus.hernandez@tecdmx.org.mx<\/a><\/p>\n\n\n\n<p>5553404600 Ext. 1468<\/p>\n\n\n\n<p><strong>Atribuciones de Magistradas y Magistrados<\/strong><\/p>\n\n\n\n<p>I. Concurrir, participar y votar, cuando corresponda, en las sesiones p\u00fablicas y reuniones privadas a las que sean convocados por la o el Presidente del Tribunal;<\/p>\n\n\n\n<p>II. Integrar el Pleno para resolver colegiadamente los asuntos de su competencia;<\/p>\n\n\n\n<p>III. Llevar a cabo todos los actos y diligencias que sean necesarias para la substanciaci\u00f3n de los medios de impugnaci\u00f3n, juicios especiales laborales y de inconformidad administrativa que les sean turnados, hasta la resoluci\u00f3n definitiva y, en su caso, las tendentes al cumplimiento de las mismas;<\/p>\n\n\n\n<p>IV. Formular los proyectos de resoluci\u00f3n de los juicios que les sean turnados para tal efecto;<\/p>\n\n\n\n<p>V. Exponer en sesi\u00f3n p\u00fablica, personalmente o por conducto de una o un Secretario de Estudio y Cuenta, sus proyectos de resoluci\u00f3n, se\u00f1alando las consideraciones jur\u00eddicas y los preceptos en que se funden;<\/p>\n\n\n\n<p>VI. Discutir y votar los proyectos de resoluci\u00f3n que sean sometidos a su consideraci\u00f3n en las sesiones p\u00fablicas;<\/p>\n\n\n\n<p>VII. Formular voto particular razonado en sus distintas modalidades, en caso de disentir de un proyecto de resoluci\u00f3n aprobado por la mayor\u00eda y solicitar que se agregue a la sentencia;<\/p>\n\n\n\n<p>VIII. Realizar los engroses de los fallos aprobados por el Pleno, cuando sean designados para tales efectos;<\/p>\n\n\n\n<p>IX. Proponer el texto y rubro de los criterios jurisprudenciales y relevantes definidos por el Pleno, de conformidad con lo dispuesto en el C\u00f3digo;<\/p>\n\n\n\n<p>X. Realizar tareas de docencia e investigaci\u00f3n en el Tribunal Electoral;<\/p>\n\n\n\n<p>XI. Proveer sobre las pruebas que se ofrezcan por las partes en los juicios que le sean turnados e, inclusive, presidir las audiencias que sean necesarias para su desahogo;<\/p>\n\n\n\n<p>XII. Requerir cualquier informe o documento que pueda ser tomado en cuenta para la substanciaci\u00f3n o resoluci\u00f3n de los juicios, siempre que obren en poder del Instituto Electoral, de las autoridades federales, de la Ciudad de M\u00e9xico, estatales o municipales, y ello no sea obst\u00e1culo para resolver dentro de los plazos establecidos por este C\u00f3digo;<\/p>\n\n\n\n<p>XIII. Ordenar que se notifiquen los autos que dicten durante la substanciaci\u00f3n de un juicio, en forma y t\u00e9rminos previstos por la Ley Procesal;<\/p>\n\n\n\n<p>XIV. Solicitar a los \u00f3rganos del Tribunal, el apoyo necesario para el correcto ejercicio de sus funciones jurisdiccionales;<\/p>\n\n\n\n<p>XV. Nombrar y remover al personal jur\u00eddico y administrativo de su ponencia, procurando la equidad de g\u00e9nero; y<\/p>\n\n\n\n<p>XVI. Las dem\u00e1s que prevea este C\u00f3digo, la Ley Procesal y el Reglamento Interior del Tribunal Electoral.<\/p>\n\n\n\n<p>\u2013 \u2013 \u2013 \u2013 \u2013 \u2013 \u2013 \u2013 \u2013 \u2013 \u2013&nbsp;<\/p>\n\n\n\n<p><strong><em>Art\u00edculo 185 del C\u00f3digo de Instituciones y Procedimientos Electorales de la Ciudad de M\u00e9xico<\/em><\/strong><\/p>\n<\/div>\n\n\n\n<div class=\"wp-block-column is-layout-flow wp-block-column-is-layout-flow\" style=\"flex-basis:33.33%\"><\/div>\n<\/div>\n\n\n\n<p><\/p>\n","protected":false},"excerpt":{"rendered":"<p>Jos\u00e9 Jes\u00fas Hern\u00e1ndez Rodr\u00edguez Magistrado Electoral Licenciado en Derecho, Maestro en Gobierno y Pol\u00edticas P\u00fablicas y candidato a Doctor en Administraci\u00f3n P\u00fablica. Cuenta con una trayectoria profesional de m\u00e1s de [&hellip;]<\/p>\n","protected":false},"author":13,"featured_media":0,"parent":0,"menu_order":0,"comment_status":"closed","ping_status":"closed","template":"page-templates\/page-full-width.php","meta":{"_acf_changed":false,"_exactmetrics_skip_tracking":false,"_exactmetrics_sitenote_active":false,"_exactmetrics_sitenote_note":"","_exactmetrics_sitenote_category":0,"footnotes":""},"acf":[],"yoast_head":"<!-- This site is optimized with the Yoast SEO plugin v22.3 - https:\/\/yoast.com\/wordpress\/plugins\/seo\/ -->\n<title>Magistrado Jos\u00e9 Jes\u00fas Hern\u00e1ndez Rodr\u00edguez - Tribunal Electoral de la Ciudad de M\u00e9xico<\/title>\n<meta name=\"robots\" content=\"index, follow, max-snippet:-1, max-image-preview:large, max-video-preview:-1\" \/>\n<link rel=\"canonical\" href=\"https:\/\/www.tecdmx.org.mx\/index.php\/magistrado-jose-jesus-hernandez-rodriguez\/\" \/>\n<meta property=\"og:locale\" content=\"es_ES\" \/>\n<meta property=\"og:type\" content=\"article\" \/>\n<meta property=\"og:title\" content=\"Magistrado Jos\u00e9 Jes\u00fas Hern\u00e1ndez Rodr\u00edguez - Tribunal Electoral de la Ciudad de M\u00e9xico\" \/>\n<meta property=\"og:description\" content=\"Jos\u00e9 Jes\u00fas Hern\u00e1ndez Rodr\u00edguez Magistrado Electoral Licenciado en Derecho, Maestro en Gobierno y Pol\u00edticas P\u00fablicas y candidato a Doctor en Administraci\u00f3n P\u00fablica. Cuenta con una trayectoria profesional de m\u00e1s de [&hellip;]\" \/>\n<meta property=\"og:url\" content=\"https:\/\/www.tecdmx.org.mx\/index.php\/magistrado-jose-jesus-hernandez-rodriguez\/\" \/>\n<meta property=\"og:site_name\" content=\"Tribunal Electoral de la Ciudad de M\u00e9xico\" \/>\n<meta property=\"article:publisher\" content=\"https:\/\/www.facebook.com\/TECDMX\/\" \/>\n<meta property=\"article:modified_time\" content=\"2025-06-10T00:03:15+00:00\" \/>\n<meta property=\"og:image\" content=\"https:\/\/www.tecdmx.org.mx\/wp-content\/uploads\/2025\/06\/jjrh-01.jpg\" \/>\n<meta name=\"twitter:card\" content=\"summary_large_image\" \/>\n<meta name=\"twitter:site\" content=\"@tecdmx\" \/>\n<meta name=\"twitter:label1\" content=\"Tiempo de lectura\" \/>\n\t<meta name=\"twitter:data1\" content=\"3 minutos\" \/>\n<script type=\"application\/ld+json\" class=\"yoast-schema-graph\">{\"@context\":\"https:\/\/schema.org\",\"@graph\":[{\"@type\":\"WebPage\",\"@id\":\"https:\/\/www.tecdmx.org.mx\/index.php\/magistrado-jose-jesus-hernandez-rodriguez\/\",\"url\":\"https:\/\/www.tecdmx.org.mx\/index.php\/magistrado-jose-jesus-hernandez-rodriguez\/\",\"name\":\"Magistrado Jos\u00e9 Jes\u00fas Hern\u00e1ndez Rodr\u00edguez - Tribunal Electoral de la Ciudad de M\u00e9xico\",\"isPartOf\":{\"@id\":\"https:\/\/www.tecdmx.org.mx\/#website\"},\"primaryImageOfPage\":{\"@id\":\"https:\/\/www.tecdmx.org.mx\/index.php\/magistrado-jose-jesus-hernandez-rodriguez\/#primaryimage\"},\"image\":{\"@id\":\"https:\/\/www.tecdmx.org.mx\/index.php\/magistrado-jose-jesus-hernandez-rodriguez\/#primaryimage\"},\"thumbnailUrl\":\"https:\/\/www.tecdmx.org.mx\/wp-content\/uploads\/2025\/06\/jjrh-01.jpg\",\"datePublished\":\"2025-04-24T20:34:40+00:00\",\"dateModified\":\"2025-06-10T00:03:15+00:00\",\"breadcrumb\":{\"@id\":\"https:\/\/www.tecdmx.org.mx\/index.php\/magistrado-jose-jesus-hernandez-rodriguez\/#breadcrumb\"},\"inLanguage\":\"es\",\"potentialAction\":[{\"@type\":\"ReadAction\",\"target\":[\"https:\/\/www.tecdmx.org.mx\/index.php\/magistrado-jose-jesus-hernandez-rodriguez\/\"]}]},{\"@type\":\"ImageObject\",\"inLanguage\":\"es\",\"@id\":\"https:\/\/www.tecdmx.org.mx\/index.php\/magistrado-jose-jesus-hernandez-rodriguez\/#primaryimage\",\"url\":\"https:\/\/www.tecdmx.org.mx\/wp-content\/uploads\/2025\/06\/jjrh-01.jpg\",\"contentUrl\":\"https:\/\/www.tecdmx.org.mx\/wp-content\/uploads\/2025\/06\/jjrh-01.jpg\",\"width\":952,\"height\":952},{\"@type\":\"BreadcrumbList\",\"@id\":\"https:\/\/www.tecdmx.org.mx\/index.php\/magistrado-jose-jesus-hernandez-rodriguez\/#breadcrumb\",\"itemListElement\":[{\"@type\":\"ListItem\",\"position\":1,\"name\":\"Portada\",\"item\":\"https:\/\/www.tecdmx.org.mx\/\"},{\"@type\":\"ListItem\",\"position\":2,\"name\":\"Magistrado Jos\u00e9 Jes\u00fas Hern\u00e1ndez Rodr\u00edguez\"}]},{\"@type\":\"WebSite\",\"@id\":\"https:\/\/www.tecdmx.org.mx\/#website\",\"url\":\"https:\/\/www.tecdmx.org.mx\/\",\"name\":\"Tribunal Electoral de la Ciudad de M\u00e9xico\",\"description\":\"25 a\u00f1os garantizando justicia en tu elecci\u00f3n\",\"potentialAction\":[{\"@type\":\"SearchAction\",\"target\":{\"@type\":\"EntryPoint\",\"urlTemplate\":\"https:\/\/www.tecdmx.org.mx\/?s={search_term_string}\"},\"query-input\":\"required name=search_term_string\"}],\"inLanguage\":\"es\"}]}<\/script>\n<!-- \/ Yoast SEO plugin. -->","yoast_head_json":{"title":"Magistrado Jos\u00e9 Jes\u00fas Hern\u00e1ndez Rodr\u00edguez - Tribunal Electoral de la Ciudad de M\u00e9xico","robots":{"index":"index","follow":"follow","max-snippet":"max-snippet:-1","max-image-preview":"max-image-preview:large","max-video-preview":"max-video-preview:-1"},"canonical":"https:\/\/www.tecdmx.org.mx\/index.php\/magistrado-jose-jesus-hernandez-rodriguez\/","og_locale":"es_ES","og_type":"article","og_title":"Magistrado Jos\u00e9 Jes\u00fas Hern\u00e1ndez Rodr\u00edguez - Tribunal Electoral de la Ciudad de M\u00e9xico","og_description":"Jos\u00e9 Jes\u00fas Hern\u00e1ndez Rodr\u00edguez Magistrado Electoral Licenciado en Derecho, Maestro en Gobierno y Pol\u00edticas P\u00fablicas y candidato a Doctor en Administraci\u00f3n P\u00fablica. Cuenta con una trayectoria profesional de m\u00e1s de [&hellip;]","og_url":"https:\/\/www.tecdmx.org.mx\/index.php\/magistrado-jose-jesus-hernandez-rodriguez\/","og_site_name":"Tribunal Electoral de la Ciudad de M\u00e9xico","article_publisher":"https:\/\/www.facebook.com\/TECDMX\/","article_modified_time":"2025-06-10T00:03:15+00:00","og_image":[{"url":"https:\/\/www.tecdmx.org.mx\/wp-content\/uploads\/2025\/06\/jjrh-01.jpg"}],"twitter_card":"summary_large_image","twitter_site":"@tecdmx","twitter_misc":{"Tiempo de lectura":"3 minutos"},"schema":{"@context":"https:\/\/schema.org","@graph":[{"@type":"WebPage","@id":"https:\/\/www.tecdmx.org.mx\/index.php\/magistrado-jose-jesus-hernandez-rodriguez\/","url":"https:\/\/www.tecdmx.org.mx\/index.php\/magistrado-jose-jesus-hernandez-rodriguez\/","name":"Magistrado Jos\u00e9 Jes\u00fas Hern\u00e1ndez Rodr\u00edguez - Tribunal Electoral de la Ciudad de M\u00e9xico","isPartOf":{"@id":"https:\/\/www.tecdmx.org.mx\/#website"},"primaryImageOfPage":{"@id":"https:\/\/www.tecdmx.org.mx\/index.php\/magistrado-jose-jesus-hernandez-rodriguez\/#primaryimage"},"image":{"@id":"https:\/\/www.tecdmx.org.mx\/index.php\/magistrado-jose-jesus-hernandez-rodriguez\/#primaryimage"},"thumbnailUrl":"https:\/\/www.tecdmx.org.mx\/wp-content\/uploads\/2025\/06\/jjrh-01.jpg","datePublished":"2025-04-24T20:34:40+00:00","dateModified":"2025-06-10T00:03:15+00:00","breadcrumb":{"@id":"https:\/\/www.tecdmx.org.mx\/index.php\/magistrado-jose-jesus-hernandez-rodriguez\/#breadcrumb"},"inLanguage":"es","potentialAction":[{"@type":"ReadAction","target":["https:\/\/www.tecdmx.org.mx\/index.php\/magistrado-jose-jesus-hernandez-rodriguez\/"]}]},{"@type":"ImageObject","inLanguage":"es","@id":"https:\/\/www.tecdmx.org.mx\/index.php\/magistrado-jose-jesus-hernandez-rodriguez\/#primaryimage","url":"https:\/\/www.tecdmx.org.mx\/wp-content\/uploads\/2025\/06\/jjrh-01.jpg","contentUrl":"https:\/\/www.tecdmx.org.mx\/wp-content\/uploads\/2025\/06\/jjrh-01.jpg","width":952,"height":952},{"@type":"BreadcrumbList","@id":"https:\/\/www.tecdmx.org.mx\/index.php\/magistrado-jose-jesus-hernandez-rodriguez\/#breadcrumb","itemListElement":[{"@type":"ListItem","position":1,"name":"Portada","item":"https:\/\/www.tecdmx.org.mx\/"},{"@type":"ListItem","position":2,"name":"Magistrado Jos\u00e9 Jes\u00fas Hern\u00e1ndez Rodr\u00edguez"}]},{"@type":"WebSite","@id":"https:\/\/www.tecdmx.org.mx\/#website","url":"https:\/\/www.tecdmx.org.mx\/","name":"Tribunal Electoral de la Ciudad de M\u00e9xico","description":"25 a\u00f1os garantizando justicia en tu elecci\u00f3n","potentialAction":[{"@type":"SearchAction","target":{"@type":"EntryPoint","urlTemplate":"https:\/\/www.tecdmx.org.mx\/?s={search_term_string}"},"query-input":"required name=search_term_string"}],"inLanguage":"es"}]}},"_links":{"self":[{"href":"https:\/\/www.tecdmx.org.mx\/index.php\/wp-json\/wp\/v2\/pages\/56135"}],"collection":[{"href":"https:\/\/www.tecdmx.org.mx\/index.php\/wp-json\/wp\/v2\/pages"}],"about":[{"href":"https:\/\/www.tecdmx.org.mx\/index.php\/wp-json\/wp\/v2\/types\/page"}],"author":[{"embeddable":true,"href":"https:\/\/www.tecdmx.org.mx\/index.php\/wp-json\/wp\/v2\/users\/13"}],"replies":[{"embeddable":true,"href":"https:\/\/www.tecdmx.org.mx\/index.php\/wp-json\/wp\/v2\/comments?post=56135"}],"version-history":[{"count":2,"href":"https:\/\/www.tecdmx.org.mx\/index.php\/wp-json\/wp\/v2\/pages\/56135\/revisions"}],"predecessor-version":[{"id":56618,"href":"https:\/\/www.tecdmx.org.mx\/index.php\/wp-json\/wp\/v2\/pages\/56135\/revisions\/56618"}],"wp:attachment":[{"href":"https:\/\/www.tecdmx.org.mx\/index.php\/wp-json\/wp\/v2\/media?parent=56135"}],"curies":[{"name":"wp","href":"https:\/\/api.w.org\/{rel}","templated":true}]}}